{"id":530,"date":"2026-02-16T11:34:51","date_gmt":"2026-02-16T11:34:51","guid":{"rendered":"https:\/\/paripesa.team\/vi\/?page_id=530"},"modified":"2026-03-29T11:16:41","modified_gmt":"2026-03-29T11:16:41","slug":"partners","status":"publish","type":"page","link":"https:\/\/paripesa.team\/vi\/partners\/","title":{"rendered":"\u0110\u1ed1i t\u00e1c"},"content":{"rendered":"","protected":false},"excerpt":{"rendered":"","protected":false},"author":1,"featured_media":0,"parent":0,"menu_order":0,"comment_status":"closed","ping_status":"closed","template":"","meta":{"footnotes":""},"class_list":["post-530","page","type-page","status-publish","hentry"],"yoast_head":"<!-- This site is optimized with the Yoast SEO plugin v27.4 - https:\/\/yoast.com\/product\/yoast-seo-wordpress\/ -->\n<title>PariPesa \u0110\u1ed1i t\u00e1c \u1409 RevShare 45% + Thanh to\u00e1n Crypto tu\u1ea7n<\/title>\n<meta name=\"description\" content=\"Ch\u01b0\u01a1ng tr\u00ecnh \u0111\u1ea1i l\u00fd Paripesa d\u1eabn \u0111\u1ea7u l\u0129nh v\u1ef1c c\u00e1 c\u01b0\u1ee3c v\u1edbi RevShare 45%, CPA\/Hybrid v\u00e0 thanh to\u00e1n nhanh qua th\u1ebb, v\u00ed \u0111i\u1ec7n t\u1eed, crypto. \u0110\u0103ng k\u00fd mi\u1ec5n ph\u00ed, nh\u1eadn banner t\u00f9y ch\u1ec9nh, th\u1ed1ng k\u00ea th\u1eddi gian th\u1ef1c v\u00e0 ki\u1ebfm ti\u1ec1n an to\u00e0n t\u1eeb m\u1ecdi l\u01b0u l\u01b0\u1ee3ng truy c\u1eadp ngay h\u00f4m nay!\" \/>\n<meta name=\"robots\" content=\"index, follow, max-snippet:-1, max-image-preview:large, max-video-preview:-1\" \/>\n<meta property=\"og:locale\" content=\"vi_VN\" \/>\n<meta property=\"og:type\" content=\"article\" \/>\n<meta property=\"og:title\" content=\"PariPesa \u0110\u1ed1i t\u00e1c \u1409 RevShare 45% + Thanh to\u00e1n Crypto tu\u1ea7n\" \/>\n<meta property=\"og:description\" content=\"Ch\u01b0\u01a1ng tr\u00ecnh \u0111\u1ea1i l\u00fd Paripesa d\u1eabn \u0111\u1ea7u l\u0129nh v\u1ef1c c\u00e1 c\u01b0\u1ee3c v\u1edbi RevShare 45%, CPA\/Hybrid v\u00e0 thanh to\u00e1n nhanh qua th\u1ebb, v\u00ed \u0111i\u1ec7n t\u1eed, crypto. \u0110\u0103ng k\u00fd mi\u1ec5n ph\u00ed, nh\u1eadn banner t\u00f9y ch\u1ec9nh, th\u1ed1ng k\u00ea th\u1eddi gian th\u1ef1c v\u00e0 ki\u1ebfm ti\u1ec1n an to\u00e0n t\u1eeb m\u1ecdi l\u01b0u l\u01b0\u1ee3ng truy c\u1eadp ngay h\u00f4m nay!\" \/>\n<meta property=\"og:url\" content=\"https:\/\/paripesa.team\/vi\/partners\/\" \/>\n<meta property=\"og:site_name\" content=\"Paripesa Team vi\" \/>\n<meta property=\"article:modified_time\" content=\"2026-03-29T11:16:41+00:00\" \/>\n<meta name=\"twitter:card\" content=\"summary_large_image\" \/>\n<script type=\"application\/ld+json\" class=\"yoast-schema-graph\">{\"@context\":\"https:\\\/\\\/schema.org\",\"@graph\":[{\"@type\":\"WebPage\",\"@id\":\"https:\\\/\\\/paripesa.team\\\/vi\\\/partners\\\/\",\"url\":\"https:\\\/\\\/paripesa.team\\\/vi\\\/partners\\\/\",\"name\":\"PariPesa \u0110\u1ed1i t\u00e1c \u1409 RevShare 45% + Thanh to\u00e1n Crypto tu\u1ea7n\",\"isPartOf\":{\"@id\":\"https:\\\/\\\/paripesa.team\\\/vi\\\/#website\"},\"datePublished\":\"2026-02-16T11:34:51+00:00\",\"dateModified\":\"2026-03-29T11:16:41+00:00\",\"description\":\"Ch\u01b0\u01a1ng tr\u00ecnh \u0111\u1ea1i l\u00fd Paripesa d\u1eabn \u0111\u1ea7u l\u0129nh v\u1ef1c c\u00e1 c\u01b0\u1ee3c v\u1edbi RevShare 45%, CPA\\\/Hybrid v\u00e0 thanh to\u00e1n nhanh qua th\u1ebb, v\u00ed \u0111i\u1ec7n t\u1eed, crypto. \u0110\u0103ng k\u00fd mi\u1ec5n ph\u00ed, nh\u1eadn banner t\u00f9y ch\u1ec9nh, th\u1ed1ng k\u00ea th\u1eddi gian th\u1ef1c v\u00e0 ki\u1ebfm ti\u1ec1n an to\u00e0n t\u1eeb m\u1ecdi l\u01b0u l\u01b0\u1ee3ng truy c\u1eadp ngay h\u00f4m nay!\",\"breadcrumb\":{\"@id\":\"https:\\\/\\\/paripesa.team\\\/vi\\\/partners\\\/#breadcrumb\"},\"inLanguage\":\"vi\",\"potentialAction\":[{\"@type\":\"ReadAction\",\"target\":[\"https:\\\/\\\/paripesa.team\\\/vi\\\/partners\\\/\"]}]},{\"@type\":\"BreadcrumbList\",\"@id\":\"https:\\\/\\\/paripesa.team\\\/vi\\\/partners\\\/#breadcrumb\",\"itemListElement\":[{\"@type\":\"ListItem\",\"position\":1,\"name\":\"Home\",\"item\":\"https:\\\/\\\/paripesa.team\\\/vi\\\/\"},{\"@type\":\"ListItem\",\"position\":2,\"name\":\"\u0110\u1ed1i t\u00e1c\"}]},{\"@type\":\"WebSite\",\"@id\":\"https:\\\/\\\/paripesa.team\\\/vi\\\/#website\",\"url\":\"https:\\\/\\\/paripesa.team\\\/vi\\\/\",\"name\":\"Paripesa Team vi\",\"description\":\"My WordPress Blog\",\"potentialAction\":[{\"@type\":\"SearchAction\",\"target\":{\"@type\":\"EntryPoint\",\"urlTemplate\":\"https:\\\/\\\/paripesa.team\\\/vi\\\/?s={search_term_string}\"},\"query-input\":{\"@type\":\"PropertyValueSpecification\",\"valueRequired\":true,\"valueName\":\"search_term_string\"}}],\"inLanguage\":\"vi\"}]}<\/script>\n<!-- \/ Yoast SEO plugin. -->","yoast_head_json":{"title":"PariPesa \u0110\u1ed1i t\u00e1c \u1409 RevShare 45% + Thanh to\u00e1n Crypto tu\u1ea7n","description":"Ch\u01b0\u01a1ng tr\u00ecnh \u0111\u1ea1i l\u00fd Paripesa d\u1eabn \u0111\u1ea7u l\u0129nh v\u1ef1c c\u00e1 c\u01b0\u1ee3c v\u1edbi RevShare 45%, CPA\/Hybrid v\u00e0 thanh to\u00e1n nhanh qua th\u1ebb, v\u00ed \u0111i\u1ec7n t\u1eed, crypto. \u0110\u0103ng k\u00fd mi\u1ec5n ph\u00ed, nh\u1eadn banner t\u00f9y ch\u1ec9nh, th\u1ed1ng k\u00ea th\u1eddi gian th\u1ef1c v\u00e0 ki\u1ebfm ti\u1ec1n an to\u00e0n t\u1eeb m\u1ecdi l\u01b0u l\u01b0\u1ee3ng truy c\u1eadp ngay h\u00f4m nay!","robots":{"index":"index","follow":"follow","max-snippet":"max-snippet:-1","max-image-preview":"max-image-preview:large","max-video-preview":"max-video-preview:-1"},"og_locale":"vi_VN","og_type":"article","og_title":"PariPesa \u0110\u1ed1i t\u00e1c \u1409 RevShare 45% + Thanh to\u00e1n Crypto tu\u1ea7n","og_description":"Ch\u01b0\u01a1ng tr\u00ecnh \u0111\u1ea1i l\u00fd Paripesa d\u1eabn \u0111\u1ea7u l\u0129nh v\u1ef1c c\u00e1 c\u01b0\u1ee3c v\u1edbi RevShare 45%, CPA\/Hybrid v\u00e0 thanh to\u00e1n nhanh qua th\u1ebb, v\u00ed \u0111i\u1ec7n t\u1eed, crypto. \u0110\u0103ng k\u00fd mi\u1ec5n ph\u00ed, nh\u1eadn banner t\u00f9y ch\u1ec9nh, th\u1ed1ng k\u00ea th\u1eddi gian th\u1ef1c v\u00e0 ki\u1ebfm ti\u1ec1n an to\u00e0n t\u1eeb m\u1ecdi l\u01b0u l\u01b0\u1ee3ng truy c\u1eadp ngay h\u00f4m nay!","og_url":"https:\/\/paripesa.team\/vi\/partners\/","og_site_name":"Paripesa Team vi","article_modified_time":"2026-03-29T11:16:41+00:00","twitter_card":"summary_large_image","schema":{"@context":"https:\/\/schema.org","@graph":[{"@type":"WebPage","@id":"https:\/\/paripesa.team\/vi\/partners\/","url":"https:\/\/paripesa.team\/vi\/partners\/","name":"PariPesa \u0110\u1ed1i t\u00e1c \u1409 RevShare 45% + Thanh to\u00e1n Crypto tu\u1ea7n","isPartOf":{"@id":"https:\/\/paripesa.team\/vi\/#website"},"datePublished":"2026-02-16T11:34:51+00:00","dateModified":"2026-03-29T11:16:41+00:00","description":"Ch\u01b0\u01a1ng tr\u00ecnh \u0111\u1ea1i l\u00fd Paripesa d\u1eabn \u0111\u1ea7u l\u0129nh v\u1ef1c c\u00e1 c\u01b0\u1ee3c v\u1edbi RevShare 45%, CPA\/Hybrid v\u00e0 thanh to\u00e1n nhanh qua th\u1ebb, v\u00ed \u0111i\u1ec7n t\u1eed, crypto. \u0110\u0103ng k\u00fd mi\u1ec5n ph\u00ed, nh\u1eadn banner t\u00f9y ch\u1ec9nh, th\u1ed1ng k\u00ea th\u1eddi gian th\u1ef1c v\u00e0 ki\u1ebfm ti\u1ec1n an to\u00e0n t\u1eeb m\u1ecdi l\u01b0u l\u01b0\u1ee3ng truy c\u1eadp ngay h\u00f4m nay!","breadcrumb":{"@id":"https:\/\/paripesa.team\/vi\/partners\/#breadcrumb"},"inLanguage":"vi","potentialAction":[{"@type":"ReadAction","target":["https:\/\/paripesa.team\/vi\/partners\/"]}]},{"@type":"BreadcrumbList","@id":"https:\/\/paripesa.team\/vi\/partners\/#breadcrumb","itemListElement":[{"@type":"ListItem","position":1,"name":"Home","item":"https:\/\/paripesa.team\/vi\/"},{"@type":"ListItem","position":2,"name":"\u0110\u1ed1i t\u00e1c"}]},{"@type":"WebSite","@id":"https:\/\/paripesa.team\/vi\/#website","url":"https:\/\/paripesa.team\/vi\/","name":"Paripesa Team vi","description":"My WordPress Blog","potentialAction":[{"@type":"SearchAction","target":{"@type":"EntryPoint","urlTemplate":"https:\/\/paripesa.team\/vi\/?s={search_term_string}"},"query-input":{"@type":"PropertyValueSpecification","valueRequired":true,"valueName":"search_term_string"}}],"inLanguage":"vi"}]}},"_links":{"self":[{"href":"https:\/\/paripesa.team\/vi\/wp-json\/wp\/v2\/pages\/530","targetHints":{"allow":["GET"]}}],"collection":[{"href":"https:\/\/paripesa.team\/vi\/wp-json\/wp\/v2\/pages"}],"about":[{"href":"https:\/\/paripesa.team\/vi\/wp-json\/wp\/v2\/types\/page"}],"author":[{"embeddable":true,"href":"https:\/\/paripesa.team\/vi\/wp-json\/wp\/v2\/users\/1"}],"replies":[{"embeddable":true,"href":"https:\/\/paripesa.team\/vi\/wp-json\/wp\/v2\/comments?post=530"}],"version-history":[{"count":6,"href":"https:\/\/paripesa.team\/vi\/wp-json\/wp\/v2\/pages\/530\/revisions"}],"predecessor-version":[{"id":574,"href":"https:\/\/paripesa.team\/vi\/wp-json\/wp\/v2\/pages\/530\/revisions\/574"}],"wp:attachment":[{"href":"https:\/\/paripesa.team\/vi\/wp-json\/wp\/v2\/media?parent=530"}],"curies":[{"name":"wp","href":"https:\/\/api.w.org\/{rel}","templated":true}]}}