{"id":455,"date":"2025-07-24T11:17:32","date_gmt":"2025-07-24T11:17:32","guid":{"rendered":"https:\/\/paripesa.team\/vi\/?page_id=455"},"modified":"2026-03-27T08:02:00","modified_gmt":"2026-03-27T08:02:00","slug":"first-deposit","status":"publish","type":"page","link":"https:\/\/paripesa.team\/vi\/bonus\/first-deposit\/","title":{"rendered":"Kho\u1ea3n ti\u1ec1n g\u1eedi \u0111\u1ea7u ti\u00ean"},"content":{"rendered":"","protected":false},"excerpt":{"rendered":"","protected":false},"author":1,"featured_media":0,"parent":320,"menu_order":0,"comment_status":"closed","ping_status":"closed","template":"","meta":{"footnotes":""},"class_list":["post-455","page","type-page","status-publish","hentry"],"yoast_head":"<!-- This site is optimized with the Yoast SEO plugin v27.4 - https:\/\/yoast.com\/product\/yoast-seo-wordpress\/ -->\n<title>Th\u01b0\u1edfng th\u1ec3 thao PariPesa \u2714 Nh\u1eadn \u0111\u1ebfn 2.500.000 VND!<\/title>\n<meta name=\"description\" content=\"Nh\u1eadn ti\u1ec1n th\u01b0\u1edfng l\u00ean \u0111\u1ebfn 2.500.000 VND t\u1eeb PariPesa cho c\u00e1 c\u01b0\u1ee3c th\u1ec3 thao. Nh\u00e2n \u0111\u00f4i kho\u1ea3n n\u1ea1p \u0111\u1ea7u ti\u00ean c\u1ee7a b\u1ea1n v\u00e0 \u0111\u1eafm m\u00ecnh v\u00e0o th\u1ebf gi\u1edbi th\u1ec3 thao. \u0110\u1eebng b\u1ecf l\u1ee1 c\u01a1 h\u1ed9i ki\u1ebfm l\u1ee3i nhu\u1eadn c\u1ee7a b\u1ea1n!\" \/>\n<meta name=\"robots\" content=\"index, follow, max-snippet:-1, max-image-preview:large, max-video-preview:-1\" \/>\n<meta property=\"og:locale\" content=\"vi_VN\" \/>\n<meta property=\"og:type\" content=\"article\" \/>\n<meta property=\"og:title\" content=\"Th\u01b0\u1edfng th\u1ec3 thao PariPesa \u2714 Nh\u1eadn \u0111\u1ebfn 2.500.000 VND!\" \/>\n<meta property=\"og:description\" content=\"Nh\u1eadn ti\u1ec1n th\u01b0\u1edfng l\u00ean \u0111\u1ebfn 2.500.000 VND t\u1eeb PariPesa cho c\u00e1 c\u01b0\u1ee3c th\u1ec3 thao. Nh\u00e2n \u0111\u00f4i kho\u1ea3n n\u1ea1p \u0111\u1ea7u ti\u00ean c\u1ee7a b\u1ea1n v\u00e0 \u0111\u1eafm m\u00ecnh v\u00e0o th\u1ebf gi\u1edbi th\u1ec3 thao. \u0110\u1eebng b\u1ecf l\u1ee1 c\u01a1 h\u1ed9i ki\u1ebfm l\u1ee3i nhu\u1eadn c\u1ee7a b\u1ea1n!\" \/>\n<meta property=\"og:url\" content=\"https:\/\/paripesa.team\/vi\/bonus\/first-deposit\/\" \/>\n<meta property=\"og:site_name\" content=\"Paripesa Team vi\" \/>\n<meta property=\"article:modified_time\" content=\"2026-03-27T08:02:00+00:00\" \/>\n<meta name=\"twitter:card\" content=\"summary_large_image\" \/>\n<script type=\"application\/ld+json\" class=\"yoast-schema-graph\">{\"@context\":\"https:\\\/\\\/schema.org\",\"@graph\":[{\"@type\":\"WebPage\",\"@id\":\"https:\\\/\\\/paripesa.team\\\/vi\\\/bonus\\\/first-deposit\\\/\",\"url\":\"https:\\\/\\\/paripesa.team\\\/vi\\\/bonus\\\/first-deposit\\\/\",\"name\":\"Th\u01b0\u1edfng th\u1ec3 thao PariPesa \u2714 Nh\u1eadn \u0111\u1ebfn 2.500.000 VND!\",\"isPartOf\":{\"@id\":\"https:\\\/\\\/paripesa.team\\\/vi\\\/#website\"},\"datePublished\":\"2025-07-24T11:17:32+00:00\",\"dateModified\":\"2026-03-27T08:02:00+00:00\",\"description\":\"Nh\u1eadn ti\u1ec1n th\u01b0\u1edfng l\u00ean \u0111\u1ebfn 2.500.000 VND t\u1eeb PariPesa cho c\u00e1 c\u01b0\u1ee3c th\u1ec3 thao. Nh\u00e2n \u0111\u00f4i kho\u1ea3n n\u1ea1p \u0111\u1ea7u ti\u00ean c\u1ee7a b\u1ea1n v\u00e0 \u0111\u1eafm m\u00ecnh v\u00e0o th\u1ebf gi\u1edbi th\u1ec3 thao. \u0110\u1eebng b\u1ecf l\u1ee1 c\u01a1 h\u1ed9i ki\u1ebfm l\u1ee3i nhu\u1eadn c\u1ee7a b\u1ea1n!\",\"breadcrumb\":{\"@id\":\"https:\\\/\\\/paripesa.team\\\/vi\\\/bonus\\\/first-deposit\\\/#breadcrumb\"},\"inLanguage\":\"vi\",\"potentialAction\":[{\"@type\":\"ReadAction\",\"target\":[\"https:\\\/\\\/paripesa.team\\\/vi\\\/bonus\\\/first-deposit\\\/\"]}]},{\"@type\":\"BreadcrumbList\",\"@id\":\"https:\\\/\\\/paripesa.team\\\/vi\\\/bonus\\\/first-deposit\\\/#breadcrumb\",\"itemListElement\":[{\"@type\":\"ListItem\",\"position\":1,\"name\":\"Home\",\"item\":\"https:\\\/\\\/paripesa.team\\\/vi\\\/\"},{\"@type\":\"ListItem\",\"position\":2,\"name\":\"Ti\u1ec1n th\u01b0\u1edfng\",\"item\":\"https:\\\/\\\/paripesa.team\\\/vi\\\/bonus\\\/\"},{\"@type\":\"ListItem\",\"position\":3,\"name\":\"Kho\u1ea3n ti\u1ec1n g\u1eedi \u0111\u1ea7u ti\u00ean\"}]},{\"@type\":\"WebSite\",\"@id\":\"https:\\\/\\\/paripesa.team\\\/vi\\\/#website\",\"url\":\"https:\\\/\\\/paripesa.team\\\/vi\\\/\",\"name\":\"Paripesa Team vi\",\"description\":\"My WordPress Blog\",\"potentialAction\":[{\"@type\":\"SearchAction\",\"target\":{\"@type\":\"EntryPoint\",\"urlTemplate\":\"https:\\\/\\\/paripesa.team\\\/vi\\\/?s={search_term_string}\"},\"query-input\":{\"@type\":\"PropertyValueSpecification\",\"valueRequired\":true,\"valueName\":\"search_term_string\"}}],\"inLanguage\":\"vi\"}]}<\/script>\n<!-- \/ Yoast SEO plugin. -->","yoast_head_json":{"title":"Th\u01b0\u1edfng th\u1ec3 thao PariPesa \u2714 Nh\u1eadn \u0111\u1ebfn 2.500.000 VND!","description":"Nh\u1eadn ti\u1ec1n th\u01b0\u1edfng l\u00ean \u0111\u1ebfn 2.500.000 VND t\u1eeb PariPesa cho c\u00e1 c\u01b0\u1ee3c th\u1ec3 thao. Nh\u00e2n \u0111\u00f4i kho\u1ea3n n\u1ea1p \u0111\u1ea7u ti\u00ean c\u1ee7a b\u1ea1n v\u00e0 \u0111\u1eafm m\u00ecnh v\u00e0o th\u1ebf gi\u1edbi th\u1ec3 thao. \u0110\u1eebng b\u1ecf l\u1ee1 c\u01a1 h\u1ed9i ki\u1ebfm l\u1ee3i nhu\u1eadn c\u1ee7a b\u1ea1n!","robots":{"index":"index","follow":"follow","max-snippet":"max-snippet:-1","max-image-preview":"max-image-preview:large","max-video-preview":"max-video-preview:-1"},"og_locale":"vi_VN","og_type":"article","og_title":"Th\u01b0\u1edfng th\u1ec3 thao PariPesa \u2714 Nh\u1eadn \u0111\u1ebfn 2.500.000 VND!","og_description":"Nh\u1eadn ti\u1ec1n th\u01b0\u1edfng l\u00ean \u0111\u1ebfn 2.500.000 VND t\u1eeb PariPesa cho c\u00e1 c\u01b0\u1ee3c th\u1ec3 thao. Nh\u00e2n \u0111\u00f4i kho\u1ea3n n\u1ea1p \u0111\u1ea7u ti\u00ean c\u1ee7a b\u1ea1n v\u00e0 \u0111\u1eafm m\u00ecnh v\u00e0o th\u1ebf gi\u1edbi th\u1ec3 thao. \u0110\u1eebng b\u1ecf l\u1ee1 c\u01a1 h\u1ed9i ki\u1ebfm l\u1ee3i nhu\u1eadn c\u1ee7a b\u1ea1n!","og_url":"https:\/\/paripesa.team\/vi\/bonus\/first-deposit\/","og_site_name":"Paripesa Team vi","article_modified_time":"2026-03-27T08:02:00+00:00","twitter_card":"summary_large_image","schema":{"@context":"https:\/\/schema.org","@graph":[{"@type":"WebPage","@id":"https:\/\/paripesa.team\/vi\/bonus\/first-deposit\/","url":"https:\/\/paripesa.team\/vi\/bonus\/first-deposit\/","name":"Th\u01b0\u1edfng th\u1ec3 thao PariPesa \u2714 Nh\u1eadn \u0111\u1ebfn 2.500.000 VND!","isPartOf":{"@id":"https:\/\/paripesa.team\/vi\/#website"},"datePublished":"2025-07-24T11:17:32+00:00","dateModified":"2026-03-27T08:02:00+00:00","description":"Nh\u1eadn ti\u1ec1n th\u01b0\u1edfng l\u00ean \u0111\u1ebfn 2.500.000 VND t\u1eeb PariPesa cho c\u00e1 c\u01b0\u1ee3c th\u1ec3 thao. Nh\u00e2n \u0111\u00f4i kho\u1ea3n n\u1ea1p \u0111\u1ea7u ti\u00ean c\u1ee7a b\u1ea1n v\u00e0 \u0111\u1eafm m\u00ecnh v\u00e0o th\u1ebf gi\u1edbi th\u1ec3 thao. \u0110\u1eebng b\u1ecf l\u1ee1 c\u01a1 h\u1ed9i ki\u1ebfm l\u1ee3i nhu\u1eadn c\u1ee7a b\u1ea1n!","breadcrumb":{"@id":"https:\/\/paripesa.team\/vi\/bonus\/first-deposit\/#breadcrumb"},"inLanguage":"vi","potentialAction":[{"@type":"ReadAction","target":["https:\/\/paripesa.team\/vi\/bonus\/first-deposit\/"]}]},{"@type":"BreadcrumbList","@id":"https:\/\/paripesa.team\/vi\/bonus\/first-deposit\/#breadcrumb","itemListElement":[{"@type":"ListItem","position":1,"name":"Home","item":"https:\/\/paripesa.team\/vi\/"},{"@type":"ListItem","position":2,"name":"Ti\u1ec1n th\u01b0\u1edfng","item":"https:\/\/paripesa.team\/vi\/bonus\/"},{"@type":"ListItem","position":3,"name":"Kho\u1ea3n ti\u1ec1n g\u1eedi \u0111\u1ea7u ti\u00ean"}]},{"@type":"WebSite","@id":"https:\/\/paripesa.team\/vi\/#website","url":"https:\/\/paripesa.team\/vi\/","name":"Paripesa Team vi","description":"My WordPress Blog","potentialAction":[{"@type":"SearchAction","target":{"@type":"EntryPoint","urlTemplate":"https:\/\/paripesa.team\/vi\/?s={search_term_string}"},"query-input":{"@type":"PropertyValueSpecification","valueRequired":true,"valueName":"search_term_string"}}],"inLanguage":"vi"}]}},"_links":{"self":[{"href":"https:\/\/paripesa.team\/vi\/wp-json\/wp\/v2\/pages\/455","targetHints":{"allow":["GET"]}}],"collection":[{"href":"https:\/\/paripesa.team\/vi\/wp-json\/wp\/v2\/pages"}],"about":[{"href":"https:\/\/paripesa.team\/vi\/wp-json\/wp\/v2\/types\/page"}],"author":[{"embeddable":true,"href":"https:\/\/paripesa.team\/vi\/wp-json\/wp\/v2\/users\/1"}],"replies":[{"embeddable":true,"href":"https:\/\/paripesa.team\/vi\/wp-json\/wp\/v2\/comments?post=455"}],"version-history":[{"count":4,"href":"https:\/\/paripesa.team\/vi\/wp-json\/wp\/v2\/pages\/455\/revisions"}],"predecessor-version":[{"id":558,"href":"https:\/\/paripesa.team\/vi\/wp-json\/wp\/v2\/pages\/455\/revisions\/558"}],"up":[{"embeddable":true,"href":"https:\/\/paripesa.team\/vi\/wp-json\/wp\/v2\/pages\/320"}],"wp:attachment":[{"href":"https:\/\/paripesa.team\/vi\/wp-json\/wp\/v2\/media?parent=455"}],"curies":[{"name":"wp","href":"https:\/\/api.w.org\/{rel}","templated":true}]}}