{"id":361,"date":"2025-03-25T14:39:30","date_gmt":"2025-03-25T14:39:30","guid":{"rendered":"https:\/\/paripesa.team\/vi\/ru\/?page_id=361"},"modified":"2026-03-29T11:12:39","modified_gmt":"2026-03-29T11:12:39","slug":"registration","status":"publish","type":"page","link":"https:\/\/paripesa.team\/vi\/registration\/","title":{"rendered":"\u0110\u0103ng k\u00fd"},"content":{"rendered":"","protected":false},"excerpt":{"rendered":"","protected":false},"author":1,"featured_media":0,"parent":0,"menu_order":0,"comment_status":"closed","ping_status":"closed","template":"","meta":{"footnotes":""},"class_list":["post-361","page","type-page","status-publish","hentry"],"yoast_head":"<!-- This site is optimized with the Yoast SEO plugin v27.4 - https:\/\/yoast.com\/product\/yoast-seo-wordpress\/ -->\n<title>\u0110\u0103ng k\u00fd Paripesa \u2014 C\u00e1ch t\u1ea1o t\u00e0i kho\u1ea3n<\/title>\n<meta name=\"description\" content=\"T\u00ecm hi\u1ec3u c\u00e1ch \u0111\u0103ng k\u00fd t\u00e0i kho\u1ea3n tr\u00ean n\u1ec1n t\u1ea3ng c\u00e1 c\u01b0\u1ee3c th\u1ec3 thao v\u00e0 s\u00f2ng b\u1ea1c Paripesa \u2014 Kh\u00e1m ph\u00e1 c\u00e1c ph\u1ea7n th\u01b0\u1edfng \u0111\u1ed9c quy\u1ec1n v\u00e0 nh\u1eefng tr\u00f2 ch\u01a1i h\u1ea5p d\u1eabn\" \/>\n<meta name=\"robots\" content=\"index, follow, max-snippet:-1, max-image-preview:large, max-video-preview:-1\" \/>\n<meta property=\"og:locale\" content=\"vi_VN\" \/>\n<meta property=\"og:type\" content=\"article\" \/>\n<meta property=\"og:title\" content=\"\u0110\u0103ng k\u00fd Paripesa \u2014 C\u00e1ch t\u1ea1o t\u00e0i kho\u1ea3n\" \/>\n<meta property=\"og:description\" content=\"T\u00ecm hi\u1ec3u c\u00e1ch \u0111\u0103ng k\u00fd t\u00e0i kho\u1ea3n tr\u00ean n\u1ec1n t\u1ea3ng c\u00e1 c\u01b0\u1ee3c th\u1ec3 thao v\u00e0 s\u00f2ng b\u1ea1c Paripesa \u2014 Kh\u00e1m ph\u00e1 c\u00e1c ph\u1ea7n th\u01b0\u1edfng \u0111\u1ed9c quy\u1ec1n v\u00e0 nh\u1eefng tr\u00f2 ch\u01a1i h\u1ea5p d\u1eabn\" \/>\n<meta property=\"og:url\" content=\"https:\/\/paripesa.team\/vi\/registration\/\" \/>\n<meta property=\"og:site_name\" content=\"Paripesa Team vi\" \/>\n<meta property=\"article:modified_time\" content=\"2026-03-29T11:12:39+00:00\" \/>\n<meta name=\"twitter:card\" content=\"summary_large_image\" \/>\n<script type=\"application\/ld+json\" class=\"yoast-schema-graph\">{\"@context\":\"https:\\\/\\\/schema.org\",\"@graph\":[{\"@type\":\"WebPage\",\"@id\":\"https:\\\/\\\/paripesa.team\\\/vi\\\/registration\\\/\",\"url\":\"https:\\\/\\\/paripesa.team\\\/vi\\\/registration\\\/\",\"name\":\"\u0110\u0103ng k\u00fd Paripesa \u2014 C\u00e1ch t\u1ea1o t\u00e0i kho\u1ea3n\",\"isPartOf\":{\"@id\":\"https:\\\/\\\/paripesa.team\\\/vi\\\/#website\"},\"datePublished\":\"2025-03-25T14:39:30+00:00\",\"dateModified\":\"2026-03-29T11:12:39+00:00\",\"description\":\"T\u00ecm hi\u1ec3u c\u00e1ch \u0111\u0103ng k\u00fd t\u00e0i kho\u1ea3n tr\u00ean n\u1ec1n t\u1ea3ng c\u00e1 c\u01b0\u1ee3c th\u1ec3 thao v\u00e0 s\u00f2ng b\u1ea1c Paripesa \u2014 Kh\u00e1m ph\u00e1 c\u00e1c ph\u1ea7n th\u01b0\u1edfng \u0111\u1ed9c quy\u1ec1n v\u00e0 nh\u1eefng tr\u00f2 ch\u01a1i h\u1ea5p d\u1eabn\",\"breadcrumb\":{\"@id\":\"https:\\\/\\\/paripesa.team\\\/vi\\\/registration\\\/#breadcrumb\"},\"inLanguage\":\"vi\",\"potentialAction\":[{\"@type\":\"ReadAction\",\"target\":[\"https:\\\/\\\/paripesa.team\\\/vi\\\/registration\\\/\"]}]},{\"@type\":\"BreadcrumbList\",\"@id\":\"https:\\\/\\\/paripesa.team\\\/vi\\\/registration\\\/#breadcrumb\",\"itemListElement\":[{\"@type\":\"ListItem\",\"position\":1,\"name\":\"Home\",\"item\":\"https:\\\/\\\/paripesa.team\\\/vi\\\/\"},{\"@type\":\"ListItem\",\"position\":2,\"name\":\"\u0110\u0103ng k\u00fd\"}]},{\"@type\":\"WebSite\",\"@id\":\"https:\\\/\\\/paripesa.team\\\/vi\\\/#website\",\"url\":\"https:\\\/\\\/paripesa.team\\\/vi\\\/\",\"name\":\"Paripesa Team vi\",\"description\":\"My WordPress Blog\",\"potentialAction\":[{\"@type\":\"SearchAction\",\"target\":{\"@type\":\"EntryPoint\",\"urlTemplate\":\"https:\\\/\\\/paripesa.team\\\/vi\\\/?s={search_term_string}\"},\"query-input\":{\"@type\":\"PropertyValueSpecification\",\"valueRequired\":true,\"valueName\":\"search_term_string\"}}],\"inLanguage\":\"vi\"}]}<\/script>\n<!-- \/ Yoast SEO plugin. -->","yoast_head_json":{"title":"\u0110\u0103ng k\u00fd Paripesa \u2014 C\u00e1ch t\u1ea1o t\u00e0i kho\u1ea3n","description":"T\u00ecm hi\u1ec3u c\u00e1ch \u0111\u0103ng k\u00fd t\u00e0i kho\u1ea3n tr\u00ean n\u1ec1n t\u1ea3ng c\u00e1 c\u01b0\u1ee3c th\u1ec3 thao v\u00e0 s\u00f2ng b\u1ea1c Paripesa \u2014 Kh\u00e1m ph\u00e1 c\u00e1c ph\u1ea7n th\u01b0\u1edfng \u0111\u1ed9c quy\u1ec1n v\u00e0 nh\u1eefng tr\u00f2 ch\u01a1i h\u1ea5p d\u1eabn","robots":{"index":"index","follow":"follow","max-snippet":"max-snippet:-1","max-image-preview":"max-image-preview:large","max-video-preview":"max-video-preview:-1"},"og_locale":"vi_VN","og_type":"article","og_title":"\u0110\u0103ng k\u00fd Paripesa \u2014 C\u00e1ch t\u1ea1o t\u00e0i kho\u1ea3n","og_description":"T\u00ecm hi\u1ec3u c\u00e1ch \u0111\u0103ng k\u00fd t\u00e0i kho\u1ea3n tr\u00ean n\u1ec1n t\u1ea3ng c\u00e1 c\u01b0\u1ee3c th\u1ec3 thao v\u00e0 s\u00f2ng b\u1ea1c Paripesa \u2014 Kh\u00e1m ph\u00e1 c\u00e1c ph\u1ea7n th\u01b0\u1edfng \u0111\u1ed9c quy\u1ec1n v\u00e0 nh\u1eefng tr\u00f2 ch\u01a1i h\u1ea5p d\u1eabn","og_url":"https:\/\/paripesa.team\/vi\/registration\/","og_site_name":"Paripesa Team vi","article_modified_time":"2026-03-29T11:12:39+00:00","twitter_card":"summary_large_image","schema":{"@context":"https:\/\/schema.org","@graph":[{"@type":"WebPage","@id":"https:\/\/paripesa.team\/vi\/registration\/","url":"https:\/\/paripesa.team\/vi\/registration\/","name":"\u0110\u0103ng k\u00fd Paripesa \u2014 C\u00e1ch t\u1ea1o t\u00e0i kho\u1ea3n","isPartOf":{"@id":"https:\/\/paripesa.team\/vi\/#website"},"datePublished":"2025-03-25T14:39:30+00:00","dateModified":"2026-03-29T11:12:39+00:00","description":"T\u00ecm hi\u1ec3u c\u00e1ch \u0111\u0103ng k\u00fd t\u00e0i kho\u1ea3n tr\u00ean n\u1ec1n t\u1ea3ng c\u00e1 c\u01b0\u1ee3c th\u1ec3 thao v\u00e0 s\u00f2ng b\u1ea1c Paripesa \u2014 Kh\u00e1m ph\u00e1 c\u00e1c ph\u1ea7n th\u01b0\u1edfng \u0111\u1ed9c quy\u1ec1n v\u00e0 nh\u1eefng tr\u00f2 ch\u01a1i h\u1ea5p d\u1eabn","breadcrumb":{"@id":"https:\/\/paripesa.team\/vi\/registration\/#breadcrumb"},"inLanguage":"vi","potentialAction":[{"@type":"ReadAction","target":["https:\/\/paripesa.team\/vi\/registration\/"]}]},{"@type":"BreadcrumbList","@id":"https:\/\/paripesa.team\/vi\/registration\/#breadcrumb","itemListElement":[{"@type":"ListItem","position":1,"name":"Home","item":"https:\/\/paripesa.team\/vi\/"},{"@type":"ListItem","position":2,"name":"\u0110\u0103ng k\u00fd"}]},{"@type":"WebSite","@id":"https:\/\/paripesa.team\/vi\/#website","url":"https:\/\/paripesa.team\/vi\/","name":"Paripesa Team vi","description":"My WordPress Blog","potentialAction":[{"@type":"SearchAction","target":{"@type":"EntryPoint","urlTemplate":"https:\/\/paripesa.team\/vi\/?s={search_term_string}"},"query-input":{"@type":"PropertyValueSpecification","valueRequired":true,"valueName":"search_term_string"}}],"inLanguage":"vi"}]}},"_links":{"self":[{"href":"https:\/\/paripesa.team\/vi\/wp-json\/wp\/v2\/pages\/361","targetHints":{"allow":["GET"]}}],"collection":[{"href":"https:\/\/paripesa.team\/vi\/wp-json\/wp\/v2\/pages"}],"about":[{"href":"https:\/\/paripesa.team\/vi\/wp-json\/wp\/v2\/types\/page"}],"author":[{"embeddable":true,"href":"https:\/\/paripesa.team\/vi\/wp-json\/wp\/v2\/users\/1"}],"replies":[{"embeddable":true,"href":"https:\/\/paripesa.team\/vi\/wp-json\/wp\/v2\/comments?post=361"}],"version-history":[{"count":11,"href":"https:\/\/paripesa.team\/vi\/wp-json\/wp\/v2\/pages\/361\/revisions"}],"predecessor-version":[{"id":573,"href":"https:\/\/paripesa.team\/vi\/wp-json\/wp\/v2\/pages\/361\/revisions\/573"}],"wp:attachment":[{"href":"https:\/\/paripesa.team\/vi\/wp-json\/wp\/v2\/media?parent=361"}],"curies":[{"name":"wp","href":"https:\/\/api.w.org\/{rel}","templated":true}]}}