{"id":352,"date":"2025-03-25T13:11:08","date_gmt":"2025-03-25T13:11:08","guid":{"rendered":"https:\/\/paripesa.team\/vi\/ru\/?page_id=352"},"modified":"2026-03-27T09:07:25","modified_gmt":"2026-03-27T09:07:25","slug":"login","status":"publish","type":"page","link":"https:\/\/paripesa.team\/vi\/login\/","title":{"rendered":"\u0110\u0103ng nh\u1eadp"},"content":{"rendered":"","protected":false},"excerpt":{"rendered":"","protected":false},"author":1,"featured_media":0,"parent":0,"menu_order":0,"comment_status":"closed","ping_status":"closed","template":"","meta":{"footnotes":""},"class_list":["post-352","page","type-page","status-publish","hentry"],"yoast_head":"<!-- This site is optimized with the Yoast SEO plugin v27.4 - https:\/\/yoast.com\/product\/yoast-seo-wordpress\/ -->\n<title>\u0110\u0103ng nh\u1eadp Paripesa | Quy tr\u00ecnh x\u00e1c th\u1ef1c t\u1eebng b\u01b0\u1edbc<\/title>\n<meta name=\"description\" content=\"Quy tr\u00ecnh \u0111\u0103ng nh\u1eadp Paripesa t\u1eebng b\u01b0\u1edbc - c\u00e1ch truy c\u1eadp t\u00e0i kho\u1ea3n c\u1ee7a b\u1ea1n - \u0110\u0103ng nh\u1eadp v\u00e0o Paripesa v\u00e0 nh\u1eadn g\u00f3i ch\u00e0o m\u1eebng l\u00ean \u0111\u1ebfn 43.300.000 VND v\u00e0 150 v\u00f2ng quay mi\u1ec5n ph\u00ed\" \/>\n<meta name=\"robots\" content=\"index, follow, max-snippet:-1, max-image-preview:large, max-video-preview:-1\" \/>\n<meta property=\"og:locale\" content=\"vi_VN\" \/>\n<meta property=\"og:type\" content=\"article\" \/>\n<meta property=\"og:title\" content=\"\u0110\u0103ng nh\u1eadp Paripesa | Quy tr\u00ecnh x\u00e1c th\u1ef1c t\u1eebng b\u01b0\u1edbc\" \/>\n<meta property=\"og:description\" content=\"Quy tr\u00ecnh \u0111\u0103ng nh\u1eadp Paripesa t\u1eebng b\u01b0\u1edbc - c\u00e1ch truy c\u1eadp t\u00e0i kho\u1ea3n c\u1ee7a b\u1ea1n - \u0110\u0103ng nh\u1eadp v\u00e0o Paripesa v\u00e0 nh\u1eadn g\u00f3i ch\u00e0o m\u1eebng l\u00ean \u0111\u1ebfn 43.300.000 VND v\u00e0 150 v\u00f2ng quay mi\u1ec5n ph\u00ed\" \/>\n<meta property=\"og:url\" content=\"https:\/\/paripesa.team\/vi\/login\/\" \/>\n<meta property=\"og:site_name\" content=\"Paripesa Team vi\" \/>\n<meta property=\"article:modified_time\" content=\"2026-03-27T09:07:25+00:00\" \/>\n<meta name=\"twitter:card\" content=\"summary_large_image\" \/>\n<script type=\"application\/ld+json\" class=\"yoast-schema-graph\">{\"@context\":\"https:\\\/\\\/schema.org\",\"@graph\":[{\"@type\":\"WebPage\",\"@id\":\"https:\\\/\\\/paripesa.team\\\/vi\\\/login\\\/\",\"url\":\"https:\\\/\\\/paripesa.team\\\/vi\\\/login\\\/\",\"name\":\"\u0110\u0103ng nh\u1eadp Paripesa | Quy tr\u00ecnh x\u00e1c th\u1ef1c t\u1eebng b\u01b0\u1edbc\",\"isPartOf\":{\"@id\":\"https:\\\/\\\/paripesa.team\\\/vi\\\/#website\"},\"datePublished\":\"2025-03-25T13:11:08+00:00\",\"dateModified\":\"2026-03-27T09:07:25+00:00\",\"description\":\"Quy tr\u00ecnh \u0111\u0103ng nh\u1eadp Paripesa t\u1eebng b\u01b0\u1edbc - c\u00e1ch truy c\u1eadp t\u00e0i kho\u1ea3n c\u1ee7a b\u1ea1n - \u0110\u0103ng nh\u1eadp v\u00e0o Paripesa v\u00e0 nh\u1eadn g\u00f3i ch\u00e0o m\u1eebng l\u00ean \u0111\u1ebfn 43.300.000 VND v\u00e0 150 v\u00f2ng quay mi\u1ec5n ph\u00ed\",\"breadcrumb\":{\"@id\":\"https:\\\/\\\/paripesa.team\\\/vi\\\/login\\\/#breadcrumb\"},\"inLanguage\":\"vi\",\"potentialAction\":[{\"@type\":\"ReadAction\",\"target\":[\"https:\\\/\\\/paripesa.team\\\/vi\\\/login\\\/\"]}]},{\"@type\":\"BreadcrumbList\",\"@id\":\"https:\\\/\\\/paripesa.team\\\/vi\\\/login\\\/#breadcrumb\",\"itemListElement\":[{\"@type\":\"ListItem\",\"position\":1,\"name\":\"Home\",\"item\":\"https:\\\/\\\/paripesa.team\\\/vi\\\/\"},{\"@type\":\"ListItem\",\"position\":2,\"name\":\"\u0110\u0103ng nh\u1eadp\"}]},{\"@type\":\"WebSite\",\"@id\":\"https:\\\/\\\/paripesa.team\\\/vi\\\/#website\",\"url\":\"https:\\\/\\\/paripesa.team\\\/vi\\\/\",\"name\":\"Paripesa Team vi\",\"description\":\"My WordPress Blog\",\"potentialAction\":[{\"@type\":\"SearchAction\",\"target\":{\"@type\":\"EntryPoint\",\"urlTemplate\":\"https:\\\/\\\/paripesa.team\\\/vi\\\/?s={search_term_string}\"},\"query-input\":{\"@type\":\"PropertyValueSpecification\",\"valueRequired\":true,\"valueName\":\"search_term_string\"}}],\"inLanguage\":\"vi\"}]}<\/script>\n<!-- \/ Yoast SEO plugin. -->","yoast_head_json":{"title":"\u0110\u0103ng nh\u1eadp Paripesa | Quy tr\u00ecnh x\u00e1c th\u1ef1c t\u1eebng b\u01b0\u1edbc","description":"Quy tr\u00ecnh \u0111\u0103ng nh\u1eadp Paripesa t\u1eebng b\u01b0\u1edbc - c\u00e1ch truy c\u1eadp t\u00e0i kho\u1ea3n c\u1ee7a b\u1ea1n - \u0110\u0103ng nh\u1eadp v\u00e0o Paripesa v\u00e0 nh\u1eadn g\u00f3i ch\u00e0o m\u1eebng l\u00ean \u0111\u1ebfn 43.300.000 VND v\u00e0 150 v\u00f2ng quay mi\u1ec5n ph\u00ed","robots":{"index":"index","follow":"follow","max-snippet":"max-snippet:-1","max-image-preview":"max-image-preview:large","max-video-preview":"max-video-preview:-1"},"og_locale":"vi_VN","og_type":"article","og_title":"\u0110\u0103ng nh\u1eadp Paripesa | Quy tr\u00ecnh x\u00e1c th\u1ef1c t\u1eebng b\u01b0\u1edbc","og_description":"Quy tr\u00ecnh \u0111\u0103ng nh\u1eadp Paripesa t\u1eebng b\u01b0\u1edbc - c\u00e1ch truy c\u1eadp t\u00e0i kho\u1ea3n c\u1ee7a b\u1ea1n - \u0110\u0103ng nh\u1eadp v\u00e0o Paripesa v\u00e0 nh\u1eadn g\u00f3i ch\u00e0o m\u1eebng l\u00ean \u0111\u1ebfn 43.300.000 VND v\u00e0 150 v\u00f2ng quay mi\u1ec5n ph\u00ed","og_url":"https:\/\/paripesa.team\/vi\/login\/","og_site_name":"Paripesa Team vi","article_modified_time":"2026-03-27T09:07:25+00:00","twitter_card":"summary_large_image","schema":{"@context":"https:\/\/schema.org","@graph":[{"@type":"WebPage","@id":"https:\/\/paripesa.team\/vi\/login\/","url":"https:\/\/paripesa.team\/vi\/login\/","name":"\u0110\u0103ng nh\u1eadp Paripesa | Quy tr\u00ecnh x\u00e1c th\u1ef1c t\u1eebng b\u01b0\u1edbc","isPartOf":{"@id":"https:\/\/paripesa.team\/vi\/#website"},"datePublished":"2025-03-25T13:11:08+00:00","dateModified":"2026-03-27T09:07:25+00:00","description":"Quy tr\u00ecnh \u0111\u0103ng nh\u1eadp Paripesa t\u1eebng b\u01b0\u1edbc - c\u00e1ch truy c\u1eadp t\u00e0i kho\u1ea3n c\u1ee7a b\u1ea1n - \u0110\u0103ng nh\u1eadp v\u00e0o Paripesa v\u00e0 nh\u1eadn g\u00f3i ch\u00e0o m\u1eebng l\u00ean \u0111\u1ebfn 43.300.000 VND v\u00e0 150 v\u00f2ng quay mi\u1ec5n ph\u00ed","breadcrumb":{"@id":"https:\/\/paripesa.team\/vi\/login\/#breadcrumb"},"inLanguage":"vi","potentialAction":[{"@type":"ReadAction","target":["https:\/\/paripesa.team\/vi\/login\/"]}]},{"@type":"BreadcrumbList","@id":"https:\/\/paripesa.team\/vi\/login\/#breadcrumb","itemListElement":[{"@type":"ListItem","position":1,"name":"Home","item":"https:\/\/paripesa.team\/vi\/"},{"@type":"ListItem","position":2,"name":"\u0110\u0103ng nh\u1eadp"}]},{"@type":"WebSite","@id":"https:\/\/paripesa.team\/vi\/#website","url":"https:\/\/paripesa.team\/vi\/","name":"Paripesa Team vi","description":"My WordPress Blog","potentialAction":[{"@type":"SearchAction","target":{"@type":"EntryPoint","urlTemplate":"https:\/\/paripesa.team\/vi\/?s={search_term_string}"},"query-input":{"@type":"PropertyValueSpecification","valueRequired":true,"valueName":"search_term_string"}}],"inLanguage":"vi"}]}},"_links":{"self":[{"href":"https:\/\/paripesa.team\/vi\/wp-json\/wp\/v2\/pages\/352","targetHints":{"allow":["GET"]}}],"collection":[{"href":"https:\/\/paripesa.team\/vi\/wp-json\/wp\/v2\/pages"}],"about":[{"href":"https:\/\/paripesa.team\/vi\/wp-json\/wp\/v2\/types\/page"}],"author":[{"embeddable":true,"href":"https:\/\/paripesa.team\/vi\/wp-json\/wp\/v2\/users\/1"}],"replies":[{"embeddable":true,"href":"https:\/\/paripesa.team\/vi\/wp-json\/wp\/v2\/comments?post=352"}],"version-history":[{"count":8,"href":"https:\/\/paripesa.team\/vi\/wp-json\/wp\/v2\/pages\/352\/revisions"}],"predecessor-version":[{"id":566,"href":"https:\/\/paripesa.team\/vi\/wp-json\/wp\/v2\/pages\/352\/revisions\/566"}],"wp:attachment":[{"href":"https:\/\/paripesa.team\/vi\/wp-json\/wp\/v2\/media?parent=352"}],"curies":[{"name":"wp","href":"https:\/\/api.w.org\/{rel}","templated":true}]}}