{"id":343,"date":"2025-03-25T12:23:10","date_gmt":"2025-03-25T12:23:10","guid":{"rendered":"https:\/\/paripesa.team\/vi\/ru\/?page_id=343"},"modified":"2026-03-27T09:15:38","modified_gmt":"2026-03-27T09:15:38","slug":"promo-code","status":"publish","type":"page","link":"https:\/\/paripesa.team\/vi\/promo-code\/","title":{"rendered":"M\u00e3 khuy\u1ebfn m\u00e3i"},"content":{"rendered":"","protected":false},"excerpt":{"rendered":"","protected":false},"author":1,"featured_media":0,"parent":0,"menu_order":0,"comment_status":"closed","ping_status":"closed","template":"","meta":{"footnotes":""},"class_list":["post-343","page","type-page","status-publish","hentry"],"yoast_head":"<!-- This site is optimized with the Yoast SEO plugin v27.4 - https:\/\/yoast.com\/product\/yoast-seo-wordpress\/ -->\n<title>M\u00e3 khuy\u1ebfn m\u00e3i Paripesa \u2014 C\u00e1c m\u00e3 th\u01b0\u1edfng hi\u1ec7n h\u00e0nh<\/title>\n<meta name=\"description\" content=\"T\u00ecm c\u00e1c m\u00e3 khuy\u1ebfn m\u00e3i Paripesa t\u1ed1t nh\u1ea5t v\u00e0 nh\u1eadn ngay c\u00e1c ph\u1ea7n th\u01b0\u1edfng kh\u00f4ng c\u1ea7n n\u1ea1p ti\u1ec1n c\u00f9ng v\u00f2ng quay mi\u1ec5n ph\u00ed \u0111\u1ed9c quy\u1ec1n. H\u00e3y s\u1eed d\u1ee5ng m\u00e3 khuy\u1ebfn m\u00e3i Paripesa khi \u0111\u0103ng k\u00fd t\u00e0i kho\u1ea3n. C\u00e1c m\u00e3 khuy\u1ebfn m\u00e3i n\u00e0y s\u1ebd gi\u00fap b\u1ea1n nh\u1eadn \u0111\u01b0\u1ee3c v\u00f2ng quay mi\u1ec5n ph\u00ed tr\u00ean c\u00e1c tr\u00f2 ch\u01a1i slot y\u00eau th\u00edch v\u00e0 c\u01b0\u1ee3c mi\u1ec5n ph\u00ed cho c\u00e1c m\u00f4n th\u1ec3 thao ph\u1ed5 bi\u1ebfn t\u1ea1i Paripesa\" \/>\n<meta name=\"robots\" content=\"index, follow, max-snippet:-1, max-image-preview:large, max-video-preview:-1\" \/>\n<meta property=\"og:locale\" content=\"vi_VN\" \/>\n<meta property=\"og:type\" content=\"article\" \/>\n<meta property=\"og:title\" content=\"M\u00e3 khuy\u1ebfn m\u00e3i Paripesa \u2014 C\u00e1c m\u00e3 th\u01b0\u1edfng hi\u1ec7n h\u00e0nh\" \/>\n<meta property=\"og:description\" content=\"T\u00ecm c\u00e1c m\u00e3 khuy\u1ebfn m\u00e3i Paripesa t\u1ed1t nh\u1ea5t v\u00e0 nh\u1eadn ngay c\u00e1c ph\u1ea7n th\u01b0\u1edfng kh\u00f4ng c\u1ea7n n\u1ea1p ti\u1ec1n c\u00f9ng v\u00f2ng quay mi\u1ec5n ph\u00ed \u0111\u1ed9c quy\u1ec1n. H\u00e3y s\u1eed d\u1ee5ng m\u00e3 khuy\u1ebfn m\u00e3i Paripesa khi \u0111\u0103ng k\u00fd t\u00e0i kho\u1ea3n. C\u00e1c m\u00e3 khuy\u1ebfn m\u00e3i n\u00e0y s\u1ebd gi\u00fap b\u1ea1n nh\u1eadn \u0111\u01b0\u1ee3c v\u00f2ng quay mi\u1ec5n ph\u00ed tr\u00ean c\u00e1c tr\u00f2 ch\u01a1i slot y\u00eau th\u00edch v\u00e0 c\u01b0\u1ee3c mi\u1ec5n ph\u00ed cho c\u00e1c m\u00f4n th\u1ec3 thao ph\u1ed5 bi\u1ebfn t\u1ea1i Paripesa\" \/>\n<meta property=\"og:url\" content=\"https:\/\/paripesa.team\/vi\/promo-code\/\" \/>\n<meta property=\"og:site_name\" content=\"Paripesa Team vi\" \/>\n<meta property=\"article:modified_time\" content=\"2026-03-27T09:15:38+00:00\" \/>\n<meta name=\"twitter:card\" content=\"summary_large_image\" \/>\n<script type=\"application\/ld+json\" class=\"yoast-schema-graph\">{\"@context\":\"https:\\\/\\\/schema.org\",\"@graph\":[{\"@type\":\"WebPage\",\"@id\":\"https:\\\/\\\/paripesa.team\\\/vi\\\/promo-code\\\/\",\"url\":\"https:\\\/\\\/paripesa.team\\\/vi\\\/promo-code\\\/\",\"name\":\"M\u00e3 khuy\u1ebfn m\u00e3i Paripesa \u2014 C\u00e1c m\u00e3 th\u01b0\u1edfng hi\u1ec7n h\u00e0nh\",\"isPartOf\":{\"@id\":\"https:\\\/\\\/paripesa.team\\\/vi\\\/#website\"},\"datePublished\":\"2025-03-25T12:23:10+00:00\",\"dateModified\":\"2026-03-27T09:15:38+00:00\",\"description\":\"T\u00ecm c\u00e1c m\u00e3 khuy\u1ebfn m\u00e3i Paripesa t\u1ed1t nh\u1ea5t v\u00e0 nh\u1eadn ngay c\u00e1c ph\u1ea7n th\u01b0\u1edfng kh\u00f4ng c\u1ea7n n\u1ea1p ti\u1ec1n c\u00f9ng v\u00f2ng quay mi\u1ec5n ph\u00ed \u0111\u1ed9c quy\u1ec1n. H\u00e3y s\u1eed d\u1ee5ng m\u00e3 khuy\u1ebfn m\u00e3i Paripesa khi \u0111\u0103ng k\u00fd t\u00e0i kho\u1ea3n. C\u00e1c m\u00e3 khuy\u1ebfn m\u00e3i n\u00e0y s\u1ebd gi\u00fap b\u1ea1n nh\u1eadn \u0111\u01b0\u1ee3c v\u00f2ng quay mi\u1ec5n ph\u00ed tr\u00ean c\u00e1c tr\u00f2 ch\u01a1i slot y\u00eau th\u00edch v\u00e0 c\u01b0\u1ee3c mi\u1ec5n ph\u00ed cho c\u00e1c m\u00f4n th\u1ec3 thao ph\u1ed5 bi\u1ebfn t\u1ea1i Paripesa\",\"breadcrumb\":{\"@id\":\"https:\\\/\\\/paripesa.team\\\/vi\\\/promo-code\\\/#breadcrumb\"},\"inLanguage\":\"vi\",\"potentialAction\":[{\"@type\":\"ReadAction\",\"target\":[\"https:\\\/\\\/paripesa.team\\\/vi\\\/promo-code\\\/\"]}]},{\"@type\":\"BreadcrumbList\",\"@id\":\"https:\\\/\\\/paripesa.team\\\/vi\\\/promo-code\\\/#breadcrumb\",\"itemListElement\":[{\"@type\":\"ListItem\",\"position\":1,\"name\":\"Home\",\"item\":\"https:\\\/\\\/paripesa.team\\\/vi\\\/\"},{\"@type\":\"ListItem\",\"position\":2,\"name\":\"M\u00e3 khuy\u1ebfn m\u00e3i\"}]},{\"@type\":\"WebSite\",\"@id\":\"https:\\\/\\\/paripesa.team\\\/vi\\\/#website\",\"url\":\"https:\\\/\\\/paripesa.team\\\/vi\\\/\",\"name\":\"Paripesa Team vi\",\"description\":\"My WordPress Blog\",\"potentialAction\":[{\"@type\":\"SearchAction\",\"target\":{\"@type\":\"EntryPoint\",\"urlTemplate\":\"https:\\\/\\\/paripesa.team\\\/vi\\\/?s={search_term_string}\"},\"query-input\":{\"@type\":\"PropertyValueSpecification\",\"valueRequired\":true,\"valueName\":\"search_term_string\"}}],\"inLanguage\":\"vi\"}]}<\/script>\n<!-- \/ Yoast SEO plugin. -->","yoast_head_json":{"title":"M\u00e3 khuy\u1ebfn m\u00e3i Paripesa \u2014 C\u00e1c m\u00e3 th\u01b0\u1edfng hi\u1ec7n h\u00e0nh","description":"T\u00ecm c\u00e1c m\u00e3 khuy\u1ebfn m\u00e3i Paripesa t\u1ed1t nh\u1ea5t v\u00e0 nh\u1eadn ngay c\u00e1c ph\u1ea7n th\u01b0\u1edfng kh\u00f4ng c\u1ea7n n\u1ea1p ti\u1ec1n c\u00f9ng v\u00f2ng quay mi\u1ec5n ph\u00ed \u0111\u1ed9c quy\u1ec1n. H\u00e3y s\u1eed d\u1ee5ng m\u00e3 khuy\u1ebfn m\u00e3i Paripesa khi \u0111\u0103ng k\u00fd t\u00e0i kho\u1ea3n. C\u00e1c m\u00e3 khuy\u1ebfn m\u00e3i n\u00e0y s\u1ebd gi\u00fap b\u1ea1n nh\u1eadn \u0111\u01b0\u1ee3c v\u00f2ng quay mi\u1ec5n ph\u00ed tr\u00ean c\u00e1c tr\u00f2 ch\u01a1i slot y\u00eau th\u00edch v\u00e0 c\u01b0\u1ee3c mi\u1ec5n ph\u00ed cho c\u00e1c m\u00f4n th\u1ec3 thao ph\u1ed5 bi\u1ebfn t\u1ea1i Paripesa","robots":{"index":"index","follow":"follow","max-snippet":"max-snippet:-1","max-image-preview":"max-image-preview:large","max-video-preview":"max-video-preview:-1"},"og_locale":"vi_VN","og_type":"article","og_title":"M\u00e3 khuy\u1ebfn m\u00e3i Paripesa \u2014 C\u00e1c m\u00e3 th\u01b0\u1edfng hi\u1ec7n h\u00e0nh","og_description":"T\u00ecm c\u00e1c m\u00e3 khuy\u1ebfn m\u00e3i Paripesa t\u1ed1t nh\u1ea5t v\u00e0 nh\u1eadn ngay c\u00e1c ph\u1ea7n th\u01b0\u1edfng kh\u00f4ng c\u1ea7n n\u1ea1p ti\u1ec1n c\u00f9ng v\u00f2ng quay mi\u1ec5n ph\u00ed \u0111\u1ed9c quy\u1ec1n. H\u00e3y s\u1eed d\u1ee5ng m\u00e3 khuy\u1ebfn m\u00e3i Paripesa khi \u0111\u0103ng k\u00fd t\u00e0i kho\u1ea3n. C\u00e1c m\u00e3 khuy\u1ebfn m\u00e3i n\u00e0y s\u1ebd gi\u00fap b\u1ea1n nh\u1eadn \u0111\u01b0\u1ee3c v\u00f2ng quay mi\u1ec5n ph\u00ed tr\u00ean c\u00e1c tr\u00f2 ch\u01a1i slot y\u00eau th\u00edch v\u00e0 c\u01b0\u1ee3c mi\u1ec5n ph\u00ed cho c\u00e1c m\u00f4n th\u1ec3 thao ph\u1ed5 bi\u1ebfn t\u1ea1i Paripesa","og_url":"https:\/\/paripesa.team\/vi\/promo-code\/","og_site_name":"Paripesa Team vi","article_modified_time":"2026-03-27T09:15:38+00:00","twitter_card":"summary_large_image","schema":{"@context":"https:\/\/schema.org","@graph":[{"@type":"WebPage","@id":"https:\/\/paripesa.team\/vi\/promo-code\/","url":"https:\/\/paripesa.team\/vi\/promo-code\/","name":"M\u00e3 khuy\u1ebfn m\u00e3i Paripesa \u2014 C\u00e1c m\u00e3 th\u01b0\u1edfng hi\u1ec7n h\u00e0nh","isPartOf":{"@id":"https:\/\/paripesa.team\/vi\/#website"},"datePublished":"2025-03-25T12:23:10+00:00","dateModified":"2026-03-27T09:15:38+00:00","description":"T\u00ecm c\u00e1c m\u00e3 khuy\u1ebfn m\u00e3i Paripesa t\u1ed1t nh\u1ea5t v\u00e0 nh\u1eadn ngay c\u00e1c ph\u1ea7n th\u01b0\u1edfng kh\u00f4ng c\u1ea7n n\u1ea1p ti\u1ec1n c\u00f9ng v\u00f2ng quay mi\u1ec5n ph\u00ed \u0111\u1ed9c quy\u1ec1n. H\u00e3y s\u1eed d\u1ee5ng m\u00e3 khuy\u1ebfn m\u00e3i Paripesa khi \u0111\u0103ng k\u00fd t\u00e0i kho\u1ea3n. C\u00e1c m\u00e3 khuy\u1ebfn m\u00e3i n\u00e0y s\u1ebd gi\u00fap b\u1ea1n nh\u1eadn \u0111\u01b0\u1ee3c v\u00f2ng quay mi\u1ec5n ph\u00ed tr\u00ean c\u00e1c tr\u00f2 ch\u01a1i slot y\u00eau th\u00edch v\u00e0 c\u01b0\u1ee3c mi\u1ec5n ph\u00ed cho c\u00e1c m\u00f4n th\u1ec3 thao ph\u1ed5 bi\u1ebfn t\u1ea1i Paripesa","breadcrumb":{"@id":"https:\/\/paripesa.team\/vi\/promo-code\/#breadcrumb"},"inLanguage":"vi","potentialAction":[{"@type":"ReadAction","target":["https:\/\/paripesa.team\/vi\/promo-code\/"]}]},{"@type":"BreadcrumbList","@id":"https:\/\/paripesa.team\/vi\/promo-code\/#breadcrumb","itemListElement":[{"@type":"ListItem","position":1,"name":"Home","item":"https:\/\/paripesa.team\/vi\/"},{"@type":"ListItem","position":2,"name":"M\u00e3 khuy\u1ebfn m\u00e3i"}]},{"@type":"WebSite","@id":"https:\/\/paripesa.team\/vi\/#website","url":"https:\/\/paripesa.team\/vi\/","name":"Paripesa Team vi","description":"My WordPress Blog","potentialAction":[{"@type":"SearchAction","target":{"@type":"EntryPoint","urlTemplate":"https:\/\/paripesa.team\/vi\/?s={search_term_string}"},"query-input":{"@type":"PropertyValueSpecification","valueRequired":true,"valueName":"search_term_string"}}],"inLanguage":"vi"}]}},"_links":{"self":[{"href":"https:\/\/paripesa.team\/vi\/wp-json\/wp\/v2\/pages\/343","targetHints":{"allow":["GET"]}}],"collection":[{"href":"https:\/\/paripesa.team\/vi\/wp-json\/wp\/v2\/pages"}],"about":[{"href":"https:\/\/paripesa.team\/vi\/wp-json\/wp\/v2\/types\/page"}],"author":[{"embeddable":true,"href":"https:\/\/paripesa.team\/vi\/wp-json\/wp\/v2\/users\/1"}],"replies":[{"embeddable":true,"href":"https:\/\/paripesa.team\/vi\/wp-json\/wp\/v2\/comments?post=343"}],"version-history":[{"count":7,"href":"https:\/\/paripesa.team\/vi\/wp-json\/wp\/v2\/pages\/343\/revisions"}],"predecessor-version":[{"id":567,"href":"https:\/\/paripesa.team\/vi\/wp-json\/wp\/v2\/pages\/343\/revisions\/567"}],"wp:attachment":[{"href":"https:\/\/paripesa.team\/vi\/wp-json\/wp\/v2\/media?parent=343"}],"curies":[{"name":"wp","href":"https:\/\/api.w.org\/{rel}","templated":true}]}}