{"id":298,"date":"2025-03-17T12:34:51","date_gmt":"2025-03-17T12:34:51","guid":{"rendered":"https:\/\/paripesa.team\/vi\/ru\/?page_id=298"},"modified":"2026-03-27T06:46:02","modified_gmt":"2026-03-27T06:46:02","slug":"apk","status":"publish","type":"page","link":"https:\/\/paripesa.team\/vi\/apk\/","title":{"rendered":"APK"},"content":{"rendered":"","protected":false},"excerpt":{"rendered":"","protected":false},"author":1,"featured_media":0,"parent":0,"menu_order":0,"comment_status":"closed","ping_status":"closed","template":"","meta":{"footnotes":""},"class_list":["post-298","page","type-page","status-publish","hentry"],"yoast_head":"<!-- This site is optimized with the Yoast SEO plugin v27.4 - https:\/\/yoast.com\/product\/yoast-seo-wordpress\/ -->\n<title>Paripesa Apk \u2014 C\u00e1ch t\u1ea3i xu\u1ed1ng v\u00e0 ch\u01a1i<\/title>\n<meta name=\"description\" content=\"\u1ee8ng d\u1ee5ng Paripesa l\u00e0 m\u1ed9t c\u00e1ch thu\u1eadn ti\u1ec7n \u0111\u1ec3 truy c\u1eadp c\u00e1c c\u1eeda h\u00e0ng c\u00e1 c\u01b0\u1ee3c v\u00e0 s\u00f2ng b\u1ea1c m\u1ecdi l\u00fac m\u1ecdi n\u01a1i. \u1ee8ng d\u1ee5ng Paripesa d\u00e0nh cho Android mang \u0111\u1ebfn giao di\u1ec7n \u0111\u01b0\u1ee3c t\u1ed1i \u01b0u h\u00f3a c\u00f9ng c\u00e1c \u01b0u \u0111\u00e3i ti\u1ec1n th\u01b0\u1edfng \u0111\u1ed9c quy\u1ec1n\" \/>\n<meta name=\"robots\" content=\"index, follow, max-snippet:-1, max-image-preview:large, max-video-preview:-1\" \/>\n<meta property=\"og:locale\" content=\"vi_VN\" \/>\n<meta property=\"og:type\" content=\"article\" \/>\n<meta property=\"og:title\" content=\"Paripesa Apk \u2014 C\u00e1ch t\u1ea3i xu\u1ed1ng v\u00e0 ch\u01a1i\" \/>\n<meta property=\"og:description\" content=\"\u1ee8ng d\u1ee5ng Paripesa l\u00e0 m\u1ed9t c\u00e1ch thu\u1eadn ti\u1ec7n \u0111\u1ec3 truy c\u1eadp c\u00e1c c\u1eeda h\u00e0ng c\u00e1 c\u01b0\u1ee3c v\u00e0 s\u00f2ng b\u1ea1c m\u1ecdi l\u00fac m\u1ecdi n\u01a1i. \u1ee8ng d\u1ee5ng Paripesa d\u00e0nh cho Android mang \u0111\u1ebfn giao di\u1ec7n \u0111\u01b0\u1ee3c t\u1ed1i \u01b0u h\u00f3a c\u00f9ng c\u00e1c \u01b0u \u0111\u00e3i ti\u1ec1n th\u01b0\u1edfng \u0111\u1ed9c quy\u1ec1n\" \/>\n<meta property=\"og:url\" content=\"https:\/\/paripesa.team\/vi\/apk\/\" \/>\n<meta property=\"og:site_name\" content=\"Paripesa Team vi\" \/>\n<meta property=\"article:modified_time\" content=\"2026-03-27T06:46:02+00:00\" \/>\n<meta name=\"twitter:card\" content=\"summary_large_image\" \/>\n<script type=\"application\/ld+json\" class=\"yoast-schema-graph\">{\"@context\":\"https:\\\/\\\/schema.org\",\"@graph\":[{\"@type\":\"WebPage\",\"@id\":\"https:\\\/\\\/paripesa.team\\\/vi\\\/apk\\\/\",\"url\":\"https:\\\/\\\/paripesa.team\\\/vi\\\/apk\\\/\",\"name\":\"Paripesa Apk \u2014 C\u00e1ch t\u1ea3i xu\u1ed1ng v\u00e0 ch\u01a1i\",\"isPartOf\":{\"@id\":\"https:\\\/\\\/paripesa.team\\\/vi\\\/#website\"},\"datePublished\":\"2025-03-17T12:34:51+00:00\",\"dateModified\":\"2026-03-27T06:46:02+00:00\",\"description\":\"\u1ee8ng d\u1ee5ng Paripesa l\u00e0 m\u1ed9t c\u00e1ch thu\u1eadn ti\u1ec7n \u0111\u1ec3 truy c\u1eadp c\u00e1c c\u1eeda h\u00e0ng c\u00e1 c\u01b0\u1ee3c v\u00e0 s\u00f2ng b\u1ea1c m\u1ecdi l\u00fac m\u1ecdi n\u01a1i. \u1ee8ng d\u1ee5ng Paripesa d\u00e0nh cho Android mang \u0111\u1ebfn giao di\u1ec7n \u0111\u01b0\u1ee3c t\u1ed1i \u01b0u h\u00f3a c\u00f9ng c\u00e1c \u01b0u \u0111\u00e3i ti\u1ec1n th\u01b0\u1edfng \u0111\u1ed9c quy\u1ec1n\",\"breadcrumb\":{\"@id\":\"https:\\\/\\\/paripesa.team\\\/vi\\\/apk\\\/#breadcrumb\"},\"inLanguage\":\"vi\",\"potentialAction\":[{\"@type\":\"ReadAction\",\"target\":[\"https:\\\/\\\/paripesa.team\\\/vi\\\/apk\\\/\"]}]},{\"@type\":\"BreadcrumbList\",\"@id\":\"https:\\\/\\\/paripesa.team\\\/vi\\\/apk\\\/#breadcrumb\",\"itemListElement\":[{\"@type\":\"ListItem\",\"position\":1,\"name\":\"Home\",\"item\":\"https:\\\/\\\/paripesa.team\\\/vi\\\/\"},{\"@type\":\"ListItem\",\"position\":2,\"name\":\"APK\"}]},{\"@type\":\"WebSite\",\"@id\":\"https:\\\/\\\/paripesa.team\\\/vi\\\/#website\",\"url\":\"https:\\\/\\\/paripesa.team\\\/vi\\\/\",\"name\":\"Paripesa Team vi\",\"description\":\"My WordPress Blog\",\"potentialAction\":[{\"@type\":\"SearchAction\",\"target\":{\"@type\":\"EntryPoint\",\"urlTemplate\":\"https:\\\/\\\/paripesa.team\\\/vi\\\/?s={search_term_string}\"},\"query-input\":{\"@type\":\"PropertyValueSpecification\",\"valueRequired\":true,\"valueName\":\"search_term_string\"}}],\"inLanguage\":\"vi\"}]}<\/script>\n<!-- \/ Yoast SEO plugin. -->","yoast_head_json":{"title":"Paripesa Apk \u2014 C\u00e1ch t\u1ea3i xu\u1ed1ng v\u00e0 ch\u01a1i","description":"\u1ee8ng d\u1ee5ng Paripesa l\u00e0 m\u1ed9t c\u00e1ch thu\u1eadn ti\u1ec7n \u0111\u1ec3 truy c\u1eadp c\u00e1c c\u1eeda h\u00e0ng c\u00e1 c\u01b0\u1ee3c v\u00e0 s\u00f2ng b\u1ea1c m\u1ecdi l\u00fac m\u1ecdi n\u01a1i. \u1ee8ng d\u1ee5ng Paripesa d\u00e0nh cho Android mang \u0111\u1ebfn giao di\u1ec7n \u0111\u01b0\u1ee3c t\u1ed1i \u01b0u h\u00f3a c\u00f9ng c\u00e1c \u01b0u \u0111\u00e3i ti\u1ec1n th\u01b0\u1edfng \u0111\u1ed9c quy\u1ec1n","robots":{"index":"index","follow":"follow","max-snippet":"max-snippet:-1","max-image-preview":"max-image-preview:large","max-video-preview":"max-video-preview:-1"},"og_locale":"vi_VN","og_type":"article","og_title":"Paripesa Apk \u2014 C\u00e1ch t\u1ea3i xu\u1ed1ng v\u00e0 ch\u01a1i","og_description":"\u1ee8ng d\u1ee5ng Paripesa l\u00e0 m\u1ed9t c\u00e1ch thu\u1eadn ti\u1ec7n \u0111\u1ec3 truy c\u1eadp c\u00e1c c\u1eeda h\u00e0ng c\u00e1 c\u01b0\u1ee3c v\u00e0 s\u00f2ng b\u1ea1c m\u1ecdi l\u00fac m\u1ecdi n\u01a1i. \u1ee8ng d\u1ee5ng Paripesa d\u00e0nh cho Android mang \u0111\u1ebfn giao di\u1ec7n \u0111\u01b0\u1ee3c t\u1ed1i \u01b0u h\u00f3a c\u00f9ng c\u00e1c \u01b0u \u0111\u00e3i ti\u1ec1n th\u01b0\u1edfng \u0111\u1ed9c quy\u1ec1n","og_url":"https:\/\/paripesa.team\/vi\/apk\/","og_site_name":"Paripesa Team vi","article_modified_time":"2026-03-27T06:46:02+00:00","twitter_card":"summary_large_image","schema":{"@context":"https:\/\/schema.org","@graph":[{"@type":"WebPage","@id":"https:\/\/paripesa.team\/vi\/apk\/","url":"https:\/\/paripesa.team\/vi\/apk\/","name":"Paripesa Apk \u2014 C\u00e1ch t\u1ea3i xu\u1ed1ng v\u00e0 ch\u01a1i","isPartOf":{"@id":"https:\/\/paripesa.team\/vi\/#website"},"datePublished":"2025-03-17T12:34:51+00:00","dateModified":"2026-03-27T06:46:02+00:00","description":"\u1ee8ng d\u1ee5ng Paripesa l\u00e0 m\u1ed9t c\u00e1ch thu\u1eadn ti\u1ec7n \u0111\u1ec3 truy c\u1eadp c\u00e1c c\u1eeda h\u00e0ng c\u00e1 c\u01b0\u1ee3c v\u00e0 s\u00f2ng b\u1ea1c m\u1ecdi l\u00fac m\u1ecdi n\u01a1i. \u1ee8ng d\u1ee5ng Paripesa d\u00e0nh cho Android mang \u0111\u1ebfn giao di\u1ec7n \u0111\u01b0\u1ee3c t\u1ed1i \u01b0u h\u00f3a c\u00f9ng c\u00e1c \u01b0u \u0111\u00e3i ti\u1ec1n th\u01b0\u1edfng \u0111\u1ed9c quy\u1ec1n","breadcrumb":{"@id":"https:\/\/paripesa.team\/vi\/apk\/#breadcrumb"},"inLanguage":"vi","potentialAction":[{"@type":"ReadAction","target":["https:\/\/paripesa.team\/vi\/apk\/"]}]},{"@type":"BreadcrumbList","@id":"https:\/\/paripesa.team\/vi\/apk\/#breadcrumb","itemListElement":[{"@type":"ListItem","position":1,"name":"Home","item":"https:\/\/paripesa.team\/vi\/"},{"@type":"ListItem","position":2,"name":"APK"}]},{"@type":"WebSite","@id":"https:\/\/paripesa.team\/vi\/#website","url":"https:\/\/paripesa.team\/vi\/","name":"Paripesa Team vi","description":"My WordPress Blog","potentialAction":[{"@type":"SearchAction","target":{"@type":"EntryPoint","urlTemplate":"https:\/\/paripesa.team\/vi\/?s={search_term_string}"},"query-input":{"@type":"PropertyValueSpecification","valueRequired":true,"valueName":"search_term_string"}}],"inLanguage":"vi"}]}},"_links":{"self":[{"href":"https:\/\/paripesa.team\/vi\/wp-json\/wp\/v2\/pages\/298","targetHints":{"allow":["GET"]}}],"collection":[{"href":"https:\/\/paripesa.team\/vi\/wp-json\/wp\/v2\/pages"}],"about":[{"href":"https:\/\/paripesa.team\/vi\/wp-json\/wp\/v2\/types\/page"}],"author":[{"embeddable":true,"href":"https:\/\/paripesa.team\/vi\/wp-json\/wp\/v2\/users\/1"}],"replies":[{"embeddable":true,"href":"https:\/\/paripesa.team\/vi\/wp-json\/wp\/v2\/comments?post=298"}],"version-history":[{"count":6,"href":"https:\/\/paripesa.team\/vi\/wp-json\/wp\/v2\/pages\/298\/revisions"}],"predecessor-version":[{"id":549,"href":"https:\/\/paripesa.team\/vi\/wp-json\/wp\/v2\/pages\/298\/revisions\/549"}],"wp:attachment":[{"href":"https:\/\/paripesa.team\/vi\/wp-json\/wp\/v2\/media?parent=298"}],"curies":[{"name":"wp","href":"https:\/\/api.w.org\/{rel}","templated":true}]}}