{"id":273,"date":"2024-03-14T05:50:59","date_gmt":"2024-03-14T05:50:59","guid":{"rendered":"https:\/\/paripesa.team\/vi\/ru\/?page_id=273"},"modified":"2026-03-29T11:11:03","modified_gmt":"2026-03-29T11:11:03","slug":"app","status":"publish","type":"page","link":"https:\/\/paripesa.team\/vi\/app\/","title":{"rendered":"\u1ee8ng d\u1ee5ng"},"content":{"rendered":"","protected":false},"excerpt":{"rendered":"","protected":false},"author":1,"featured_media":0,"parent":0,"menu_order":0,"comment_status":"closed","ping_status":"closed","template":"","meta":{"footnotes":""},"class_list":["post-273","page","type-page","status-publish","hentry"],"yoast_head":"<!-- This site is optimized with the Yoast SEO plugin v27.4 - https:\/\/yoast.com\/product\/yoast-seo-wordpress\/ -->\n<title>\u1ee8ng d\u1ee5ng Paripesa \u2014 T\u1ea3i xu\u1ed1ng mi\u1ec5n ph\u00ed cho Android v\u00e0 iOS<\/title>\n<meta name=\"description\" content=\"\u1ee8ng d\u1ee5ng di \u0111\u1ed9ng Paripesa mang \u0111\u1ebfn cho b\u1ea1n c\u01a1 h\u1ed9i th\u01b0\u1edfng th\u1ee9c c\u00e1c n\u1ed9i dung gi\u1ea3i tr\u00ed y\u00eau th\u00edch m\u1ecdi l\u00fac, m\u1ecdi n\u01a1i. H\u00e3y t\u1eadn h\u01b0\u1edfng nh\u1eefng ti\u1ec7n \u00edch di \u0111\u1ed9ng t\u1eeb Paripesa\" \/>\n<meta name=\"robots\" content=\"index, follow, max-snippet:-1, max-image-preview:large, max-video-preview:-1\" \/>\n<meta property=\"og:locale\" content=\"vi_VN\" \/>\n<meta property=\"og:type\" content=\"article\" \/>\n<meta property=\"og:title\" content=\"\u1ee8ng d\u1ee5ng Paripesa \u2014 T\u1ea3i xu\u1ed1ng mi\u1ec5n ph\u00ed cho Android v\u00e0 iOS\" \/>\n<meta property=\"og:description\" content=\"\u1ee8ng d\u1ee5ng di \u0111\u1ed9ng Paripesa mang \u0111\u1ebfn cho b\u1ea1n c\u01a1 h\u1ed9i th\u01b0\u1edfng th\u1ee9c c\u00e1c n\u1ed9i dung gi\u1ea3i tr\u00ed y\u00eau th\u00edch m\u1ecdi l\u00fac, m\u1ecdi n\u01a1i. H\u00e3y t\u1eadn h\u01b0\u1edfng nh\u1eefng ti\u1ec7n \u00edch di \u0111\u1ed9ng t\u1eeb Paripesa\" \/>\n<meta property=\"og:url\" content=\"https:\/\/paripesa.team\/vi\/app\/\" \/>\n<meta property=\"og:site_name\" content=\"Paripesa Team vi\" \/>\n<meta property=\"article:modified_time\" content=\"2026-03-29T11:11:03+00:00\" \/>\n<meta name=\"twitter:card\" content=\"summary_large_image\" \/>\n<script type=\"application\/ld+json\" class=\"yoast-schema-graph\">{\"@context\":\"https:\\\/\\\/schema.org\",\"@graph\":[{\"@type\":\"WebPage\",\"@id\":\"https:\\\/\\\/paripesa.team\\\/vi\\\/app\\\/\",\"url\":\"https:\\\/\\\/paripesa.team\\\/vi\\\/app\\\/\",\"name\":\"\u1ee8ng d\u1ee5ng Paripesa \u2014 T\u1ea3i xu\u1ed1ng mi\u1ec5n ph\u00ed cho Android v\u00e0 iOS\",\"isPartOf\":{\"@id\":\"https:\\\/\\\/paripesa.team\\\/vi\\\/#website\"},\"datePublished\":\"2024-03-14T05:50:59+00:00\",\"dateModified\":\"2026-03-29T11:11:03+00:00\",\"description\":\"\u1ee8ng d\u1ee5ng di \u0111\u1ed9ng Paripesa mang \u0111\u1ebfn cho b\u1ea1n c\u01a1 h\u1ed9i th\u01b0\u1edfng th\u1ee9c c\u00e1c n\u1ed9i dung gi\u1ea3i tr\u00ed y\u00eau th\u00edch m\u1ecdi l\u00fac, m\u1ecdi n\u01a1i. H\u00e3y t\u1eadn h\u01b0\u1edfng nh\u1eefng ti\u1ec7n \u00edch di \u0111\u1ed9ng t\u1eeb Paripesa\",\"breadcrumb\":{\"@id\":\"https:\\\/\\\/paripesa.team\\\/vi\\\/app\\\/#breadcrumb\"},\"inLanguage\":\"vi\",\"potentialAction\":[{\"@type\":\"ReadAction\",\"target\":[\"https:\\\/\\\/paripesa.team\\\/vi\\\/app\\\/\"]}]},{\"@type\":\"BreadcrumbList\",\"@id\":\"https:\\\/\\\/paripesa.team\\\/vi\\\/app\\\/#breadcrumb\",\"itemListElement\":[{\"@type\":\"ListItem\",\"position\":1,\"name\":\"Home\",\"item\":\"https:\\\/\\\/paripesa.team\\\/vi\\\/\"},{\"@type\":\"ListItem\",\"position\":2,\"name\":\"\u1ee8ng d\u1ee5ng\"}]},{\"@type\":\"WebSite\",\"@id\":\"https:\\\/\\\/paripesa.team\\\/vi\\\/#website\",\"url\":\"https:\\\/\\\/paripesa.team\\\/vi\\\/\",\"name\":\"Paripesa Team vi\",\"description\":\"My WordPress Blog\",\"potentialAction\":[{\"@type\":\"SearchAction\",\"target\":{\"@type\":\"EntryPoint\",\"urlTemplate\":\"https:\\\/\\\/paripesa.team\\\/vi\\\/?s={search_term_string}\"},\"query-input\":{\"@type\":\"PropertyValueSpecification\",\"valueRequired\":true,\"valueName\":\"search_term_string\"}}],\"inLanguage\":\"vi\"}]}<\/script>\n<!-- \/ Yoast SEO plugin. -->","yoast_head_json":{"title":"\u1ee8ng d\u1ee5ng Paripesa \u2014 T\u1ea3i xu\u1ed1ng mi\u1ec5n ph\u00ed cho Android v\u00e0 iOS","description":"\u1ee8ng d\u1ee5ng di \u0111\u1ed9ng Paripesa mang \u0111\u1ebfn cho b\u1ea1n c\u01a1 h\u1ed9i th\u01b0\u1edfng th\u1ee9c c\u00e1c n\u1ed9i dung gi\u1ea3i tr\u00ed y\u00eau th\u00edch m\u1ecdi l\u00fac, m\u1ecdi n\u01a1i. H\u00e3y t\u1eadn h\u01b0\u1edfng nh\u1eefng ti\u1ec7n \u00edch di \u0111\u1ed9ng t\u1eeb Paripesa","robots":{"index":"index","follow":"follow","max-snippet":"max-snippet:-1","max-image-preview":"max-image-preview:large","max-video-preview":"max-video-preview:-1"},"og_locale":"vi_VN","og_type":"article","og_title":"\u1ee8ng d\u1ee5ng Paripesa \u2014 T\u1ea3i xu\u1ed1ng mi\u1ec5n ph\u00ed cho Android v\u00e0 iOS","og_description":"\u1ee8ng d\u1ee5ng di \u0111\u1ed9ng Paripesa mang \u0111\u1ebfn cho b\u1ea1n c\u01a1 h\u1ed9i th\u01b0\u1edfng th\u1ee9c c\u00e1c n\u1ed9i dung gi\u1ea3i tr\u00ed y\u00eau th\u00edch m\u1ecdi l\u00fac, m\u1ecdi n\u01a1i. H\u00e3y t\u1eadn h\u01b0\u1edfng nh\u1eefng ti\u1ec7n \u00edch di \u0111\u1ed9ng t\u1eeb Paripesa","og_url":"https:\/\/paripesa.team\/vi\/app\/","og_site_name":"Paripesa Team vi","article_modified_time":"2026-03-29T11:11:03+00:00","twitter_card":"summary_large_image","schema":{"@context":"https:\/\/schema.org","@graph":[{"@type":"WebPage","@id":"https:\/\/paripesa.team\/vi\/app\/","url":"https:\/\/paripesa.team\/vi\/app\/","name":"\u1ee8ng d\u1ee5ng Paripesa \u2014 T\u1ea3i xu\u1ed1ng mi\u1ec5n ph\u00ed cho Android v\u00e0 iOS","isPartOf":{"@id":"https:\/\/paripesa.team\/vi\/#website"},"datePublished":"2024-03-14T05:50:59+00:00","dateModified":"2026-03-29T11:11:03+00:00","description":"\u1ee8ng d\u1ee5ng di \u0111\u1ed9ng Paripesa mang \u0111\u1ebfn cho b\u1ea1n c\u01a1 h\u1ed9i th\u01b0\u1edfng th\u1ee9c c\u00e1c n\u1ed9i dung gi\u1ea3i tr\u00ed y\u00eau th\u00edch m\u1ecdi l\u00fac, m\u1ecdi n\u01a1i. H\u00e3y t\u1eadn h\u01b0\u1edfng nh\u1eefng ti\u1ec7n \u00edch di \u0111\u1ed9ng t\u1eeb Paripesa","breadcrumb":{"@id":"https:\/\/paripesa.team\/vi\/app\/#breadcrumb"},"inLanguage":"vi","potentialAction":[{"@type":"ReadAction","target":["https:\/\/paripesa.team\/vi\/app\/"]}]},{"@type":"BreadcrumbList","@id":"https:\/\/paripesa.team\/vi\/app\/#breadcrumb","itemListElement":[{"@type":"ListItem","position":1,"name":"Home","item":"https:\/\/paripesa.team\/vi\/"},{"@type":"ListItem","position":2,"name":"\u1ee8ng d\u1ee5ng"}]},{"@type":"WebSite","@id":"https:\/\/paripesa.team\/vi\/#website","url":"https:\/\/paripesa.team\/vi\/","name":"Paripesa Team vi","description":"My WordPress Blog","potentialAction":[{"@type":"SearchAction","target":{"@type":"EntryPoint","urlTemplate":"https:\/\/paripesa.team\/vi\/?s={search_term_string}"},"query-input":{"@type":"PropertyValueSpecification","valueRequired":true,"valueName":"search_term_string"}}],"inLanguage":"vi"}]}},"_links":{"self":[{"href":"https:\/\/paripesa.team\/vi\/wp-json\/wp\/v2\/pages\/273","targetHints":{"allow":["GET"]}}],"collection":[{"href":"https:\/\/paripesa.team\/vi\/wp-json\/wp\/v2\/pages"}],"about":[{"href":"https:\/\/paripesa.team\/vi\/wp-json\/wp\/v2\/types\/page"}],"author":[{"embeddable":true,"href":"https:\/\/paripesa.team\/vi\/wp-json\/wp\/v2\/users\/1"}],"replies":[{"embeddable":true,"href":"https:\/\/paripesa.team\/vi\/wp-json\/wp\/v2\/comments?post=273"}],"version-history":[{"count":9,"href":"https:\/\/paripesa.team\/vi\/wp-json\/wp\/v2\/pages\/273\/revisions"}],"predecessor-version":[{"id":572,"href":"https:\/\/paripesa.team\/vi\/wp-json\/wp\/v2\/pages\/273\/revisions\/572"}],"wp:attachment":[{"href":"https:\/\/paripesa.team\/vi\/wp-json\/wp\/v2\/media?parent=273"}],"curies":[{"name":"wp","href":"https:\/\/api.w.org\/{rel}","templated":true}]}}