{"id":257,"date":"2024-03-12T07:11:15","date_gmt":"2024-03-12T07:11:15","guid":{"rendered":"https:\/\/paripesa.team\/vi\/ru\/?page_id=257"},"modified":"2026-03-29T11:20:35","modified_gmt":"2026-03-29T11:20:35","slug":"casino","status":"publish","type":"page","link":"https:\/\/paripesa.team\/vi\/casino\/","title":{"rendered":"S\u00f2ng b\u1ea1c"},"content":{"rendered":"","protected":false},"excerpt":{"rendered":"","protected":false},"author":1,"featured_media":0,"parent":0,"menu_order":0,"comment_status":"closed","ping_status":"closed","template":"","meta":{"footnotes":""},"class_list":["post-257","page","type-page","status-publish","hentry"],"yoast_head":"<!-- This site is optimized with the Yoast SEO plugin v27.4 - https:\/\/yoast.com\/product\/yoast-seo-wordpress\/ -->\n<title>S\u00f2ng b\u1ea1c PariPesa \u2014 T\u1ed5ng quan, \u01afu \u0111i\u1ec3m v\u00e0 Tr\u00f2 ch\u01a1i hay nh\u1ea5t<\/title>\n<meta name=\"description\" content=\"H\u00e3y m\u1edf c\u00e1nh c\u1eeda \u0111\u1ebfn th\u1ebf gi\u1edbi c\u1edd b\u1ea1c c\u00f9ng Paripesa S\u00f2ng b\u1ea1c! Nh\u1eefng ph\u1ea7n th\u01b0\u1edfng h\u1ea5p d\u1eabn, thanh to\u00e1n \u0111\u00e1ng tin c\u1eady v\u00e0 c\u00e1c tr\u00f2 ch\u01a1i th\u00fa v\u1ecb \u0111ang ch\u1edd \u0111\u00f3n b\u1ea1n. \u0110\u0103ng k\u00fd ngay v\u00e0 b\u1eaft \u0111\u1ea7u gi\u00e0nh chi\u1ebfn th\u1eafng t\u1eeb h\u00f4m nay!\" \/>\n<meta name=\"robots\" content=\"index, follow, max-snippet:-1, max-image-preview:large, max-video-preview:-1\" \/>\n<meta property=\"og:locale\" content=\"vi_VN\" \/>\n<meta property=\"og:type\" content=\"article\" \/>\n<meta property=\"og:title\" content=\"S\u00f2ng b\u1ea1c PariPesa \u2014 T\u1ed5ng quan, \u01afu \u0111i\u1ec3m v\u00e0 Tr\u00f2 ch\u01a1i hay nh\u1ea5t\" \/>\n<meta property=\"og:description\" content=\"H\u00e3y m\u1edf c\u00e1nh c\u1eeda \u0111\u1ebfn th\u1ebf gi\u1edbi c\u1edd b\u1ea1c c\u00f9ng Paripesa S\u00f2ng b\u1ea1c! Nh\u1eefng ph\u1ea7n th\u01b0\u1edfng h\u1ea5p d\u1eabn, thanh to\u00e1n \u0111\u00e1ng tin c\u1eady v\u00e0 c\u00e1c tr\u00f2 ch\u01a1i th\u00fa v\u1ecb \u0111ang ch\u1edd \u0111\u00f3n b\u1ea1n. \u0110\u0103ng k\u00fd ngay v\u00e0 b\u1eaft \u0111\u1ea7u gi\u00e0nh chi\u1ebfn th\u1eafng t\u1eeb h\u00f4m nay!\" \/>\n<meta property=\"og:url\" content=\"https:\/\/paripesa.team\/vi\/casino\/\" \/>\n<meta property=\"og:site_name\" content=\"Paripesa Team vi\" \/>\n<meta property=\"article:modified_time\" content=\"2026-03-29T11:20:35+00:00\" \/>\n<meta name=\"twitter:card\" content=\"summary_large_image\" \/>\n<script type=\"application\/ld+json\" class=\"yoast-schema-graph\">{\"@context\":\"https:\\\/\\\/schema.org\",\"@graph\":[{\"@type\":\"WebPage\",\"@id\":\"https:\\\/\\\/paripesa.team\\\/vi\\\/casino\\\/\",\"url\":\"https:\\\/\\\/paripesa.team\\\/vi\\\/casino\\\/\",\"name\":\"S\u00f2ng b\u1ea1c PariPesa \u2014 T\u1ed5ng quan, \u01afu \u0111i\u1ec3m v\u00e0 Tr\u00f2 ch\u01a1i hay nh\u1ea5t\",\"isPartOf\":{\"@id\":\"https:\\\/\\\/paripesa.team\\\/vi\\\/#website\"},\"datePublished\":\"2024-03-12T07:11:15+00:00\",\"dateModified\":\"2026-03-29T11:20:35+00:00\",\"description\":\"H\u00e3y m\u1edf c\u00e1nh c\u1eeda \u0111\u1ebfn th\u1ebf gi\u1edbi c\u1edd b\u1ea1c c\u00f9ng Paripesa S\u00f2ng b\u1ea1c! Nh\u1eefng ph\u1ea7n th\u01b0\u1edfng h\u1ea5p d\u1eabn, thanh to\u00e1n \u0111\u00e1ng tin c\u1eady v\u00e0 c\u00e1c tr\u00f2 ch\u01a1i th\u00fa v\u1ecb \u0111ang ch\u1edd \u0111\u00f3n b\u1ea1n. \u0110\u0103ng k\u00fd ngay v\u00e0 b\u1eaft \u0111\u1ea7u gi\u00e0nh chi\u1ebfn th\u1eafng t\u1eeb h\u00f4m nay!\",\"breadcrumb\":{\"@id\":\"https:\\\/\\\/paripesa.team\\\/vi\\\/casino\\\/#breadcrumb\"},\"inLanguage\":\"vi\",\"potentialAction\":[{\"@type\":\"ReadAction\",\"target\":[\"https:\\\/\\\/paripesa.team\\\/vi\\\/casino\\\/\"]}]},{\"@type\":\"BreadcrumbList\",\"@id\":\"https:\\\/\\\/paripesa.team\\\/vi\\\/casino\\\/#breadcrumb\",\"itemListElement\":[{\"@type\":\"ListItem\",\"position\":1,\"name\":\"Home\",\"item\":\"https:\\\/\\\/paripesa.team\\\/vi\\\/\"},{\"@type\":\"ListItem\",\"position\":2,\"name\":\"S\u00f2ng b\u1ea1c\"}]},{\"@type\":\"WebSite\",\"@id\":\"https:\\\/\\\/paripesa.team\\\/vi\\\/#website\",\"url\":\"https:\\\/\\\/paripesa.team\\\/vi\\\/\",\"name\":\"Paripesa Team vi\",\"description\":\"My WordPress Blog\",\"potentialAction\":[{\"@type\":\"SearchAction\",\"target\":{\"@type\":\"EntryPoint\",\"urlTemplate\":\"https:\\\/\\\/paripesa.team\\\/vi\\\/?s={search_term_string}\"},\"query-input\":{\"@type\":\"PropertyValueSpecification\",\"valueRequired\":true,\"valueName\":\"search_term_string\"}}],\"inLanguage\":\"vi\"}]}<\/script>\n<!-- \/ Yoast SEO plugin. -->","yoast_head_json":{"title":"S\u00f2ng b\u1ea1c PariPesa \u2014 T\u1ed5ng quan, \u01afu \u0111i\u1ec3m v\u00e0 Tr\u00f2 ch\u01a1i hay nh\u1ea5t","description":"H\u00e3y m\u1edf c\u00e1nh c\u1eeda \u0111\u1ebfn th\u1ebf gi\u1edbi c\u1edd b\u1ea1c c\u00f9ng Paripesa S\u00f2ng b\u1ea1c! Nh\u1eefng ph\u1ea7n th\u01b0\u1edfng h\u1ea5p d\u1eabn, thanh to\u00e1n \u0111\u00e1ng tin c\u1eady v\u00e0 c\u00e1c tr\u00f2 ch\u01a1i th\u00fa v\u1ecb \u0111ang ch\u1edd \u0111\u00f3n b\u1ea1n. \u0110\u0103ng k\u00fd ngay v\u00e0 b\u1eaft \u0111\u1ea7u gi\u00e0nh chi\u1ebfn th\u1eafng t\u1eeb h\u00f4m nay!","robots":{"index":"index","follow":"follow","max-snippet":"max-snippet:-1","max-image-preview":"max-image-preview:large","max-video-preview":"max-video-preview:-1"},"og_locale":"vi_VN","og_type":"article","og_title":"S\u00f2ng b\u1ea1c PariPesa \u2014 T\u1ed5ng quan, \u01afu \u0111i\u1ec3m v\u00e0 Tr\u00f2 ch\u01a1i hay nh\u1ea5t","og_description":"H\u00e3y m\u1edf c\u00e1nh c\u1eeda \u0111\u1ebfn th\u1ebf gi\u1edbi c\u1edd b\u1ea1c c\u00f9ng Paripesa S\u00f2ng b\u1ea1c! Nh\u1eefng ph\u1ea7n th\u01b0\u1edfng h\u1ea5p d\u1eabn, thanh to\u00e1n \u0111\u00e1ng tin c\u1eady v\u00e0 c\u00e1c tr\u00f2 ch\u01a1i th\u00fa v\u1ecb \u0111ang ch\u1edd \u0111\u00f3n b\u1ea1n. \u0110\u0103ng k\u00fd ngay v\u00e0 b\u1eaft \u0111\u1ea7u gi\u00e0nh chi\u1ebfn th\u1eafng t\u1eeb h\u00f4m nay!","og_url":"https:\/\/paripesa.team\/vi\/casino\/","og_site_name":"Paripesa Team vi","article_modified_time":"2026-03-29T11:20:35+00:00","twitter_card":"summary_large_image","schema":{"@context":"https:\/\/schema.org","@graph":[{"@type":"WebPage","@id":"https:\/\/paripesa.team\/vi\/casino\/","url":"https:\/\/paripesa.team\/vi\/casino\/","name":"S\u00f2ng b\u1ea1c PariPesa \u2014 T\u1ed5ng quan, \u01afu \u0111i\u1ec3m v\u00e0 Tr\u00f2 ch\u01a1i hay nh\u1ea5t","isPartOf":{"@id":"https:\/\/paripesa.team\/vi\/#website"},"datePublished":"2024-03-12T07:11:15+00:00","dateModified":"2026-03-29T11:20:35+00:00","description":"H\u00e3y m\u1edf c\u00e1nh c\u1eeda \u0111\u1ebfn th\u1ebf gi\u1edbi c\u1edd b\u1ea1c c\u00f9ng Paripesa S\u00f2ng b\u1ea1c! Nh\u1eefng ph\u1ea7n th\u01b0\u1edfng h\u1ea5p d\u1eabn, thanh to\u00e1n \u0111\u00e1ng tin c\u1eady v\u00e0 c\u00e1c tr\u00f2 ch\u01a1i th\u00fa v\u1ecb \u0111ang ch\u1edd \u0111\u00f3n b\u1ea1n. \u0110\u0103ng k\u00fd ngay v\u00e0 b\u1eaft \u0111\u1ea7u gi\u00e0nh chi\u1ebfn th\u1eafng t\u1eeb h\u00f4m nay!","breadcrumb":{"@id":"https:\/\/paripesa.team\/vi\/casino\/#breadcrumb"},"inLanguage":"vi","potentialAction":[{"@type":"ReadAction","target":["https:\/\/paripesa.team\/vi\/casino\/"]}]},{"@type":"BreadcrumbList","@id":"https:\/\/paripesa.team\/vi\/casino\/#breadcrumb","itemListElement":[{"@type":"ListItem","position":1,"name":"Home","item":"https:\/\/paripesa.team\/vi\/"},{"@type":"ListItem","position":2,"name":"S\u00f2ng b\u1ea1c"}]},{"@type":"WebSite","@id":"https:\/\/paripesa.team\/vi\/#website","url":"https:\/\/paripesa.team\/vi\/","name":"Paripesa Team vi","description":"My WordPress Blog","potentialAction":[{"@type":"SearchAction","target":{"@type":"EntryPoint","urlTemplate":"https:\/\/paripesa.team\/vi\/?s={search_term_string}"},"query-input":{"@type":"PropertyValueSpecification","valueRequired":true,"valueName":"search_term_string"}}],"inLanguage":"vi"}]}},"_links":{"self":[{"href":"https:\/\/paripesa.team\/vi\/wp-json\/wp\/v2\/pages\/257","targetHints":{"allow":["GET"]}}],"collection":[{"href":"https:\/\/paripesa.team\/vi\/wp-json\/wp\/v2\/pages"}],"about":[{"href":"https:\/\/paripesa.team\/vi\/wp-json\/wp\/v2\/types\/page"}],"author":[{"embeddable":true,"href":"https:\/\/paripesa.team\/vi\/wp-json\/wp\/v2\/users\/1"}],"replies":[{"embeddable":true,"href":"https:\/\/paripesa.team\/vi\/wp-json\/wp\/v2\/comments?post=257"}],"version-history":[{"count":9,"href":"https:\/\/paripesa.team\/vi\/wp-json\/wp\/v2\/pages\/257\/revisions"}],"predecessor-version":[{"id":559,"href":"https:\/\/paripesa.team\/vi\/wp-json\/wp\/v2\/pages\/257\/revisions\/559"}],"wp:attachment":[{"href":"https:\/\/paripesa.team\/vi\/wp-json\/wp\/v2\/media?parent=257"}],"curies":[{"name":"wp","href":"https:\/\/api.w.org\/{rel}","templated":true}]}}