{"id":530,"date":"2026-02-16T11:34:51","date_gmt":"2026-02-16T11:34:51","guid":{"rendered":"https:\/\/paripesa.team\/tr\/?page_id=530"},"modified":"2026-02-20T16:46:48","modified_gmt":"2026-02-20T16:46:48","slug":"partners","status":"publish","type":"page","link":"https:\/\/paripesa.team\/tr\/partners\/","title":{"rendered":"Ortaklar"},"content":{"rendered":"","protected":false},"excerpt":{"rendered":"","protected":false},"author":1,"featured_media":0,"parent":0,"menu_order":0,"comment_status":"closed","ping_status":"closed","template":"","meta":{"footnotes":""},"class_list":["post-530","page","type-page","status-publish","hentry"],"yoast_head":"<!-- This site is optimized with the Yoast SEO plugin v23.0 - https:\/\/yoast.com\/wordpress\/plugins\/seo\/ -->\n<title>Paripesa Ortaklar\u0131 \u2014 RevShare + Kriptoda \u00d6demeler<\/title>\n<meta name=\"description\" content=\"Paripesa Affiliate Program, RevShare , CPA\/hibrit modeller, ki\u015fisel y\u00f6netici, ger\u00e7ek zamanl\u0131 istatistikler ve h\u0131zl\u0131 \u00f6demeler (kripto, kartlar, EW) ile bahis ve kumarhane alan\u0131nda en iyi ortakl\u0131k program\u0131d\u0131r. \u00dccretsiz kaydolun, \u00f6zel banner&#039;lar al\u0131n ve doland\u0131r\u0131c\u0131l\u0131k olmadan trafi\u011finizden para kazan\u0131n \u2014 depozito olmadan her cache lead i\u00e7in kazan\u00e7 elde edin!\" \/>\n<meta name=\"robots\" content=\"index, follow, max-snippet:-1, max-image-preview:large, max-video-preview:-1\" \/>\n<meta property=\"og:locale\" content=\"tr_TR\" \/>\n<meta property=\"og:type\" content=\"article\" \/>\n<meta property=\"og:title\" content=\"Paripesa Ortaklar\u0131 \u2014 RevShare + Kriptoda \u00d6demeler\" \/>\n<meta property=\"og:description\" content=\"Paripesa Affiliate Program, RevShare , CPA\/hibrit modeller, ki\u015fisel y\u00f6netici, ger\u00e7ek zamanl\u0131 istatistikler ve h\u0131zl\u0131 \u00f6demeler (kripto, kartlar, EW) ile bahis ve kumarhane alan\u0131nda en iyi ortakl\u0131k program\u0131d\u0131r. \u00dccretsiz kaydolun, \u00f6zel banner&#039;lar al\u0131n ve doland\u0131r\u0131c\u0131l\u0131k olmadan trafi\u011finizden para kazan\u0131n \u2014 depozito olmadan her cache lead i\u00e7in kazan\u00e7 elde edin!\" \/>\n<meta property=\"og:url\" content=\"https:\/\/paripesa.team\/tr\/partners\/\" \/>\n<meta property=\"og:site_name\" content=\"Paripesa Team tr\" \/>\n<meta property=\"article:modified_time\" content=\"2026-02-20T16:46:48+00:00\" \/>\n<meta name=\"twitter:card\" content=\"summary_large_image\" \/>\n<script type=\"application\/ld+json\" class=\"yoast-schema-graph\">{\"@context\":\"https:\/\/schema.org\",\"@graph\":[{\"@type\":\"WebPage\",\"@id\":\"https:\/\/paripesa.team\/tr\/partners\/\",\"url\":\"https:\/\/paripesa.team\/tr\/partners\/\",\"name\":\"Paripesa Ortaklar\u0131 \u2014 RevShare + Kriptoda \u00d6demeler\",\"isPartOf\":{\"@id\":\"https:\/\/paripesa.team\/tr\/#website\"},\"datePublished\":\"2026-02-16T11:34:51+00:00\",\"dateModified\":\"2026-02-20T16:46:48+00:00\",\"description\":\"Paripesa Affiliate Program, RevShare , CPA\/hibrit modeller, ki\u015fisel y\u00f6netici, ger\u00e7ek zamanl\u0131 istatistikler ve h\u0131zl\u0131 \u00f6demeler (kripto, kartlar, EW) ile bahis ve kumarhane alan\u0131nda en iyi ortakl\u0131k program\u0131d\u0131r. \u00dccretsiz kaydolun, \u00f6zel banner'lar al\u0131n ve doland\u0131r\u0131c\u0131l\u0131k olmadan trafi\u011finizden para kazan\u0131n \u2014 depozito olmadan her cache lead i\u00e7in kazan\u00e7 elde edin!\",\"breadcrumb\":{\"@id\":\"https:\/\/paripesa.team\/tr\/partners\/#breadcrumb\"},\"inLanguage\":\"tr\",\"potentialAction\":[{\"@type\":\"ReadAction\",\"target\":[\"https:\/\/paripesa.team\/tr\/partners\/\"]}]},{\"@type\":\"BreadcrumbList\",\"@id\":\"https:\/\/paripesa.team\/tr\/partners\/#breadcrumb\",\"itemListElement\":[{\"@type\":\"ListItem\",\"position\":1,\"name\":\"Home\",\"item\":\"https:\/\/paripesa.team\/tr\/\"},{\"@type\":\"ListItem\",\"position\":2,\"name\":\"Ortaklar\"}]},{\"@type\":\"WebSite\",\"@id\":\"https:\/\/paripesa.team\/tr\/#website\",\"url\":\"https:\/\/paripesa.team\/tr\/\",\"name\":\"Paripesa Team tr\",\"description\":\"My WordPress Blog\",\"potentialAction\":[{\"@type\":\"SearchAction\",\"target\":{\"@type\":\"EntryPoint\",\"urlTemplate\":\"https:\/\/paripesa.team\/tr\/?s={search_term_string}\"},\"query-input\":\"required name=search_term_string\"}],\"inLanguage\":\"tr\"}]}<\/script>\n<!-- \/ Yoast SEO plugin. -->","yoast_head_json":{"title":"Paripesa Ortaklar\u0131 \u2014 RevShare + Kriptoda \u00d6demeler","description":"Paripesa Affiliate Program, RevShare , CPA\/hibrit modeller, ki\u015fisel y\u00f6netici, ger\u00e7ek zamanl\u0131 istatistikler ve h\u0131zl\u0131 \u00f6demeler (kripto, kartlar, EW) ile bahis ve kumarhane alan\u0131nda en iyi ortakl\u0131k program\u0131d\u0131r. \u00dccretsiz kaydolun, \u00f6zel banner'lar al\u0131n ve doland\u0131r\u0131c\u0131l\u0131k olmadan trafi\u011finizden para kazan\u0131n \u2014 depozito olmadan her cache lead i\u00e7in kazan\u00e7 elde edin!","robots":{"index":"index","follow":"follow","max-snippet":"max-snippet:-1","max-image-preview":"max-image-preview:large","max-video-preview":"max-video-preview:-1"},"og_locale":"tr_TR","og_type":"article","og_title":"Paripesa Ortaklar\u0131 \u2014 RevShare + Kriptoda \u00d6demeler","og_description":"Paripesa Affiliate Program, RevShare , CPA\/hibrit modeller, ki\u015fisel y\u00f6netici, ger\u00e7ek zamanl\u0131 istatistikler ve h\u0131zl\u0131 \u00f6demeler (kripto, kartlar, EW) ile bahis ve kumarhane alan\u0131nda en iyi ortakl\u0131k program\u0131d\u0131r. \u00dccretsiz kaydolun, \u00f6zel banner'lar al\u0131n ve doland\u0131r\u0131c\u0131l\u0131k olmadan trafi\u011finizden para kazan\u0131n \u2014 depozito olmadan her cache lead i\u00e7in kazan\u00e7 elde edin!","og_url":"https:\/\/paripesa.team\/tr\/partners\/","og_site_name":"Paripesa Team tr","article_modified_time":"2026-02-20T16:46:48+00:00","twitter_card":"summary_large_image","schema":{"@context":"https:\/\/schema.org","@graph":[{"@type":"WebPage","@id":"https:\/\/paripesa.team\/tr\/partners\/","url":"https:\/\/paripesa.team\/tr\/partners\/","name":"Paripesa Ortaklar\u0131 \u2014 RevShare + Kriptoda \u00d6demeler","isPartOf":{"@id":"https:\/\/paripesa.team\/tr\/#website"},"datePublished":"2026-02-16T11:34:51+00:00","dateModified":"2026-02-20T16:46:48+00:00","description":"Paripesa Affiliate Program, RevShare , CPA\/hibrit modeller, ki\u015fisel y\u00f6netici, ger\u00e7ek zamanl\u0131 istatistikler ve h\u0131zl\u0131 \u00f6demeler (kripto, kartlar, EW) ile bahis ve kumarhane alan\u0131nda en iyi ortakl\u0131k program\u0131d\u0131r. \u00dccretsiz kaydolun, \u00f6zel banner'lar al\u0131n ve doland\u0131r\u0131c\u0131l\u0131k olmadan trafi\u011finizden para kazan\u0131n \u2014 depozito olmadan her cache lead i\u00e7in kazan\u00e7 elde edin!","breadcrumb":{"@id":"https:\/\/paripesa.team\/tr\/partners\/#breadcrumb"},"inLanguage":"tr","potentialAction":[{"@type":"ReadAction","target":["https:\/\/paripesa.team\/tr\/partners\/"]}]},{"@type":"BreadcrumbList","@id":"https:\/\/paripesa.team\/tr\/partners\/#breadcrumb","itemListElement":[{"@type":"ListItem","position":1,"name":"Home","item":"https:\/\/paripesa.team\/tr\/"},{"@type":"ListItem","position":2,"name":"Ortaklar"}]},{"@type":"WebSite","@id":"https:\/\/paripesa.team\/tr\/#website","url":"https:\/\/paripesa.team\/tr\/","name":"Paripesa Team tr","description":"My WordPress Blog","potentialAction":[{"@type":"SearchAction","target":{"@type":"EntryPoint","urlTemplate":"https:\/\/paripesa.team\/tr\/?s={search_term_string}"},"query-input":"required name=search_term_string"}],"inLanguage":"tr"}]}},"_links":{"self":[{"href":"https:\/\/paripesa.team\/tr\/wp-json\/wp\/v2\/pages\/530","targetHints":{"allow":["GET"]}}],"collection":[{"href":"https:\/\/paripesa.team\/tr\/wp-json\/wp\/v2\/pages"}],"about":[{"href":"https:\/\/paripesa.team\/tr\/wp-json\/wp\/v2\/types\/page"}],"author":[{"embeddable":true,"href":"https:\/\/paripesa.team\/tr\/wp-json\/wp\/v2\/users\/1"}],"replies":[{"embeddable":true,"href":"https:\/\/paripesa.team\/tr\/wp-json\/wp\/v2\/comments?post=530"}],"version-history":[{"count":4,"href":"https:\/\/paripesa.team\/tr\/wp-json\/wp\/v2\/pages\/530\/revisions"}],"predecessor-version":[{"id":556,"href":"https:\/\/paripesa.team\/tr\/wp-json\/wp\/v2\/pages\/530\/revisions\/556"}],"wp:attachment":[{"href":"https:\/\/paripesa.team\/tr\/wp-json\/wp\/v2\/media?parent=530"}],"curies":[{"name":"wp","href":"https:\/\/api.w.org\/{rel}","templated":true}]}}