{"id":476,"date":"2025-07-24T13:04:30","date_gmt":"2025-07-24T13:04:30","guid":{"rendered":"https:\/\/paripesa.team\/tr\/?page_id=476"},"modified":"2026-02-20T15:23:57","modified_gmt":"2026-02-20T15:23:57","slug":"casino-welcome-package","status":"publish","type":"page","link":"https:\/\/paripesa.team\/tr\/bonus\/casino-welcome-package\/","title":{"rendered":"Casino Ho\u015f Geldiniz Paketi"},"content":{"rendered":"","protected":false},"excerpt":{"rendered":"","protected":false},"author":1,"featured_media":0,"parent":320,"menu_order":0,"comment_status":"closed","ping_status":"closed","template":"","meta":{"footnotes":""},"class_list":["post-476","page","type-page","status-publish","hentry"],"yoast_head":"<!-- This site is optimized with the Yoast SEO plugin v23.0 - https:\/\/yoast.com\/wordpress\/plugins\/seo\/ -->\n<title>PariPesa Casino Ho\u015f Geldiniz Paketi: \u2705 65.000 TL + 150 FS<\/title>\n<meta name=\"description\" content=\"PariPesa casino ho\u015f geldin paketini al\u0131n - 4 para yat\u0131rma i\u015flemi i\u00e7in 65.000 TRY ve 150 \u00fccretsiz d\u00f6n\u00fc\u015f! Harika hediyeler kazanma \u015fans\u0131n\u0131 ka\u00e7\u0131rmay\u0131n - hemen kaydolun ve kazanmaya ba\u015flay\u0131n!\" \/>\n<meta name=\"robots\" content=\"index, follow, max-snippet:-1, max-image-preview:large, max-video-preview:-1\" \/>\n<meta property=\"og:locale\" content=\"tr_TR\" \/>\n<meta property=\"og:type\" content=\"article\" \/>\n<meta property=\"og:title\" content=\"PariPesa Casino Ho\u015f Geldiniz Paketi: \u2705 65.000 TL + 150 FS\" \/>\n<meta property=\"og:description\" content=\"PariPesa casino ho\u015f geldin paketini al\u0131n - 4 para yat\u0131rma i\u015flemi i\u00e7in 65.000 TRY ve 150 \u00fccretsiz d\u00f6n\u00fc\u015f! Harika hediyeler kazanma \u015fans\u0131n\u0131 ka\u00e7\u0131rmay\u0131n - hemen kaydolun ve kazanmaya ba\u015flay\u0131n!\" \/>\n<meta property=\"og:url\" content=\"https:\/\/paripesa.team\/tr\/bonus\/casino-welcome-package\/\" \/>\n<meta property=\"og:site_name\" content=\"Paripesa Team tr\" \/>\n<meta property=\"article:modified_time\" content=\"2026-02-20T15:23:57+00:00\" \/>\n<meta name=\"twitter:card\" content=\"summary_large_image\" \/>\n<script type=\"application\/ld+json\" class=\"yoast-schema-graph\">{\"@context\":\"https:\/\/schema.org\",\"@graph\":[{\"@type\":\"WebPage\",\"@id\":\"https:\/\/paripesa.team\/tr\/bonus\/casino-welcome-package\/\",\"url\":\"https:\/\/paripesa.team\/tr\/bonus\/casino-welcome-package\/\",\"name\":\"PariPesa Casino Ho\u015f Geldiniz Paketi: \u2705 65.000 TL + 150 FS\",\"isPartOf\":{\"@id\":\"https:\/\/paripesa.team\/tr\/#website\"},\"datePublished\":\"2025-07-24T13:04:30+00:00\",\"dateModified\":\"2026-02-20T15:23:57+00:00\",\"description\":\"PariPesa casino ho\u015f geldin paketini al\u0131n - 4 para yat\u0131rma i\u015flemi i\u00e7in 65.000 TRY ve 150 \u00fccretsiz d\u00f6n\u00fc\u015f! Harika hediyeler kazanma \u015fans\u0131n\u0131 ka\u00e7\u0131rmay\u0131n - hemen kaydolun ve kazanmaya ba\u015flay\u0131n!\",\"breadcrumb\":{\"@id\":\"https:\/\/paripesa.team\/tr\/bonus\/casino-welcome-package\/#breadcrumb\"},\"inLanguage\":\"tr\",\"potentialAction\":[{\"@type\":\"ReadAction\",\"target\":[\"https:\/\/paripesa.team\/tr\/bonus\/casino-welcome-package\/\"]}]},{\"@type\":\"BreadcrumbList\",\"@id\":\"https:\/\/paripesa.team\/tr\/bonus\/casino-welcome-package\/#breadcrumb\",\"itemListElement\":[{\"@type\":\"ListItem\",\"position\":1,\"name\":\"Home\",\"item\":\"https:\/\/paripesa.team\/tr\/\"},{\"@type\":\"ListItem\",\"position\":2,\"name\":\"Bonus\",\"item\":\"https:\/\/paripesa.team\/tr\/bonus\/\"},{\"@type\":\"ListItem\",\"position\":3,\"name\":\"Casino Ho\u015f Geldiniz Paketi\"}]},{\"@type\":\"WebSite\",\"@id\":\"https:\/\/paripesa.team\/tr\/#website\",\"url\":\"https:\/\/paripesa.team\/tr\/\",\"name\":\"Paripesa Team tr\",\"description\":\"My WordPress Blog\",\"potentialAction\":[{\"@type\":\"SearchAction\",\"target\":{\"@type\":\"EntryPoint\",\"urlTemplate\":\"https:\/\/paripesa.team\/tr\/?s={search_term_string}\"},\"query-input\":\"required name=search_term_string\"}],\"inLanguage\":\"tr\"}]}<\/script>\n<!-- \/ Yoast SEO plugin. -->","yoast_head_json":{"title":"PariPesa Casino Ho\u015f Geldiniz Paketi: \u2705 65.000 TL + 150 FS","description":"PariPesa casino ho\u015f geldin paketini al\u0131n - 4 para yat\u0131rma i\u015flemi i\u00e7in 65.000 TRY ve 150 \u00fccretsiz d\u00f6n\u00fc\u015f! Harika hediyeler kazanma \u015fans\u0131n\u0131 ka\u00e7\u0131rmay\u0131n - hemen kaydolun ve kazanmaya ba\u015flay\u0131n!","robots":{"index":"index","follow":"follow","max-snippet":"max-snippet:-1","max-image-preview":"max-image-preview:large","max-video-preview":"max-video-preview:-1"},"og_locale":"tr_TR","og_type":"article","og_title":"PariPesa Casino Ho\u015f Geldiniz Paketi: \u2705 65.000 TL + 150 FS","og_description":"PariPesa casino ho\u015f geldin paketini al\u0131n - 4 para yat\u0131rma i\u015flemi i\u00e7in 65.000 TRY ve 150 \u00fccretsiz d\u00f6n\u00fc\u015f! Harika hediyeler kazanma \u015fans\u0131n\u0131 ka\u00e7\u0131rmay\u0131n - hemen kaydolun ve kazanmaya ba\u015flay\u0131n!","og_url":"https:\/\/paripesa.team\/tr\/bonus\/casino-welcome-package\/","og_site_name":"Paripesa Team tr","article_modified_time":"2026-02-20T15:23:57+00:00","twitter_card":"summary_large_image","schema":{"@context":"https:\/\/schema.org","@graph":[{"@type":"WebPage","@id":"https:\/\/paripesa.team\/tr\/bonus\/casino-welcome-package\/","url":"https:\/\/paripesa.team\/tr\/bonus\/casino-welcome-package\/","name":"PariPesa Casino Ho\u015f Geldiniz Paketi: \u2705 65.000 TL + 150 FS","isPartOf":{"@id":"https:\/\/paripesa.team\/tr\/#website"},"datePublished":"2025-07-24T13:04:30+00:00","dateModified":"2026-02-20T15:23:57+00:00","description":"PariPesa casino ho\u015f geldin paketini al\u0131n - 4 para yat\u0131rma i\u015flemi i\u00e7in 65.000 TRY ve 150 \u00fccretsiz d\u00f6n\u00fc\u015f! Harika hediyeler kazanma \u015fans\u0131n\u0131 ka\u00e7\u0131rmay\u0131n - hemen kaydolun ve kazanmaya ba\u015flay\u0131n!","breadcrumb":{"@id":"https:\/\/paripesa.team\/tr\/bonus\/casino-welcome-package\/#breadcrumb"},"inLanguage":"tr","potentialAction":[{"@type":"ReadAction","target":["https:\/\/paripesa.team\/tr\/bonus\/casino-welcome-package\/"]}]},{"@type":"BreadcrumbList","@id":"https:\/\/paripesa.team\/tr\/bonus\/casino-welcome-package\/#breadcrumb","itemListElement":[{"@type":"ListItem","position":1,"name":"Home","item":"https:\/\/paripesa.team\/tr\/"},{"@type":"ListItem","position":2,"name":"Bonus","item":"https:\/\/paripesa.team\/tr\/bonus\/"},{"@type":"ListItem","position":3,"name":"Casino Ho\u015f Geldiniz Paketi"}]},{"@type":"WebSite","@id":"https:\/\/paripesa.team\/tr\/#website","url":"https:\/\/paripesa.team\/tr\/","name":"Paripesa Team tr","description":"My WordPress Blog","potentialAction":[{"@type":"SearchAction","target":{"@type":"EntryPoint","urlTemplate":"https:\/\/paripesa.team\/tr\/?s={search_term_string}"},"query-input":"required name=search_term_string"}],"inLanguage":"tr"}]}},"_links":{"self":[{"href":"https:\/\/paripesa.team\/tr\/wp-json\/wp\/v2\/pages\/476","targetHints":{"allow":["GET"]}}],"collection":[{"href":"https:\/\/paripesa.team\/tr\/wp-json\/wp\/v2\/pages"}],"about":[{"href":"https:\/\/paripesa.team\/tr\/wp-json\/wp\/v2\/types\/page"}],"author":[{"embeddable":true,"href":"https:\/\/paripesa.team\/tr\/wp-json\/wp\/v2\/users\/1"}],"replies":[{"embeddable":true,"href":"https:\/\/paripesa.team\/tr\/wp-json\/wp\/v2\/comments?post=476"}],"version-history":[{"count":4,"href":"https:\/\/paripesa.team\/tr\/wp-json\/wp\/v2\/pages\/476\/revisions"}],"predecessor-version":[{"id":545,"href":"https:\/\/paripesa.team\/tr\/wp-json\/wp\/v2\/pages\/476\/revisions\/545"}],"up":[{"embeddable":true,"href":"https:\/\/paripesa.team\/tr\/wp-json\/wp\/v2\/pages\/320"}],"wp:attachment":[{"href":"https:\/\/paripesa.team\/tr\/wp-json\/wp\/v2\/media?parent=476"}],"curies":[{"name":"wp","href":"https:\/\/api.w.org\/{rel}","templated":true}]}}