{"id":471,"date":"2025-07-24T12:43:48","date_gmt":"2025-07-24T12:43:48","guid":{"rendered":"https:\/\/paripesa.team\/tr\/?page_id=471"},"modified":"2026-02-20T15:16:47","modified_gmt":"2026-02-20T15:16:47","slug":"app-bonus","status":"publish","type":"page","link":"https:\/\/paripesa.team\/tr\/bonus\/app-bonus\/","title":{"rendered":"\u00dccretsiz Bahis Uygulamas\u0131"},"content":{"rendered":"","protected":false},"excerpt":{"rendered":"","protected":false},"author":1,"featured_media":0,"parent":320,"menu_order":0,"comment_status":"closed","ping_status":"closed","template":"","meta":{"footnotes":""},"class_list":["post-471","page","type-page","status-publish","hentry"],"yoast_head":"<!-- This site is optimized with the Yoast SEO plugin v23.0 - https:\/\/yoast.com\/wordpress\/plugins\/seo\/ -->\n<title>PariPesa Uygulamas\u0131 freebet: \u2714\ufe0f 130 TRY ve \u00fczeri bonus<\/title>\n<meta name=\"description\" content=\"PariPesa uygulamas\u0131nda \u00fccretsiz bahis kazan\u0131n. 130 TRY&#039;den bahis yap\u0131n ve on bahis yapt\u0131ktan sonra bonusu al\u0131n. Promosyonu etkinle\u015ftirin ve bahis yapmaya ba\u015flay\u0131n!\" \/>\n<meta name=\"robots\" content=\"index, follow, max-snippet:-1, max-image-preview:large, max-video-preview:-1\" \/>\n<meta property=\"og:locale\" content=\"tr_TR\" \/>\n<meta property=\"og:type\" content=\"article\" \/>\n<meta property=\"og:title\" content=\"PariPesa Uygulamas\u0131 freebet: \u2714\ufe0f 130 TRY ve \u00fczeri bonus\" \/>\n<meta property=\"og:description\" content=\"PariPesa uygulamas\u0131nda \u00fccretsiz bahis kazan\u0131n. 130 TRY&#039;den bahis yap\u0131n ve on bahis yapt\u0131ktan sonra bonusu al\u0131n. Promosyonu etkinle\u015ftirin ve bahis yapmaya ba\u015flay\u0131n!\" \/>\n<meta property=\"og:url\" content=\"https:\/\/paripesa.team\/tr\/bonus\/app-bonus\/\" \/>\n<meta property=\"og:site_name\" content=\"Paripesa Team tr\" \/>\n<meta property=\"article:modified_time\" content=\"2026-02-20T15:16:47+00:00\" \/>\n<meta name=\"twitter:card\" content=\"summary_large_image\" \/>\n<script type=\"application\/ld+json\" class=\"yoast-schema-graph\">{\"@context\":\"https:\/\/schema.org\",\"@graph\":[{\"@type\":\"WebPage\",\"@id\":\"https:\/\/paripesa.team\/tr\/bonus\/app-bonus\/\",\"url\":\"https:\/\/paripesa.team\/tr\/bonus\/app-bonus\/\",\"name\":\"PariPesa Uygulamas\u0131 freebet: \u2714\ufe0f 130 TRY ve \u00fczeri bonus\",\"isPartOf\":{\"@id\":\"https:\/\/paripesa.team\/tr\/#website\"},\"datePublished\":\"2025-07-24T12:43:48+00:00\",\"dateModified\":\"2026-02-20T15:16:47+00:00\",\"description\":\"PariPesa uygulamas\u0131nda \u00fccretsiz bahis kazan\u0131n. 130 TRY'den bahis yap\u0131n ve on bahis yapt\u0131ktan sonra bonusu al\u0131n. Promosyonu etkinle\u015ftirin ve bahis yapmaya ba\u015flay\u0131n!\",\"breadcrumb\":{\"@id\":\"https:\/\/paripesa.team\/tr\/bonus\/app-bonus\/#breadcrumb\"},\"inLanguage\":\"tr\",\"potentialAction\":[{\"@type\":\"ReadAction\",\"target\":[\"https:\/\/paripesa.team\/tr\/bonus\/app-bonus\/\"]}]},{\"@type\":\"BreadcrumbList\",\"@id\":\"https:\/\/paripesa.team\/tr\/bonus\/app-bonus\/#breadcrumb\",\"itemListElement\":[{\"@type\":\"ListItem\",\"position\":1,\"name\":\"Home\",\"item\":\"https:\/\/paripesa.team\/tr\/\"},{\"@type\":\"ListItem\",\"position\":2,\"name\":\"Bonus\",\"item\":\"https:\/\/paripesa.team\/tr\/bonus\/\"},{\"@type\":\"ListItem\",\"position\":3,\"name\":\"\u00dccretsiz Bahis Uygulamas\u0131\"}]},{\"@type\":\"WebSite\",\"@id\":\"https:\/\/paripesa.team\/tr\/#website\",\"url\":\"https:\/\/paripesa.team\/tr\/\",\"name\":\"Paripesa Team tr\",\"description\":\"My WordPress Blog\",\"potentialAction\":[{\"@type\":\"SearchAction\",\"target\":{\"@type\":\"EntryPoint\",\"urlTemplate\":\"https:\/\/paripesa.team\/tr\/?s={search_term_string}\"},\"query-input\":\"required name=search_term_string\"}],\"inLanguage\":\"tr\"}]}<\/script>\n<!-- \/ Yoast SEO plugin. -->","yoast_head_json":{"title":"PariPesa Uygulamas\u0131 freebet: \u2714\ufe0f 130 TRY ve \u00fczeri bonus","description":"PariPesa uygulamas\u0131nda \u00fccretsiz bahis kazan\u0131n. 130 TRY'den bahis yap\u0131n ve on bahis yapt\u0131ktan sonra bonusu al\u0131n. Promosyonu etkinle\u015ftirin ve bahis yapmaya ba\u015flay\u0131n!","robots":{"index":"index","follow":"follow","max-snippet":"max-snippet:-1","max-image-preview":"max-image-preview:large","max-video-preview":"max-video-preview:-1"},"og_locale":"tr_TR","og_type":"article","og_title":"PariPesa Uygulamas\u0131 freebet: \u2714\ufe0f 130 TRY ve \u00fczeri bonus","og_description":"PariPesa uygulamas\u0131nda \u00fccretsiz bahis kazan\u0131n. 130 TRY'den bahis yap\u0131n ve on bahis yapt\u0131ktan sonra bonusu al\u0131n. Promosyonu etkinle\u015ftirin ve bahis yapmaya ba\u015flay\u0131n!","og_url":"https:\/\/paripesa.team\/tr\/bonus\/app-bonus\/","og_site_name":"Paripesa Team tr","article_modified_time":"2026-02-20T15:16:47+00:00","twitter_card":"summary_large_image","schema":{"@context":"https:\/\/schema.org","@graph":[{"@type":"WebPage","@id":"https:\/\/paripesa.team\/tr\/bonus\/app-bonus\/","url":"https:\/\/paripesa.team\/tr\/bonus\/app-bonus\/","name":"PariPesa Uygulamas\u0131 freebet: \u2714\ufe0f 130 TRY ve \u00fczeri bonus","isPartOf":{"@id":"https:\/\/paripesa.team\/tr\/#website"},"datePublished":"2025-07-24T12:43:48+00:00","dateModified":"2026-02-20T15:16:47+00:00","description":"PariPesa uygulamas\u0131nda \u00fccretsiz bahis kazan\u0131n. 130 TRY'den bahis yap\u0131n ve on bahis yapt\u0131ktan sonra bonusu al\u0131n. Promosyonu etkinle\u015ftirin ve bahis yapmaya ba\u015flay\u0131n!","breadcrumb":{"@id":"https:\/\/paripesa.team\/tr\/bonus\/app-bonus\/#breadcrumb"},"inLanguage":"tr","potentialAction":[{"@type":"ReadAction","target":["https:\/\/paripesa.team\/tr\/bonus\/app-bonus\/"]}]},{"@type":"BreadcrumbList","@id":"https:\/\/paripesa.team\/tr\/bonus\/app-bonus\/#breadcrumb","itemListElement":[{"@type":"ListItem","position":1,"name":"Home","item":"https:\/\/paripesa.team\/tr\/"},{"@type":"ListItem","position":2,"name":"Bonus","item":"https:\/\/paripesa.team\/tr\/bonus\/"},{"@type":"ListItem","position":3,"name":"\u00dccretsiz Bahis Uygulamas\u0131"}]},{"@type":"WebSite","@id":"https:\/\/paripesa.team\/tr\/#website","url":"https:\/\/paripesa.team\/tr\/","name":"Paripesa Team tr","description":"My WordPress Blog","potentialAction":[{"@type":"SearchAction","target":{"@type":"EntryPoint","urlTemplate":"https:\/\/paripesa.team\/tr\/?s={search_term_string}"},"query-input":"required name=search_term_string"}],"inLanguage":"tr"}]}},"_links":{"self":[{"href":"https:\/\/paripesa.team\/tr\/wp-json\/wp\/v2\/pages\/471","targetHints":{"allow":["GET"]}}],"collection":[{"href":"https:\/\/paripesa.team\/tr\/wp-json\/wp\/v2\/pages"}],"about":[{"href":"https:\/\/paripesa.team\/tr\/wp-json\/wp\/v2\/types\/page"}],"author":[{"embeddable":true,"href":"https:\/\/paripesa.team\/tr\/wp-json\/wp\/v2\/users\/1"}],"replies":[{"embeddable":true,"href":"https:\/\/paripesa.team\/tr\/wp-json\/wp\/v2\/comments?post=471"}],"version-history":[{"count":4,"href":"https:\/\/paripesa.team\/tr\/wp-json\/wp\/v2\/pages\/471\/revisions"}],"predecessor-version":[{"id":543,"href":"https:\/\/paripesa.team\/tr\/wp-json\/wp\/v2\/pages\/471\/revisions\/543"}],"up":[{"embeddable":true,"href":"https:\/\/paripesa.team\/tr\/wp-json\/wp\/v2\/pages\/320"}],"wp:attachment":[{"href":"https:\/\/paripesa.team\/tr\/wp-json\/wp\/v2\/media?parent=471"}],"curies":[{"name":"wp","href":"https:\/\/api.w.org\/{rel}","templated":true}]}}