{"id":455,"date":"2025-07-24T11:17:32","date_gmt":"2025-07-24T11:17:32","guid":{"rendered":"https:\/\/paripesa.team\/tr\/?page_id=455"},"modified":"2026-02-20T15:35:00","modified_gmt":"2026-02-20T15:35:00","slug":"first-deposit","status":"publish","type":"page","link":"https:\/\/paripesa.team\/tr\/bonus\/first-deposit\/","title":{"rendered":"\u0130lk Para Yat\u0131rma"},"content":{"rendered":"","protected":false},"excerpt":{"rendered":"","protected":false},"author":1,"featured_media":0,"parent":320,"menu_order":0,"comment_status":"closed","ping_status":"closed","template":"","meta":{"footnotes":""},"class_list":["post-455","page","type-page","status-publish","hentry"],"yoast_head":"<!-- This site is optimized with the Yoast SEO plugin v23.0 - https:\/\/yoast.com\/wordpress\/plugins\/seo\/ -->\n<title>PariPesa Spor Ho\u015f Geldiniz Bonusu: \u2714 4.500 TRY&#039;ye kadar kazan\u0131n!<\/title>\n<meta name=\"description\" content=\"PariPesa&#039;dan spor bahislerinde 4.500 TRY&#039;ye kadar bonus kazan\u0131n. \u0130lk para yat\u0131rma tutar\u0131n\u0131z\u0131 ikiye katlay\u0131n ve spor d\u00fcnyas\u0131na dal\u0131n. Kar\u0131n\u0131z\u0131 ka\u00e7\u0131rmay\u0131n!\" \/>\n<meta name=\"robots\" content=\"index, follow, max-snippet:-1, max-image-preview:large, max-video-preview:-1\" \/>\n<meta property=\"og:locale\" content=\"tr_TR\" \/>\n<meta property=\"og:type\" content=\"article\" \/>\n<meta property=\"og:title\" content=\"PariPesa Spor Ho\u015f Geldiniz Bonusu: \u2714 4.500 TRY&#039;ye kadar kazan\u0131n!\" \/>\n<meta property=\"og:description\" content=\"PariPesa&#039;dan spor bahislerinde 4.500 TRY&#039;ye kadar bonus kazan\u0131n. \u0130lk para yat\u0131rma tutar\u0131n\u0131z\u0131 ikiye katlay\u0131n ve spor d\u00fcnyas\u0131na dal\u0131n. Kar\u0131n\u0131z\u0131 ka\u00e7\u0131rmay\u0131n!\" \/>\n<meta property=\"og:url\" content=\"https:\/\/paripesa.team\/tr\/bonus\/first-deposit\/\" \/>\n<meta property=\"og:site_name\" content=\"Paripesa Team tr\" \/>\n<meta property=\"article:modified_time\" content=\"2026-02-20T15:35:00+00:00\" \/>\n<meta name=\"twitter:card\" content=\"summary_large_image\" \/>\n<script type=\"application\/ld+json\" class=\"yoast-schema-graph\">{\"@context\":\"https:\/\/schema.org\",\"@graph\":[{\"@type\":\"WebPage\",\"@id\":\"https:\/\/paripesa.team\/tr\/bonus\/first-deposit\/\",\"url\":\"https:\/\/paripesa.team\/tr\/bonus\/first-deposit\/\",\"name\":\"PariPesa Spor Ho\u015f Geldiniz Bonusu: \u2714 4.500 TRY'ye kadar kazan\u0131n!\",\"isPartOf\":{\"@id\":\"https:\/\/paripesa.team\/tr\/#website\"},\"datePublished\":\"2025-07-24T11:17:32+00:00\",\"dateModified\":\"2026-02-20T15:35:00+00:00\",\"description\":\"PariPesa'dan spor bahislerinde 4.500 TRY'ye kadar bonus kazan\u0131n. \u0130lk para yat\u0131rma tutar\u0131n\u0131z\u0131 ikiye katlay\u0131n ve spor d\u00fcnyas\u0131na dal\u0131n. Kar\u0131n\u0131z\u0131 ka\u00e7\u0131rmay\u0131n!\",\"breadcrumb\":{\"@id\":\"https:\/\/paripesa.team\/tr\/bonus\/first-deposit\/#breadcrumb\"},\"inLanguage\":\"tr\",\"potentialAction\":[{\"@type\":\"ReadAction\",\"target\":[\"https:\/\/paripesa.team\/tr\/bonus\/first-deposit\/\"]}]},{\"@type\":\"BreadcrumbList\",\"@id\":\"https:\/\/paripesa.team\/tr\/bonus\/first-deposit\/#breadcrumb\",\"itemListElement\":[{\"@type\":\"ListItem\",\"position\":1,\"name\":\"Home\",\"item\":\"https:\/\/paripesa.team\/tr\/\"},{\"@type\":\"ListItem\",\"position\":2,\"name\":\"Bonus\",\"item\":\"https:\/\/paripesa.team\/tr\/bonus\/\"},{\"@type\":\"ListItem\",\"position\":3,\"name\":\"\u0130lk Para Yat\u0131rma\"}]},{\"@type\":\"WebSite\",\"@id\":\"https:\/\/paripesa.team\/tr\/#website\",\"url\":\"https:\/\/paripesa.team\/tr\/\",\"name\":\"Paripesa Team tr\",\"description\":\"My WordPress Blog\",\"potentialAction\":[{\"@type\":\"SearchAction\",\"target\":{\"@type\":\"EntryPoint\",\"urlTemplate\":\"https:\/\/paripesa.team\/tr\/?s={search_term_string}\"},\"query-input\":\"required name=search_term_string\"}],\"inLanguage\":\"tr\"}]}<\/script>\n<!-- \/ Yoast SEO plugin. -->","yoast_head_json":{"title":"PariPesa Spor Ho\u015f Geldiniz Bonusu: \u2714 4.500 TRY'ye kadar kazan\u0131n!","description":"PariPesa'dan spor bahislerinde 4.500 TRY'ye kadar bonus kazan\u0131n. \u0130lk para yat\u0131rma tutar\u0131n\u0131z\u0131 ikiye katlay\u0131n ve spor d\u00fcnyas\u0131na dal\u0131n. Kar\u0131n\u0131z\u0131 ka\u00e7\u0131rmay\u0131n!","robots":{"index":"index","follow":"follow","max-snippet":"max-snippet:-1","max-image-preview":"max-image-preview:large","max-video-preview":"max-video-preview:-1"},"og_locale":"tr_TR","og_type":"article","og_title":"PariPesa Spor Ho\u015f Geldiniz Bonusu: \u2714 4.500 TRY'ye kadar kazan\u0131n!","og_description":"PariPesa'dan spor bahislerinde 4.500 TRY'ye kadar bonus kazan\u0131n. \u0130lk para yat\u0131rma tutar\u0131n\u0131z\u0131 ikiye katlay\u0131n ve spor d\u00fcnyas\u0131na dal\u0131n. Kar\u0131n\u0131z\u0131 ka\u00e7\u0131rmay\u0131n!","og_url":"https:\/\/paripesa.team\/tr\/bonus\/first-deposit\/","og_site_name":"Paripesa Team tr","article_modified_time":"2026-02-20T15:35:00+00:00","twitter_card":"summary_large_image","schema":{"@context":"https:\/\/schema.org","@graph":[{"@type":"WebPage","@id":"https:\/\/paripesa.team\/tr\/bonus\/first-deposit\/","url":"https:\/\/paripesa.team\/tr\/bonus\/first-deposit\/","name":"PariPesa Spor Ho\u015f Geldiniz Bonusu: \u2714 4.500 TRY'ye kadar kazan\u0131n!","isPartOf":{"@id":"https:\/\/paripesa.team\/tr\/#website"},"datePublished":"2025-07-24T11:17:32+00:00","dateModified":"2026-02-20T15:35:00+00:00","description":"PariPesa'dan spor bahislerinde 4.500 TRY'ye kadar bonus kazan\u0131n. \u0130lk para yat\u0131rma tutar\u0131n\u0131z\u0131 ikiye katlay\u0131n ve spor d\u00fcnyas\u0131na dal\u0131n. Kar\u0131n\u0131z\u0131 ka\u00e7\u0131rmay\u0131n!","breadcrumb":{"@id":"https:\/\/paripesa.team\/tr\/bonus\/first-deposit\/#breadcrumb"},"inLanguage":"tr","potentialAction":[{"@type":"ReadAction","target":["https:\/\/paripesa.team\/tr\/bonus\/first-deposit\/"]}]},{"@type":"BreadcrumbList","@id":"https:\/\/paripesa.team\/tr\/bonus\/first-deposit\/#breadcrumb","itemListElement":[{"@type":"ListItem","position":1,"name":"Home","item":"https:\/\/paripesa.team\/tr\/"},{"@type":"ListItem","position":2,"name":"Bonus","item":"https:\/\/paripesa.team\/tr\/bonus\/"},{"@type":"ListItem","position":3,"name":"\u0130lk Para Yat\u0131rma"}]},{"@type":"WebSite","@id":"https:\/\/paripesa.team\/tr\/#website","url":"https:\/\/paripesa.team\/tr\/","name":"Paripesa Team tr","description":"My WordPress Blog","potentialAction":[{"@type":"SearchAction","target":{"@type":"EntryPoint","urlTemplate":"https:\/\/paripesa.team\/tr\/?s={search_term_string}"},"query-input":"required name=search_term_string"}],"inLanguage":"tr"}]}},"_links":{"self":[{"href":"https:\/\/paripesa.team\/tr\/wp-json\/wp\/v2\/pages\/455","targetHints":{"allow":["GET"]}}],"collection":[{"href":"https:\/\/paripesa.team\/tr\/wp-json\/wp\/v2\/pages"}],"about":[{"href":"https:\/\/paripesa.team\/tr\/wp-json\/wp\/v2\/types\/page"}],"author":[{"embeddable":true,"href":"https:\/\/paripesa.team\/tr\/wp-json\/wp\/v2\/users\/1"}],"replies":[{"embeddable":true,"href":"https:\/\/paripesa.team\/tr\/wp-json\/wp\/v2\/comments?post=455"}],"version-history":[{"count":5,"href":"https:\/\/paripesa.team\/tr\/wp-json\/wp\/v2\/pages\/455\/revisions"}],"predecessor-version":[{"id":549,"href":"https:\/\/paripesa.team\/tr\/wp-json\/wp\/v2\/pages\/455\/revisions\/549"}],"up":[{"embeddable":true,"href":"https:\/\/paripesa.team\/tr\/wp-json\/wp\/v2\/pages\/320"}],"wp:attachment":[{"href":"https:\/\/paripesa.team\/tr\/wp-json\/wp\/v2\/media?parent=455"}],"curies":[{"name":"wp","href":"https:\/\/api.w.org\/{rel}","templated":true}]}}