{"id":361,"date":"2025-03-25T14:39:30","date_gmt":"2025-03-25T14:39:30","guid":{"rendered":"https:\/\/paripesa.team\/tr\/ru\/?page_id=361"},"modified":"2026-02-20T17:12:58","modified_gmt":"2026-02-20T17:12:58","slug":"registration","status":"publish","type":"page","link":"https:\/\/paripesa.team\/tr\/registration\/","title":{"rendered":"Kay\u0131t"},"content":{"rendered":"","protected":false},"excerpt":{"rendered":"","protected":false},"author":1,"featured_media":0,"parent":0,"menu_order":0,"comment_status":"closed","ping_status":"closed","template":"","meta":{"footnotes":""},"class_list":["post-361","page","type-page","status-publish","hentry"],"yoast_head":"<!-- This site is optimized with the Yoast SEO plugin v23.0 - https:\/\/yoast.com\/wordpress\/plugins\/seo\/ -->\n<title>Paripesa Kayd\u0131 \ud83d\udd39 Hesap olu\u015fturma<\/title>\n<meta name=\"description\" content=\"Spor bahisleri ve casino platformu Paripesa&#039;ya nas\u0131l kaydolaca\u011f\u0131n\u0131z\u0131 \u00f6\u011frenin\u26a1 \u00d6zel bonuslar\u0131 ve heyecan verici oyunlar\u0131 ke\u015ffedin\" \/>\n<meta name=\"robots\" content=\"index, follow, max-snippet:-1, max-image-preview:large, max-video-preview:-1\" \/>\n<meta property=\"og:locale\" content=\"tr_TR\" \/>\n<meta property=\"og:type\" content=\"article\" \/>\n<meta property=\"og:title\" content=\"Paripesa Kayd\u0131 \ud83d\udd39 Hesap olu\u015fturma\" \/>\n<meta property=\"og:description\" content=\"Spor bahisleri ve casino platformu Paripesa&#039;ya nas\u0131l kaydolaca\u011f\u0131n\u0131z\u0131 \u00f6\u011frenin\u26a1 \u00d6zel bonuslar\u0131 ve heyecan verici oyunlar\u0131 ke\u015ffedin\" \/>\n<meta property=\"og:url\" content=\"https:\/\/paripesa.team\/tr\/registration\/\" \/>\n<meta property=\"og:site_name\" content=\"Paripesa Team tr\" \/>\n<meta property=\"article:modified_time\" content=\"2026-02-20T17:12:58+00:00\" \/>\n<meta name=\"twitter:card\" content=\"summary_large_image\" \/>\n<script type=\"application\/ld+json\" class=\"yoast-schema-graph\">{\"@context\":\"https:\/\/schema.org\",\"@graph\":[{\"@type\":\"WebPage\",\"@id\":\"https:\/\/paripesa.team\/tr\/registration\/\",\"url\":\"https:\/\/paripesa.team\/tr\/registration\/\",\"name\":\"Paripesa Kayd\u0131 \ud83d\udd39 Hesap olu\u015fturma\",\"isPartOf\":{\"@id\":\"https:\/\/paripesa.team\/tr\/#website\"},\"datePublished\":\"2025-03-25T14:39:30+00:00\",\"dateModified\":\"2026-02-20T17:12:58+00:00\",\"description\":\"Spor bahisleri ve casino platformu Paripesa'ya nas\u0131l kaydolaca\u011f\u0131n\u0131z\u0131 \u00f6\u011frenin\u26a1 \u00d6zel bonuslar\u0131 ve heyecan verici oyunlar\u0131 ke\u015ffedin\",\"breadcrumb\":{\"@id\":\"https:\/\/paripesa.team\/tr\/registration\/#breadcrumb\"},\"inLanguage\":\"tr\",\"potentialAction\":[{\"@type\":\"ReadAction\",\"target\":[\"https:\/\/paripesa.team\/tr\/registration\/\"]}]},{\"@type\":\"BreadcrumbList\",\"@id\":\"https:\/\/paripesa.team\/tr\/registration\/#breadcrumb\",\"itemListElement\":[{\"@type\":\"ListItem\",\"position\":1,\"name\":\"Home\",\"item\":\"https:\/\/paripesa.team\/tr\/\"},{\"@type\":\"ListItem\",\"position\":2,\"name\":\"Kay\u0131t\"}]},{\"@type\":\"WebSite\",\"@id\":\"https:\/\/paripesa.team\/tr\/#website\",\"url\":\"https:\/\/paripesa.team\/tr\/\",\"name\":\"Paripesa Team tr\",\"description\":\"My WordPress Blog\",\"potentialAction\":[{\"@type\":\"SearchAction\",\"target\":{\"@type\":\"EntryPoint\",\"urlTemplate\":\"https:\/\/paripesa.team\/tr\/?s={search_term_string}\"},\"query-input\":\"required name=search_term_string\"}],\"inLanguage\":\"tr\"}]}<\/script>\n<!-- \/ Yoast SEO plugin. -->","yoast_head_json":{"title":"Paripesa Kayd\u0131 \ud83d\udd39 Hesap olu\u015fturma","description":"Spor bahisleri ve casino platformu Paripesa'ya nas\u0131l kaydolaca\u011f\u0131n\u0131z\u0131 \u00f6\u011frenin\u26a1 \u00d6zel bonuslar\u0131 ve heyecan verici oyunlar\u0131 ke\u015ffedin","robots":{"index":"index","follow":"follow","max-snippet":"max-snippet:-1","max-image-preview":"max-image-preview:large","max-video-preview":"max-video-preview:-1"},"og_locale":"tr_TR","og_type":"article","og_title":"Paripesa Kayd\u0131 \ud83d\udd39 Hesap olu\u015fturma","og_description":"Spor bahisleri ve casino platformu Paripesa'ya nas\u0131l kaydolaca\u011f\u0131n\u0131z\u0131 \u00f6\u011frenin\u26a1 \u00d6zel bonuslar\u0131 ve heyecan verici oyunlar\u0131 ke\u015ffedin","og_url":"https:\/\/paripesa.team\/tr\/registration\/","og_site_name":"Paripesa Team tr","article_modified_time":"2026-02-20T17:12:58+00:00","twitter_card":"summary_large_image","schema":{"@context":"https:\/\/schema.org","@graph":[{"@type":"WebPage","@id":"https:\/\/paripesa.team\/tr\/registration\/","url":"https:\/\/paripesa.team\/tr\/registration\/","name":"Paripesa Kayd\u0131 \ud83d\udd39 Hesap olu\u015fturma","isPartOf":{"@id":"https:\/\/paripesa.team\/tr\/#website"},"datePublished":"2025-03-25T14:39:30+00:00","dateModified":"2026-02-20T17:12:58+00:00","description":"Spor bahisleri ve casino platformu Paripesa'ya nas\u0131l kaydolaca\u011f\u0131n\u0131z\u0131 \u00f6\u011frenin\u26a1 \u00d6zel bonuslar\u0131 ve heyecan verici oyunlar\u0131 ke\u015ffedin","breadcrumb":{"@id":"https:\/\/paripesa.team\/tr\/registration\/#breadcrumb"},"inLanguage":"tr","potentialAction":[{"@type":"ReadAction","target":["https:\/\/paripesa.team\/tr\/registration\/"]}]},{"@type":"BreadcrumbList","@id":"https:\/\/paripesa.team\/tr\/registration\/#breadcrumb","itemListElement":[{"@type":"ListItem","position":1,"name":"Home","item":"https:\/\/paripesa.team\/tr\/"},{"@type":"ListItem","position":2,"name":"Kay\u0131t"}]},{"@type":"WebSite","@id":"https:\/\/paripesa.team\/tr\/#website","url":"https:\/\/paripesa.team\/tr\/","name":"Paripesa Team tr","description":"My WordPress Blog","potentialAction":[{"@type":"SearchAction","target":{"@type":"EntryPoint","urlTemplate":"https:\/\/paripesa.team\/tr\/?s={search_term_string}"},"query-input":"required name=search_term_string"}],"inLanguage":"tr"}]}},"_links":{"self":[{"href":"https:\/\/paripesa.team\/tr\/wp-json\/wp\/v2\/pages\/361","targetHints":{"allow":["GET"]}}],"collection":[{"href":"https:\/\/paripesa.team\/tr\/wp-json\/wp\/v2\/pages"}],"about":[{"href":"https:\/\/paripesa.team\/tr\/wp-json\/wp\/v2\/types\/page"}],"author":[{"embeddable":true,"href":"https:\/\/paripesa.team\/tr\/wp-json\/wp\/v2\/users\/1"}],"replies":[{"embeddable":true,"href":"https:\/\/paripesa.team\/tr\/wp-json\/wp\/v2\/comments?post=361"}],"version-history":[{"count":10,"href":"https:\/\/paripesa.team\/tr\/wp-json\/wp\/v2\/pages\/361\/revisions"}],"predecessor-version":[{"id":558,"href":"https:\/\/paripesa.team\/tr\/wp-json\/wp\/v2\/pages\/361\/revisions\/558"}],"wp:attachment":[{"href":"https:\/\/paripesa.team\/tr\/wp-json\/wp\/v2\/media?parent=361"}],"curies":[{"name":"wp","href":"https:\/\/api.w.org\/{rel}","templated":true}]}}