{"id":352,"date":"2025-03-25T13:11:08","date_gmt":"2025-03-25T13:11:08","guid":{"rendered":"https:\/\/paripesa.team\/tr\/ru\/?page_id=352"},"modified":"2026-02-20T16:42:34","modified_gmt":"2026-02-20T16:42:34","slug":"login","status":"publish","type":"page","link":"https:\/\/paripesa.team\/tr\/login\/","title":{"rendered":"Giri\u015f"},"content":{"rendered":"","protected":false},"excerpt":{"rendered":"","protected":false},"author":1,"featured_media":0,"parent":0,"menu_order":0,"comment_status":"closed","ping_status":"closed","template":"","meta":{"footnotes":""},"class_list":["post-352","page","type-page","status-publish","hentry"],"yoast_head":"<!-- This site is optimized with the Yoast SEO plugin v23.0 - https:\/\/yoast.com\/wordpress\/plugins\/seo\/ -->\n<title>Paripesa Giri\u015f | Ad\u0131m ad\u0131m yetkilendirme s\u00fcreci<\/title>\n<meta name=\"description\" content=\"Paripesa ad\u0131m ad\u0131m giri\u015f s\u00fcreci - hesab\u0131n\u0131za nas\u0131l eri\u015febilirsiniz - Paripesa&#039;ya giri\u015f yap\u0131n ve 80.000 TRY&#039;ye kadar ho\u015f geldiniz paketi ve 150 \u00fccretsiz d\u00f6n\u00fc\u015f kazan\u0131n\" \/>\n<meta name=\"robots\" content=\"index, follow, max-snippet:-1, max-image-preview:large, max-video-preview:-1\" \/>\n<meta property=\"og:locale\" content=\"tr_TR\" \/>\n<meta property=\"og:type\" content=\"article\" \/>\n<meta property=\"og:title\" content=\"Paripesa Giri\u015f | Ad\u0131m ad\u0131m yetkilendirme s\u00fcreci\" \/>\n<meta property=\"og:description\" content=\"Paripesa ad\u0131m ad\u0131m giri\u015f s\u00fcreci - hesab\u0131n\u0131za nas\u0131l eri\u015febilirsiniz - Paripesa&#039;ya giri\u015f yap\u0131n ve 80.000 TRY&#039;ye kadar ho\u015f geldiniz paketi ve 150 \u00fccretsiz d\u00f6n\u00fc\u015f kazan\u0131n\" \/>\n<meta property=\"og:url\" content=\"https:\/\/paripesa.team\/tr\/login\/\" \/>\n<meta property=\"og:site_name\" content=\"Paripesa Team tr\" \/>\n<meta property=\"article:modified_time\" content=\"2026-02-20T16:42:34+00:00\" \/>\n<meta name=\"twitter:card\" content=\"summary_large_image\" \/>\n<script type=\"application\/ld+json\" class=\"yoast-schema-graph\">{\"@context\":\"https:\/\/schema.org\",\"@graph\":[{\"@type\":\"WebPage\",\"@id\":\"https:\/\/paripesa.team\/tr\/login\/\",\"url\":\"https:\/\/paripesa.team\/tr\/login\/\",\"name\":\"Paripesa Giri\u015f | Ad\u0131m ad\u0131m yetkilendirme s\u00fcreci\",\"isPartOf\":{\"@id\":\"https:\/\/paripesa.team\/tr\/#website\"},\"datePublished\":\"2025-03-25T13:11:08+00:00\",\"dateModified\":\"2026-02-20T16:42:34+00:00\",\"description\":\"Paripesa ad\u0131m ad\u0131m giri\u015f s\u00fcreci - hesab\u0131n\u0131za nas\u0131l eri\u015febilirsiniz - Paripesa'ya giri\u015f yap\u0131n ve 80.000 TRY'ye kadar ho\u015f geldiniz paketi ve 150 \u00fccretsiz d\u00f6n\u00fc\u015f kazan\u0131n\",\"breadcrumb\":{\"@id\":\"https:\/\/paripesa.team\/tr\/login\/#breadcrumb\"},\"inLanguage\":\"tr\",\"potentialAction\":[{\"@type\":\"ReadAction\",\"target\":[\"https:\/\/paripesa.team\/tr\/login\/\"]}]},{\"@type\":\"BreadcrumbList\",\"@id\":\"https:\/\/paripesa.team\/tr\/login\/#breadcrumb\",\"itemListElement\":[{\"@type\":\"ListItem\",\"position\":1,\"name\":\"Home\",\"item\":\"https:\/\/paripesa.team\/tr\/\"},{\"@type\":\"ListItem\",\"position\":2,\"name\":\"Giri\u015f\"}]},{\"@type\":\"WebSite\",\"@id\":\"https:\/\/paripesa.team\/tr\/#website\",\"url\":\"https:\/\/paripesa.team\/tr\/\",\"name\":\"Paripesa Team tr\",\"description\":\"My WordPress Blog\",\"potentialAction\":[{\"@type\":\"SearchAction\",\"target\":{\"@type\":\"EntryPoint\",\"urlTemplate\":\"https:\/\/paripesa.team\/tr\/?s={search_term_string}\"},\"query-input\":\"required name=search_term_string\"}],\"inLanguage\":\"tr\"}]}<\/script>\n<!-- \/ Yoast SEO plugin. -->","yoast_head_json":{"title":"Paripesa Giri\u015f | Ad\u0131m ad\u0131m yetkilendirme s\u00fcreci","description":"Paripesa ad\u0131m ad\u0131m giri\u015f s\u00fcreci - hesab\u0131n\u0131za nas\u0131l eri\u015febilirsiniz - Paripesa'ya giri\u015f yap\u0131n ve 80.000 TRY'ye kadar ho\u015f geldiniz paketi ve 150 \u00fccretsiz d\u00f6n\u00fc\u015f kazan\u0131n","robots":{"index":"index","follow":"follow","max-snippet":"max-snippet:-1","max-image-preview":"max-image-preview:large","max-video-preview":"max-video-preview:-1"},"og_locale":"tr_TR","og_type":"article","og_title":"Paripesa Giri\u015f | Ad\u0131m ad\u0131m yetkilendirme s\u00fcreci","og_description":"Paripesa ad\u0131m ad\u0131m giri\u015f s\u00fcreci - hesab\u0131n\u0131za nas\u0131l eri\u015febilirsiniz - Paripesa'ya giri\u015f yap\u0131n ve 80.000 TRY'ye kadar ho\u015f geldiniz paketi ve 150 \u00fccretsiz d\u00f6n\u00fc\u015f kazan\u0131n","og_url":"https:\/\/paripesa.team\/tr\/login\/","og_site_name":"Paripesa Team tr","article_modified_time":"2026-02-20T16:42:34+00:00","twitter_card":"summary_large_image","schema":{"@context":"https:\/\/schema.org","@graph":[{"@type":"WebPage","@id":"https:\/\/paripesa.team\/tr\/login\/","url":"https:\/\/paripesa.team\/tr\/login\/","name":"Paripesa Giri\u015f | Ad\u0131m ad\u0131m yetkilendirme s\u00fcreci","isPartOf":{"@id":"https:\/\/paripesa.team\/tr\/#website"},"datePublished":"2025-03-25T13:11:08+00:00","dateModified":"2026-02-20T16:42:34+00:00","description":"Paripesa ad\u0131m ad\u0131m giri\u015f s\u00fcreci - hesab\u0131n\u0131za nas\u0131l eri\u015febilirsiniz - Paripesa'ya giri\u015f yap\u0131n ve 80.000 TRY'ye kadar ho\u015f geldiniz paketi ve 150 \u00fccretsiz d\u00f6n\u00fc\u015f kazan\u0131n","breadcrumb":{"@id":"https:\/\/paripesa.team\/tr\/login\/#breadcrumb"},"inLanguage":"tr","potentialAction":[{"@type":"ReadAction","target":["https:\/\/paripesa.team\/tr\/login\/"]}]},{"@type":"BreadcrumbList","@id":"https:\/\/paripesa.team\/tr\/login\/#breadcrumb","itemListElement":[{"@type":"ListItem","position":1,"name":"Home","item":"https:\/\/paripesa.team\/tr\/"},{"@type":"ListItem","position":2,"name":"Giri\u015f"}]},{"@type":"WebSite","@id":"https:\/\/paripesa.team\/tr\/#website","url":"https:\/\/paripesa.team\/tr\/","name":"Paripesa Team tr","description":"My WordPress Blog","potentialAction":[{"@type":"SearchAction","target":{"@type":"EntryPoint","urlTemplate":"https:\/\/paripesa.team\/tr\/?s={search_term_string}"},"query-input":"required name=search_term_string"}],"inLanguage":"tr"}]}},"_links":{"self":[{"href":"https:\/\/paripesa.team\/tr\/wp-json\/wp\/v2\/pages\/352","targetHints":{"allow":["GET"]}}],"collection":[{"href":"https:\/\/paripesa.team\/tr\/wp-json\/wp\/v2\/pages"}],"about":[{"href":"https:\/\/paripesa.team\/tr\/wp-json\/wp\/v2\/types\/page"}],"author":[{"embeddable":true,"href":"https:\/\/paripesa.team\/tr\/wp-json\/wp\/v2\/users\/1"}],"replies":[{"embeddable":true,"href":"https:\/\/paripesa.team\/tr\/wp-json\/wp\/v2\/comments?post=352"}],"version-history":[{"count":8,"href":"https:\/\/paripesa.team\/tr\/wp-json\/wp\/v2\/pages\/352\/revisions"}],"predecessor-version":[{"id":554,"href":"https:\/\/paripesa.team\/tr\/wp-json\/wp\/v2\/pages\/352\/revisions\/554"}],"wp:attachment":[{"href":"https:\/\/paripesa.team\/tr\/wp-json\/wp\/v2\/media?parent=352"}],"curies":[{"name":"wp","href":"https:\/\/api.w.org\/{rel}","templated":true}]}}