{"id":320,"date":"2025-03-18T16:05:16","date_gmt":"2025-03-18T16:05:16","guid":{"rendered":"https:\/\/paripesa.team\/tr\/ru\/?page_id=320"},"modified":"2026-02-20T15:11:29","modified_gmt":"2026-02-20T15:11:29","slug":"bonus","status":"publish","type":"page","link":"https:\/\/paripesa.team\/tr\/bonus\/","title":{"rendered":"Bonus"},"content":{"rendered":"","protected":false},"excerpt":{"rendered":"","protected":false},"author":1,"featured_media":0,"parent":0,"menu_order":0,"comment_status":"closed","ping_status":"closed","template":"","meta":{"footnotes":""},"class_list":["post-320","page","type-page","status-publish","hentry"],"yoast_head":"<!-- This site is optimized with the Yoast SEO plugin v23.0 - https:\/\/yoast.com\/wordpress\/plugins\/seo\/ -->\n<title>Bonus Paripesa \u2714\ufe0f Ho\u015f geldiniz teklifi ve promosyonlar<\/title>\n<meta name=\"description\" content=\"Paripesa - ilk para yat\u0131rma i\u015fleminizde 0 bonus kazan\u0131n \u27a4 Yeni oyuncular i\u00e7in \u00fccretsiz bahisler \u27a4 Kay\u0131t i\u00e7in ho\u015f geldiniz bonuslar\u0131\" \/>\n<meta name=\"robots\" content=\"index, follow, max-snippet:-1, max-image-preview:large, max-video-preview:-1\" \/>\n<meta property=\"og:locale\" content=\"tr_TR\" \/>\n<meta property=\"og:type\" content=\"article\" \/>\n<meta property=\"og:title\" content=\"Bonus Paripesa \u2714\ufe0f Ho\u015f geldiniz teklifi ve promosyonlar\" \/>\n<meta property=\"og:description\" content=\"Paripesa - ilk para yat\u0131rma i\u015fleminizde 0 bonus kazan\u0131n \u27a4 Yeni oyuncular i\u00e7in \u00fccretsiz bahisler \u27a4 Kay\u0131t i\u00e7in ho\u015f geldiniz bonuslar\u0131\" \/>\n<meta property=\"og:url\" content=\"https:\/\/paripesa.team\/tr\/bonus\/\" \/>\n<meta property=\"og:site_name\" content=\"Paripesa Team tr\" \/>\n<meta property=\"article:modified_time\" content=\"2026-02-20T15:11:29+00:00\" \/>\n<meta name=\"twitter:card\" content=\"summary_large_image\" \/>\n<script type=\"application\/ld+json\" class=\"yoast-schema-graph\">{\"@context\":\"https:\/\/schema.org\",\"@graph\":[{\"@type\":\"WebPage\",\"@id\":\"https:\/\/paripesa.team\/tr\/bonus\/\",\"url\":\"https:\/\/paripesa.team\/tr\/bonus\/\",\"name\":\"Bonus Paripesa \u2714\ufe0f Ho\u015f geldiniz teklifi ve promosyonlar\",\"isPartOf\":{\"@id\":\"https:\/\/paripesa.team\/tr\/#website\"},\"datePublished\":\"2025-03-18T16:05:16+00:00\",\"dateModified\":\"2026-02-20T15:11:29+00:00\",\"description\":\"Paripesa - ilk para yat\u0131rma i\u015fleminizde 0 bonus kazan\u0131n \u27a4 Yeni oyuncular i\u00e7in \u00fccretsiz bahisler \u27a4 Kay\u0131t i\u00e7in ho\u015f geldiniz bonuslar\u0131\",\"breadcrumb\":{\"@id\":\"https:\/\/paripesa.team\/tr\/bonus\/#breadcrumb\"},\"inLanguage\":\"tr\",\"potentialAction\":[{\"@type\":\"ReadAction\",\"target\":[\"https:\/\/paripesa.team\/tr\/bonus\/\"]}]},{\"@type\":\"BreadcrumbList\",\"@id\":\"https:\/\/paripesa.team\/tr\/bonus\/#breadcrumb\",\"itemListElement\":[{\"@type\":\"ListItem\",\"position\":1,\"name\":\"Home\",\"item\":\"https:\/\/paripesa.team\/tr\/\"},{\"@type\":\"ListItem\",\"position\":2,\"name\":\"Bonus\"}]},{\"@type\":\"WebSite\",\"@id\":\"https:\/\/paripesa.team\/tr\/#website\",\"url\":\"https:\/\/paripesa.team\/tr\/\",\"name\":\"Paripesa Team tr\",\"description\":\"My WordPress Blog\",\"potentialAction\":[{\"@type\":\"SearchAction\",\"target\":{\"@type\":\"EntryPoint\",\"urlTemplate\":\"https:\/\/paripesa.team\/tr\/?s={search_term_string}\"},\"query-input\":\"required name=search_term_string\"}],\"inLanguage\":\"tr\"}]}<\/script>\n<!-- \/ Yoast SEO plugin. -->","yoast_head_json":{"title":"Bonus Paripesa \u2714\ufe0f Ho\u015f geldiniz teklifi ve promosyonlar","description":"Paripesa - ilk para yat\u0131rma i\u015fleminizde 0 bonus kazan\u0131n \u27a4 Yeni oyuncular i\u00e7in \u00fccretsiz bahisler \u27a4 Kay\u0131t i\u00e7in ho\u015f geldiniz bonuslar\u0131","robots":{"index":"index","follow":"follow","max-snippet":"max-snippet:-1","max-image-preview":"max-image-preview:large","max-video-preview":"max-video-preview:-1"},"og_locale":"tr_TR","og_type":"article","og_title":"Bonus Paripesa \u2714\ufe0f Ho\u015f geldiniz teklifi ve promosyonlar","og_description":"Paripesa - ilk para yat\u0131rma i\u015fleminizde 0 bonus kazan\u0131n \u27a4 Yeni oyuncular i\u00e7in \u00fccretsiz bahisler \u27a4 Kay\u0131t i\u00e7in ho\u015f geldiniz bonuslar\u0131","og_url":"https:\/\/paripesa.team\/tr\/bonus\/","og_site_name":"Paripesa Team tr","article_modified_time":"2026-02-20T15:11:29+00:00","twitter_card":"summary_large_image","schema":{"@context":"https:\/\/schema.org","@graph":[{"@type":"WebPage","@id":"https:\/\/paripesa.team\/tr\/bonus\/","url":"https:\/\/paripesa.team\/tr\/bonus\/","name":"Bonus Paripesa \u2714\ufe0f Ho\u015f geldiniz teklifi ve promosyonlar","isPartOf":{"@id":"https:\/\/paripesa.team\/tr\/#website"},"datePublished":"2025-03-18T16:05:16+00:00","dateModified":"2026-02-20T15:11:29+00:00","description":"Paripesa - ilk para yat\u0131rma i\u015fleminizde 0 bonus kazan\u0131n \u27a4 Yeni oyuncular i\u00e7in \u00fccretsiz bahisler \u27a4 Kay\u0131t i\u00e7in ho\u015f geldiniz bonuslar\u0131","breadcrumb":{"@id":"https:\/\/paripesa.team\/tr\/bonus\/#breadcrumb"},"inLanguage":"tr","potentialAction":[{"@type":"ReadAction","target":["https:\/\/paripesa.team\/tr\/bonus\/"]}]},{"@type":"BreadcrumbList","@id":"https:\/\/paripesa.team\/tr\/bonus\/#breadcrumb","itemListElement":[{"@type":"ListItem","position":1,"name":"Home","item":"https:\/\/paripesa.team\/tr\/"},{"@type":"ListItem","position":2,"name":"Bonus"}]},{"@type":"WebSite","@id":"https:\/\/paripesa.team\/tr\/#website","url":"https:\/\/paripesa.team\/tr\/","name":"Paripesa Team tr","description":"My WordPress Blog","potentialAction":[{"@type":"SearchAction","target":{"@type":"EntryPoint","urlTemplate":"https:\/\/paripesa.team\/tr\/?s={search_term_string}"},"query-input":"required name=search_term_string"}],"inLanguage":"tr"}]}},"_links":{"self":[{"href":"https:\/\/paripesa.team\/tr\/wp-json\/wp\/v2\/pages\/320","targetHints":{"allow":["GET"]}}],"collection":[{"href":"https:\/\/paripesa.team\/tr\/wp-json\/wp\/v2\/pages"}],"about":[{"href":"https:\/\/paripesa.team\/tr\/wp-json\/wp\/v2\/types\/page"}],"author":[{"embeddable":true,"href":"https:\/\/paripesa.team\/tr\/wp-json\/wp\/v2\/users\/1"}],"replies":[{"embeddable":true,"href":"https:\/\/paripesa.team\/tr\/wp-json\/wp\/v2\/comments?post=320"}],"version-history":[{"count":13,"href":"https:\/\/paripesa.team\/tr\/wp-json\/wp\/v2\/pages\/320\/revisions"}],"predecessor-version":[{"id":542,"href":"https:\/\/paripesa.team\/tr\/wp-json\/wp\/v2\/pages\/320\/revisions\/542"}],"wp:attachment":[{"href":"https:\/\/paripesa.team\/tr\/wp-json\/wp\/v2\/media?parent=320"}],"curies":[{"name":"wp","href":"https:\/\/api.w.org\/{rel}","templated":true}]}}