{"id":257,"date":"2024-03-12T07:11:15","date_gmt":"2024-03-12T07:11:15","guid":{"rendered":"https:\/\/paripesa.team\/tr\/ru\/?page_id=257"},"modified":"2026-02-20T17:28:50","modified_gmt":"2026-02-20T17:28:50","slug":"casino","status":"publish","type":"page","link":"https:\/\/paripesa.team\/tr\/casino\/","title":{"rendered":"Kumarhane"},"content":{"rendered":"","protected":false},"excerpt":{"rendered":"","protected":false},"author":1,"featured_media":0,"parent":0,"menu_order":0,"comment_status":"closed","ping_status":"closed","template":"","meta":{"footnotes":""},"class_list":["post-257","page","type-page","status-publish","hentry"],"yoast_head":"<!-- This site is optimized with the Yoast SEO plugin v23.0 - https:\/\/yoast.com\/wordpress\/plugins\/seo\/ -->\n<title>Paripesa Casino: \u2611\ufe0fGenel Bak\u0131\u015f, Avantajlar ve En \u0130yi Oyunlar<\/title>\n<meta name=\"description\" content=\"Paripesa Casino ile kumar d\u00fcnyas\u0131n\u0131n kap\u0131lar\u0131n\u0131 a\u00e7\u0131n! \u00c7\u0131lg\u0131n bonuslar, g\u00fcvenilir \u00f6demeler ve heyecan verici oyunlar sizi bekliyor. Kaydolun ve bug\u00fcn kazanmaya ba\u015flay\u0131n!\" \/>\n<meta name=\"robots\" content=\"index, follow, max-snippet:-1, max-image-preview:large, max-video-preview:-1\" \/>\n<meta property=\"og:locale\" content=\"tr_TR\" \/>\n<meta property=\"og:type\" content=\"article\" \/>\n<meta property=\"og:title\" content=\"Paripesa Casino: \u2611\ufe0fGenel Bak\u0131\u015f, Avantajlar ve En \u0130yi Oyunlar\" \/>\n<meta property=\"og:description\" content=\"Paripesa Casino ile kumar d\u00fcnyas\u0131n\u0131n kap\u0131lar\u0131n\u0131 a\u00e7\u0131n! \u00c7\u0131lg\u0131n bonuslar, g\u00fcvenilir \u00f6demeler ve heyecan verici oyunlar sizi bekliyor. Kaydolun ve bug\u00fcn kazanmaya ba\u015flay\u0131n!\" \/>\n<meta property=\"og:url\" content=\"https:\/\/paripesa.team\/tr\/casino\/\" \/>\n<meta property=\"og:site_name\" content=\"Paripesa Team tr\" \/>\n<meta property=\"article:modified_time\" content=\"2026-02-20T17:28:50+00:00\" \/>\n<meta name=\"twitter:card\" content=\"summary_large_image\" \/>\n<script type=\"application\/ld+json\" class=\"yoast-schema-graph\">{\"@context\":\"https:\/\/schema.org\",\"@graph\":[{\"@type\":\"WebPage\",\"@id\":\"https:\/\/paripesa.team\/tr\/casino\/\",\"url\":\"https:\/\/paripesa.team\/tr\/casino\/\",\"name\":\"Paripesa Casino: \u2611\ufe0fGenel Bak\u0131\u015f, Avantajlar ve En \u0130yi Oyunlar\",\"isPartOf\":{\"@id\":\"https:\/\/paripesa.team\/tr\/#website\"},\"datePublished\":\"2024-03-12T07:11:15+00:00\",\"dateModified\":\"2026-02-20T17:28:50+00:00\",\"description\":\"Paripesa Casino ile kumar d\u00fcnyas\u0131n\u0131n kap\u0131lar\u0131n\u0131 a\u00e7\u0131n! \u00c7\u0131lg\u0131n bonuslar, g\u00fcvenilir \u00f6demeler ve heyecan verici oyunlar sizi bekliyor. Kaydolun ve bug\u00fcn kazanmaya ba\u015flay\u0131n!\",\"breadcrumb\":{\"@id\":\"https:\/\/paripesa.team\/tr\/casino\/#breadcrumb\"},\"inLanguage\":\"tr\",\"potentialAction\":[{\"@type\":\"ReadAction\",\"target\":[\"https:\/\/paripesa.team\/tr\/casino\/\"]}]},{\"@type\":\"BreadcrumbList\",\"@id\":\"https:\/\/paripesa.team\/tr\/casino\/#breadcrumb\",\"itemListElement\":[{\"@type\":\"ListItem\",\"position\":1,\"name\":\"Home\",\"item\":\"https:\/\/paripesa.team\/tr\/\"},{\"@type\":\"ListItem\",\"position\":2,\"name\":\"Kumarhane\"}]},{\"@type\":\"WebSite\",\"@id\":\"https:\/\/paripesa.team\/tr\/#website\",\"url\":\"https:\/\/paripesa.team\/tr\/\",\"name\":\"Paripesa Team tr\",\"description\":\"My WordPress Blog\",\"potentialAction\":[{\"@type\":\"SearchAction\",\"target\":{\"@type\":\"EntryPoint\",\"urlTemplate\":\"https:\/\/paripesa.team\/tr\/?s={search_term_string}\"},\"query-input\":\"required name=search_term_string\"}],\"inLanguage\":\"tr\"}]}<\/script>\n<!-- \/ Yoast SEO plugin. -->","yoast_head_json":{"title":"Paripesa Casino: \u2611\ufe0fGenel Bak\u0131\u015f, Avantajlar ve En \u0130yi Oyunlar","description":"Paripesa Casino ile kumar d\u00fcnyas\u0131n\u0131n kap\u0131lar\u0131n\u0131 a\u00e7\u0131n! \u00c7\u0131lg\u0131n bonuslar, g\u00fcvenilir \u00f6demeler ve heyecan verici oyunlar sizi bekliyor. Kaydolun ve bug\u00fcn kazanmaya ba\u015flay\u0131n!","robots":{"index":"index","follow":"follow","max-snippet":"max-snippet:-1","max-image-preview":"max-image-preview:large","max-video-preview":"max-video-preview:-1"},"og_locale":"tr_TR","og_type":"article","og_title":"Paripesa Casino: \u2611\ufe0fGenel Bak\u0131\u015f, Avantajlar ve En \u0130yi Oyunlar","og_description":"Paripesa Casino ile kumar d\u00fcnyas\u0131n\u0131n kap\u0131lar\u0131n\u0131 a\u00e7\u0131n! \u00c7\u0131lg\u0131n bonuslar, g\u00fcvenilir \u00f6demeler ve heyecan verici oyunlar sizi bekliyor. Kaydolun ve bug\u00fcn kazanmaya ba\u015flay\u0131n!","og_url":"https:\/\/paripesa.team\/tr\/casino\/","og_site_name":"Paripesa Team tr","article_modified_time":"2026-02-20T17:28:50+00:00","twitter_card":"summary_large_image","schema":{"@context":"https:\/\/schema.org","@graph":[{"@type":"WebPage","@id":"https:\/\/paripesa.team\/tr\/casino\/","url":"https:\/\/paripesa.team\/tr\/casino\/","name":"Paripesa Casino: \u2611\ufe0fGenel Bak\u0131\u015f, Avantajlar ve En \u0130yi Oyunlar","isPartOf":{"@id":"https:\/\/paripesa.team\/tr\/#website"},"datePublished":"2024-03-12T07:11:15+00:00","dateModified":"2026-02-20T17:28:50+00:00","description":"Paripesa Casino ile kumar d\u00fcnyas\u0131n\u0131n kap\u0131lar\u0131n\u0131 a\u00e7\u0131n! \u00c7\u0131lg\u0131n bonuslar, g\u00fcvenilir \u00f6demeler ve heyecan verici oyunlar sizi bekliyor. Kaydolun ve bug\u00fcn kazanmaya ba\u015flay\u0131n!","breadcrumb":{"@id":"https:\/\/paripesa.team\/tr\/casino\/#breadcrumb"},"inLanguage":"tr","potentialAction":[{"@type":"ReadAction","target":["https:\/\/paripesa.team\/tr\/casino\/"]}]},{"@type":"BreadcrumbList","@id":"https:\/\/paripesa.team\/tr\/casino\/#breadcrumb","itemListElement":[{"@type":"ListItem","position":1,"name":"Home","item":"https:\/\/paripesa.team\/tr\/"},{"@type":"ListItem","position":2,"name":"Kumarhane"}]},{"@type":"WebSite","@id":"https:\/\/paripesa.team\/tr\/#website","url":"https:\/\/paripesa.team\/tr\/","name":"Paripesa Team tr","description":"My WordPress Blog","potentialAction":[{"@type":"SearchAction","target":{"@type":"EntryPoint","urlTemplate":"https:\/\/paripesa.team\/tr\/?s={search_term_string}"},"query-input":"required name=search_term_string"}],"inLanguage":"tr"}]}},"_links":{"self":[{"href":"https:\/\/paripesa.team\/tr\/wp-json\/wp\/v2\/pages\/257","targetHints":{"allow":["GET"]}}],"collection":[{"href":"https:\/\/paripesa.team\/tr\/wp-json\/wp\/v2\/pages"}],"about":[{"href":"https:\/\/paripesa.team\/tr\/wp-json\/wp\/v2\/types\/page"}],"author":[{"embeddable":true,"href":"https:\/\/paripesa.team\/tr\/wp-json\/wp\/v2\/users\/1"}],"replies":[{"embeddable":true,"href":"https:\/\/paripesa.team\/tr\/wp-json\/wp\/v2\/comments?post=257"}],"version-history":[{"count":11,"href":"https:\/\/paripesa.team\/tr\/wp-json\/wp\/v2\/pages\/257\/revisions"}],"predecessor-version":[{"id":561,"href":"https:\/\/paripesa.team\/tr\/wp-json\/wp\/v2\/pages\/257\/revisions\/561"}],"wp:attachment":[{"href":"https:\/\/paripesa.team\/tr\/wp-json\/wp\/v2\/media?parent=257"}],"curies":[{"name":"wp","href":"https:\/\/api.w.org\/{rel}","templated":true}]}}