{"id":2,"date":"2023-05-18T17:18:34","date_gmt":"2023-05-18T17:18:34","guid":{"rendered":"https:\/\/paripesa.team\/tr\/?page_id=2"},"modified":"2026-02-20T17:26:55","modified_gmt":"2026-02-20T17:26:55","slug":"sample-page","status":"publish","type":"page","link":"https:\/\/paripesa.team\/tr\/","title":{"rendered":"Ana Sayfa"},"content":{"rendered":"","protected":false},"excerpt":{"rendered":"","protected":false},"author":1,"featured_media":0,"parent":0,"menu_order":0,"comment_status":"closed","ping_status":"open","template":"","meta":{"footnotes":""},"class_list":["post-2","page","type-page","status-publish","hentry"],"yoast_head":"<!-- This site is optimized with the Yoast SEO plugin v23.0 - https:\/\/yoast.com\/wordpress\/plugins\/seo\/ -->\n<title>Paripesa\u2122 \u2014 Spor Bahisleri, En Y\u00fcksek Oranlar ve Canl\u0131 Piyasalar \u2014 Bu ay Cari y\u0131l<\/title>\n<meta name=\"description\" content=\"Pari Pesa, ciddi bahis\u00e7iler i\u00e7in rekabet\u00e7i oranlar, canl\u0131 bahis pazarlar\u0131, h\u0131zl\u0131 bahis yerle\u015ftirme ve sorunsuz bir deneyim sunan b\u00fcy\u00fck liglerde spor bahisleri sunmaktad\u0131r.\" \/>\n<meta name=\"robots\" content=\"index, follow, max-snippet:-1, max-image-preview:large, max-video-preview:-1\" \/>\n<meta property=\"og:locale\" content=\"tr_TR\" \/>\n<meta property=\"og:type\" content=\"article\" \/>\n<meta property=\"og:title\" content=\"Paripesa\u2122 \u2014 Spor Bahisleri, En Y\u00fcksek Oranlar ve Canl\u0131 Piyasalar \u2014 Bu ay Cari y\u0131l\" \/>\n<meta property=\"og:description\" content=\"Pari Pesa, ciddi bahis\u00e7iler i\u00e7in rekabet\u00e7i oranlar, canl\u0131 bahis pazarlar\u0131, h\u0131zl\u0131 bahis yerle\u015ftirme ve sorunsuz bir deneyim sunan b\u00fcy\u00fck liglerde spor bahisleri sunmaktad\u0131r.\" \/>\n<meta property=\"og:url\" content=\"https:\/\/paripesa.team\/tr\/\" \/>\n<meta property=\"og:site_name\" content=\"Paripesa Team tr\" \/>\n<meta property=\"article:modified_time\" content=\"2026-02-20T17:26:55+00:00\" \/>\n<meta name=\"twitter:card\" content=\"summary_large_image\" \/>\n<script type=\"application\/ld+json\" class=\"yoast-schema-graph\">{\"@context\":\"https:\/\/schema.org\",\"@graph\":[{\"@type\":\"WebPage\",\"@id\":\"https:\/\/paripesa.team\/tr\/\",\"url\":\"https:\/\/paripesa.team\/tr\/\",\"name\":\"Paripesa\u2122 \u2014 Spor Bahisleri, En Y\u00fcksek Oranlar ve Canl\u0131 Piyasalar \u2014 Bu ay Cari y\u0131l\",\"isPartOf\":{\"@id\":\"https:\/\/paripesa.team\/tr\/#website\"},\"datePublished\":\"2023-05-18T17:18:34+00:00\",\"dateModified\":\"2026-02-20T17:26:55+00:00\",\"description\":\"Pari Pesa, ciddi bahis\u00e7iler i\u00e7in rekabet\u00e7i oranlar, canl\u0131 bahis pazarlar\u0131, h\u0131zl\u0131 bahis yerle\u015ftirme ve sorunsuz bir deneyim sunan b\u00fcy\u00fck liglerde spor bahisleri sunmaktad\u0131r.\",\"breadcrumb\":{\"@id\":\"https:\/\/paripesa.team\/tr\/#breadcrumb\"},\"inLanguage\":\"tr\",\"potentialAction\":[{\"@type\":\"ReadAction\",\"target\":[\"https:\/\/paripesa.team\/tr\/\"]}]},{\"@type\":\"BreadcrumbList\",\"@id\":\"https:\/\/paripesa.team\/tr\/#breadcrumb\",\"itemListElement\":[{\"@type\":\"ListItem\",\"position\":1,\"name\":\"Home\",\"item\":\"https:\/\/paripesa.team\/tr\/\"},{\"@type\":\"ListItem\",\"position\":2,\"name\":\"Ana Sayfa\"}]},{\"@type\":\"WebSite\",\"@id\":\"https:\/\/paripesa.team\/tr\/#website\",\"url\":\"https:\/\/paripesa.team\/tr\/\",\"name\":\"Paripesa Team tr\",\"description\":\"My WordPress Blog\",\"potentialAction\":[{\"@type\":\"SearchAction\",\"target\":{\"@type\":\"EntryPoint\",\"urlTemplate\":\"https:\/\/paripesa.team\/tr\/?s={search_term_string}\"},\"query-input\":\"required name=search_term_string\"}],\"inLanguage\":\"tr\"}]}<\/script>\n<!-- \/ Yoast SEO plugin. -->","yoast_head_json":{"title":"Paripesa\u2122 \u2014 Spor Bahisleri, En Y\u00fcksek Oranlar ve Canl\u0131 Piyasalar \u2014 Bu ay Cari y\u0131l","description":"Pari Pesa, ciddi bahis\u00e7iler i\u00e7in rekabet\u00e7i oranlar, canl\u0131 bahis pazarlar\u0131, h\u0131zl\u0131 bahis yerle\u015ftirme ve sorunsuz bir deneyim sunan b\u00fcy\u00fck liglerde spor bahisleri sunmaktad\u0131r.","robots":{"index":"index","follow":"follow","max-snippet":"max-snippet:-1","max-image-preview":"max-image-preview:large","max-video-preview":"max-video-preview:-1"},"og_locale":"tr_TR","og_type":"article","og_title":"Paripesa\u2122 \u2014 Spor Bahisleri, En Y\u00fcksek Oranlar ve Canl\u0131 Piyasalar \u2014 Bu ay Cari y\u0131l","og_description":"Pari Pesa, ciddi bahis\u00e7iler i\u00e7in rekabet\u00e7i oranlar, canl\u0131 bahis pazarlar\u0131, h\u0131zl\u0131 bahis yerle\u015ftirme ve sorunsuz bir deneyim sunan b\u00fcy\u00fck liglerde spor bahisleri sunmaktad\u0131r.","og_url":"https:\/\/paripesa.team\/tr\/","og_site_name":"Paripesa Team tr","article_modified_time":"2026-02-20T17:26:55+00:00","twitter_card":"summary_large_image","schema":{"@context":"https:\/\/schema.org","@graph":[{"@type":"WebPage","@id":"https:\/\/paripesa.team\/tr\/","url":"https:\/\/paripesa.team\/tr\/","name":"Paripesa\u2122 \u2014 Spor Bahisleri, En Y\u00fcksek Oranlar ve Canl\u0131 Piyasalar \u2014 Bu ay Cari y\u0131l","isPartOf":{"@id":"https:\/\/paripesa.team\/tr\/#website"},"datePublished":"2023-05-18T17:18:34+00:00","dateModified":"2026-02-20T17:26:55+00:00","description":"Pari Pesa, ciddi bahis\u00e7iler i\u00e7in rekabet\u00e7i oranlar, canl\u0131 bahis pazarlar\u0131, h\u0131zl\u0131 bahis yerle\u015ftirme ve sorunsuz bir deneyim sunan b\u00fcy\u00fck liglerde spor bahisleri sunmaktad\u0131r.","breadcrumb":{"@id":"https:\/\/paripesa.team\/tr\/#breadcrumb"},"inLanguage":"tr","potentialAction":[{"@type":"ReadAction","target":["https:\/\/paripesa.team\/tr\/"]}]},{"@type":"BreadcrumbList","@id":"https:\/\/paripesa.team\/tr\/#breadcrumb","itemListElement":[{"@type":"ListItem","position":1,"name":"Home","item":"https:\/\/paripesa.team\/tr\/"},{"@type":"ListItem","position":2,"name":"Ana Sayfa"}]},{"@type":"WebSite","@id":"https:\/\/paripesa.team\/tr\/#website","url":"https:\/\/paripesa.team\/tr\/","name":"Paripesa Team tr","description":"My WordPress Blog","potentialAction":[{"@type":"SearchAction","target":{"@type":"EntryPoint","urlTemplate":"https:\/\/paripesa.team\/tr\/?s={search_term_string}"},"query-input":"required name=search_term_string"}],"inLanguage":"tr"}]}},"_links":{"self":[{"href":"https:\/\/paripesa.team\/tr\/wp-json\/wp\/v2\/pages\/2","targetHints":{"allow":["GET"]}}],"collection":[{"href":"https:\/\/paripesa.team\/tr\/wp-json\/wp\/v2\/pages"}],"about":[{"href":"https:\/\/paripesa.team\/tr\/wp-json\/wp\/v2\/types\/page"}],"author":[{"embeddable":true,"href":"https:\/\/paripesa.team\/tr\/wp-json\/wp\/v2\/users\/1"}],"replies":[{"embeddable":true,"href":"https:\/\/paripesa.team\/tr\/wp-json\/wp\/v2\/comments?post=2"}],"version-history":[{"count":76,"href":"https:\/\/paripesa.team\/tr\/wp-json\/wp\/v2\/pages\/2\/revisions"}],"predecessor-version":[{"id":560,"href":"https:\/\/paripesa.team\/tr\/wp-json\/wp\/v2\/pages\/2\/revisions\/560"}],"wp:attachment":[{"href":"https:\/\/paripesa.team\/tr\/wp-json\/wp\/v2\/media?parent=2"}],"curies":[{"name":"wp","href":"https:\/\/api.w.org\/{rel}","templated":true}]}}