{"id":320,"date":"2025-03-18T16:05:16","date_gmt":"2025-03-18T16:05:16","guid":{"rendered":"https:\/\/paripesa.team\/tg\/ru\/?page_id=320"},"modified":"2026-04-02T06:51:50","modified_gmt":"2026-04-02T06:51:50","slug":"bonus","status":"publish","type":"page","link":"https:\/\/paripesa.team\/tg\/bonus\/","title":{"rendered":"Bonus"},"content":{"rendered":"","protected":false},"excerpt":{"rendered":"","protected":false},"author":1,"featured_media":0,"parent":0,"menu_order":0,"comment_status":"closed","ping_status":"closed","template":"","meta":{"footnotes":""},"class_list":["post-320","page","type-page","status-publish","hentry"],"yoast_head":"<!-- This site is optimized with the Yoast SEO plugin v23.0 - https:\/\/yoast.com\/wordpress\/plugins\/seo\/ -->\n<title>Bonus Paripesa Togo \u2014 Offre de bienvenue et promotions<\/title>\n<meta name=\"description\" content=\"Paripesa - B\u00e9n\u00e9ficiez d&#039;un bonus de 100 % sur votre premier d\u00e9p\u00f4t \u27a4 Paris gratuits pour les nouveaux joueurs \u27a4 Bonus de bienvenue \u00e0 l&#039;inscription\" \/>\n<meta name=\"robots\" content=\"index, follow, max-snippet:-1, max-image-preview:large, max-video-preview:-1\" \/>\n<meta property=\"og:locale\" content=\"fr_FR\" \/>\n<meta property=\"og:type\" content=\"article\" \/>\n<meta property=\"og:title\" content=\"Bonus Paripesa Togo \u2014 Offre de bienvenue et promotions\" \/>\n<meta property=\"og:description\" content=\"Paripesa - B\u00e9n\u00e9ficiez d&#039;un bonus de 100 % sur votre premier d\u00e9p\u00f4t \u27a4 Paris gratuits pour les nouveaux joueurs \u27a4 Bonus de bienvenue \u00e0 l&#039;inscription\" \/>\n<meta property=\"og:url\" content=\"https:\/\/paripesa.team\/tg\/bonus\/\" \/>\n<meta property=\"og:site_name\" content=\"P aripesa Team tg\" \/>\n<meta property=\"article:modified_time\" content=\"2026-04-02T06:51:50+00:00\" \/>\n<meta name=\"twitter:card\" content=\"summary_large_image\" \/>\n<script type=\"application\/ld+json\" class=\"yoast-schema-graph\">{\"@context\":\"https:\/\/schema.org\",\"@graph\":[{\"@type\":\"WebPage\",\"@id\":\"https:\/\/paripesa.team\/tg\/bonus\/\",\"url\":\"https:\/\/paripesa.team\/tg\/bonus\/\",\"name\":\"Bonus Paripesa Togo \u2014 Offre de bienvenue et promotions\",\"isPartOf\":{\"@id\":\"https:\/\/paripesa.team\/tg\/#website\"},\"datePublished\":\"2025-03-18T16:05:16+00:00\",\"dateModified\":\"2026-04-02T06:51:50+00:00\",\"description\":\"Paripesa - B\u00e9n\u00e9ficiez d'un bonus de 100 % sur votre premier d\u00e9p\u00f4t \u27a4 Paris gratuits pour les nouveaux joueurs \u27a4 Bonus de bienvenue \u00e0 l'inscription\",\"breadcrumb\":{\"@id\":\"https:\/\/paripesa.team\/tg\/bonus\/#breadcrumb\"},\"inLanguage\":\"fr-TG\",\"potentialAction\":[{\"@type\":\"ReadAction\",\"target\":[\"https:\/\/paripesa.team\/tg\/bonus\/\"]}]},{\"@type\":\"BreadcrumbList\",\"@id\":\"https:\/\/paripesa.team\/tg\/bonus\/#breadcrumb\",\"itemListElement\":[{\"@type\":\"ListItem\",\"position\":1,\"name\":\"Home\",\"item\":\"https:\/\/paripesa.team\/tg\/\"},{\"@type\":\"ListItem\",\"position\":2,\"name\":\"Bonus\"}]},{\"@type\":\"WebSite\",\"@id\":\"https:\/\/paripesa.team\/tg\/#website\",\"url\":\"https:\/\/paripesa.team\/tg\/\",\"name\":\"P aripesa Team tg\",\"description\":\"My WordPress Blog\",\"potentialAction\":[{\"@type\":\"SearchAction\",\"target\":{\"@type\":\"EntryPoint\",\"urlTemplate\":\"https:\/\/paripesa.team\/tg\/?s={search_term_string}\"},\"query-input\":\"required name=search_term_string\"}],\"inLanguage\":\"fr-TG\"}]}<\/script>\n<!-- \/ Yoast SEO plugin. -->","yoast_head_json":{"title":"Bonus Paripesa Togo \u2014 Offre de bienvenue et promotions","description":"Paripesa - B\u00e9n\u00e9ficiez d'un bonus de 100 % sur votre premier d\u00e9p\u00f4t \u27a4 Paris gratuits pour les nouveaux joueurs \u27a4 Bonus de bienvenue \u00e0 l'inscription","robots":{"index":"index","follow":"follow","max-snippet":"max-snippet:-1","max-image-preview":"max-image-preview:large","max-video-preview":"max-video-preview:-1"},"og_locale":"fr_FR","og_type":"article","og_title":"Bonus Paripesa Togo \u2014 Offre de bienvenue et promotions","og_description":"Paripesa - B\u00e9n\u00e9ficiez d'un bonus de 100 % sur votre premier d\u00e9p\u00f4t \u27a4 Paris gratuits pour les nouveaux joueurs \u27a4 Bonus de bienvenue \u00e0 l'inscription","og_url":"https:\/\/paripesa.team\/tg\/bonus\/","og_site_name":"P aripesa Team tg","article_modified_time":"2026-04-02T06:51:50+00:00","twitter_card":"summary_large_image","schema":{"@context":"https:\/\/schema.org","@graph":[{"@type":"WebPage","@id":"https:\/\/paripesa.team\/tg\/bonus\/","url":"https:\/\/paripesa.team\/tg\/bonus\/","name":"Bonus Paripesa Togo \u2014 Offre de bienvenue et promotions","isPartOf":{"@id":"https:\/\/paripesa.team\/tg\/#website"},"datePublished":"2025-03-18T16:05:16+00:00","dateModified":"2026-04-02T06:51:50+00:00","description":"Paripesa - B\u00e9n\u00e9ficiez d'un bonus de 100 % sur votre premier d\u00e9p\u00f4t \u27a4 Paris gratuits pour les nouveaux joueurs \u27a4 Bonus de bienvenue \u00e0 l'inscription","breadcrumb":{"@id":"https:\/\/paripesa.team\/tg\/bonus\/#breadcrumb"},"inLanguage":"fr-TG","potentialAction":[{"@type":"ReadAction","target":["https:\/\/paripesa.team\/tg\/bonus\/"]}]},{"@type":"BreadcrumbList","@id":"https:\/\/paripesa.team\/tg\/bonus\/#breadcrumb","itemListElement":[{"@type":"ListItem","position":1,"name":"Home","item":"https:\/\/paripesa.team\/tg\/"},{"@type":"ListItem","position":2,"name":"Bonus"}]},{"@type":"WebSite","@id":"https:\/\/paripesa.team\/tg\/#website","url":"https:\/\/paripesa.team\/tg\/","name":"P aripesa Team tg","description":"My WordPress Blog","potentialAction":[{"@type":"SearchAction","target":{"@type":"EntryPoint","urlTemplate":"https:\/\/paripesa.team\/tg\/?s={search_term_string}"},"query-input":"required name=search_term_string"}],"inLanguage":"fr-TG"}]}},"_links":{"self":[{"href":"https:\/\/paripesa.team\/tg\/wp-json\/wp\/v2\/pages\/320","targetHints":{"allow":["GET"]}}],"collection":[{"href":"https:\/\/paripesa.team\/tg\/wp-json\/wp\/v2\/pages"}],"about":[{"href":"https:\/\/paripesa.team\/tg\/wp-json\/wp\/v2\/types\/page"}],"author":[{"embeddable":true,"href":"https:\/\/paripesa.team\/tg\/wp-json\/wp\/v2\/users\/1"}],"replies":[{"embeddable":true,"href":"https:\/\/paripesa.team\/tg\/wp-json\/wp\/v2\/comments?post=320"}],"version-history":[{"count":16,"href":"https:\/\/paripesa.team\/tg\/wp-json\/wp\/v2\/pages\/320\/revisions"}],"predecessor-version":[{"id":598,"href":"https:\/\/paripesa.team\/tg\/wp-json\/wp\/v2\/pages\/320\/revisions\/598"}],"wp:attachment":[{"href":"https:\/\/paripesa.team\/tg\/wp-json\/wp\/v2\/media?parent=320"}],"curies":[{"name":"wp","href":"https:\/\/api.w.org\/{rel}","templated":true}]}}