{"id":2,"date":"2023-05-18T17:18:34","date_gmt":"2023-05-18T17:18:34","guid":{"rendered":"https:\/\/paripesa.team\/tg\/?page_id=2"},"modified":"2026-04-02T06:02:27","modified_gmt":"2026-04-02T06:02:27","slug":"sample-page","status":"publish","type":"page","link":"https:\/\/paripesa.team\/tg\/","title":{"rendered":"Accueil"},"content":{"rendered":"","protected":false},"excerpt":{"rendered":"","protected":false},"author":1,"featured_media":0,"parent":0,"menu_order":0,"comment_status":"closed","ping_status":"open","template":"","meta":{"footnotes":""},"class_list":["post-2","page","type-page","status-publish","hentry"],"yoast_head":"<!-- This site is optimized with the Yoast SEO plugin v23.0 - https:\/\/yoast.com\/wordpress\/plugins\/seo\/ -->\n<title>Paripesa\u2122 \u2014 Paris Sportifs, Meilleures Cotes&amp;Live \u2014 April 2026<\/title>\n<meta name=\"description\" content=\"Pari Pesa Togo propose des paris sportifs sur les principaux championnats, avec des cotes comp\u00e9titives, des march\u00e9s de paris en direct, un placement rapide des paris et une exp\u00e9rience fluide pour les parieurs assidus.\" \/>\n<meta name=\"robots\" content=\"index, follow, max-snippet:-1, max-image-preview:large, max-video-preview:-1\" \/>\n<meta property=\"og:locale\" content=\"fr_FR\" \/>\n<meta property=\"og:type\" content=\"article\" \/>\n<meta property=\"og:title\" content=\"Paripesa\u2122 \u2014 Paris Sportifs, Meilleures Cotes&amp;Live \u2014 April 2026\" \/>\n<meta property=\"og:description\" content=\"Pari Pesa Togo propose des paris sportifs sur les principaux championnats, avec des cotes comp\u00e9titives, des march\u00e9s de paris en direct, un placement rapide des paris et une exp\u00e9rience fluide pour les parieurs assidus.\" \/>\n<meta property=\"og:url\" content=\"https:\/\/paripesa.team\/tg\/\" \/>\n<meta property=\"og:site_name\" content=\"P aripesa Team tg\" \/>\n<meta property=\"article:modified_time\" content=\"2026-04-02T06:02:27+00:00\" \/>\n<meta name=\"twitter:card\" content=\"summary_large_image\" \/>\n<script type=\"application\/ld+json\" class=\"yoast-schema-graph\">{\"@context\":\"https:\/\/schema.org\",\"@graph\":[{\"@type\":\"WebPage\",\"@id\":\"https:\/\/paripesa.team\/tg\/\",\"url\":\"https:\/\/paripesa.team\/tg\/\",\"name\":\"Paripesa\u2122 \u2014 Paris Sportifs, Meilleures Cotes&Live \u2014 April 2026\",\"isPartOf\":{\"@id\":\"https:\/\/paripesa.team\/tg\/#website\"},\"datePublished\":\"2023-05-18T17:18:34+00:00\",\"dateModified\":\"2026-04-02T06:02:27+00:00\",\"description\":\"Pari Pesa Togo propose des paris sportifs sur les principaux championnats, avec des cotes comp\u00e9titives, des march\u00e9s de paris en direct, un placement rapide des paris et une exp\u00e9rience fluide pour les parieurs assidus.\",\"breadcrumb\":{\"@id\":\"https:\/\/paripesa.team\/tg\/#breadcrumb\"},\"inLanguage\":\"fr-TG\",\"potentialAction\":[{\"@type\":\"ReadAction\",\"target\":[\"https:\/\/paripesa.team\/tg\/\"]}]},{\"@type\":\"BreadcrumbList\",\"@id\":\"https:\/\/paripesa.team\/tg\/#breadcrumb\",\"itemListElement\":[{\"@type\":\"ListItem\",\"position\":1,\"name\":\"Home\",\"item\":\"https:\/\/paripesa.team\/tg\/\"},{\"@type\":\"ListItem\",\"position\":2,\"name\":\"Accueil\"}]},{\"@type\":\"WebSite\",\"@id\":\"https:\/\/paripesa.team\/tg\/#website\",\"url\":\"https:\/\/paripesa.team\/tg\/\",\"name\":\"P aripesa Team tg\",\"description\":\"My WordPress Blog\",\"potentialAction\":[{\"@type\":\"SearchAction\",\"target\":{\"@type\":\"EntryPoint\",\"urlTemplate\":\"https:\/\/paripesa.team\/tg\/?s={search_term_string}\"},\"query-input\":\"required name=search_term_string\"}],\"inLanguage\":\"fr-TG\"}]}<\/script>\n<!-- \/ Yoast SEO plugin. -->","yoast_head_json":{"title":"Paripesa\u2122 \u2014 Paris Sportifs, Meilleures Cotes&Live \u2014 April 2026","description":"Pari Pesa Togo propose des paris sportifs sur les principaux championnats, avec des cotes comp\u00e9titives, des march\u00e9s de paris en direct, un placement rapide des paris et une exp\u00e9rience fluide pour les parieurs assidus.","robots":{"index":"index","follow":"follow","max-snippet":"max-snippet:-1","max-image-preview":"max-image-preview:large","max-video-preview":"max-video-preview:-1"},"og_locale":"fr_FR","og_type":"article","og_title":"Paripesa\u2122 \u2014 Paris Sportifs, Meilleures Cotes&Live \u2014 April 2026","og_description":"Pari Pesa Togo propose des paris sportifs sur les principaux championnats, avec des cotes comp\u00e9titives, des march\u00e9s de paris en direct, un placement rapide des paris et une exp\u00e9rience fluide pour les parieurs assidus.","og_url":"https:\/\/paripesa.team\/tg\/","og_site_name":"P aripesa Team tg","article_modified_time":"2026-04-02T06:02:27+00:00","twitter_card":"summary_large_image","schema":{"@context":"https:\/\/schema.org","@graph":[{"@type":"WebPage","@id":"https:\/\/paripesa.team\/tg\/","url":"https:\/\/paripesa.team\/tg\/","name":"Paripesa\u2122 \u2014 Paris Sportifs, Meilleures Cotes&Live \u2014 April 2026","isPartOf":{"@id":"https:\/\/paripesa.team\/tg\/#website"},"datePublished":"2023-05-18T17:18:34+00:00","dateModified":"2026-04-02T06:02:27+00:00","description":"Pari Pesa Togo propose des paris sportifs sur les principaux championnats, avec des cotes comp\u00e9titives, des march\u00e9s de paris en direct, un placement rapide des paris et une exp\u00e9rience fluide pour les parieurs assidus.","breadcrumb":{"@id":"https:\/\/paripesa.team\/tg\/#breadcrumb"},"inLanguage":"fr-TG","potentialAction":[{"@type":"ReadAction","target":["https:\/\/paripesa.team\/tg\/"]}]},{"@type":"BreadcrumbList","@id":"https:\/\/paripesa.team\/tg\/#breadcrumb","itemListElement":[{"@type":"ListItem","position":1,"name":"Home","item":"https:\/\/paripesa.team\/tg\/"},{"@type":"ListItem","position":2,"name":"Accueil"}]},{"@type":"WebSite","@id":"https:\/\/paripesa.team\/tg\/#website","url":"https:\/\/paripesa.team\/tg\/","name":"P aripesa Team tg","description":"My WordPress Blog","potentialAction":[{"@type":"SearchAction","target":{"@type":"EntryPoint","urlTemplate":"https:\/\/paripesa.team\/tg\/?s={search_term_string}"},"query-input":"required name=search_term_string"}],"inLanguage":"fr-TG"}]}},"_links":{"self":[{"href":"https:\/\/paripesa.team\/tg\/wp-json\/wp\/v2\/pages\/2","targetHints":{"allow":["GET"]}}],"collection":[{"href":"https:\/\/paripesa.team\/tg\/wp-json\/wp\/v2\/pages"}],"about":[{"href":"https:\/\/paripesa.team\/tg\/wp-json\/wp\/v2\/types\/page"}],"author":[{"embeddable":true,"href":"https:\/\/paripesa.team\/tg\/wp-json\/wp\/v2\/users\/1"}],"replies":[{"embeddable":true,"href":"https:\/\/paripesa.team\/tg\/wp-json\/wp\/v2\/comments?post=2"}],"version-history":[{"count":80,"href":"https:\/\/paripesa.team\/tg\/wp-json\/wp\/v2\/pages\/2\/revisions"}],"predecessor-version":[{"id":586,"href":"https:\/\/paripesa.team\/tg\/wp-json\/wp\/v2\/pages\/2\/revisions\/586"}],"wp:attachment":[{"href":"https:\/\/paripesa.team\/tg\/wp-json\/wp\/v2\/media?parent=2"}],"curies":[{"name":"wp","href":"https:\/\/api.w.org\/{rel}","templated":true}]}}