{"id":2,"date":"2023-05-18T17:18:34","date_gmt":"2023-05-18T17:18:34","guid":{"rendered":"https:\/\/paripesa.team\/sn\/?page_id=2"},"modified":"2026-03-28T09:42:39","modified_gmt":"2026-03-28T09:42:39","slug":"sample-page","status":"publish","type":"page","link":"https:\/\/paripesa.team\/sn\/","title":{"rendered":"Accueil"},"content":{"rendered":"","protected":false},"excerpt":{"rendered":"","protected":false},"author":1,"featured_media":0,"parent":0,"menu_order":0,"comment_status":"closed","ping_status":"open","template":"","meta":{"footnotes":""},"class_list":["post-2","page","type-page","status-publish","hentry"],"yoast_head":"<!-- This site is optimized with the Yoast SEO plugin v27.4 - https:\/\/yoast.com\/product\/yoast-seo-wordpress\/ -->\n<title>PariPesa\u2122 \u2014 Paris sportifs, cotes et direct \u2014 May 2026<\/title>\n<meta name=\"description\" content=\"Pari Pesa S\u00e9n\u00e9gal propose des paris sportifs sur les principales ligues, avec des cotes comp\u00e9titives, des march\u00e9s de paris en direct, un placement rapide des paris et une exp\u00e9rience fluide pour les parieurs chevronn\u00e9s.\" \/>\n<meta name=\"robots\" content=\"index, follow, max-snippet:-1, max-image-preview:large, max-video-preview:-1\" \/>\n<meta property=\"og:locale\" content=\"fr_FR\" \/>\n<meta property=\"og:type\" content=\"article\" \/>\n<meta property=\"og:title\" content=\"PariPesa\u2122 \u2014 Paris sportifs, cotes et direct \u2014 May 2026\" \/>\n<meta property=\"og:description\" content=\"Pari Pesa S\u00e9n\u00e9gal propose des paris sportifs sur les principales ligues, avec des cotes comp\u00e9titives, des march\u00e9s de paris en direct, un placement rapide des paris et une exp\u00e9rience fluide pour les parieurs chevronn\u00e9s.\" \/>\n<meta property=\"og:url\" content=\"https:\/\/paripesa.team\/sn\/\" \/>\n<meta property=\"og:site_name\" content=\"Paripesa Team sn\" \/>\n<meta property=\"article:modified_time\" content=\"2026-03-28T09:42:39+00:00\" \/>\n<meta name=\"twitter:card\" content=\"summary_large_image\" \/>\n<script type=\"application\/ld+json\" class=\"yoast-schema-graph\">{\"@context\":\"https:\\\/\\\/schema.org\",\"@graph\":[{\"@type\":\"WebPage\",\"@id\":\"https:\\\/\\\/paripesa.team\\\/sn\\\/\",\"url\":\"https:\\\/\\\/paripesa.team\\\/sn\\\/\",\"name\":\"PariPesa\u2122 \u2014 Paris sportifs, cotes et direct \u2014 May 2026\",\"isPartOf\":{\"@id\":\"https:\\\/\\\/paripesa.team\\\/sn\\\/#website\"},\"datePublished\":\"2023-05-18T17:18:34+00:00\",\"dateModified\":\"2026-03-28T09:42:39+00:00\",\"description\":\"Pari Pesa S\u00e9n\u00e9gal propose des paris sportifs sur les principales ligues, avec des cotes comp\u00e9titives, des march\u00e9s de paris en direct, un placement rapide des paris et une exp\u00e9rience fluide pour les parieurs chevronn\u00e9s.\",\"breadcrumb\":{\"@id\":\"https:\\\/\\\/paripesa.team\\\/sn\\\/#breadcrumb\"},\"inLanguage\":\"fr-SN\",\"potentialAction\":[{\"@type\":\"ReadAction\",\"target\":[\"https:\\\/\\\/paripesa.team\\\/sn\\\/\"]}]},{\"@type\":\"BreadcrumbList\",\"@id\":\"https:\\\/\\\/paripesa.team\\\/sn\\\/#breadcrumb\",\"itemListElement\":[{\"@type\":\"ListItem\",\"position\":1,\"name\":\"Home\",\"item\":\"https:\\\/\\\/paripesa.team\\\/sn\\\/\"},{\"@type\":\"ListItem\",\"position\":2,\"name\":\"Accueil\"}]},{\"@type\":\"WebSite\",\"@id\":\"https:\\\/\\\/paripesa.team\\\/sn\\\/#website\",\"url\":\"https:\\\/\\\/paripesa.team\\\/sn\\\/\",\"name\":\"Paripesa Team sn\",\"description\":\"My WordPress Blog\",\"potentialAction\":[{\"@type\":\"SearchAction\",\"target\":{\"@type\":\"EntryPoint\",\"urlTemplate\":\"https:\\\/\\\/paripesa.team\\\/sn\\\/?s={search_term_string}\"},\"query-input\":{\"@type\":\"PropertyValueSpecification\",\"valueRequired\":true,\"valueName\":\"search_term_string\"}}],\"inLanguage\":\"fr-SN\"}]}<\/script>\n<!-- \/ Yoast SEO plugin. -->","yoast_head_json":{"title":"PariPesa\u2122 \u2014 Paris sportifs, cotes et direct \u2014 May 2026","description":"Pari Pesa S\u00e9n\u00e9gal propose des paris sportifs sur les principales ligues, avec des cotes comp\u00e9titives, des march\u00e9s de paris en direct, un placement rapide des paris et une exp\u00e9rience fluide pour les parieurs chevronn\u00e9s.","robots":{"index":"index","follow":"follow","max-snippet":"max-snippet:-1","max-image-preview":"max-image-preview:large","max-video-preview":"max-video-preview:-1"},"og_locale":"fr_FR","og_type":"article","og_title":"PariPesa\u2122 \u2014 Paris sportifs, cotes et direct \u2014 May 2026","og_description":"Pari Pesa S\u00e9n\u00e9gal propose des paris sportifs sur les principales ligues, avec des cotes comp\u00e9titives, des march\u00e9s de paris en direct, un placement rapide des paris et une exp\u00e9rience fluide pour les parieurs chevronn\u00e9s.","og_url":"https:\/\/paripesa.team\/sn\/","og_site_name":"Paripesa Team sn","article_modified_time":"2026-03-28T09:42:39+00:00","twitter_card":"summary_large_image","schema":{"@context":"https:\/\/schema.org","@graph":[{"@type":"WebPage","@id":"https:\/\/paripesa.team\/sn\/","url":"https:\/\/paripesa.team\/sn\/","name":"PariPesa\u2122 \u2014 Paris sportifs, cotes et direct \u2014 May 2026","isPartOf":{"@id":"https:\/\/paripesa.team\/sn\/#website"},"datePublished":"2023-05-18T17:18:34+00:00","dateModified":"2026-03-28T09:42:39+00:00","description":"Pari Pesa S\u00e9n\u00e9gal propose des paris sportifs sur les principales ligues, avec des cotes comp\u00e9titives, des march\u00e9s de paris en direct, un placement rapide des paris et une exp\u00e9rience fluide pour les parieurs chevronn\u00e9s.","breadcrumb":{"@id":"https:\/\/paripesa.team\/sn\/#breadcrumb"},"inLanguage":"fr-SN","potentialAction":[{"@type":"ReadAction","target":["https:\/\/paripesa.team\/sn\/"]}]},{"@type":"BreadcrumbList","@id":"https:\/\/paripesa.team\/sn\/#breadcrumb","itemListElement":[{"@type":"ListItem","position":1,"name":"Home","item":"https:\/\/paripesa.team\/sn\/"},{"@type":"ListItem","position":2,"name":"Accueil"}]},{"@type":"WebSite","@id":"https:\/\/paripesa.team\/sn\/#website","url":"https:\/\/paripesa.team\/sn\/","name":"Paripesa Team sn","description":"My WordPress Blog","potentialAction":[{"@type":"SearchAction","target":{"@type":"EntryPoint","urlTemplate":"https:\/\/paripesa.team\/sn\/?s={search_term_string}"},"query-input":{"@type":"PropertyValueSpecification","valueRequired":true,"valueName":"search_term_string"}}],"inLanguage":"fr-SN"}]}},"_links":{"self":[{"href":"https:\/\/paripesa.team\/sn\/wp-json\/wp\/v2\/pages\/2","targetHints":{"allow":["GET"]}}],"collection":[{"href":"https:\/\/paripesa.team\/sn\/wp-json\/wp\/v2\/pages"}],"about":[{"href":"https:\/\/paripesa.team\/sn\/wp-json\/wp\/v2\/types\/page"}],"author":[{"embeddable":true,"href":"https:\/\/paripesa.team\/sn\/wp-json\/wp\/v2\/users\/1"}],"replies":[{"embeddable":true,"href":"https:\/\/paripesa.team\/sn\/wp-json\/wp\/v2\/comments?post=2"}],"version-history":[{"count":81,"href":"https:\/\/paripesa.team\/sn\/wp-json\/wp\/v2\/pages\/2\/revisions"}],"predecessor-version":[{"id":584,"href":"https:\/\/paripesa.team\/sn\/wp-json\/wp\/v2\/pages\/2\/revisions\/584"}],"wp:attachment":[{"href":"https:\/\/paripesa.team\/sn\/wp-json\/wp\/v2\/media?parent=2"}],"curies":[{"name":"wp","href":"https:\/\/api.w.org\/{rel}","templated":true}]}}