{"id":455,"date":"2025-07-24T11:17:32","date_gmt":"2025-07-24T11:17:32","guid":{"rendered":"https:\/\/paripesa.team\/pt\/?page_id=455"},"modified":"2026-01-30T15:01:21","modified_gmt":"2026-01-30T15:01:21","slug":"first-deposit","status":"publish","type":"page","link":"https:\/\/paripesa.team\/pt\/bonus\/first-deposit\/","title":{"rendered":"Primeiro dep\u00f3sito"},"content":{"rendered":"","protected":false},"excerpt":{"rendered":"","protected":false},"author":1,"featured_media":0,"parent":320,"menu_order":0,"comment_status":"closed","ping_status":"closed","template":"","meta":{"footnotes":""},"class_list":["post-455","page","type-page","status-publish","hentry"],"yoast_head":"<!-- This site is optimized with the Yoast SEO plugin v27.4 - https:\/\/yoast.com\/product\/yoast-seo-wordpress\/ -->\n<title>B\u00f3nus de Boas-Vindas da PariPesa Sports \u2714 Ganhe at\u00e9 \u20ac100!<\/title>\n<meta name=\"description\" content=\"Receba at\u00e9 \u20ac 100 de b\u00f3nus da PariPesa em apostas desportivas. Duplique o seu primeiro dep\u00f3sito e mergulhe no mundo dos desportos. N\u00e3o perca o seu lucro!\" \/>\n<meta name=\"robots\" content=\"index, follow, max-snippet:-1, max-image-preview:large, max-video-preview:-1\" \/>\n<meta property=\"og:locale\" content=\"pt_PT\" \/>\n<meta property=\"og:type\" content=\"article\" \/>\n<meta property=\"og:title\" content=\"B\u00f3nus de Boas-Vindas da PariPesa Sports \u2714 Ganhe at\u00e9 \u20ac100!\" \/>\n<meta property=\"og:description\" content=\"Receba at\u00e9 \u20ac 100 de b\u00f3nus da PariPesa em apostas desportivas. Duplique o seu primeiro dep\u00f3sito e mergulhe no mundo dos desportos. N\u00e3o perca o seu lucro!\" \/>\n<meta property=\"og:url\" content=\"https:\/\/paripesa.team\/pt\/bonus\/first-deposit\/\" \/>\n<meta property=\"og:site_name\" content=\"Paripesa Team pt\" \/>\n<meta property=\"article:modified_time\" content=\"2026-01-30T15:01:21+00:00\" \/>\n<meta name=\"twitter:card\" content=\"summary_large_image\" \/>\n<script type=\"application\/ld+json\" class=\"yoast-schema-graph\">{\"@context\":\"https:\\\/\\\/schema.org\",\"@graph\":[{\"@type\":\"WebPage\",\"@id\":\"https:\\\/\\\/paripesa.team\\\/pt\\\/bonus\\\/first-deposit\\\/\",\"url\":\"https:\\\/\\\/paripesa.team\\\/pt\\\/bonus\\\/first-deposit\\\/\",\"name\":\"B\u00f3nus de Boas-Vindas da PariPesa Sports \u2714 Ganhe at\u00e9 \u20ac100!\",\"isPartOf\":{\"@id\":\"https:\\\/\\\/paripesa.team\\\/pt\\\/#website\"},\"datePublished\":\"2025-07-24T11:17:32+00:00\",\"dateModified\":\"2026-01-30T15:01:21+00:00\",\"description\":\"Receba at\u00e9 \u20ac 100 de b\u00f3nus da PariPesa em apostas desportivas. Duplique o seu primeiro dep\u00f3sito e mergulhe no mundo dos desportos. N\u00e3o perca o seu lucro!\",\"breadcrumb\":{\"@id\":\"https:\\\/\\\/paripesa.team\\\/pt\\\/bonus\\\/first-deposit\\\/#breadcrumb\"},\"inLanguage\":\"pt-PT\",\"potentialAction\":[{\"@type\":\"ReadAction\",\"target\":[\"https:\\\/\\\/paripesa.team\\\/pt\\\/bonus\\\/first-deposit\\\/\"]}]},{\"@type\":\"BreadcrumbList\",\"@id\":\"https:\\\/\\\/paripesa.team\\\/pt\\\/bonus\\\/first-deposit\\\/#breadcrumb\",\"itemListElement\":[{\"@type\":\"ListItem\",\"position\":1,\"name\":\"Home\",\"item\":\"https:\\\/\\\/paripesa.team\\\/pt\\\/\"},{\"@type\":\"ListItem\",\"position\":2,\"name\":\"B\u00f3nus\",\"item\":\"https:\\\/\\\/paripesa.team\\\/pt\\\/bonus\\\/\"},{\"@type\":\"ListItem\",\"position\":3,\"name\":\"Primeiro dep\u00f3sito\"}]},{\"@type\":\"WebSite\",\"@id\":\"https:\\\/\\\/paripesa.team\\\/pt\\\/#website\",\"url\":\"https:\\\/\\\/paripesa.team\\\/pt\\\/\",\"name\":\"Paripesa Team pt\",\"description\":\"My WordPress Blog\",\"potentialAction\":[{\"@type\":\"SearchAction\",\"target\":{\"@type\":\"EntryPoint\",\"urlTemplate\":\"https:\\\/\\\/paripesa.team\\\/pt\\\/?s={search_term_string}\"},\"query-input\":{\"@type\":\"PropertyValueSpecification\",\"valueRequired\":true,\"valueName\":\"search_term_string\"}}],\"inLanguage\":\"pt-PT\"}]}<\/script>\n<!-- \/ Yoast SEO plugin. -->","yoast_head_json":{"title":"B\u00f3nus de Boas-Vindas da PariPesa Sports \u2714 Ganhe at\u00e9 \u20ac100!","description":"Receba at\u00e9 \u20ac 100 de b\u00f3nus da PariPesa em apostas desportivas. Duplique o seu primeiro dep\u00f3sito e mergulhe no mundo dos desportos. N\u00e3o perca o seu lucro!","robots":{"index":"index","follow":"follow","max-snippet":"max-snippet:-1","max-image-preview":"max-image-preview:large","max-video-preview":"max-video-preview:-1"},"og_locale":"pt_PT","og_type":"article","og_title":"B\u00f3nus de Boas-Vindas da PariPesa Sports \u2714 Ganhe at\u00e9 \u20ac100!","og_description":"Receba at\u00e9 \u20ac 100 de b\u00f3nus da PariPesa em apostas desportivas. Duplique o seu primeiro dep\u00f3sito e mergulhe no mundo dos desportos. N\u00e3o perca o seu lucro!","og_url":"https:\/\/paripesa.team\/pt\/bonus\/first-deposit\/","og_site_name":"Paripesa Team pt","article_modified_time":"2026-01-30T15:01:21+00:00","twitter_card":"summary_large_image","schema":{"@context":"https:\/\/schema.org","@graph":[{"@type":"WebPage","@id":"https:\/\/paripesa.team\/pt\/bonus\/first-deposit\/","url":"https:\/\/paripesa.team\/pt\/bonus\/first-deposit\/","name":"B\u00f3nus de Boas-Vindas da PariPesa Sports \u2714 Ganhe at\u00e9 \u20ac100!","isPartOf":{"@id":"https:\/\/paripesa.team\/pt\/#website"},"datePublished":"2025-07-24T11:17:32+00:00","dateModified":"2026-01-30T15:01:21+00:00","description":"Receba at\u00e9 \u20ac 100 de b\u00f3nus da PariPesa em apostas desportivas. Duplique o seu primeiro dep\u00f3sito e mergulhe no mundo dos desportos. N\u00e3o perca o seu lucro!","breadcrumb":{"@id":"https:\/\/paripesa.team\/pt\/bonus\/first-deposit\/#breadcrumb"},"inLanguage":"pt-PT","potentialAction":[{"@type":"ReadAction","target":["https:\/\/paripesa.team\/pt\/bonus\/first-deposit\/"]}]},{"@type":"BreadcrumbList","@id":"https:\/\/paripesa.team\/pt\/bonus\/first-deposit\/#breadcrumb","itemListElement":[{"@type":"ListItem","position":1,"name":"Home","item":"https:\/\/paripesa.team\/pt\/"},{"@type":"ListItem","position":2,"name":"B\u00f3nus","item":"https:\/\/paripesa.team\/pt\/bonus\/"},{"@type":"ListItem","position":3,"name":"Primeiro dep\u00f3sito"}]},{"@type":"WebSite","@id":"https:\/\/paripesa.team\/pt\/#website","url":"https:\/\/paripesa.team\/pt\/","name":"Paripesa Team pt","description":"My WordPress Blog","potentialAction":[{"@type":"SearchAction","target":{"@type":"EntryPoint","urlTemplate":"https:\/\/paripesa.team\/pt\/?s={search_term_string}"},"query-input":{"@type":"PropertyValueSpecification","valueRequired":true,"valueName":"search_term_string"}}],"inLanguage":"pt-PT"}]}},"_links":{"self":[{"href":"https:\/\/paripesa.team\/pt\/wp-json\/wp\/v2\/pages\/455","targetHints":{"allow":["GET"]}}],"collection":[{"href":"https:\/\/paripesa.team\/pt\/wp-json\/wp\/v2\/pages"}],"about":[{"href":"https:\/\/paripesa.team\/pt\/wp-json\/wp\/v2\/types\/page"}],"author":[{"embeddable":true,"href":"https:\/\/paripesa.team\/pt\/wp-json\/wp\/v2\/users\/1"}],"replies":[{"embeddable":true,"href":"https:\/\/paripesa.team\/pt\/wp-json\/wp\/v2\/comments?post=455"}],"version-history":[{"count":5,"href":"https:\/\/paripesa.team\/pt\/wp-json\/wp\/v2\/pages\/455\/revisions"}],"predecessor-version":[{"id":536,"href":"https:\/\/paripesa.team\/pt\/wp-json\/wp\/v2\/pages\/455\/revisions\/536"}],"up":[{"embeddable":true,"href":"https:\/\/paripesa.team\/pt\/wp-json\/wp\/v2\/pages\/320"}],"wp:attachment":[{"href":"https:\/\/paripesa.team\/pt\/wp-json\/wp\/v2\/media?parent=455"}],"curies":[{"name":"wp","href":"https:\/\/api.w.org\/{rel}","templated":true}]}}