{"id":343,"date":"2025-03-25T12:23:10","date_gmt":"2025-03-25T12:23:10","guid":{"rendered":"https:\/\/paripesa.team\/pl\/ru\/?page_id=343"},"modified":"2026-02-02T06:56:33","modified_gmt":"2026-02-02T06:56:33","slug":"promo-code","status":"publish","type":"page","link":"https:\/\/paripesa.team\/pl\/promo-code\/","title":{"rendered":"Kod promocyjny"},"content":{"rendered":"","protected":false},"excerpt":{"rendered":"","protected":false},"author":1,"featured_media":0,"parent":0,"menu_order":0,"comment_status":"closed","ping_status":"closed","template":"","meta":{"footnotes":""},"class_list":["post-343","page","type-page","status-publish","hentry"],"yoast_head":"<!-- This site is optimized with the Yoast SEO plugin v27.4 - https:\/\/yoast.com\/product\/yoast-seo-wordpress\/ -->\n<title>Kod promocyjny Paripesa \u25b6\ufe0f Aktualne kody bonusowe<\/title>\n<meta name=\"description\" content=\"Znajd\u017a najlepsze kody bonusowe Paripesa i otrzymaj ekskluzywne bonusy bez depozytu oraz darmowe spiny. U\u017cyj kodu promocyjnego Paripesa podczas rejestracji. Kody bonusowe mog\u0105 zapewni\u0107 Ci darmowe spiny na Twoich ulubionych automatach oraz darmowe zak\u0142ady na popularne sporty w Paripesa.\" \/>\n<meta name=\"robots\" content=\"index, follow, max-snippet:-1, max-image-preview:large, max-video-preview:-1\" \/>\n<meta property=\"og:locale\" content=\"pl_PL\" \/>\n<meta property=\"og:type\" content=\"article\" \/>\n<meta property=\"og:title\" content=\"Kod promocyjny Paripesa \u25b6\ufe0f Aktualne kody bonusowe\" \/>\n<meta property=\"og:description\" content=\"Znajd\u017a najlepsze kody bonusowe Paripesa i otrzymaj ekskluzywne bonusy bez depozytu oraz darmowe spiny. U\u017cyj kodu promocyjnego Paripesa podczas rejestracji. Kody bonusowe mog\u0105 zapewni\u0107 Ci darmowe spiny na Twoich ulubionych automatach oraz darmowe zak\u0142ady na popularne sporty w Paripesa.\" \/>\n<meta property=\"og:url\" content=\"https:\/\/paripesa.team\/pl\/promo-code\/\" \/>\n<meta property=\"og:site_name\" content=\"Paripesa Team pl\" \/>\n<meta property=\"article:modified_time\" content=\"2026-02-02T06:56:33+00:00\" \/>\n<meta name=\"twitter:card\" content=\"summary_large_image\" \/>\n<script type=\"application\/ld+json\" class=\"yoast-schema-graph\">{\"@context\":\"https:\\\/\\\/schema.org\",\"@graph\":[{\"@type\":\"WebPage\",\"@id\":\"https:\\\/\\\/paripesa.team\\\/pl\\\/promo-code\\\/\",\"url\":\"https:\\\/\\\/paripesa.team\\\/pl\\\/promo-code\\\/\",\"name\":\"Kod promocyjny Paripesa \u25b6\ufe0f Aktualne kody bonusowe\",\"isPartOf\":{\"@id\":\"https:\\\/\\\/paripesa.team\\\/pl\\\/#website\"},\"datePublished\":\"2025-03-25T12:23:10+00:00\",\"dateModified\":\"2026-02-02T06:56:33+00:00\",\"description\":\"Znajd\u017a najlepsze kody bonusowe Paripesa i otrzymaj ekskluzywne bonusy bez depozytu oraz darmowe spiny. U\u017cyj kodu promocyjnego Paripesa podczas rejestracji. Kody bonusowe mog\u0105 zapewni\u0107 Ci darmowe spiny na Twoich ulubionych automatach oraz darmowe zak\u0142ady na popularne sporty w Paripesa.\",\"breadcrumb\":{\"@id\":\"https:\\\/\\\/paripesa.team\\\/pl\\\/promo-code\\\/#breadcrumb\"},\"inLanguage\":\"pl-PL\",\"potentialAction\":[{\"@type\":\"ReadAction\",\"target\":[\"https:\\\/\\\/paripesa.team\\\/pl\\\/promo-code\\\/\"]}]},{\"@type\":\"BreadcrumbList\",\"@id\":\"https:\\\/\\\/paripesa.team\\\/pl\\\/promo-code\\\/#breadcrumb\",\"itemListElement\":[{\"@type\":\"ListItem\",\"position\":1,\"name\":\"Home\",\"item\":\"https:\\\/\\\/paripesa.team\\\/pl\\\/\"},{\"@type\":\"ListItem\",\"position\":2,\"name\":\"Kod promocyjny\"}]},{\"@type\":\"WebSite\",\"@id\":\"https:\\\/\\\/paripesa.team\\\/pl\\\/#website\",\"url\":\"https:\\\/\\\/paripesa.team\\\/pl\\\/\",\"name\":\"Paripesa Team pl\",\"description\":\"My WordPress Blog\",\"potentialAction\":[{\"@type\":\"SearchAction\",\"target\":{\"@type\":\"EntryPoint\",\"urlTemplate\":\"https:\\\/\\\/paripesa.team\\\/pl\\\/?s={search_term_string}\"},\"query-input\":{\"@type\":\"PropertyValueSpecification\",\"valueRequired\":true,\"valueName\":\"search_term_string\"}}],\"inLanguage\":\"pl-PL\"}]}<\/script>\n<!-- \/ Yoast SEO plugin. -->","yoast_head_json":{"title":"Kod promocyjny Paripesa \u25b6\ufe0f Aktualne kody bonusowe","description":"Znajd\u017a najlepsze kody bonusowe Paripesa i otrzymaj ekskluzywne bonusy bez depozytu oraz darmowe spiny. U\u017cyj kodu promocyjnego Paripesa podczas rejestracji. Kody bonusowe mog\u0105 zapewni\u0107 Ci darmowe spiny na Twoich ulubionych automatach oraz darmowe zak\u0142ady na popularne sporty w Paripesa.","robots":{"index":"index","follow":"follow","max-snippet":"max-snippet:-1","max-image-preview":"max-image-preview:large","max-video-preview":"max-video-preview:-1"},"og_locale":"pl_PL","og_type":"article","og_title":"Kod promocyjny Paripesa \u25b6\ufe0f Aktualne kody bonusowe","og_description":"Znajd\u017a najlepsze kody bonusowe Paripesa i otrzymaj ekskluzywne bonusy bez depozytu oraz darmowe spiny. U\u017cyj kodu promocyjnego Paripesa podczas rejestracji. Kody bonusowe mog\u0105 zapewni\u0107 Ci darmowe spiny na Twoich ulubionych automatach oraz darmowe zak\u0142ady na popularne sporty w Paripesa.","og_url":"https:\/\/paripesa.team\/pl\/promo-code\/","og_site_name":"Paripesa Team pl","article_modified_time":"2026-02-02T06:56:33+00:00","twitter_card":"summary_large_image","schema":{"@context":"https:\/\/schema.org","@graph":[{"@type":"WebPage","@id":"https:\/\/paripesa.team\/pl\/promo-code\/","url":"https:\/\/paripesa.team\/pl\/promo-code\/","name":"Kod promocyjny Paripesa \u25b6\ufe0f Aktualne kody bonusowe","isPartOf":{"@id":"https:\/\/paripesa.team\/pl\/#website"},"datePublished":"2025-03-25T12:23:10+00:00","dateModified":"2026-02-02T06:56:33+00:00","description":"Znajd\u017a najlepsze kody bonusowe Paripesa i otrzymaj ekskluzywne bonusy bez depozytu oraz darmowe spiny. U\u017cyj kodu promocyjnego Paripesa podczas rejestracji. Kody bonusowe mog\u0105 zapewni\u0107 Ci darmowe spiny na Twoich ulubionych automatach oraz darmowe zak\u0142ady na popularne sporty w Paripesa.","breadcrumb":{"@id":"https:\/\/paripesa.team\/pl\/promo-code\/#breadcrumb"},"inLanguage":"pl-PL","potentialAction":[{"@type":"ReadAction","target":["https:\/\/paripesa.team\/pl\/promo-code\/"]}]},{"@type":"BreadcrumbList","@id":"https:\/\/paripesa.team\/pl\/promo-code\/#breadcrumb","itemListElement":[{"@type":"ListItem","position":1,"name":"Home","item":"https:\/\/paripesa.team\/pl\/"},{"@type":"ListItem","position":2,"name":"Kod promocyjny"}]},{"@type":"WebSite","@id":"https:\/\/paripesa.team\/pl\/#website","url":"https:\/\/paripesa.team\/pl\/","name":"Paripesa Team pl","description":"My WordPress Blog","potentialAction":[{"@type":"SearchAction","target":{"@type":"EntryPoint","urlTemplate":"https:\/\/paripesa.team\/pl\/?s={search_term_string}"},"query-input":{"@type":"PropertyValueSpecification","valueRequired":true,"valueName":"search_term_string"}}],"inLanguage":"pl-PL"}]}},"_links":{"self":[{"href":"https:\/\/paripesa.team\/pl\/wp-json\/wp\/v2\/pages\/343","targetHints":{"allow":["GET"]}}],"collection":[{"href":"https:\/\/paripesa.team\/pl\/wp-json\/wp\/v2\/pages"}],"about":[{"href":"https:\/\/paripesa.team\/pl\/wp-json\/wp\/v2\/types\/page"}],"author":[{"embeddable":true,"href":"https:\/\/paripesa.team\/pl\/wp-json\/wp\/v2\/users\/1"}],"replies":[{"embeddable":true,"href":"https:\/\/paripesa.team\/pl\/wp-json\/wp\/v2\/comments?post=343"}],"version-history":[{"count":5,"href":"https:\/\/paripesa.team\/pl\/wp-json\/wp\/v2\/pages\/343\/revisions"}],"predecessor-version":[{"id":550,"href":"https:\/\/paripesa.team\/pl\/wp-json\/wp\/v2\/pages\/343\/revisions\/550"}],"wp:attachment":[{"href":"https:\/\/paripesa.team\/pl\/wp-json\/wp\/v2\/media?parent=343"}],"curies":[{"name":"wp","href":"https:\/\/api.w.org\/{rel}","templated":true}]}}