{"id":273,"date":"2024-03-14T05:50:59","date_gmt":"2024-03-14T05:50:59","guid":{"rendered":"https:\/\/paripesa.team\/pl\/ru\/?page_id=273"},"modified":"2026-02-02T05:28:50","modified_gmt":"2026-02-02T05:28:50","slug":"app","status":"publish","type":"page","link":"https:\/\/paripesa.team\/pl\/app\/","title":{"rendered":"Aplikacja"},"content":{"rendered":"","protected":false},"excerpt":{"rendered":"","protected":false},"author":1,"featured_media":0,"parent":0,"menu_order":0,"comment_status":"closed","ping_status":"closed","template":"","meta":{"footnotes":""},"class_list":["post-273","page","type-page","status-publish","hentry"],"yoast_head":"<!-- This site is optimized with the Yoast SEO plugin v27.4 - https:\/\/yoast.com\/product\/yoast-seo-wordpress\/ -->\n<title>Aplikacja Paripesa \ud83e\udd33 Pobierz bezp\u0142atnie na Androida i iOS<\/title>\n<meta name=\"description\" content=\"Aplikacja mobilna Paripesa to mo\u017cliwo\u015b\u0107 dost\u0119pu do ulubionych rozrywek w dowolnym miejscu i czasie. Ciesz si\u0119 mobilnymi zaletami Paripesa.\" \/>\n<meta name=\"robots\" content=\"index, follow, max-snippet:-1, max-image-preview:large, max-video-preview:-1\" \/>\n<meta property=\"og:locale\" content=\"pl_PL\" \/>\n<meta property=\"og:type\" content=\"article\" \/>\n<meta property=\"og:title\" content=\"Aplikacja Paripesa \ud83e\udd33 Pobierz bezp\u0142atnie na Androida i iOS\" \/>\n<meta property=\"og:description\" content=\"Aplikacja mobilna Paripesa to mo\u017cliwo\u015b\u0107 dost\u0119pu do ulubionych rozrywek w dowolnym miejscu i czasie. Ciesz si\u0119 mobilnymi zaletami Paripesa.\" \/>\n<meta property=\"og:url\" content=\"https:\/\/paripesa.team\/pl\/app\/\" \/>\n<meta property=\"og:site_name\" content=\"Paripesa Team pl\" \/>\n<meta property=\"article:modified_time\" content=\"2026-02-02T05:28:50+00:00\" \/>\n<meta name=\"twitter:card\" content=\"summary_large_image\" \/>\n<script type=\"application\/ld+json\" class=\"yoast-schema-graph\">{\"@context\":\"https:\\\/\\\/schema.org\",\"@graph\":[{\"@type\":\"WebPage\",\"@id\":\"https:\\\/\\\/paripesa.team\\\/pl\\\/app\\\/\",\"url\":\"https:\\\/\\\/paripesa.team\\\/pl\\\/app\\\/\",\"name\":\"Aplikacja Paripesa \ud83e\udd33 Pobierz bezp\u0142atnie na Androida i iOS\",\"isPartOf\":{\"@id\":\"https:\\\/\\\/paripesa.team\\\/pl\\\/#website\"},\"datePublished\":\"2024-03-14T05:50:59+00:00\",\"dateModified\":\"2026-02-02T05:28:50+00:00\",\"description\":\"Aplikacja mobilna Paripesa to mo\u017cliwo\u015b\u0107 dost\u0119pu do ulubionych rozrywek w dowolnym miejscu i czasie. Ciesz si\u0119 mobilnymi zaletami Paripesa.\",\"breadcrumb\":{\"@id\":\"https:\\\/\\\/paripesa.team\\\/pl\\\/app\\\/#breadcrumb\"},\"inLanguage\":\"pl-PL\",\"potentialAction\":[{\"@type\":\"ReadAction\",\"target\":[\"https:\\\/\\\/paripesa.team\\\/pl\\\/app\\\/\"]}]},{\"@type\":\"BreadcrumbList\",\"@id\":\"https:\\\/\\\/paripesa.team\\\/pl\\\/app\\\/#breadcrumb\",\"itemListElement\":[{\"@type\":\"ListItem\",\"position\":1,\"name\":\"Home\",\"item\":\"https:\\\/\\\/paripesa.team\\\/pl\\\/\"},{\"@type\":\"ListItem\",\"position\":2,\"name\":\"Aplikacja\"}]},{\"@type\":\"WebSite\",\"@id\":\"https:\\\/\\\/paripesa.team\\\/pl\\\/#website\",\"url\":\"https:\\\/\\\/paripesa.team\\\/pl\\\/\",\"name\":\"Paripesa Team pl\",\"description\":\"My WordPress Blog\",\"potentialAction\":[{\"@type\":\"SearchAction\",\"target\":{\"@type\":\"EntryPoint\",\"urlTemplate\":\"https:\\\/\\\/paripesa.team\\\/pl\\\/?s={search_term_string}\"},\"query-input\":{\"@type\":\"PropertyValueSpecification\",\"valueRequired\":true,\"valueName\":\"search_term_string\"}}],\"inLanguage\":\"pl-PL\"}]}<\/script>\n<!-- \/ Yoast SEO plugin. -->","yoast_head_json":{"title":"Aplikacja Paripesa \ud83e\udd33 Pobierz bezp\u0142atnie na Androida i iOS","description":"Aplikacja mobilna Paripesa to mo\u017cliwo\u015b\u0107 dost\u0119pu do ulubionych rozrywek w dowolnym miejscu i czasie. Ciesz si\u0119 mobilnymi zaletami Paripesa.","robots":{"index":"index","follow":"follow","max-snippet":"max-snippet:-1","max-image-preview":"max-image-preview:large","max-video-preview":"max-video-preview:-1"},"og_locale":"pl_PL","og_type":"article","og_title":"Aplikacja Paripesa \ud83e\udd33 Pobierz bezp\u0142atnie na Androida i iOS","og_description":"Aplikacja mobilna Paripesa to mo\u017cliwo\u015b\u0107 dost\u0119pu do ulubionych rozrywek w dowolnym miejscu i czasie. Ciesz si\u0119 mobilnymi zaletami Paripesa.","og_url":"https:\/\/paripesa.team\/pl\/app\/","og_site_name":"Paripesa Team pl","article_modified_time":"2026-02-02T05:28:50+00:00","twitter_card":"summary_large_image","schema":{"@context":"https:\/\/schema.org","@graph":[{"@type":"WebPage","@id":"https:\/\/paripesa.team\/pl\/app\/","url":"https:\/\/paripesa.team\/pl\/app\/","name":"Aplikacja Paripesa \ud83e\udd33 Pobierz bezp\u0142atnie na Androida i iOS","isPartOf":{"@id":"https:\/\/paripesa.team\/pl\/#website"},"datePublished":"2024-03-14T05:50:59+00:00","dateModified":"2026-02-02T05:28:50+00:00","description":"Aplikacja mobilna Paripesa to mo\u017cliwo\u015b\u0107 dost\u0119pu do ulubionych rozrywek w dowolnym miejscu i czasie. Ciesz si\u0119 mobilnymi zaletami Paripesa.","breadcrumb":{"@id":"https:\/\/paripesa.team\/pl\/app\/#breadcrumb"},"inLanguage":"pl-PL","potentialAction":[{"@type":"ReadAction","target":["https:\/\/paripesa.team\/pl\/app\/"]}]},{"@type":"BreadcrumbList","@id":"https:\/\/paripesa.team\/pl\/app\/#breadcrumb","itemListElement":[{"@type":"ListItem","position":1,"name":"Home","item":"https:\/\/paripesa.team\/pl\/"},{"@type":"ListItem","position":2,"name":"Aplikacja"}]},{"@type":"WebSite","@id":"https:\/\/paripesa.team\/pl\/#website","url":"https:\/\/paripesa.team\/pl\/","name":"Paripesa Team pl","description":"My WordPress Blog","potentialAction":[{"@type":"SearchAction","target":{"@type":"EntryPoint","urlTemplate":"https:\/\/paripesa.team\/pl\/?s={search_term_string}"},"query-input":{"@type":"PropertyValueSpecification","valueRequired":true,"valueName":"search_term_string"}}],"inLanguage":"pl-PL"}]}},"_links":{"self":[{"href":"https:\/\/paripesa.team\/pl\/wp-json\/wp\/v2\/pages\/273","targetHints":{"allow":["GET"]}}],"collection":[{"href":"https:\/\/paripesa.team\/pl\/wp-json\/wp\/v2\/pages"}],"about":[{"href":"https:\/\/paripesa.team\/pl\/wp-json\/wp\/v2\/types\/page"}],"author":[{"embeddable":true,"href":"https:\/\/paripesa.team\/pl\/wp-json\/wp\/v2\/users\/1"}],"replies":[{"embeddable":true,"href":"https:\/\/paripesa.team\/pl\/wp-json\/wp\/v2\/comments?post=273"}],"version-history":[{"count":7,"href":"https:\/\/paripesa.team\/pl\/wp-json\/wp\/v2\/pages\/273\/revisions"}],"predecessor-version":[{"id":535,"href":"https:\/\/paripesa.team\/pl\/wp-json\/wp\/v2\/pages\/273\/revisions\/535"}],"wp:attachment":[{"href":"https:\/\/paripesa.team\/pl\/wp-json\/wp\/v2\/media?parent=273"}],"curies":[{"name":"wp","href":"https:\/\/api.w.org\/{rel}","templated":true}]}}