{"id":2,"date":"2023-05-18T17:18:34","date_gmt":"2023-05-18T17:18:34","guid":{"rendered":"https:\/\/paripesa.team\/pl\/?page_id=2"},"modified":"2026-02-02T12:50:04","modified_gmt":"2026-02-02T12:50:04","slug":"sample-page","status":"publish","type":"page","link":"https:\/\/paripesa.team\/pl\/","title":{"rendered":"Strona g\u0142\u00f3wna"},"content":{"rendered":"","protected":false},"excerpt":{"rendered":"","protected":false},"author":1,"featured_media":0,"parent":0,"menu_order":0,"comment_status":"closed","ping_status":"open","template":"","meta":{"footnotes":""},"class_list":["post-2","page","type-page","status-publish","hentry"],"yoast_head":"<!-- This site is optimized with the Yoast SEO plugin v27.4 - https:\/\/yoast.com\/product\/yoast-seo-wordpress\/ -->\n<title>PariPesa\u2122 \u2013 Zak\u0142ady, kursy i rynki live \u2013 2026<\/title>\n<meta name=\"description\" content=\"Pari Pesa oferuje zak\u0142ady sportowe na najwa\u017cniejsze ligi z konkurencyjnymi kursami, rynkami zak\u0142ad\u00f3w na \u017cywo, szybkim obstawianiem i p\u0142ynnym dzia\u0142aniem dla powa\u017cnych graczy.\" \/>\n<meta name=\"robots\" content=\"index, follow, max-snippet:-1, max-image-preview:large, max-video-preview:-1\" \/>\n<meta property=\"og:locale\" content=\"pl_PL\" \/>\n<meta property=\"og:type\" content=\"article\" \/>\n<meta property=\"og:title\" content=\"PariPesa\u2122 \u2013 Zak\u0142ady, kursy i rynki live \u2013 2026\" \/>\n<meta property=\"og:description\" content=\"Pari Pesa oferuje zak\u0142ady sportowe na najwa\u017cniejsze ligi z konkurencyjnymi kursami, rynkami zak\u0142ad\u00f3w na \u017cywo, szybkim obstawianiem i p\u0142ynnym dzia\u0142aniem dla powa\u017cnych graczy.\" \/>\n<meta property=\"og:url\" content=\"https:\/\/paripesa.team\/pl\/\" \/>\n<meta property=\"og:site_name\" content=\"Paripesa Team pl\" \/>\n<meta property=\"article:modified_time\" content=\"2026-02-02T12:50:04+00:00\" \/>\n<meta name=\"twitter:card\" content=\"summary_large_image\" \/>\n<script type=\"application\/ld+json\" class=\"yoast-schema-graph\">{\"@context\":\"https:\\\/\\\/schema.org\",\"@graph\":[{\"@type\":\"WebPage\",\"@id\":\"https:\\\/\\\/paripesa.team\\\/pl\\\/\",\"url\":\"https:\\\/\\\/paripesa.team\\\/pl\\\/\",\"name\":\"PariPesa\u2122 \u2013 Zak\u0142ady, kursy i rynki live \u2013 2026\",\"isPartOf\":{\"@id\":\"https:\\\/\\\/paripesa.team\\\/pl\\\/#website\"},\"datePublished\":\"2023-05-18T17:18:34+00:00\",\"dateModified\":\"2026-02-02T12:50:04+00:00\",\"description\":\"Pari Pesa oferuje zak\u0142ady sportowe na najwa\u017cniejsze ligi z konkurencyjnymi kursami, rynkami zak\u0142ad\u00f3w na \u017cywo, szybkim obstawianiem i p\u0142ynnym dzia\u0142aniem dla powa\u017cnych graczy.\",\"breadcrumb\":{\"@id\":\"https:\\\/\\\/paripesa.team\\\/pl\\\/#breadcrumb\"},\"inLanguage\":\"pl-PL\",\"potentialAction\":[{\"@type\":\"ReadAction\",\"target\":[\"https:\\\/\\\/paripesa.team\\\/pl\\\/\"]}]},{\"@type\":\"BreadcrumbList\",\"@id\":\"https:\\\/\\\/paripesa.team\\\/pl\\\/#breadcrumb\",\"itemListElement\":[{\"@type\":\"ListItem\",\"position\":1,\"name\":\"Home\",\"item\":\"https:\\\/\\\/paripesa.team\\\/pl\\\/\"},{\"@type\":\"ListItem\",\"position\":2,\"name\":\"Strona g\u0142\u00f3wna\"}]},{\"@type\":\"WebSite\",\"@id\":\"https:\\\/\\\/paripesa.team\\\/pl\\\/#website\",\"url\":\"https:\\\/\\\/paripesa.team\\\/pl\\\/\",\"name\":\"Paripesa Team pl\",\"description\":\"My WordPress Blog\",\"potentialAction\":[{\"@type\":\"SearchAction\",\"target\":{\"@type\":\"EntryPoint\",\"urlTemplate\":\"https:\\\/\\\/paripesa.team\\\/pl\\\/?s={search_term_string}\"},\"query-input\":{\"@type\":\"PropertyValueSpecification\",\"valueRequired\":true,\"valueName\":\"search_term_string\"}}],\"inLanguage\":\"pl-PL\"}]}<\/script>\n<!-- \/ Yoast SEO plugin. -->","yoast_head_json":{"title":"PariPesa\u2122 \u2013 Zak\u0142ady, kursy i rynki live \u2013 2026","description":"Pari Pesa oferuje zak\u0142ady sportowe na najwa\u017cniejsze ligi z konkurencyjnymi kursami, rynkami zak\u0142ad\u00f3w na \u017cywo, szybkim obstawianiem i p\u0142ynnym dzia\u0142aniem dla powa\u017cnych graczy.","robots":{"index":"index","follow":"follow","max-snippet":"max-snippet:-1","max-image-preview":"max-image-preview:large","max-video-preview":"max-video-preview:-1"},"og_locale":"pl_PL","og_type":"article","og_title":"PariPesa\u2122 \u2013 Zak\u0142ady, kursy i rynki live \u2013 2026","og_description":"Pari Pesa oferuje zak\u0142ady sportowe na najwa\u017cniejsze ligi z konkurencyjnymi kursami, rynkami zak\u0142ad\u00f3w na \u017cywo, szybkim obstawianiem i p\u0142ynnym dzia\u0142aniem dla powa\u017cnych graczy.","og_url":"https:\/\/paripesa.team\/pl\/","og_site_name":"Paripesa Team pl","article_modified_time":"2026-02-02T12:50:04+00:00","twitter_card":"summary_large_image","schema":{"@context":"https:\/\/schema.org","@graph":[{"@type":"WebPage","@id":"https:\/\/paripesa.team\/pl\/","url":"https:\/\/paripesa.team\/pl\/","name":"PariPesa\u2122 \u2013 Zak\u0142ady, kursy i rynki live \u2013 2026","isPartOf":{"@id":"https:\/\/paripesa.team\/pl\/#website"},"datePublished":"2023-05-18T17:18:34+00:00","dateModified":"2026-02-02T12:50:04+00:00","description":"Pari Pesa oferuje zak\u0142ady sportowe na najwa\u017cniejsze ligi z konkurencyjnymi kursami, rynkami zak\u0142ad\u00f3w na \u017cywo, szybkim obstawianiem i p\u0142ynnym dzia\u0142aniem dla powa\u017cnych graczy.","breadcrumb":{"@id":"https:\/\/paripesa.team\/pl\/#breadcrumb"},"inLanguage":"pl-PL","potentialAction":[{"@type":"ReadAction","target":["https:\/\/paripesa.team\/pl\/"]}]},{"@type":"BreadcrumbList","@id":"https:\/\/paripesa.team\/pl\/#breadcrumb","itemListElement":[{"@type":"ListItem","position":1,"name":"Home","item":"https:\/\/paripesa.team\/pl\/"},{"@type":"ListItem","position":2,"name":"Strona g\u0142\u00f3wna"}]},{"@type":"WebSite","@id":"https:\/\/paripesa.team\/pl\/#website","url":"https:\/\/paripesa.team\/pl\/","name":"Paripesa Team pl","description":"My WordPress Blog","potentialAction":[{"@type":"SearchAction","target":{"@type":"EntryPoint","urlTemplate":"https:\/\/paripesa.team\/pl\/?s={search_term_string}"},"query-input":{"@type":"PropertyValueSpecification","valueRequired":true,"valueName":"search_term_string"}}],"inLanguage":"pl-PL"}]}},"_links":{"self":[{"href":"https:\/\/paripesa.team\/pl\/wp-json\/wp\/v2\/pages\/2","targetHints":{"allow":["GET"]}}],"collection":[{"href":"https:\/\/paripesa.team\/pl\/wp-json\/wp\/v2\/pages"}],"about":[{"href":"https:\/\/paripesa.team\/pl\/wp-json\/wp\/v2\/types\/page"}],"author":[{"embeddable":true,"href":"https:\/\/paripesa.team\/pl\/wp-json\/wp\/v2\/users\/1"}],"replies":[{"embeddable":true,"href":"https:\/\/paripesa.team\/pl\/wp-json\/wp\/v2\/comments?post=2"}],"version-history":[{"count":76,"href":"https:\/\/paripesa.team\/pl\/wp-json\/wp\/v2\/pages\/2\/revisions"}],"predecessor-version":[{"id":556,"href":"https:\/\/paripesa.team\/pl\/wp-json\/wp\/v2\/pages\/2\/revisions\/556"}],"wp:attachment":[{"href":"https:\/\/paripesa.team\/pl\/wp-json\/wp\/v2\/media?parent=2"}],"curies":[{"name":"wp","href":"https:\/\/api.w.org\/{rel}","templated":true}]}}