{"id":530,"date":"2026-02-16T11:34:51","date_gmt":"2026-02-16T11:34:51","guid":{"rendered":"https:\/\/paripesa.team\/mx\/?page_id=530"},"modified":"2026-03-26T13:45:26","modified_gmt":"2026-03-26T13:45:26","slug":"partners","status":"publish","type":"page","link":"https:\/\/paripesa.team\/mx\/partners\/","title":{"rendered":"Socios"},"content":{"rendered":"","protected":false},"excerpt":{"rendered":"","protected":false},"author":1,"featured_media":0,"parent":0,"menu_order":0,"comment_status":"closed","ping_status":"closed","template":"","meta":{"footnotes":""},"class_list":["post-530","page","type-page","status-publish","hentry"],"yoast_head":"<!-- This site is optimized with the Yoast SEO plugin v27.4 - https:\/\/yoast.com\/product\/yoast-seo-wordpress\/ -->\n<title>Paripesa Socios \u2014 RevShare 45% y pagos semanales en cripto<\/title>\n<meta name=\"description\" content=\"El programa de afiliados de Paripesa es uno de los mejores programas de afiliados para apuestas y casinos, con un reparto de ingresos del 45 %, modelos CPA e h\u00edbridos, gestor personal, estad\u00edsticas en tiempo real y pagos r\u00e1pidos (criptomonedas, tarjetas, EW). Reg\u00edstrate gratis, obt\u00e9n banners personalizados y monetiza tu tr\u00e1fico sin fraudes: \u00a1gana por cada cliente potencial sin necesidad de dep\u00f3sitos!\" \/>\n<meta name=\"robots\" content=\"index, follow, max-snippet:-1, max-image-preview:large, max-video-preview:-1\" \/>\n<meta property=\"og:locale\" content=\"es_MX\" \/>\n<meta property=\"og:type\" content=\"article\" \/>\n<meta property=\"og:title\" content=\"Paripesa Socios \u2014 RevShare 45% y pagos semanales en cripto\" \/>\n<meta property=\"og:description\" content=\"El programa de afiliados de Paripesa es uno de los mejores programas de afiliados para apuestas y casinos, con un reparto de ingresos del 45 %, modelos CPA e h\u00edbridos, gestor personal, estad\u00edsticas en tiempo real y pagos r\u00e1pidos (criptomonedas, tarjetas, EW). Reg\u00edstrate gratis, obt\u00e9n banners personalizados y monetiza tu tr\u00e1fico sin fraudes: \u00a1gana por cada cliente potencial sin necesidad de dep\u00f3sitos!\" \/>\n<meta property=\"og:url\" content=\"https:\/\/paripesa.team\/mx\/partners\/\" \/>\n<meta property=\"og:site_name\" content=\"Paripesa Team\" \/>\n<meta property=\"article:modified_time\" content=\"2026-03-26T13:45:26+00:00\" \/>\n<meta name=\"twitter:card\" content=\"summary_large_image\" \/>\n<script type=\"application\/ld+json\" class=\"yoast-schema-graph\">{\"@context\":\"https:\\\/\\\/schema.org\",\"@graph\":[{\"@type\":\"WebPage\",\"@id\":\"https:\\\/\\\/paripesa.team\\\/mx\\\/partners\\\/\",\"url\":\"https:\\\/\\\/paripesa.team\\\/mx\\\/partners\\\/\",\"name\":\"Paripesa Socios \u2014 RevShare 45% y pagos semanales en cripto\",\"isPartOf\":{\"@id\":\"https:\\\/\\\/paripesa.team\\\/mx\\\/#website\"},\"datePublished\":\"2026-02-16T11:34:51+00:00\",\"dateModified\":\"2026-03-26T13:45:26+00:00\",\"description\":\"El programa de afiliados de Paripesa es uno de los mejores programas de afiliados para apuestas y casinos, con un reparto de ingresos del 45 %, modelos CPA e h\u00edbridos, gestor personal, estad\u00edsticas en tiempo real y pagos r\u00e1pidos (criptomonedas, tarjetas, EW). Reg\u00edstrate gratis, obt\u00e9n banners personalizados y monetiza tu tr\u00e1fico sin fraudes: \u00a1gana por cada cliente potencial sin necesidad de dep\u00f3sitos!\",\"breadcrumb\":{\"@id\":\"https:\\\/\\\/paripesa.team\\\/mx\\\/partners\\\/#breadcrumb\"},\"inLanguage\":\"es\",\"potentialAction\":[{\"@type\":\"ReadAction\",\"target\":[\"https:\\\/\\\/paripesa.team\\\/mx\\\/partners\\\/\"]}]},{\"@type\":\"BreadcrumbList\",\"@id\":\"https:\\\/\\\/paripesa.team\\\/mx\\\/partners\\\/#breadcrumb\",\"itemListElement\":[{\"@type\":\"ListItem\",\"position\":1,\"name\":\"Home\",\"item\":\"https:\\\/\\\/paripesa.team\\\/mx\\\/\"},{\"@type\":\"ListItem\",\"position\":2,\"name\":\"Socios\"}]},{\"@type\":\"WebSite\",\"@id\":\"https:\\\/\\\/paripesa.team\\\/mx\\\/#website\",\"url\":\"https:\\\/\\\/paripesa.team\\\/mx\\\/\",\"name\":\"Paripesa Team\",\"description\":\"My WordPress Blog\",\"potentialAction\":[{\"@type\":\"SearchAction\",\"target\":{\"@type\":\"EntryPoint\",\"urlTemplate\":\"https:\\\/\\\/paripesa.team\\\/mx\\\/?s={search_term_string}\"},\"query-input\":{\"@type\":\"PropertyValueSpecification\",\"valueRequired\":true,\"valueName\":\"search_term_string\"}}],\"inLanguage\":\"es\"}]}<\/script>\n<!-- \/ Yoast SEO plugin. -->","yoast_head_json":{"title":"Paripesa Socios \u2014 RevShare 45% y pagos semanales en cripto","description":"El programa de afiliados de Paripesa es uno de los mejores programas de afiliados para apuestas y casinos, con un reparto de ingresos del 45 %, modelos CPA e h\u00edbridos, gestor personal, estad\u00edsticas en tiempo real y pagos r\u00e1pidos (criptomonedas, tarjetas, EW). Reg\u00edstrate gratis, obt\u00e9n banners personalizados y monetiza tu tr\u00e1fico sin fraudes: \u00a1gana por cada cliente potencial sin necesidad de dep\u00f3sitos!","robots":{"index":"index","follow":"follow","max-snippet":"max-snippet:-1","max-image-preview":"max-image-preview:large","max-video-preview":"max-video-preview:-1"},"og_locale":"es_MX","og_type":"article","og_title":"Paripesa Socios \u2014 RevShare 45% y pagos semanales en cripto","og_description":"El programa de afiliados de Paripesa es uno de los mejores programas de afiliados para apuestas y casinos, con un reparto de ingresos del 45 %, modelos CPA e h\u00edbridos, gestor personal, estad\u00edsticas en tiempo real y pagos r\u00e1pidos (criptomonedas, tarjetas, EW). Reg\u00edstrate gratis, obt\u00e9n banners personalizados y monetiza tu tr\u00e1fico sin fraudes: \u00a1gana por cada cliente potencial sin necesidad de dep\u00f3sitos!","og_url":"https:\/\/paripesa.team\/mx\/partners\/","og_site_name":"Paripesa Team","article_modified_time":"2026-03-26T13:45:26+00:00","twitter_card":"summary_large_image","schema":{"@context":"https:\/\/schema.org","@graph":[{"@type":"WebPage","@id":"https:\/\/paripesa.team\/mx\/partners\/","url":"https:\/\/paripesa.team\/mx\/partners\/","name":"Paripesa Socios \u2014 RevShare 45% y pagos semanales en cripto","isPartOf":{"@id":"https:\/\/paripesa.team\/mx\/#website"},"datePublished":"2026-02-16T11:34:51+00:00","dateModified":"2026-03-26T13:45:26+00:00","description":"El programa de afiliados de Paripesa es uno de los mejores programas de afiliados para apuestas y casinos, con un reparto de ingresos del 45 %, modelos CPA e h\u00edbridos, gestor personal, estad\u00edsticas en tiempo real y pagos r\u00e1pidos (criptomonedas, tarjetas, EW). Reg\u00edstrate gratis, obt\u00e9n banners personalizados y monetiza tu tr\u00e1fico sin fraudes: \u00a1gana por cada cliente potencial sin necesidad de dep\u00f3sitos!","breadcrumb":{"@id":"https:\/\/paripesa.team\/mx\/partners\/#breadcrumb"},"inLanguage":"es","potentialAction":[{"@type":"ReadAction","target":["https:\/\/paripesa.team\/mx\/partners\/"]}]},{"@type":"BreadcrumbList","@id":"https:\/\/paripesa.team\/mx\/partners\/#breadcrumb","itemListElement":[{"@type":"ListItem","position":1,"name":"Home","item":"https:\/\/paripesa.team\/mx\/"},{"@type":"ListItem","position":2,"name":"Socios"}]},{"@type":"WebSite","@id":"https:\/\/paripesa.team\/mx\/#website","url":"https:\/\/paripesa.team\/mx\/","name":"Paripesa Team","description":"My WordPress Blog","potentialAction":[{"@type":"SearchAction","target":{"@type":"EntryPoint","urlTemplate":"https:\/\/paripesa.team\/mx\/?s={search_term_string}"},"query-input":{"@type":"PropertyValueSpecification","valueRequired":true,"valueName":"search_term_string"}}],"inLanguage":"es"}]}},"_links":{"self":[{"href":"https:\/\/paripesa.team\/mx\/wp-json\/wp\/v2\/pages\/530","targetHints":{"allow":["GET"]}}],"collection":[{"href":"https:\/\/paripesa.team\/mx\/wp-json\/wp\/v2\/pages"}],"about":[{"href":"https:\/\/paripesa.team\/mx\/wp-json\/wp\/v2\/types\/page"}],"author":[{"embeddable":true,"href":"https:\/\/paripesa.team\/mx\/wp-json\/wp\/v2\/users\/1"}],"replies":[{"embeddable":true,"href":"https:\/\/paripesa.team\/mx\/wp-json\/wp\/v2\/comments?post=530"}],"version-history":[{"count":4,"href":"https:\/\/paripesa.team\/mx\/wp-json\/wp\/v2\/pages\/530\/revisions"}],"predecessor-version":[{"id":577,"href":"https:\/\/paripesa.team\/mx\/wp-json\/wp\/v2\/pages\/530\/revisions\/577"}],"wp:attachment":[{"href":"https:\/\/paripesa.team\/mx\/wp-json\/wp\/v2\/media?parent=530"}],"curies":[{"name":"wp","href":"https:\/\/api.w.org\/{rel}","templated":true}]}}