{"id":476,"date":"2025-07-24T13:04:30","date_gmt":"2025-07-24T13:04:30","guid":{"rendered":"https:\/\/paripesa.team\/hu\/?page_id=476"},"modified":"2026-02-12T12:50:40","modified_gmt":"2026-02-12T12:50:40","slug":"casino-welcome-package","status":"publish","type":"page","link":"https:\/\/paripesa.team\/hu\/bonus\/casino-welcome-package\/","title":{"rendered":"Kaszin\u00f3 \u00fcdv\u00f6zl\u0151 csomag"},"content":{"rendered":"","protected":false},"excerpt":{"rendered":"","protected":false},"author":1,"featured_media":0,"parent":320,"menu_order":0,"comment_status":"closed","ping_status":"closed","template":"","meta":{"footnotes":""},"class_list":["post-476","page","type-page","status-publish","hentry"],"yoast_head":"<!-- This site is optimized with the Yoast SEO plugin v23.0 - https:\/\/yoast.com\/wordpress\/plugins\/seo\/ -->\n<title>PariPesa Kaszin\u00f3 \u2705 Ak\u00e1r 500 000 HUF +150 FS<\/title>\n<meta name=\"description\" content=\"Szerezze meg a PariPesa kaszin\u00f3 \u00fcdv\u00f6zl\u0151 csomagj\u00e1t - ak\u00e1r 500 000 HUF \u00e9s 150 ingyenes p\u00f6rget\u00e9s 4 befizet\u00e9s\u00e9rt! Ne hagyja ki a fantasztikus aj\u00e1nd\u00e9kok lehet\u0151s\u00e9g\u00e9t - regisztr\u00e1ljon \u00e9s kezdjen el nyerni most!\" \/>\n<meta name=\"robots\" content=\"index, follow, max-snippet:-1, max-image-preview:large, max-video-preview:-1\" \/>\n<meta property=\"og:locale\" content=\"hu_HU\" \/>\n<meta property=\"og:type\" content=\"article\" \/>\n<meta property=\"og:title\" content=\"PariPesa Kaszin\u00f3 \u2705 Ak\u00e1r 500 000 HUF +150 FS\" \/>\n<meta property=\"og:description\" content=\"Szerezze meg a PariPesa kaszin\u00f3 \u00fcdv\u00f6zl\u0151 csomagj\u00e1t - ak\u00e1r 500 000 HUF \u00e9s 150 ingyenes p\u00f6rget\u00e9s 4 befizet\u00e9s\u00e9rt! Ne hagyja ki a fantasztikus aj\u00e1nd\u00e9kok lehet\u0151s\u00e9g\u00e9t - regisztr\u00e1ljon \u00e9s kezdjen el nyerni most!\" \/>\n<meta property=\"og:url\" content=\"https:\/\/paripesa.team\/hu\/bonus\/casino-welcome-package\/\" \/>\n<meta property=\"og:site_name\" content=\"Paripesa Team hu\" \/>\n<meta property=\"article:modified_time\" content=\"2026-02-12T12:50:40+00:00\" \/>\n<meta name=\"twitter:card\" content=\"summary_large_image\" \/>\n<script type=\"application\/ld+json\" class=\"yoast-schema-graph\">{\"@context\":\"https:\/\/schema.org\",\"@graph\":[{\"@type\":\"WebPage\",\"@id\":\"https:\/\/paripesa.team\/hu\/bonus\/casino-welcome-package\/\",\"url\":\"https:\/\/paripesa.team\/hu\/bonus\/casino-welcome-package\/\",\"name\":\"PariPesa Kaszin\u00f3 \u2705 Ak\u00e1r 500 000 HUF +150 FS\",\"isPartOf\":{\"@id\":\"https:\/\/paripesa.team\/hu\/#website\"},\"datePublished\":\"2025-07-24T13:04:30+00:00\",\"dateModified\":\"2026-02-12T12:50:40+00:00\",\"description\":\"Szerezze meg a PariPesa kaszin\u00f3 \u00fcdv\u00f6zl\u0151 csomagj\u00e1t - ak\u00e1r 500 000 HUF \u00e9s 150 ingyenes p\u00f6rget\u00e9s 4 befizet\u00e9s\u00e9rt! Ne hagyja ki a fantasztikus aj\u00e1nd\u00e9kok lehet\u0151s\u00e9g\u00e9t - regisztr\u00e1ljon \u00e9s kezdjen el nyerni most!\",\"breadcrumb\":{\"@id\":\"https:\/\/paripesa.team\/hu\/bonus\/casino-welcome-package\/#breadcrumb\"},\"inLanguage\":\"hu\",\"potentialAction\":[{\"@type\":\"ReadAction\",\"target\":[\"https:\/\/paripesa.team\/hu\/bonus\/casino-welcome-package\/\"]}]},{\"@type\":\"BreadcrumbList\",\"@id\":\"https:\/\/paripesa.team\/hu\/bonus\/casino-welcome-package\/#breadcrumb\",\"itemListElement\":[{\"@type\":\"ListItem\",\"position\":1,\"name\":\"Home\",\"item\":\"https:\/\/paripesa.team\/hu\/\"},{\"@type\":\"ListItem\",\"position\":2,\"name\":\"B\u00f3nusz\",\"item\":\"https:\/\/paripesa.team\/hu\/bonus\/\"},{\"@type\":\"ListItem\",\"position\":3,\"name\":\"Kaszin\u00f3 \u00fcdv\u00f6zl\u0151 csomag\"}]},{\"@type\":\"WebSite\",\"@id\":\"https:\/\/paripesa.team\/hu\/#website\",\"url\":\"https:\/\/paripesa.team\/hu\/\",\"name\":\"Paripesa Team hu\",\"description\":\"My WordPress Blog\",\"potentialAction\":[{\"@type\":\"SearchAction\",\"target\":{\"@type\":\"EntryPoint\",\"urlTemplate\":\"https:\/\/paripesa.team\/hu\/?s={search_term_string}\"},\"query-input\":\"required name=search_term_string\"}],\"inLanguage\":\"hu\"}]}<\/script>\n<!-- \/ Yoast SEO plugin. -->","yoast_head_json":{"title":"PariPesa Kaszin\u00f3 \u2705 Ak\u00e1r 500 000 HUF +150 FS","description":"Szerezze meg a PariPesa kaszin\u00f3 \u00fcdv\u00f6zl\u0151 csomagj\u00e1t - ak\u00e1r 500 000 HUF \u00e9s 150 ingyenes p\u00f6rget\u00e9s 4 befizet\u00e9s\u00e9rt! Ne hagyja ki a fantasztikus aj\u00e1nd\u00e9kok lehet\u0151s\u00e9g\u00e9t - regisztr\u00e1ljon \u00e9s kezdjen el nyerni most!","robots":{"index":"index","follow":"follow","max-snippet":"max-snippet:-1","max-image-preview":"max-image-preview:large","max-video-preview":"max-video-preview:-1"},"og_locale":"hu_HU","og_type":"article","og_title":"PariPesa Kaszin\u00f3 \u2705 Ak\u00e1r 500 000 HUF +150 FS","og_description":"Szerezze meg a PariPesa kaszin\u00f3 \u00fcdv\u00f6zl\u0151 csomagj\u00e1t - ak\u00e1r 500 000 HUF \u00e9s 150 ingyenes p\u00f6rget\u00e9s 4 befizet\u00e9s\u00e9rt! Ne hagyja ki a fantasztikus aj\u00e1nd\u00e9kok lehet\u0151s\u00e9g\u00e9t - regisztr\u00e1ljon \u00e9s kezdjen el nyerni most!","og_url":"https:\/\/paripesa.team\/hu\/bonus\/casino-welcome-package\/","og_site_name":"Paripesa Team hu","article_modified_time":"2026-02-12T12:50:40+00:00","twitter_card":"summary_large_image","schema":{"@context":"https:\/\/schema.org","@graph":[{"@type":"WebPage","@id":"https:\/\/paripesa.team\/hu\/bonus\/casino-welcome-package\/","url":"https:\/\/paripesa.team\/hu\/bonus\/casino-welcome-package\/","name":"PariPesa Kaszin\u00f3 \u2705 Ak\u00e1r 500 000 HUF +150 FS","isPartOf":{"@id":"https:\/\/paripesa.team\/hu\/#website"},"datePublished":"2025-07-24T13:04:30+00:00","dateModified":"2026-02-12T12:50:40+00:00","description":"Szerezze meg a PariPesa kaszin\u00f3 \u00fcdv\u00f6zl\u0151 csomagj\u00e1t - ak\u00e1r 500 000 HUF \u00e9s 150 ingyenes p\u00f6rget\u00e9s 4 befizet\u00e9s\u00e9rt! Ne hagyja ki a fantasztikus aj\u00e1nd\u00e9kok lehet\u0151s\u00e9g\u00e9t - regisztr\u00e1ljon \u00e9s kezdjen el nyerni most!","breadcrumb":{"@id":"https:\/\/paripesa.team\/hu\/bonus\/casino-welcome-package\/#breadcrumb"},"inLanguage":"hu","potentialAction":[{"@type":"ReadAction","target":["https:\/\/paripesa.team\/hu\/bonus\/casino-welcome-package\/"]}]},{"@type":"BreadcrumbList","@id":"https:\/\/paripesa.team\/hu\/bonus\/casino-welcome-package\/#breadcrumb","itemListElement":[{"@type":"ListItem","position":1,"name":"Home","item":"https:\/\/paripesa.team\/hu\/"},{"@type":"ListItem","position":2,"name":"B\u00f3nusz","item":"https:\/\/paripesa.team\/hu\/bonus\/"},{"@type":"ListItem","position":3,"name":"Kaszin\u00f3 \u00fcdv\u00f6zl\u0151 csomag"}]},{"@type":"WebSite","@id":"https:\/\/paripesa.team\/hu\/#website","url":"https:\/\/paripesa.team\/hu\/","name":"Paripesa Team hu","description":"My WordPress Blog","potentialAction":[{"@type":"SearchAction","target":{"@type":"EntryPoint","urlTemplate":"https:\/\/paripesa.team\/hu\/?s={search_term_string}"},"query-input":"required name=search_term_string"}],"inLanguage":"hu"}]}},"_links":{"self":[{"href":"https:\/\/paripesa.team\/hu\/wp-json\/wp\/v2\/pages\/476","targetHints":{"allow":["GET"]}}],"collection":[{"href":"https:\/\/paripesa.team\/hu\/wp-json\/wp\/v2\/pages"}],"about":[{"href":"https:\/\/paripesa.team\/hu\/wp-json\/wp\/v2\/types\/page"}],"author":[{"embeddable":true,"href":"https:\/\/paripesa.team\/hu\/wp-json\/wp\/v2\/users\/1"}],"replies":[{"embeddable":true,"href":"https:\/\/paripesa.team\/hu\/wp-json\/wp\/v2\/comments?post=476"}],"version-history":[{"count":4,"href":"https:\/\/paripesa.team\/hu\/wp-json\/wp\/v2\/pages\/476\/revisions"}],"predecessor-version":[{"id":537,"href":"https:\/\/paripesa.team\/hu\/wp-json\/wp\/v2\/pages\/476\/revisions\/537"}],"up":[{"embeddable":true,"href":"https:\/\/paripesa.team\/hu\/wp-json\/wp\/v2\/pages\/320"}],"wp:attachment":[{"href":"https:\/\/paripesa.team\/hu\/wp-json\/wp\/v2\/media?parent=476"}],"curies":[{"name":"wp","href":"https:\/\/api.w.org\/{rel}","templated":true}]}}