{"id":471,"date":"2025-07-24T12:43:48","date_gmt":"2025-07-24T12:43:48","guid":{"rendered":"https:\/\/paripesa.team\/hu\/?page_id=471"},"modified":"2026-02-12T12:42:46","modified_gmt":"2026-02-12T12:42:46","slug":"app-bonus","status":"publish","type":"page","link":"https:\/\/paripesa.team\/hu\/bonus\/app-bonus\/","title":{"rendered":"Ingyenes fogad\u00e1si alkalmaz\u00e1s"},"content":{"rendered":"","protected":false},"excerpt":{"rendered":"","protected":false},"author":1,"featured_media":0,"parent":320,"menu_order":0,"comment_status":"closed","ping_status":"closed","template":"","meta":{"footnotes":""},"class_list":["post-471","page","type-page","status-publish","hentry"],"yoast_head":"<!-- This site is optimized with the Yoast SEO plugin v23.0 - https:\/\/yoast.com\/wordpress\/plugins\/seo\/ -->\n<title>Fogad\u00e1s a PariPesa alkalmaz\u00e1sban \u2714\ufe0f Ingyenes let\u00f6lt\u00e9s<\/title>\n<meta name=\"description\" content=\"Szerezzen ingyenes fogad\u00e1st a PariPesa alkalmaz\u00e1sban. Tegyen 1000 HUF-t\u00f3l kezd\u0151d\u0151 fogad\u00e1st, \u00e9s t\u00edz fogad\u00e1s ut\u00e1n megkapja a b\u00f3nuszt. Aktiv\u00e1lja a prom\u00f3ci\u00f3t, \u00e9s kezdjen el fogadni!\" \/>\n<meta name=\"robots\" content=\"index, follow, max-snippet:-1, max-image-preview:large, max-video-preview:-1\" \/>\n<meta property=\"og:locale\" content=\"hu_HU\" \/>\n<meta property=\"og:type\" content=\"article\" \/>\n<meta property=\"og:title\" content=\"Fogad\u00e1s a PariPesa alkalmaz\u00e1sban \u2714\ufe0f Ingyenes let\u00f6lt\u00e9s\" \/>\n<meta property=\"og:description\" content=\"Szerezzen ingyenes fogad\u00e1st a PariPesa alkalmaz\u00e1sban. Tegyen 1000 HUF-t\u00f3l kezd\u0151d\u0151 fogad\u00e1st, \u00e9s t\u00edz fogad\u00e1s ut\u00e1n megkapja a b\u00f3nuszt. Aktiv\u00e1lja a prom\u00f3ci\u00f3t, \u00e9s kezdjen el fogadni!\" \/>\n<meta property=\"og:url\" content=\"https:\/\/paripesa.team\/hu\/bonus\/app-bonus\/\" \/>\n<meta property=\"og:site_name\" content=\"Paripesa Team hu\" \/>\n<meta property=\"article:modified_time\" content=\"2026-02-12T12:42:46+00:00\" \/>\n<meta name=\"twitter:card\" content=\"summary_large_image\" \/>\n<script type=\"application\/ld+json\" class=\"yoast-schema-graph\">{\"@context\":\"https:\/\/schema.org\",\"@graph\":[{\"@type\":\"WebPage\",\"@id\":\"https:\/\/paripesa.team\/hu\/bonus\/app-bonus\/\",\"url\":\"https:\/\/paripesa.team\/hu\/bonus\/app-bonus\/\",\"name\":\"Fogad\u00e1s a PariPesa alkalmaz\u00e1sban \u2714\ufe0f Ingyenes let\u00f6lt\u00e9s\",\"isPartOf\":{\"@id\":\"https:\/\/paripesa.team\/hu\/#website\"},\"datePublished\":\"2025-07-24T12:43:48+00:00\",\"dateModified\":\"2026-02-12T12:42:46+00:00\",\"description\":\"Szerezzen ingyenes fogad\u00e1st a PariPesa alkalmaz\u00e1sban. Tegyen 1000 HUF-t\u00f3l kezd\u0151d\u0151 fogad\u00e1st, \u00e9s t\u00edz fogad\u00e1s ut\u00e1n megkapja a b\u00f3nuszt. Aktiv\u00e1lja a prom\u00f3ci\u00f3t, \u00e9s kezdjen el fogadni!\",\"breadcrumb\":{\"@id\":\"https:\/\/paripesa.team\/hu\/bonus\/app-bonus\/#breadcrumb\"},\"inLanguage\":\"hu\",\"potentialAction\":[{\"@type\":\"ReadAction\",\"target\":[\"https:\/\/paripesa.team\/hu\/bonus\/app-bonus\/\"]}]},{\"@type\":\"BreadcrumbList\",\"@id\":\"https:\/\/paripesa.team\/hu\/bonus\/app-bonus\/#breadcrumb\",\"itemListElement\":[{\"@type\":\"ListItem\",\"position\":1,\"name\":\"Home\",\"item\":\"https:\/\/paripesa.team\/hu\/\"},{\"@type\":\"ListItem\",\"position\":2,\"name\":\"B\u00f3nusz\",\"item\":\"https:\/\/paripesa.team\/hu\/bonus\/\"},{\"@type\":\"ListItem\",\"position\":3,\"name\":\"Ingyenes fogad\u00e1si alkalmaz\u00e1s\"}]},{\"@type\":\"WebSite\",\"@id\":\"https:\/\/paripesa.team\/hu\/#website\",\"url\":\"https:\/\/paripesa.team\/hu\/\",\"name\":\"Paripesa Team hu\",\"description\":\"My WordPress Blog\",\"potentialAction\":[{\"@type\":\"SearchAction\",\"target\":{\"@type\":\"EntryPoint\",\"urlTemplate\":\"https:\/\/paripesa.team\/hu\/?s={search_term_string}\"},\"query-input\":\"required name=search_term_string\"}],\"inLanguage\":\"hu\"}]}<\/script>\n<!-- \/ Yoast SEO plugin. -->","yoast_head_json":{"title":"Fogad\u00e1s a PariPesa alkalmaz\u00e1sban \u2714\ufe0f Ingyenes let\u00f6lt\u00e9s","description":"Szerezzen ingyenes fogad\u00e1st a PariPesa alkalmaz\u00e1sban. Tegyen 1000 HUF-t\u00f3l kezd\u0151d\u0151 fogad\u00e1st, \u00e9s t\u00edz fogad\u00e1s ut\u00e1n megkapja a b\u00f3nuszt. Aktiv\u00e1lja a prom\u00f3ci\u00f3t, \u00e9s kezdjen el fogadni!","robots":{"index":"index","follow":"follow","max-snippet":"max-snippet:-1","max-image-preview":"max-image-preview:large","max-video-preview":"max-video-preview:-1"},"og_locale":"hu_HU","og_type":"article","og_title":"Fogad\u00e1s a PariPesa alkalmaz\u00e1sban \u2714\ufe0f Ingyenes let\u00f6lt\u00e9s","og_description":"Szerezzen ingyenes fogad\u00e1st a PariPesa alkalmaz\u00e1sban. Tegyen 1000 HUF-t\u00f3l kezd\u0151d\u0151 fogad\u00e1st, \u00e9s t\u00edz fogad\u00e1s ut\u00e1n megkapja a b\u00f3nuszt. Aktiv\u00e1lja a prom\u00f3ci\u00f3t, \u00e9s kezdjen el fogadni!","og_url":"https:\/\/paripesa.team\/hu\/bonus\/app-bonus\/","og_site_name":"Paripesa Team hu","article_modified_time":"2026-02-12T12:42:46+00:00","twitter_card":"summary_large_image","schema":{"@context":"https:\/\/schema.org","@graph":[{"@type":"WebPage","@id":"https:\/\/paripesa.team\/hu\/bonus\/app-bonus\/","url":"https:\/\/paripesa.team\/hu\/bonus\/app-bonus\/","name":"Fogad\u00e1s a PariPesa alkalmaz\u00e1sban \u2714\ufe0f Ingyenes let\u00f6lt\u00e9s","isPartOf":{"@id":"https:\/\/paripesa.team\/hu\/#website"},"datePublished":"2025-07-24T12:43:48+00:00","dateModified":"2026-02-12T12:42:46+00:00","description":"Szerezzen ingyenes fogad\u00e1st a PariPesa alkalmaz\u00e1sban. Tegyen 1000 HUF-t\u00f3l kezd\u0151d\u0151 fogad\u00e1st, \u00e9s t\u00edz fogad\u00e1s ut\u00e1n megkapja a b\u00f3nuszt. Aktiv\u00e1lja a prom\u00f3ci\u00f3t, \u00e9s kezdjen el fogadni!","breadcrumb":{"@id":"https:\/\/paripesa.team\/hu\/bonus\/app-bonus\/#breadcrumb"},"inLanguage":"hu","potentialAction":[{"@type":"ReadAction","target":["https:\/\/paripesa.team\/hu\/bonus\/app-bonus\/"]}]},{"@type":"BreadcrumbList","@id":"https:\/\/paripesa.team\/hu\/bonus\/app-bonus\/#breadcrumb","itemListElement":[{"@type":"ListItem","position":1,"name":"Home","item":"https:\/\/paripesa.team\/hu\/"},{"@type":"ListItem","position":2,"name":"B\u00f3nusz","item":"https:\/\/paripesa.team\/hu\/bonus\/"},{"@type":"ListItem","position":3,"name":"Ingyenes fogad\u00e1si alkalmaz\u00e1s"}]},{"@type":"WebSite","@id":"https:\/\/paripesa.team\/hu\/#website","url":"https:\/\/paripesa.team\/hu\/","name":"Paripesa Team hu","description":"My WordPress Blog","potentialAction":[{"@type":"SearchAction","target":{"@type":"EntryPoint","urlTemplate":"https:\/\/paripesa.team\/hu\/?s={search_term_string}"},"query-input":"required name=search_term_string"}],"inLanguage":"hu"}]}},"_links":{"self":[{"href":"https:\/\/paripesa.team\/hu\/wp-json\/wp\/v2\/pages\/471","targetHints":{"allow":["GET"]}}],"collection":[{"href":"https:\/\/paripesa.team\/hu\/wp-json\/wp\/v2\/pages"}],"about":[{"href":"https:\/\/paripesa.team\/hu\/wp-json\/wp\/v2\/types\/page"}],"author":[{"embeddable":true,"href":"https:\/\/paripesa.team\/hu\/wp-json\/wp\/v2\/users\/1"}],"replies":[{"embeddable":true,"href":"https:\/\/paripesa.team\/hu\/wp-json\/wp\/v2\/comments?post=471"}],"version-history":[{"count":4,"href":"https:\/\/paripesa.team\/hu\/wp-json\/wp\/v2\/pages\/471\/revisions"}],"predecessor-version":[{"id":535,"href":"https:\/\/paripesa.team\/hu\/wp-json\/wp\/v2\/pages\/471\/revisions\/535"}],"up":[{"embeddable":true,"href":"https:\/\/paripesa.team\/hu\/wp-json\/wp\/v2\/pages\/320"}],"wp:attachment":[{"href":"https:\/\/paripesa.team\/hu\/wp-json\/wp\/v2\/media?parent=471"}],"curies":[{"name":"wp","href":"https:\/\/api.w.org\/{rel}","templated":true}]}}