{"id":467,"date":"2025-07-24T12:34:00","date_gmt":"2025-07-24T12:34:00","guid":{"rendered":"https:\/\/paripesa.team\/hu\/?page_id=467"},"modified":"2026-02-12T12:55:19","modified_gmt":"2026-02-12T12:55:19","slug":"cricket-bonus","status":"publish","type":"page","link":"https:\/\/paripesa.team\/hu\/bonus\/cricket-bonus\/","title":{"rendered":"Krikett b\u00f3nusz"},"content":{"rendered":"","protected":false},"excerpt":{"rendered":"","protected":false},"author":1,"featured_media":0,"parent":320,"menu_order":0,"comment_status":"closed","ping_status":"closed","template":"","meta":{"footnotes":""},"class_list":["post-467","page","type-page","status-publish","hentry"],"yoast_head":"<!-- This site is optimized with the Yoast SEO plugin v23.0 - https:\/\/yoast.com\/wordpress\/plugins\/seo\/ -->\n<title>PariPesa krikett b\u00f3nusz \u27a4 Heti ingyenes fogad\u00e1sok<\/title>\n<meta name=\"description\" content=\"Ne hagyja ki a PariPesa krikett b\u00f3nusz\u00e1t! Hetente ingyenes fogad\u00e1sok 1000 HUF vagy ann\u00e1l nagyobb \u00f6sszeg\u0171 krikett m\u00e9rk\u0151z\u00e9sekre.\" \/>\n<meta name=\"robots\" content=\"index, follow, max-snippet:-1, max-image-preview:large, max-video-preview:-1\" \/>\n<meta property=\"og:locale\" content=\"hu_HU\" \/>\n<meta property=\"og:type\" content=\"article\" \/>\n<meta property=\"og:title\" content=\"PariPesa krikett b\u00f3nusz \u27a4 Heti ingyenes fogad\u00e1sok\" \/>\n<meta property=\"og:description\" content=\"Ne hagyja ki a PariPesa krikett b\u00f3nusz\u00e1t! Hetente ingyenes fogad\u00e1sok 1000 HUF vagy ann\u00e1l nagyobb \u00f6sszeg\u0171 krikett m\u00e9rk\u0151z\u00e9sekre.\" \/>\n<meta property=\"og:url\" content=\"https:\/\/paripesa.team\/hu\/bonus\/cricket-bonus\/\" \/>\n<meta property=\"og:site_name\" content=\"Paripesa Team hu\" \/>\n<meta property=\"article:modified_time\" content=\"2026-02-12T12:55:19+00:00\" \/>\n<meta name=\"twitter:card\" content=\"summary_large_image\" \/>\n<script type=\"application\/ld+json\" class=\"yoast-schema-graph\">{\"@context\":\"https:\/\/schema.org\",\"@graph\":[{\"@type\":\"WebPage\",\"@id\":\"https:\/\/paripesa.team\/hu\/bonus\/cricket-bonus\/\",\"url\":\"https:\/\/paripesa.team\/hu\/bonus\/cricket-bonus\/\",\"name\":\"PariPesa krikett b\u00f3nusz \u27a4 Heti ingyenes fogad\u00e1sok\",\"isPartOf\":{\"@id\":\"https:\/\/paripesa.team\/hu\/#website\"},\"datePublished\":\"2025-07-24T12:34:00+00:00\",\"dateModified\":\"2026-02-12T12:55:19+00:00\",\"description\":\"Ne hagyja ki a PariPesa krikett b\u00f3nusz\u00e1t! Hetente ingyenes fogad\u00e1sok 1000 HUF vagy ann\u00e1l nagyobb \u00f6sszeg\u0171 krikett m\u00e9rk\u0151z\u00e9sekre.\",\"breadcrumb\":{\"@id\":\"https:\/\/paripesa.team\/hu\/bonus\/cricket-bonus\/#breadcrumb\"},\"inLanguage\":\"hu\",\"potentialAction\":[{\"@type\":\"ReadAction\",\"target\":[\"https:\/\/paripesa.team\/hu\/bonus\/cricket-bonus\/\"]}]},{\"@type\":\"BreadcrumbList\",\"@id\":\"https:\/\/paripesa.team\/hu\/bonus\/cricket-bonus\/#breadcrumb\",\"itemListElement\":[{\"@type\":\"ListItem\",\"position\":1,\"name\":\"Home\",\"item\":\"https:\/\/paripesa.team\/hu\/\"},{\"@type\":\"ListItem\",\"position\":2,\"name\":\"B\u00f3nusz\",\"item\":\"https:\/\/paripesa.team\/hu\/bonus\/\"},{\"@type\":\"ListItem\",\"position\":3,\"name\":\"Krikett b\u00f3nusz\"}]},{\"@type\":\"WebSite\",\"@id\":\"https:\/\/paripesa.team\/hu\/#website\",\"url\":\"https:\/\/paripesa.team\/hu\/\",\"name\":\"Paripesa Team hu\",\"description\":\"My WordPress Blog\",\"potentialAction\":[{\"@type\":\"SearchAction\",\"target\":{\"@type\":\"EntryPoint\",\"urlTemplate\":\"https:\/\/paripesa.team\/hu\/?s={search_term_string}\"},\"query-input\":\"required name=search_term_string\"}],\"inLanguage\":\"hu\"}]}<\/script>\n<!-- \/ Yoast SEO plugin. -->","yoast_head_json":{"title":"PariPesa krikett b\u00f3nusz \u27a4 Heti ingyenes fogad\u00e1sok","description":"Ne hagyja ki a PariPesa krikett b\u00f3nusz\u00e1t! Hetente ingyenes fogad\u00e1sok 1000 HUF vagy ann\u00e1l nagyobb \u00f6sszeg\u0171 krikett m\u00e9rk\u0151z\u00e9sekre.","robots":{"index":"index","follow":"follow","max-snippet":"max-snippet:-1","max-image-preview":"max-image-preview:large","max-video-preview":"max-video-preview:-1"},"og_locale":"hu_HU","og_type":"article","og_title":"PariPesa krikett b\u00f3nusz \u27a4 Heti ingyenes fogad\u00e1sok","og_description":"Ne hagyja ki a PariPesa krikett b\u00f3nusz\u00e1t! Hetente ingyenes fogad\u00e1sok 1000 HUF vagy ann\u00e1l nagyobb \u00f6sszeg\u0171 krikett m\u00e9rk\u0151z\u00e9sekre.","og_url":"https:\/\/paripesa.team\/hu\/bonus\/cricket-bonus\/","og_site_name":"Paripesa Team hu","article_modified_time":"2026-02-12T12:55:19+00:00","twitter_card":"summary_large_image","schema":{"@context":"https:\/\/schema.org","@graph":[{"@type":"WebPage","@id":"https:\/\/paripesa.team\/hu\/bonus\/cricket-bonus\/","url":"https:\/\/paripesa.team\/hu\/bonus\/cricket-bonus\/","name":"PariPesa krikett b\u00f3nusz \u27a4 Heti ingyenes fogad\u00e1sok","isPartOf":{"@id":"https:\/\/paripesa.team\/hu\/#website"},"datePublished":"2025-07-24T12:34:00+00:00","dateModified":"2026-02-12T12:55:19+00:00","description":"Ne hagyja ki a PariPesa krikett b\u00f3nusz\u00e1t! Hetente ingyenes fogad\u00e1sok 1000 HUF vagy ann\u00e1l nagyobb \u00f6sszeg\u0171 krikett m\u00e9rk\u0151z\u00e9sekre.","breadcrumb":{"@id":"https:\/\/paripesa.team\/hu\/bonus\/cricket-bonus\/#breadcrumb"},"inLanguage":"hu","potentialAction":[{"@type":"ReadAction","target":["https:\/\/paripesa.team\/hu\/bonus\/cricket-bonus\/"]}]},{"@type":"BreadcrumbList","@id":"https:\/\/paripesa.team\/hu\/bonus\/cricket-bonus\/#breadcrumb","itemListElement":[{"@type":"ListItem","position":1,"name":"Home","item":"https:\/\/paripesa.team\/hu\/"},{"@type":"ListItem","position":2,"name":"B\u00f3nusz","item":"https:\/\/paripesa.team\/hu\/bonus\/"},{"@type":"ListItem","position":3,"name":"Krikett b\u00f3nusz"}]},{"@type":"WebSite","@id":"https:\/\/paripesa.team\/hu\/#website","url":"https:\/\/paripesa.team\/hu\/","name":"Paripesa Team hu","description":"My WordPress Blog","potentialAction":[{"@type":"SearchAction","target":{"@type":"EntryPoint","urlTemplate":"https:\/\/paripesa.team\/hu\/?s={search_term_string}"},"query-input":"required name=search_term_string"}],"inLanguage":"hu"}]}},"_links":{"self":[{"href":"https:\/\/paripesa.team\/hu\/wp-json\/wp\/v2\/pages\/467","targetHints":{"allow":["GET"]}}],"collection":[{"href":"https:\/\/paripesa.team\/hu\/wp-json\/wp\/v2\/pages"}],"about":[{"href":"https:\/\/paripesa.team\/hu\/wp-json\/wp\/v2\/types\/page"}],"author":[{"embeddable":true,"href":"https:\/\/paripesa.team\/hu\/wp-json\/wp\/v2\/users\/1"}],"replies":[{"embeddable":true,"href":"https:\/\/paripesa.team\/hu\/wp-json\/wp\/v2\/comments?post=467"}],"version-history":[{"count":4,"href":"https:\/\/paripesa.team\/hu\/wp-json\/wp\/v2\/pages\/467\/revisions"}],"predecessor-version":[{"id":539,"href":"https:\/\/paripesa.team\/hu\/wp-json\/wp\/v2\/pages\/467\/revisions\/539"}],"up":[{"embeddable":true,"href":"https:\/\/paripesa.team\/hu\/wp-json\/wp\/v2\/pages\/320"}],"wp:attachment":[{"href":"https:\/\/paripesa.team\/hu\/wp-json\/wp\/v2\/media?parent=467"}],"curies":[{"name":"wp","href":"https:\/\/api.w.org\/{rel}","templated":true}]}}