{"id":455,"date":"2025-07-24T11:17:32","date_gmt":"2025-07-24T11:17:32","guid":{"rendered":"https:\/\/paripesa.team\/hu\/?page_id=455"},"modified":"2026-03-06T06:24:24","modified_gmt":"2026-03-06T06:24:24","slug":"first-deposit","status":"publish","type":"page","link":"https:\/\/paripesa.team\/hu\/bonus\/first-deposit\/","title":{"rendered":"Els\u0151 befizet\u00e9s"},"content":{"rendered":"","protected":false},"excerpt":{"rendered":"","protected":false},"author":1,"featured_media":0,"parent":320,"menu_order":0,"comment_status":"closed","ping_status":"closed","template":"","meta":{"footnotes":""},"class_list":["post-455","page","type-page","status-publish","hentry"],"yoast_head":"<!-- This site is optimized with the Yoast SEO plugin v23.0 - https:\/\/yoast.com\/wordpress\/plugins\/seo\/ -->\n<title>PariPesa Sport \u00fcdv\u00f6zl\u0151 b\u00f3nusz: \u2714 Ak\u00e1r 30 000 HUF is lehet a ti\u00e9d!<\/title>\n<meta name=\"description\" content=\"Ak\u00e1r 30 000 HUF b\u00f3nuszt kaphat a PariPesa-t\u00f3l sportfogad\u00e1sra. Dupl\u00e1zza meg els\u0151 befizet\u00e9s\u00e9t, \u00e9s mer\u00fclj\u00f6n el a sport vil\u00e1g\u00e1ban. Ne hagyja ki a nyeres\u00e9get!\" \/>\n<meta name=\"robots\" content=\"index, follow, max-snippet:-1, max-image-preview:large, max-video-preview:-1\" \/>\n<meta property=\"og:locale\" content=\"hu_HU\" \/>\n<meta property=\"og:type\" content=\"article\" \/>\n<meta property=\"og:title\" content=\"PariPesa Sport \u00fcdv\u00f6zl\u0151 b\u00f3nusz: \u2714 Ak\u00e1r 30 000 HUF is lehet a ti\u00e9d!\" \/>\n<meta property=\"og:description\" content=\"Ak\u00e1r 30 000 HUF b\u00f3nuszt kaphat a PariPesa-t\u00f3l sportfogad\u00e1sra. Dupl\u00e1zza meg els\u0151 befizet\u00e9s\u00e9t, \u00e9s mer\u00fclj\u00f6n el a sport vil\u00e1g\u00e1ban. Ne hagyja ki a nyeres\u00e9get!\" \/>\n<meta property=\"og:url\" content=\"https:\/\/paripesa.team\/hu\/bonus\/first-deposit\/\" \/>\n<meta property=\"og:site_name\" content=\"Paripesa Team hu\" \/>\n<meta property=\"article:modified_time\" content=\"2026-03-06T06:24:24+00:00\" \/>\n<meta name=\"twitter:card\" content=\"summary_large_image\" \/>\n<script type=\"application\/ld+json\" class=\"yoast-schema-graph\">{\"@context\":\"https:\/\/schema.org\",\"@graph\":[{\"@type\":\"WebPage\",\"@id\":\"https:\/\/paripesa.team\/hu\/bonus\/first-deposit\/\",\"url\":\"https:\/\/paripesa.team\/hu\/bonus\/first-deposit\/\",\"name\":\"PariPesa Sport \u00fcdv\u00f6zl\u0151 b\u00f3nusz: \u2714 Ak\u00e1r 30 000 HUF is lehet a ti\u00e9d!\",\"isPartOf\":{\"@id\":\"https:\/\/paripesa.team\/hu\/#website\"},\"datePublished\":\"2025-07-24T11:17:32+00:00\",\"dateModified\":\"2026-03-06T06:24:24+00:00\",\"description\":\"Ak\u00e1r 30 000 HUF b\u00f3nuszt kaphat a PariPesa-t\u00f3l sportfogad\u00e1sra. Dupl\u00e1zza meg els\u0151 befizet\u00e9s\u00e9t, \u00e9s mer\u00fclj\u00f6n el a sport vil\u00e1g\u00e1ban. Ne hagyja ki a nyeres\u00e9get!\",\"breadcrumb\":{\"@id\":\"https:\/\/paripesa.team\/hu\/bonus\/first-deposit\/#breadcrumb\"},\"inLanguage\":\"hu\",\"potentialAction\":[{\"@type\":\"ReadAction\",\"target\":[\"https:\/\/paripesa.team\/hu\/bonus\/first-deposit\/\"]}]},{\"@type\":\"BreadcrumbList\",\"@id\":\"https:\/\/paripesa.team\/hu\/bonus\/first-deposit\/#breadcrumb\",\"itemListElement\":[{\"@type\":\"ListItem\",\"position\":1,\"name\":\"Home\",\"item\":\"https:\/\/paripesa.team\/hu\/\"},{\"@type\":\"ListItem\",\"position\":2,\"name\":\"B\u00f3nusz\",\"item\":\"https:\/\/paripesa.team\/hu\/bonus\/\"},{\"@type\":\"ListItem\",\"position\":3,\"name\":\"Els\u0151 befizet\u00e9s\"}]},{\"@type\":\"WebSite\",\"@id\":\"https:\/\/paripesa.team\/hu\/#website\",\"url\":\"https:\/\/paripesa.team\/hu\/\",\"name\":\"Paripesa Team hu\",\"description\":\"My WordPress Blog\",\"potentialAction\":[{\"@type\":\"SearchAction\",\"target\":{\"@type\":\"EntryPoint\",\"urlTemplate\":\"https:\/\/paripesa.team\/hu\/?s={search_term_string}\"},\"query-input\":\"required name=search_term_string\"}],\"inLanguage\":\"hu\"}]}<\/script>\n<!-- \/ Yoast SEO plugin. -->","yoast_head_json":{"title":"PariPesa Sport \u00fcdv\u00f6zl\u0151 b\u00f3nusz: \u2714 Ak\u00e1r 30 000 HUF is lehet a ti\u00e9d!","description":"Ak\u00e1r 30 000 HUF b\u00f3nuszt kaphat a PariPesa-t\u00f3l sportfogad\u00e1sra. Dupl\u00e1zza meg els\u0151 befizet\u00e9s\u00e9t, \u00e9s mer\u00fclj\u00f6n el a sport vil\u00e1g\u00e1ban. Ne hagyja ki a nyeres\u00e9get!","robots":{"index":"index","follow":"follow","max-snippet":"max-snippet:-1","max-image-preview":"max-image-preview:large","max-video-preview":"max-video-preview:-1"},"og_locale":"hu_HU","og_type":"article","og_title":"PariPesa Sport \u00fcdv\u00f6zl\u0151 b\u00f3nusz: \u2714 Ak\u00e1r 30 000 HUF is lehet a ti\u00e9d!","og_description":"Ak\u00e1r 30 000 HUF b\u00f3nuszt kaphat a PariPesa-t\u00f3l sportfogad\u00e1sra. Dupl\u00e1zza meg els\u0151 befizet\u00e9s\u00e9t, \u00e9s mer\u00fclj\u00f6n el a sport vil\u00e1g\u00e1ban. Ne hagyja ki a nyeres\u00e9get!","og_url":"https:\/\/paripesa.team\/hu\/bonus\/first-deposit\/","og_site_name":"Paripesa Team hu","article_modified_time":"2026-03-06T06:24:24+00:00","twitter_card":"summary_large_image","schema":{"@context":"https:\/\/schema.org","@graph":[{"@type":"WebPage","@id":"https:\/\/paripesa.team\/hu\/bonus\/first-deposit\/","url":"https:\/\/paripesa.team\/hu\/bonus\/first-deposit\/","name":"PariPesa Sport \u00fcdv\u00f6zl\u0151 b\u00f3nusz: \u2714 Ak\u00e1r 30 000 HUF is lehet a ti\u00e9d!","isPartOf":{"@id":"https:\/\/paripesa.team\/hu\/#website"},"datePublished":"2025-07-24T11:17:32+00:00","dateModified":"2026-03-06T06:24:24+00:00","description":"Ak\u00e1r 30 000 HUF b\u00f3nuszt kaphat a PariPesa-t\u00f3l sportfogad\u00e1sra. Dupl\u00e1zza meg els\u0151 befizet\u00e9s\u00e9t, \u00e9s mer\u00fclj\u00f6n el a sport vil\u00e1g\u00e1ban. Ne hagyja ki a nyeres\u00e9get!","breadcrumb":{"@id":"https:\/\/paripesa.team\/hu\/bonus\/first-deposit\/#breadcrumb"},"inLanguage":"hu","potentialAction":[{"@type":"ReadAction","target":["https:\/\/paripesa.team\/hu\/bonus\/first-deposit\/"]}]},{"@type":"BreadcrumbList","@id":"https:\/\/paripesa.team\/hu\/bonus\/first-deposit\/#breadcrumb","itemListElement":[{"@type":"ListItem","position":1,"name":"Home","item":"https:\/\/paripesa.team\/hu\/"},{"@type":"ListItem","position":2,"name":"B\u00f3nusz","item":"https:\/\/paripesa.team\/hu\/bonus\/"},{"@type":"ListItem","position":3,"name":"Els\u0151 befizet\u00e9s"}]},{"@type":"WebSite","@id":"https:\/\/paripesa.team\/hu\/#website","url":"https:\/\/paripesa.team\/hu\/","name":"Paripesa Team hu","description":"My WordPress Blog","potentialAction":[{"@type":"SearchAction","target":{"@type":"EntryPoint","urlTemplate":"https:\/\/paripesa.team\/hu\/?s={search_term_string}"},"query-input":"required name=search_term_string"}],"inLanguage":"hu"}]}},"_links":{"self":[{"href":"https:\/\/paripesa.team\/hu\/wp-json\/wp\/v2\/pages\/455","targetHints":{"allow":["GET"]}}],"collection":[{"href":"https:\/\/paripesa.team\/hu\/wp-json\/wp\/v2\/pages"}],"about":[{"href":"https:\/\/paripesa.team\/hu\/wp-json\/wp\/v2\/types\/page"}],"author":[{"embeddable":true,"href":"https:\/\/paripesa.team\/hu\/wp-json\/wp\/v2\/users\/1"}],"replies":[{"embeddable":true,"href":"https:\/\/paripesa.team\/hu\/wp-json\/wp\/v2\/comments?post=455"}],"version-history":[{"count":6,"href":"https:\/\/paripesa.team\/hu\/wp-json\/wp\/v2\/pages\/455\/revisions"}],"predecessor-version":[{"id":557,"href":"https:\/\/paripesa.team\/hu\/wp-json\/wp\/v2\/pages\/455\/revisions\/557"}],"up":[{"embeddable":true,"href":"https:\/\/paripesa.team\/hu\/wp-json\/wp\/v2\/pages\/320"}],"wp:attachment":[{"href":"https:\/\/paripesa.team\/hu\/wp-json\/wp\/v2\/media?parent=455"}],"curies":[{"name":"wp","href":"https:\/\/api.w.org\/{rel}","templated":true}]}}