{"id":361,"date":"2025-03-25T14:39:30","date_gmt":"2025-03-25T14:39:30","guid":{"rendered":"https:\/\/paripesa.team\/hu\/ru\/?page_id=361"},"modified":"2026-02-12T16:49:43","modified_gmt":"2026-02-12T16:49:43","slug":"registration","status":"publish","type":"page","link":"https:\/\/paripesa.team\/hu\/registration\/","title":{"rendered":"Regisztr\u00e1ci\u00f3"},"content":{"rendered":"","protected":false},"excerpt":{"rendered":"","protected":false},"author":1,"featured_media":0,"parent":0,"menu_order":0,"comment_status":"closed","ping_status":"closed","template":"","meta":{"footnotes":""},"class_list":["post-361","page","type-page","status-publish","hentry"],"yoast_head":"<!-- This site is optimized with the Yoast SEO plugin v23.0 - https:\/\/yoast.com\/wordpress\/plugins\/seo\/ -->\n<title>Paripesa regisztr\u00e1ci\u00f3 \ud83d\udd39 Hogyan lehet fi\u00f3kot l\u00e9trehozni?<\/title>\n<meta name=\"description\" content=\"Ismerje meg, hogyan regisztr\u00e1lhat a Paripesa sportfogad\u00e1si \u00e9s kaszin\u00f3 platformra\u26a1 Fedezze fel az exkluz\u00edv b\u00f3nuszokat \u00e9s izgalmas j\u00e1t\u00e9kokat\" \/>\n<meta name=\"robots\" content=\"index, follow, max-snippet:-1, max-image-preview:large, max-video-preview:-1\" \/>\n<meta property=\"og:locale\" content=\"hu_HU\" \/>\n<meta property=\"og:type\" content=\"article\" \/>\n<meta property=\"og:title\" content=\"Paripesa regisztr\u00e1ci\u00f3 \ud83d\udd39 Hogyan lehet fi\u00f3kot l\u00e9trehozni?\" \/>\n<meta property=\"og:description\" content=\"Ismerje meg, hogyan regisztr\u00e1lhat a Paripesa sportfogad\u00e1si \u00e9s kaszin\u00f3 platformra\u26a1 Fedezze fel az exkluz\u00edv b\u00f3nuszokat \u00e9s izgalmas j\u00e1t\u00e9kokat\" \/>\n<meta property=\"og:url\" content=\"https:\/\/paripesa.team\/hu\/registration\/\" \/>\n<meta property=\"og:site_name\" content=\"Paripesa Team hu\" \/>\n<meta property=\"article:modified_time\" content=\"2026-02-12T16:49:43+00:00\" \/>\n<meta name=\"twitter:card\" content=\"summary_large_image\" \/>\n<script type=\"application\/ld+json\" class=\"yoast-schema-graph\">{\"@context\":\"https:\/\/schema.org\",\"@graph\":[{\"@type\":\"WebPage\",\"@id\":\"https:\/\/paripesa.team\/hu\/registration\/\",\"url\":\"https:\/\/paripesa.team\/hu\/registration\/\",\"name\":\"Paripesa regisztr\u00e1ci\u00f3 \ud83d\udd39 Hogyan lehet fi\u00f3kot l\u00e9trehozni?\",\"isPartOf\":{\"@id\":\"https:\/\/paripesa.team\/hu\/#website\"},\"datePublished\":\"2025-03-25T14:39:30+00:00\",\"dateModified\":\"2026-02-12T16:49:43+00:00\",\"description\":\"Ismerje meg, hogyan regisztr\u00e1lhat a Paripesa sportfogad\u00e1si \u00e9s kaszin\u00f3 platformra\u26a1 Fedezze fel az exkluz\u00edv b\u00f3nuszokat \u00e9s izgalmas j\u00e1t\u00e9kokat\",\"breadcrumb\":{\"@id\":\"https:\/\/paripesa.team\/hu\/registration\/#breadcrumb\"},\"inLanguage\":\"hu\",\"potentialAction\":[{\"@type\":\"ReadAction\",\"target\":[\"https:\/\/paripesa.team\/hu\/registration\/\"]}]},{\"@type\":\"BreadcrumbList\",\"@id\":\"https:\/\/paripesa.team\/hu\/registration\/#breadcrumb\",\"itemListElement\":[{\"@type\":\"ListItem\",\"position\":1,\"name\":\"Home\",\"item\":\"https:\/\/paripesa.team\/hu\/\"},{\"@type\":\"ListItem\",\"position\":2,\"name\":\"Regisztr\u00e1ci\u00f3\"}]},{\"@type\":\"WebSite\",\"@id\":\"https:\/\/paripesa.team\/hu\/#website\",\"url\":\"https:\/\/paripesa.team\/hu\/\",\"name\":\"Paripesa Team hu\",\"description\":\"My WordPress Blog\",\"potentialAction\":[{\"@type\":\"SearchAction\",\"target\":{\"@type\":\"EntryPoint\",\"urlTemplate\":\"https:\/\/paripesa.team\/hu\/?s={search_term_string}\"},\"query-input\":\"required name=search_term_string\"}],\"inLanguage\":\"hu\"}]}<\/script>\n<!-- \/ Yoast SEO plugin. -->","yoast_head_json":{"title":"Paripesa regisztr\u00e1ci\u00f3 \ud83d\udd39 Hogyan lehet fi\u00f3kot l\u00e9trehozni?","description":"Ismerje meg, hogyan regisztr\u00e1lhat a Paripesa sportfogad\u00e1si \u00e9s kaszin\u00f3 platformra\u26a1 Fedezze fel az exkluz\u00edv b\u00f3nuszokat \u00e9s izgalmas j\u00e1t\u00e9kokat","robots":{"index":"index","follow":"follow","max-snippet":"max-snippet:-1","max-image-preview":"max-image-preview:large","max-video-preview":"max-video-preview:-1"},"og_locale":"hu_HU","og_type":"article","og_title":"Paripesa regisztr\u00e1ci\u00f3 \ud83d\udd39 Hogyan lehet fi\u00f3kot l\u00e9trehozni?","og_description":"Ismerje meg, hogyan regisztr\u00e1lhat a Paripesa sportfogad\u00e1si \u00e9s kaszin\u00f3 platformra\u26a1 Fedezze fel az exkluz\u00edv b\u00f3nuszokat \u00e9s izgalmas j\u00e1t\u00e9kokat","og_url":"https:\/\/paripesa.team\/hu\/registration\/","og_site_name":"Paripesa Team hu","article_modified_time":"2026-02-12T16:49:43+00:00","twitter_card":"summary_large_image","schema":{"@context":"https:\/\/schema.org","@graph":[{"@type":"WebPage","@id":"https:\/\/paripesa.team\/hu\/registration\/","url":"https:\/\/paripesa.team\/hu\/registration\/","name":"Paripesa regisztr\u00e1ci\u00f3 \ud83d\udd39 Hogyan lehet fi\u00f3kot l\u00e9trehozni?","isPartOf":{"@id":"https:\/\/paripesa.team\/hu\/#website"},"datePublished":"2025-03-25T14:39:30+00:00","dateModified":"2026-02-12T16:49:43+00:00","description":"Ismerje meg, hogyan regisztr\u00e1lhat a Paripesa sportfogad\u00e1si \u00e9s kaszin\u00f3 platformra\u26a1 Fedezze fel az exkluz\u00edv b\u00f3nuszokat \u00e9s izgalmas j\u00e1t\u00e9kokat","breadcrumb":{"@id":"https:\/\/paripesa.team\/hu\/registration\/#breadcrumb"},"inLanguage":"hu","potentialAction":[{"@type":"ReadAction","target":["https:\/\/paripesa.team\/hu\/registration\/"]}]},{"@type":"BreadcrumbList","@id":"https:\/\/paripesa.team\/hu\/registration\/#breadcrumb","itemListElement":[{"@type":"ListItem","position":1,"name":"Home","item":"https:\/\/paripesa.team\/hu\/"},{"@type":"ListItem","position":2,"name":"Regisztr\u00e1ci\u00f3"}]},{"@type":"WebSite","@id":"https:\/\/paripesa.team\/hu\/#website","url":"https:\/\/paripesa.team\/hu\/","name":"Paripesa Team hu","description":"My WordPress Blog","potentialAction":[{"@type":"SearchAction","target":{"@type":"EntryPoint","urlTemplate":"https:\/\/paripesa.team\/hu\/?s={search_term_string}"},"query-input":"required name=search_term_string"}],"inLanguage":"hu"}]}},"_links":{"self":[{"href":"https:\/\/paripesa.team\/hu\/wp-json\/wp\/v2\/pages\/361","targetHints":{"allow":["GET"]}}],"collection":[{"href":"https:\/\/paripesa.team\/hu\/wp-json\/wp\/v2\/pages"}],"about":[{"href":"https:\/\/paripesa.team\/hu\/wp-json\/wp\/v2\/types\/page"}],"author":[{"embeddable":true,"href":"https:\/\/paripesa.team\/hu\/wp-json\/wp\/v2\/users\/1"}],"replies":[{"embeddable":true,"href":"https:\/\/paripesa.team\/hu\/wp-json\/wp\/v2\/comments?post=361"}],"version-history":[{"count":10,"href":"https:\/\/paripesa.team\/hu\/wp-json\/wp\/v2\/pages\/361\/revisions"}],"predecessor-version":[{"id":550,"href":"https:\/\/paripesa.team\/hu\/wp-json\/wp\/v2\/pages\/361\/revisions\/550"}],"wp:attachment":[{"href":"https:\/\/paripesa.team\/hu\/wp-json\/wp\/v2\/media?parent=361"}],"curies":[{"name":"wp","href":"https:\/\/api.w.org\/{rel}","templated":true}]}}