{"id":343,"date":"2025-03-25T12:23:10","date_gmt":"2025-03-25T12:23:10","guid":{"rendered":"https:\/\/paripesa.team\/hu\/ru\/?page_id=343"},"modified":"2026-02-12T16:35:42","modified_gmt":"2026-02-12T16:35:42","slug":"promo-code","status":"publish","type":"page","link":"https:\/\/paripesa.team\/hu\/promo-code\/","title":{"rendered":"Prom\u00f3ci\u00f3s k\u00f3d"},"content":{"rendered":"","protected":false},"excerpt":{"rendered":"","protected":false},"author":1,"featured_media":0,"parent":0,"menu_order":0,"comment_status":"closed","ping_status":"closed","template":"","meta":{"footnotes":""},"class_list":["post-343","page","type-page","status-publish","hentry"],"yoast_head":"<!-- This site is optimized with the Yoast SEO plugin v23.0 - https:\/\/yoast.com\/wordpress\/plugins\/seo\/ -->\n<title>Paripesa prom\u00f3ci\u00f3s k\u00f3d \u25b6\ufe0f Aktu\u00e1lis b\u00f3nuszk\u00f3dok<\/title>\n<meta name=\"description\" content=\"Tal\u00e1ld meg a legjobb Paripesa b\u00f3nuszk\u00f3dokat, \u00e9s szerezz exkluz\u00edv befizet\u00e9s n\u00e9lk\u00fcli b\u00f3nuszokat \u00e9s ingyenes p\u00f6rget\u00e9seket. Haszn\u00e1ld a Paripesa prom\u00f3ci\u00f3s k\u00f3dot, amikor regisztr\u00e1lsz. A b\u00f3nuszk\u00f3dok ingyenes p\u00f6rget\u00e9seket biztos\u00edtanak kedvenc nyer\u0151g\u00e9peiden \u00e9s ingyenes fogad\u00e1sokat n\u00e9pszer\u0171 sportesem\u00e9nyekre a Paripesa oldalon.\" \/>\n<meta name=\"robots\" content=\"index, follow, max-snippet:-1, max-image-preview:large, max-video-preview:-1\" \/>\n<meta property=\"og:locale\" content=\"hu_HU\" \/>\n<meta property=\"og:type\" content=\"article\" \/>\n<meta property=\"og:title\" content=\"Paripesa prom\u00f3ci\u00f3s k\u00f3d \u25b6\ufe0f Aktu\u00e1lis b\u00f3nuszk\u00f3dok\" \/>\n<meta property=\"og:description\" content=\"Tal\u00e1ld meg a legjobb Paripesa b\u00f3nuszk\u00f3dokat, \u00e9s szerezz exkluz\u00edv befizet\u00e9s n\u00e9lk\u00fcli b\u00f3nuszokat \u00e9s ingyenes p\u00f6rget\u00e9seket. Haszn\u00e1ld a Paripesa prom\u00f3ci\u00f3s k\u00f3dot, amikor regisztr\u00e1lsz. A b\u00f3nuszk\u00f3dok ingyenes p\u00f6rget\u00e9seket biztos\u00edtanak kedvenc nyer\u0151g\u00e9peiden \u00e9s ingyenes fogad\u00e1sokat n\u00e9pszer\u0171 sportesem\u00e9nyekre a Paripesa oldalon.\" \/>\n<meta property=\"og:url\" content=\"https:\/\/paripesa.team\/hu\/promo-code\/\" \/>\n<meta property=\"og:site_name\" content=\"Paripesa Team hu\" \/>\n<meta property=\"article:modified_time\" content=\"2026-02-12T16:35:42+00:00\" \/>\n<meta name=\"twitter:card\" content=\"summary_large_image\" \/>\n<script type=\"application\/ld+json\" class=\"yoast-schema-graph\">{\"@context\":\"https:\/\/schema.org\",\"@graph\":[{\"@type\":\"WebPage\",\"@id\":\"https:\/\/paripesa.team\/hu\/promo-code\/\",\"url\":\"https:\/\/paripesa.team\/hu\/promo-code\/\",\"name\":\"Paripesa prom\u00f3ci\u00f3s k\u00f3d \u25b6\ufe0f Aktu\u00e1lis b\u00f3nuszk\u00f3dok\",\"isPartOf\":{\"@id\":\"https:\/\/paripesa.team\/hu\/#website\"},\"datePublished\":\"2025-03-25T12:23:10+00:00\",\"dateModified\":\"2026-02-12T16:35:42+00:00\",\"description\":\"Tal\u00e1ld meg a legjobb Paripesa b\u00f3nuszk\u00f3dokat, \u00e9s szerezz exkluz\u00edv befizet\u00e9s n\u00e9lk\u00fcli b\u00f3nuszokat \u00e9s ingyenes p\u00f6rget\u00e9seket. Haszn\u00e1ld a Paripesa prom\u00f3ci\u00f3s k\u00f3dot, amikor regisztr\u00e1lsz. A b\u00f3nuszk\u00f3dok ingyenes p\u00f6rget\u00e9seket biztos\u00edtanak kedvenc nyer\u0151g\u00e9peiden \u00e9s ingyenes fogad\u00e1sokat n\u00e9pszer\u0171 sportesem\u00e9nyekre a Paripesa oldalon.\",\"breadcrumb\":{\"@id\":\"https:\/\/paripesa.team\/hu\/promo-code\/#breadcrumb\"},\"inLanguage\":\"hu\",\"potentialAction\":[{\"@type\":\"ReadAction\",\"target\":[\"https:\/\/paripesa.team\/hu\/promo-code\/\"]}]},{\"@type\":\"BreadcrumbList\",\"@id\":\"https:\/\/paripesa.team\/hu\/promo-code\/#breadcrumb\",\"itemListElement\":[{\"@type\":\"ListItem\",\"position\":1,\"name\":\"Home\",\"item\":\"https:\/\/paripesa.team\/hu\/\"},{\"@type\":\"ListItem\",\"position\":2,\"name\":\"Prom\u00f3ci\u00f3s k\u00f3d\"}]},{\"@type\":\"WebSite\",\"@id\":\"https:\/\/paripesa.team\/hu\/#website\",\"url\":\"https:\/\/paripesa.team\/hu\/\",\"name\":\"Paripesa Team hu\",\"description\":\"My WordPress Blog\",\"potentialAction\":[{\"@type\":\"SearchAction\",\"target\":{\"@type\":\"EntryPoint\",\"urlTemplate\":\"https:\/\/paripesa.team\/hu\/?s={search_term_string}\"},\"query-input\":\"required name=search_term_string\"}],\"inLanguage\":\"hu\"}]}<\/script>\n<!-- \/ Yoast SEO plugin. -->","yoast_head_json":{"title":"Paripesa prom\u00f3ci\u00f3s k\u00f3d \u25b6\ufe0f Aktu\u00e1lis b\u00f3nuszk\u00f3dok","description":"Tal\u00e1ld meg a legjobb Paripesa b\u00f3nuszk\u00f3dokat, \u00e9s szerezz exkluz\u00edv befizet\u00e9s n\u00e9lk\u00fcli b\u00f3nuszokat \u00e9s ingyenes p\u00f6rget\u00e9seket. Haszn\u00e1ld a Paripesa prom\u00f3ci\u00f3s k\u00f3dot, amikor regisztr\u00e1lsz. A b\u00f3nuszk\u00f3dok ingyenes p\u00f6rget\u00e9seket biztos\u00edtanak kedvenc nyer\u0151g\u00e9peiden \u00e9s ingyenes fogad\u00e1sokat n\u00e9pszer\u0171 sportesem\u00e9nyekre a Paripesa oldalon.","robots":{"index":"index","follow":"follow","max-snippet":"max-snippet:-1","max-image-preview":"max-image-preview:large","max-video-preview":"max-video-preview:-1"},"og_locale":"hu_HU","og_type":"article","og_title":"Paripesa prom\u00f3ci\u00f3s k\u00f3d \u25b6\ufe0f Aktu\u00e1lis b\u00f3nuszk\u00f3dok","og_description":"Tal\u00e1ld meg a legjobb Paripesa b\u00f3nuszk\u00f3dokat, \u00e9s szerezz exkluz\u00edv befizet\u00e9s n\u00e9lk\u00fcli b\u00f3nuszokat \u00e9s ingyenes p\u00f6rget\u00e9seket. Haszn\u00e1ld a Paripesa prom\u00f3ci\u00f3s k\u00f3dot, amikor regisztr\u00e1lsz. A b\u00f3nuszk\u00f3dok ingyenes p\u00f6rget\u00e9seket biztos\u00edtanak kedvenc nyer\u0151g\u00e9peiden \u00e9s ingyenes fogad\u00e1sokat n\u00e9pszer\u0171 sportesem\u00e9nyekre a Paripesa oldalon.","og_url":"https:\/\/paripesa.team\/hu\/promo-code\/","og_site_name":"Paripesa Team hu","article_modified_time":"2026-02-12T16:35:42+00:00","twitter_card":"summary_large_image","schema":{"@context":"https:\/\/schema.org","@graph":[{"@type":"WebPage","@id":"https:\/\/paripesa.team\/hu\/promo-code\/","url":"https:\/\/paripesa.team\/hu\/promo-code\/","name":"Paripesa prom\u00f3ci\u00f3s k\u00f3d \u25b6\ufe0f Aktu\u00e1lis b\u00f3nuszk\u00f3dok","isPartOf":{"@id":"https:\/\/paripesa.team\/hu\/#website"},"datePublished":"2025-03-25T12:23:10+00:00","dateModified":"2026-02-12T16:35:42+00:00","description":"Tal\u00e1ld meg a legjobb Paripesa b\u00f3nuszk\u00f3dokat, \u00e9s szerezz exkluz\u00edv befizet\u00e9s n\u00e9lk\u00fcli b\u00f3nuszokat \u00e9s ingyenes p\u00f6rget\u00e9seket. Haszn\u00e1ld a Paripesa prom\u00f3ci\u00f3s k\u00f3dot, amikor regisztr\u00e1lsz. A b\u00f3nuszk\u00f3dok ingyenes p\u00f6rget\u00e9seket biztos\u00edtanak kedvenc nyer\u0151g\u00e9peiden \u00e9s ingyenes fogad\u00e1sokat n\u00e9pszer\u0171 sportesem\u00e9nyekre a Paripesa oldalon.","breadcrumb":{"@id":"https:\/\/paripesa.team\/hu\/promo-code\/#breadcrumb"},"inLanguage":"hu","potentialAction":[{"@type":"ReadAction","target":["https:\/\/paripesa.team\/hu\/promo-code\/"]}]},{"@type":"BreadcrumbList","@id":"https:\/\/paripesa.team\/hu\/promo-code\/#breadcrumb","itemListElement":[{"@type":"ListItem","position":1,"name":"Home","item":"https:\/\/paripesa.team\/hu\/"},{"@type":"ListItem","position":2,"name":"Prom\u00f3ci\u00f3s k\u00f3d"}]},{"@type":"WebSite","@id":"https:\/\/paripesa.team\/hu\/#website","url":"https:\/\/paripesa.team\/hu\/","name":"Paripesa Team hu","description":"My WordPress Blog","potentialAction":[{"@type":"SearchAction","target":{"@type":"EntryPoint","urlTemplate":"https:\/\/paripesa.team\/hu\/?s={search_term_string}"},"query-input":"required name=search_term_string"}],"inLanguage":"hu"}]}},"_links":{"self":[{"href":"https:\/\/paripesa.team\/hu\/wp-json\/wp\/v2\/pages\/343","targetHints":{"allow":["GET"]}}],"collection":[{"href":"https:\/\/paripesa.team\/hu\/wp-json\/wp\/v2\/pages"}],"about":[{"href":"https:\/\/paripesa.team\/hu\/wp-json\/wp\/v2\/types\/page"}],"author":[{"embeddable":true,"href":"https:\/\/paripesa.team\/hu\/wp-json\/wp\/v2\/users\/1"}],"replies":[{"embeddable":true,"href":"https:\/\/paripesa.team\/hu\/wp-json\/wp\/v2\/comments?post=343"}],"version-history":[{"count":6,"href":"https:\/\/paripesa.team\/hu\/wp-json\/wp\/v2\/pages\/343\/revisions"}],"predecessor-version":[{"id":548,"href":"https:\/\/paripesa.team\/hu\/wp-json\/wp\/v2\/pages\/343\/revisions\/548"}],"wp:attachment":[{"href":"https:\/\/paripesa.team\/hu\/wp-json\/wp\/v2\/media?parent=343"}],"curies":[{"name":"wp","href":"https:\/\/api.w.org\/{rel}","templated":true}]}}