{"id":320,"date":"2025-03-18T16:05:16","date_gmt":"2025-03-18T16:05:16","guid":{"rendered":"https:\/\/paripesa.team\/hu\/ru\/?page_id=320"},"modified":"2026-02-12T12:37:20","modified_gmt":"2026-02-12T12:37:20","slug":"bonus","status":"publish","type":"page","link":"https:\/\/paripesa.team\/hu\/bonus\/","title":{"rendered":"B\u00f3nusz"},"content":{"rendered":"","protected":false},"excerpt":{"rendered":"","protected":false},"author":1,"featured_media":0,"parent":0,"menu_order":0,"comment_status":"closed","ping_status":"closed","template":"","meta":{"footnotes":""},"class_list":["post-320","page","type-page","status-publish","hentry"],"yoast_head":"<!-- This site is optimized with the Yoast SEO plugin v23.0 - https:\/\/yoast.com\/wordpress\/plugins\/seo\/ -->\n<title>Bonus Paripesa \u2714\ufe0f \u00dcdv\u00f6zl\u0151 aj\u00e1nlat \u00e9s prom\u00f3ci\u00f3k<\/title>\n<meta name=\"description\" content=\"Paripesa \u2013 100% b\u00f3nusz az els\u0151 befizet\u00e9sedre \u27a4 Ingyenes fogad\u00e1sok \u00faj j\u00e1t\u00e9kosoknak \u27a4 \u00dcdv\u00f6zl\u0151 b\u00f3nuszok regisztr\u00e1ci\u00f3\u00e9rt\" \/>\n<meta name=\"robots\" content=\"index, follow, max-snippet:-1, max-image-preview:large, max-video-preview:-1\" \/>\n<meta property=\"og:locale\" content=\"hu_HU\" \/>\n<meta property=\"og:type\" content=\"article\" \/>\n<meta property=\"og:title\" content=\"Bonus Paripesa \u2714\ufe0f \u00dcdv\u00f6zl\u0151 aj\u00e1nlat \u00e9s prom\u00f3ci\u00f3k\" \/>\n<meta property=\"og:description\" content=\"Paripesa \u2013 100% b\u00f3nusz az els\u0151 befizet\u00e9sedre \u27a4 Ingyenes fogad\u00e1sok \u00faj j\u00e1t\u00e9kosoknak \u27a4 \u00dcdv\u00f6zl\u0151 b\u00f3nuszok regisztr\u00e1ci\u00f3\u00e9rt\" \/>\n<meta property=\"og:url\" content=\"https:\/\/paripesa.team\/hu\/bonus\/\" \/>\n<meta property=\"og:site_name\" content=\"Paripesa Team hu\" \/>\n<meta property=\"article:modified_time\" content=\"2026-02-12T12:37:20+00:00\" \/>\n<meta name=\"twitter:card\" content=\"summary_large_image\" \/>\n<script type=\"application\/ld+json\" class=\"yoast-schema-graph\">{\"@context\":\"https:\/\/schema.org\",\"@graph\":[{\"@type\":\"WebPage\",\"@id\":\"https:\/\/paripesa.team\/hu\/bonus\/\",\"url\":\"https:\/\/paripesa.team\/hu\/bonus\/\",\"name\":\"Bonus Paripesa \u2714\ufe0f \u00dcdv\u00f6zl\u0151 aj\u00e1nlat \u00e9s prom\u00f3ci\u00f3k\",\"isPartOf\":{\"@id\":\"https:\/\/paripesa.team\/hu\/#website\"},\"datePublished\":\"2025-03-18T16:05:16+00:00\",\"dateModified\":\"2026-02-12T12:37:20+00:00\",\"description\":\"Paripesa \u2013 100% b\u00f3nusz az els\u0151 befizet\u00e9sedre \u27a4 Ingyenes fogad\u00e1sok \u00faj j\u00e1t\u00e9kosoknak \u27a4 \u00dcdv\u00f6zl\u0151 b\u00f3nuszok regisztr\u00e1ci\u00f3\u00e9rt\",\"breadcrumb\":{\"@id\":\"https:\/\/paripesa.team\/hu\/bonus\/#breadcrumb\"},\"inLanguage\":\"hu\",\"potentialAction\":[{\"@type\":\"ReadAction\",\"target\":[\"https:\/\/paripesa.team\/hu\/bonus\/\"]}]},{\"@type\":\"BreadcrumbList\",\"@id\":\"https:\/\/paripesa.team\/hu\/bonus\/#breadcrumb\",\"itemListElement\":[{\"@type\":\"ListItem\",\"position\":1,\"name\":\"Home\",\"item\":\"https:\/\/paripesa.team\/hu\/\"},{\"@type\":\"ListItem\",\"position\":2,\"name\":\"B\u00f3nusz\"}]},{\"@type\":\"WebSite\",\"@id\":\"https:\/\/paripesa.team\/hu\/#website\",\"url\":\"https:\/\/paripesa.team\/hu\/\",\"name\":\"Paripesa Team hu\",\"description\":\"My WordPress Blog\",\"potentialAction\":[{\"@type\":\"SearchAction\",\"target\":{\"@type\":\"EntryPoint\",\"urlTemplate\":\"https:\/\/paripesa.team\/hu\/?s={search_term_string}\"},\"query-input\":\"required name=search_term_string\"}],\"inLanguage\":\"hu\"}]}<\/script>\n<!-- \/ Yoast SEO plugin. -->","yoast_head_json":{"title":"Bonus Paripesa \u2714\ufe0f \u00dcdv\u00f6zl\u0151 aj\u00e1nlat \u00e9s prom\u00f3ci\u00f3k","description":"Paripesa \u2013 100% b\u00f3nusz az els\u0151 befizet\u00e9sedre \u27a4 Ingyenes fogad\u00e1sok \u00faj j\u00e1t\u00e9kosoknak \u27a4 \u00dcdv\u00f6zl\u0151 b\u00f3nuszok regisztr\u00e1ci\u00f3\u00e9rt","robots":{"index":"index","follow":"follow","max-snippet":"max-snippet:-1","max-image-preview":"max-image-preview:large","max-video-preview":"max-video-preview:-1"},"og_locale":"hu_HU","og_type":"article","og_title":"Bonus Paripesa \u2714\ufe0f \u00dcdv\u00f6zl\u0151 aj\u00e1nlat \u00e9s prom\u00f3ci\u00f3k","og_description":"Paripesa \u2013 100% b\u00f3nusz az els\u0151 befizet\u00e9sedre \u27a4 Ingyenes fogad\u00e1sok \u00faj j\u00e1t\u00e9kosoknak \u27a4 \u00dcdv\u00f6zl\u0151 b\u00f3nuszok regisztr\u00e1ci\u00f3\u00e9rt","og_url":"https:\/\/paripesa.team\/hu\/bonus\/","og_site_name":"Paripesa Team hu","article_modified_time":"2026-02-12T12:37:20+00:00","twitter_card":"summary_large_image","schema":{"@context":"https:\/\/schema.org","@graph":[{"@type":"WebPage","@id":"https:\/\/paripesa.team\/hu\/bonus\/","url":"https:\/\/paripesa.team\/hu\/bonus\/","name":"Bonus Paripesa \u2714\ufe0f \u00dcdv\u00f6zl\u0151 aj\u00e1nlat \u00e9s prom\u00f3ci\u00f3k","isPartOf":{"@id":"https:\/\/paripesa.team\/hu\/#website"},"datePublished":"2025-03-18T16:05:16+00:00","dateModified":"2026-02-12T12:37:20+00:00","description":"Paripesa \u2013 100% b\u00f3nusz az els\u0151 befizet\u00e9sedre \u27a4 Ingyenes fogad\u00e1sok \u00faj j\u00e1t\u00e9kosoknak \u27a4 \u00dcdv\u00f6zl\u0151 b\u00f3nuszok regisztr\u00e1ci\u00f3\u00e9rt","breadcrumb":{"@id":"https:\/\/paripesa.team\/hu\/bonus\/#breadcrumb"},"inLanguage":"hu","potentialAction":[{"@type":"ReadAction","target":["https:\/\/paripesa.team\/hu\/bonus\/"]}]},{"@type":"BreadcrumbList","@id":"https:\/\/paripesa.team\/hu\/bonus\/#breadcrumb","itemListElement":[{"@type":"ListItem","position":1,"name":"Home","item":"https:\/\/paripesa.team\/hu\/"},{"@type":"ListItem","position":2,"name":"B\u00f3nusz"}]},{"@type":"WebSite","@id":"https:\/\/paripesa.team\/hu\/#website","url":"https:\/\/paripesa.team\/hu\/","name":"Paripesa Team hu","description":"My WordPress Blog","potentialAction":[{"@type":"SearchAction","target":{"@type":"EntryPoint","urlTemplate":"https:\/\/paripesa.team\/hu\/?s={search_term_string}"},"query-input":"required name=search_term_string"}],"inLanguage":"hu"}]}},"_links":{"self":[{"href":"https:\/\/paripesa.team\/hu\/wp-json\/wp\/v2\/pages\/320","targetHints":{"allow":["GET"]}}],"collection":[{"href":"https:\/\/paripesa.team\/hu\/wp-json\/wp\/v2\/pages"}],"about":[{"href":"https:\/\/paripesa.team\/hu\/wp-json\/wp\/v2\/types\/page"}],"author":[{"embeddable":true,"href":"https:\/\/paripesa.team\/hu\/wp-json\/wp\/v2\/users\/1"}],"replies":[{"embeddable":true,"href":"https:\/\/paripesa.team\/hu\/wp-json\/wp\/v2\/comments?post=320"}],"version-history":[{"count":12,"href":"https:\/\/paripesa.team\/hu\/wp-json\/wp\/v2\/pages\/320\/revisions"}],"predecessor-version":[{"id":534,"href":"https:\/\/paripesa.team\/hu\/wp-json\/wp\/v2\/pages\/320\/revisions\/534"}],"wp:attachment":[{"href":"https:\/\/paripesa.team\/hu\/wp-json\/wp\/v2\/media?parent=320"}],"curies":[{"name":"wp","href":"https:\/\/api.w.org\/{rel}","templated":true}]}}