{"id":257,"date":"2024-03-12T07:11:15","date_gmt":"2024-03-12T07:11:15","guid":{"rendered":"https:\/\/paripesa.team\/hu\/ru\/?page_id=257"},"modified":"2026-02-12T16:53:13","modified_gmt":"2026-02-12T16:53:13","slug":"casino","status":"publish","type":"page","link":"https:\/\/paripesa.team\/hu\/casino\/","title":{"rendered":"Kaszin\u00f3"},"content":{"rendered":"","protected":false},"excerpt":{"rendered":"","protected":false},"author":1,"featured_media":0,"parent":0,"menu_order":0,"comment_status":"closed","ping_status":"closed","template":"","meta":{"footnotes":""},"class_list":["post-257","page","type-page","status-publish","hentry"],"yoast_head":"<!-- This site is optimized with the Yoast SEO plugin v23.0 - https:\/\/yoast.com\/wordpress\/plugins\/seo\/ -->\n<title>Paripesa Kaszin\u00f3 \u2611\ufe0f \u00c1ttekint\u00e9s, el\u0151ny\u00f6k \u00e9s legjobb j\u00e1t\u00e9kok<\/title>\n<meta name=\"description\" content=\"Nyissa meg a szerencsej\u00e1t\u00e9k vil\u00e1g\u00e1nak kapuit a Paripesa Kaszin\u00f3val! \u0150r\u00fclt b\u00f3nuszok, megb\u00edzhat\u00f3 kifizet\u00e9sek \u00e9s izgalmas j\u00e1t\u00e9kok v\u00e1rnak \u00d6nre. Regisztr\u00e1ljon \u00e9s kezdjen el nyerni m\u00e9g ma!\" \/>\n<meta name=\"robots\" content=\"index, follow, max-snippet:-1, max-image-preview:large, max-video-preview:-1\" \/>\n<meta property=\"og:locale\" content=\"hu_HU\" \/>\n<meta property=\"og:type\" content=\"article\" \/>\n<meta property=\"og:title\" content=\"Paripesa Kaszin\u00f3 \u2611\ufe0f \u00c1ttekint\u00e9s, el\u0151ny\u00f6k \u00e9s legjobb j\u00e1t\u00e9kok\" \/>\n<meta property=\"og:description\" content=\"Nyissa meg a szerencsej\u00e1t\u00e9k vil\u00e1g\u00e1nak kapuit a Paripesa Kaszin\u00f3val! \u0150r\u00fclt b\u00f3nuszok, megb\u00edzhat\u00f3 kifizet\u00e9sek \u00e9s izgalmas j\u00e1t\u00e9kok v\u00e1rnak \u00d6nre. Regisztr\u00e1ljon \u00e9s kezdjen el nyerni m\u00e9g ma!\" \/>\n<meta property=\"og:url\" content=\"https:\/\/paripesa.team\/hu\/casino\/\" \/>\n<meta property=\"og:site_name\" content=\"Paripesa Team hu\" \/>\n<meta property=\"article:modified_time\" content=\"2026-02-12T16:53:13+00:00\" \/>\n<meta name=\"twitter:card\" content=\"summary_large_image\" \/>\n<script type=\"application\/ld+json\" class=\"yoast-schema-graph\">{\"@context\":\"https:\/\/schema.org\",\"@graph\":[{\"@type\":\"WebPage\",\"@id\":\"https:\/\/paripesa.team\/hu\/casino\/\",\"url\":\"https:\/\/paripesa.team\/hu\/casino\/\",\"name\":\"Paripesa Kaszin\u00f3 \u2611\ufe0f \u00c1ttekint\u00e9s, el\u0151ny\u00f6k \u00e9s legjobb j\u00e1t\u00e9kok\",\"isPartOf\":{\"@id\":\"https:\/\/paripesa.team\/hu\/#website\"},\"datePublished\":\"2024-03-12T07:11:15+00:00\",\"dateModified\":\"2026-02-12T16:53:13+00:00\",\"description\":\"Nyissa meg a szerencsej\u00e1t\u00e9k vil\u00e1g\u00e1nak kapuit a Paripesa Kaszin\u00f3val! \u0150r\u00fclt b\u00f3nuszok, megb\u00edzhat\u00f3 kifizet\u00e9sek \u00e9s izgalmas j\u00e1t\u00e9kok v\u00e1rnak \u00d6nre. Regisztr\u00e1ljon \u00e9s kezdjen el nyerni m\u00e9g ma!\",\"breadcrumb\":{\"@id\":\"https:\/\/paripesa.team\/hu\/casino\/#breadcrumb\"},\"inLanguage\":\"hu\",\"potentialAction\":[{\"@type\":\"ReadAction\",\"target\":[\"https:\/\/paripesa.team\/hu\/casino\/\"]}]},{\"@type\":\"BreadcrumbList\",\"@id\":\"https:\/\/paripesa.team\/hu\/casino\/#breadcrumb\",\"itemListElement\":[{\"@type\":\"ListItem\",\"position\":1,\"name\":\"Home\",\"item\":\"https:\/\/paripesa.team\/hu\/\"},{\"@type\":\"ListItem\",\"position\":2,\"name\":\"Kaszin\u00f3\"}]},{\"@type\":\"WebSite\",\"@id\":\"https:\/\/paripesa.team\/hu\/#website\",\"url\":\"https:\/\/paripesa.team\/hu\/\",\"name\":\"Paripesa Team hu\",\"description\":\"My WordPress Blog\",\"potentialAction\":[{\"@type\":\"SearchAction\",\"target\":{\"@type\":\"EntryPoint\",\"urlTemplate\":\"https:\/\/paripesa.team\/hu\/?s={search_term_string}\"},\"query-input\":\"required name=search_term_string\"}],\"inLanguage\":\"hu\"}]}<\/script>\n<!-- \/ Yoast SEO plugin. -->","yoast_head_json":{"title":"Paripesa Kaszin\u00f3 \u2611\ufe0f \u00c1ttekint\u00e9s, el\u0151ny\u00f6k \u00e9s legjobb j\u00e1t\u00e9kok","description":"Nyissa meg a szerencsej\u00e1t\u00e9k vil\u00e1g\u00e1nak kapuit a Paripesa Kaszin\u00f3val! \u0150r\u00fclt b\u00f3nuszok, megb\u00edzhat\u00f3 kifizet\u00e9sek \u00e9s izgalmas j\u00e1t\u00e9kok v\u00e1rnak \u00d6nre. Regisztr\u00e1ljon \u00e9s kezdjen el nyerni m\u00e9g ma!","robots":{"index":"index","follow":"follow","max-snippet":"max-snippet:-1","max-image-preview":"max-image-preview:large","max-video-preview":"max-video-preview:-1"},"og_locale":"hu_HU","og_type":"article","og_title":"Paripesa Kaszin\u00f3 \u2611\ufe0f \u00c1ttekint\u00e9s, el\u0151ny\u00f6k \u00e9s legjobb j\u00e1t\u00e9kok","og_description":"Nyissa meg a szerencsej\u00e1t\u00e9k vil\u00e1g\u00e1nak kapuit a Paripesa Kaszin\u00f3val! \u0150r\u00fclt b\u00f3nuszok, megb\u00edzhat\u00f3 kifizet\u00e9sek \u00e9s izgalmas j\u00e1t\u00e9kok v\u00e1rnak \u00d6nre. Regisztr\u00e1ljon \u00e9s kezdjen el nyerni m\u00e9g ma!","og_url":"https:\/\/paripesa.team\/hu\/casino\/","og_site_name":"Paripesa Team hu","article_modified_time":"2026-02-12T16:53:13+00:00","twitter_card":"summary_large_image","schema":{"@context":"https:\/\/schema.org","@graph":[{"@type":"WebPage","@id":"https:\/\/paripesa.team\/hu\/casino\/","url":"https:\/\/paripesa.team\/hu\/casino\/","name":"Paripesa Kaszin\u00f3 \u2611\ufe0f \u00c1ttekint\u00e9s, el\u0151ny\u00f6k \u00e9s legjobb j\u00e1t\u00e9kok","isPartOf":{"@id":"https:\/\/paripesa.team\/hu\/#website"},"datePublished":"2024-03-12T07:11:15+00:00","dateModified":"2026-02-12T16:53:13+00:00","description":"Nyissa meg a szerencsej\u00e1t\u00e9k vil\u00e1g\u00e1nak kapuit a Paripesa Kaszin\u00f3val! \u0150r\u00fclt b\u00f3nuszok, megb\u00edzhat\u00f3 kifizet\u00e9sek \u00e9s izgalmas j\u00e1t\u00e9kok v\u00e1rnak \u00d6nre. Regisztr\u00e1ljon \u00e9s kezdjen el nyerni m\u00e9g ma!","breadcrumb":{"@id":"https:\/\/paripesa.team\/hu\/casino\/#breadcrumb"},"inLanguage":"hu","potentialAction":[{"@type":"ReadAction","target":["https:\/\/paripesa.team\/hu\/casino\/"]}]},{"@type":"BreadcrumbList","@id":"https:\/\/paripesa.team\/hu\/casino\/#breadcrumb","itemListElement":[{"@type":"ListItem","position":1,"name":"Home","item":"https:\/\/paripesa.team\/hu\/"},{"@type":"ListItem","position":2,"name":"Kaszin\u00f3"}]},{"@type":"WebSite","@id":"https:\/\/paripesa.team\/hu\/#website","url":"https:\/\/paripesa.team\/hu\/","name":"Paripesa Team hu","description":"My WordPress Blog","potentialAction":[{"@type":"SearchAction","target":{"@type":"EntryPoint","urlTemplate":"https:\/\/paripesa.team\/hu\/?s={search_term_string}"},"query-input":"required name=search_term_string"}],"inLanguage":"hu"}]}},"_links":{"self":[{"href":"https:\/\/paripesa.team\/hu\/wp-json\/wp\/v2\/pages\/257","targetHints":{"allow":["GET"]}}],"collection":[{"href":"https:\/\/paripesa.team\/hu\/wp-json\/wp\/v2\/pages"}],"about":[{"href":"https:\/\/paripesa.team\/hu\/wp-json\/wp\/v2\/types\/page"}],"author":[{"embeddable":true,"href":"https:\/\/paripesa.team\/hu\/wp-json\/wp\/v2\/users\/1"}],"replies":[{"embeddable":true,"href":"https:\/\/paripesa.team\/hu\/wp-json\/wp\/v2\/comments?post=257"}],"version-history":[{"count":11,"href":"https:\/\/paripesa.team\/hu\/wp-json\/wp\/v2\/pages\/257\/revisions"}],"predecessor-version":[{"id":551,"href":"https:\/\/paripesa.team\/hu\/wp-json\/wp\/v2\/pages\/257\/revisions\/551"}],"wp:attachment":[{"href":"https:\/\/paripesa.team\/hu\/wp-json\/wp\/v2\/media?parent=257"}],"curies":[{"name":"wp","href":"https:\/\/api.w.org\/{rel}","templated":true}]}}