{"id":2,"date":"2023-05-18T17:18:34","date_gmt":"2023-05-18T17:18:34","guid":{"rendered":"https:\/\/paripesa.team\/hu\/?page_id=2"},"modified":"2026-02-26T17:22:46","modified_gmt":"2026-02-26T17:22:46","slug":"sample-page","status":"publish","type":"page","link":"https:\/\/paripesa.team\/hu\/","title":{"rendered":"Otthon"},"content":{"rendered":"","protected":false},"excerpt":{"rendered":"","protected":false},"author":1,"featured_media":0,"parent":0,"menu_order":0,"comment_status":"closed","ping_status":"open","template":"","meta":{"footnotes":""},"class_list":["post-2","page","type-page","status-publish","hentry"],"yoast_head":"<!-- This site is optimized with the Yoast SEO plugin v23.0 - https:\/\/yoast.com\/wordpress\/plugins\/seo\/ -->\n<title>Paripesa\u2122 \u2014 Sportfogad\u00e1s, legjobb oddsok<\/title>\n<meta name=\"description\" content=\"A Pari Pesa versenyk\u00e9pes oddsokkal, \u00e9l\u0151 fogad\u00e1si piacokkal, gyors fogad\u00e1selhelyez\u00e9ssel \u00e9s z\u00f6kken\u0151mentes \u00e9lm\u00e9nnyel v\u00e1rja a komoly fogad\u00f3kra a f\u0151bb bajnoks\u00e1gok sportfogad\u00e1sait.\" \/>\n<meta name=\"robots\" content=\"index, follow, max-snippet:-1, max-image-preview:large, max-video-preview:-1\" \/>\n<meta property=\"og:locale\" content=\"hu_HU\" \/>\n<meta property=\"og:type\" content=\"article\" \/>\n<meta property=\"og:title\" content=\"Paripesa\u2122 \u2014 Sportfogad\u00e1s, legjobb oddsok\" \/>\n<meta property=\"og:description\" content=\"A Pari Pesa versenyk\u00e9pes oddsokkal, \u00e9l\u0151 fogad\u00e1si piacokkal, gyors fogad\u00e1selhelyez\u00e9ssel \u00e9s z\u00f6kken\u0151mentes \u00e9lm\u00e9nnyel v\u00e1rja a komoly fogad\u00f3kra a f\u0151bb bajnoks\u00e1gok sportfogad\u00e1sait.\" \/>\n<meta property=\"og:url\" content=\"https:\/\/paripesa.team\/hu\/\" \/>\n<meta property=\"og:site_name\" content=\"Paripesa Team hu\" \/>\n<meta property=\"article:modified_time\" content=\"2026-02-26T17:22:46+00:00\" \/>\n<meta name=\"twitter:card\" content=\"summary_large_image\" \/>\n<script type=\"application\/ld+json\" class=\"yoast-schema-graph\">{\"@context\":\"https:\/\/schema.org\",\"@graph\":[{\"@type\":\"WebPage\",\"@id\":\"https:\/\/paripesa.team\/hu\/\",\"url\":\"https:\/\/paripesa.team\/hu\/\",\"name\":\"Paripesa\u2122 \u2014 Sportfogad\u00e1s, legjobb oddsok\",\"isPartOf\":{\"@id\":\"https:\/\/paripesa.team\/hu\/#website\"},\"datePublished\":\"2023-05-18T17:18:34+00:00\",\"dateModified\":\"2026-02-26T17:22:46+00:00\",\"description\":\"A Pari Pesa versenyk\u00e9pes oddsokkal, \u00e9l\u0151 fogad\u00e1si piacokkal, gyors fogad\u00e1selhelyez\u00e9ssel \u00e9s z\u00f6kken\u0151mentes \u00e9lm\u00e9nnyel v\u00e1rja a komoly fogad\u00f3kra a f\u0151bb bajnoks\u00e1gok sportfogad\u00e1sait.\",\"breadcrumb\":{\"@id\":\"https:\/\/paripesa.team\/hu\/#breadcrumb\"},\"inLanguage\":\"hu\",\"potentialAction\":[{\"@type\":\"ReadAction\",\"target\":[\"https:\/\/paripesa.team\/hu\/\"]}]},{\"@type\":\"BreadcrumbList\",\"@id\":\"https:\/\/paripesa.team\/hu\/#breadcrumb\",\"itemListElement\":[{\"@type\":\"ListItem\",\"position\":1,\"name\":\"Home\",\"item\":\"https:\/\/paripesa.team\/hu\/\"},{\"@type\":\"ListItem\",\"position\":2,\"name\":\"Otthon\"}]},{\"@type\":\"WebSite\",\"@id\":\"https:\/\/paripesa.team\/hu\/#website\",\"url\":\"https:\/\/paripesa.team\/hu\/\",\"name\":\"Paripesa Team hu\",\"description\":\"My WordPress Blog\",\"potentialAction\":[{\"@type\":\"SearchAction\",\"target\":{\"@type\":\"EntryPoint\",\"urlTemplate\":\"https:\/\/paripesa.team\/hu\/?s={search_term_string}\"},\"query-input\":\"required name=search_term_string\"}],\"inLanguage\":\"hu\"}]}<\/script>\n<!-- \/ Yoast SEO plugin. -->","yoast_head_json":{"title":"Paripesa\u2122 \u2014 Sportfogad\u00e1s, legjobb oddsok","description":"A Pari Pesa versenyk\u00e9pes oddsokkal, \u00e9l\u0151 fogad\u00e1si piacokkal, gyors fogad\u00e1selhelyez\u00e9ssel \u00e9s z\u00f6kken\u0151mentes \u00e9lm\u00e9nnyel v\u00e1rja a komoly fogad\u00f3kra a f\u0151bb bajnoks\u00e1gok sportfogad\u00e1sait.","robots":{"index":"index","follow":"follow","max-snippet":"max-snippet:-1","max-image-preview":"max-image-preview:large","max-video-preview":"max-video-preview:-1"},"og_locale":"hu_HU","og_type":"article","og_title":"Paripesa\u2122 \u2014 Sportfogad\u00e1s, legjobb oddsok","og_description":"A Pari Pesa versenyk\u00e9pes oddsokkal, \u00e9l\u0151 fogad\u00e1si piacokkal, gyors fogad\u00e1selhelyez\u00e9ssel \u00e9s z\u00f6kken\u0151mentes \u00e9lm\u00e9nnyel v\u00e1rja a komoly fogad\u00f3kra a f\u0151bb bajnoks\u00e1gok sportfogad\u00e1sait.","og_url":"https:\/\/paripesa.team\/hu\/","og_site_name":"Paripesa Team hu","article_modified_time":"2026-02-26T17:22:46+00:00","twitter_card":"summary_large_image","schema":{"@context":"https:\/\/schema.org","@graph":[{"@type":"WebPage","@id":"https:\/\/paripesa.team\/hu\/","url":"https:\/\/paripesa.team\/hu\/","name":"Paripesa\u2122 \u2014 Sportfogad\u00e1s, legjobb oddsok","isPartOf":{"@id":"https:\/\/paripesa.team\/hu\/#website"},"datePublished":"2023-05-18T17:18:34+00:00","dateModified":"2026-02-26T17:22:46+00:00","description":"A Pari Pesa versenyk\u00e9pes oddsokkal, \u00e9l\u0151 fogad\u00e1si piacokkal, gyors fogad\u00e1selhelyez\u00e9ssel \u00e9s z\u00f6kken\u0151mentes \u00e9lm\u00e9nnyel v\u00e1rja a komoly fogad\u00f3kra a f\u0151bb bajnoks\u00e1gok sportfogad\u00e1sait.","breadcrumb":{"@id":"https:\/\/paripesa.team\/hu\/#breadcrumb"},"inLanguage":"hu","potentialAction":[{"@type":"ReadAction","target":["https:\/\/paripesa.team\/hu\/"]}]},{"@type":"BreadcrumbList","@id":"https:\/\/paripesa.team\/hu\/#breadcrumb","itemListElement":[{"@type":"ListItem","position":1,"name":"Home","item":"https:\/\/paripesa.team\/hu\/"},{"@type":"ListItem","position":2,"name":"Otthon"}]},{"@type":"WebSite","@id":"https:\/\/paripesa.team\/hu\/#website","url":"https:\/\/paripesa.team\/hu\/","name":"Paripesa Team hu","description":"My WordPress Blog","potentialAction":[{"@type":"SearchAction","target":{"@type":"EntryPoint","urlTemplate":"https:\/\/paripesa.team\/hu\/?s={search_term_string}"},"query-input":"required name=search_term_string"}],"inLanguage":"hu"}]}},"_links":{"self":[{"href":"https:\/\/paripesa.team\/hu\/wp-json\/wp\/v2\/pages\/2","targetHints":{"allow":["GET"]}}],"collection":[{"href":"https:\/\/paripesa.team\/hu\/wp-json\/wp\/v2\/pages"}],"about":[{"href":"https:\/\/paripesa.team\/hu\/wp-json\/wp\/v2\/types\/page"}],"author":[{"embeddable":true,"href":"https:\/\/paripesa.team\/hu\/wp-json\/wp\/v2\/users\/1"}],"replies":[{"embeddable":true,"href":"https:\/\/paripesa.team\/hu\/wp-json\/wp\/v2\/comments?post=2"}],"version-history":[{"count":79,"href":"https:\/\/paripesa.team\/hu\/wp-json\/wp\/v2\/pages\/2\/revisions"}],"predecessor-version":[{"id":555,"href":"https:\/\/paripesa.team\/hu\/wp-json\/wp\/v2\/pages\/2\/revisions\/555"}],"wp:attachment":[{"href":"https:\/\/paripesa.team\/hu\/wp-json\/wp\/v2\/media?parent=2"}],"curies":[{"name":"wp","href":"https:\/\/api.w.org\/{rel}","templated":true}]}}