{"id":343,"date":"2025-03-25T12:23:10","date_gmt":"2025-03-25T12:23:10","guid":{"rendered":"https:\/\/paripesa.team\/fr\/ru\/?page_id=343"},"modified":"2025-04-08T09:20:09","modified_gmt":"2025-04-08T09:20:09","slug":"promo-code","status":"publish","type":"page","link":"https:\/\/paripesa.team\/fr\/promo-code\/","title":{"rendered":"Code promo"},"content":{"rendered":"","protected":false},"excerpt":{"rendered":"","protected":false},"author":1,"featured_media":0,"parent":0,"menu_order":0,"comment_status":"closed","ping_status":"closed","template":"","meta":{"footnotes":""},"class_list":["post-343","page","type-page","status-publish","hentry"],"yoast_head":"<!-- This site is optimized with the Yoast SEO plugin v27.4 - https:\/\/yoast.com\/product\/yoast-seo-wordpress\/ -->\n<title>Code promo Paripesa \u25b6\ufe0f Codes bonus r\u00e9els<\/title>\n<meta name=\"description\" content=\"Trouvez les meilleurs codes bonus de Paripesa et obtenez des bonus exclusifs sans d\u00e9p\u00f4t et des tours gratuits. Utilisez un code promo Paripesa lors de votre inscription. Les codes bonus peuvent vous permettre d&#039;obtenir des tours gratuits sur vos machines \u00e0 sous pr\u00e9f\u00e9r\u00e9es et des paris gratuits sur les sports les plus populaires chez Paripesa.\" \/>\n<meta name=\"robots\" content=\"index, follow, max-snippet:-1, max-image-preview:large, max-video-preview:-1\" \/>\n<meta property=\"og:locale\" content=\"fr_FR\" \/>\n<meta property=\"og:type\" content=\"article\" \/>\n<meta property=\"og:title\" content=\"Code promo Paripesa \u25b6\ufe0f Codes bonus r\u00e9els\" \/>\n<meta property=\"og:description\" content=\"Trouvez les meilleurs codes bonus de Paripesa et obtenez des bonus exclusifs sans d\u00e9p\u00f4t et des tours gratuits. Utilisez un code promo Paripesa lors de votre inscription. Les codes bonus peuvent vous permettre d&#039;obtenir des tours gratuits sur vos machines \u00e0 sous pr\u00e9f\u00e9r\u00e9es et des paris gratuits sur les sports les plus populaires chez Paripesa.\" \/>\n<meta property=\"og:url\" content=\"https:\/\/paripesa.team\/fr\/promo-code\/\" \/>\n<meta property=\"og:site_name\" content=\"Paripesa Team fr\" \/>\n<meta property=\"article:modified_time\" content=\"2025-04-08T09:20:09+00:00\" \/>\n<meta name=\"twitter:card\" content=\"summary_large_image\" \/>\n<script type=\"application\/ld+json\" class=\"yoast-schema-graph\">{\"@context\":\"https:\\\/\\\/schema.org\",\"@graph\":[{\"@type\":\"WebPage\",\"@id\":\"https:\\\/\\\/paripesa.team\\\/fr\\\/promo-code\\\/\",\"url\":\"https:\\\/\\\/paripesa.team\\\/fr\\\/promo-code\\\/\",\"name\":\"Code promo Paripesa \u25b6\ufe0f Codes bonus r\u00e9els\",\"isPartOf\":{\"@id\":\"https:\\\/\\\/paripesa.team\\\/fr\\\/#website\"},\"datePublished\":\"2025-03-25T12:23:10+00:00\",\"dateModified\":\"2025-04-08T09:20:09+00:00\",\"description\":\"Trouvez les meilleurs codes bonus de Paripesa et obtenez des bonus exclusifs sans d\u00e9p\u00f4t et des tours gratuits. Utilisez un code promo Paripesa lors de votre inscription. Les codes bonus peuvent vous permettre d'obtenir des tours gratuits sur vos machines \u00e0 sous pr\u00e9f\u00e9r\u00e9es et des paris gratuits sur les sports les plus populaires chez Paripesa.\",\"breadcrumb\":{\"@id\":\"https:\\\/\\\/paripesa.team\\\/fr\\\/promo-code\\\/#breadcrumb\"},\"inLanguage\":\"fr-FR\",\"potentialAction\":[{\"@type\":\"ReadAction\",\"target\":[\"https:\\\/\\\/paripesa.team\\\/fr\\\/promo-code\\\/\"]}]},{\"@type\":\"BreadcrumbList\",\"@id\":\"https:\\\/\\\/paripesa.team\\\/fr\\\/promo-code\\\/#breadcrumb\",\"itemListElement\":[{\"@type\":\"ListItem\",\"position\":1,\"name\":\"Home\",\"item\":\"https:\\\/\\\/paripesa.team\\\/fr\\\/\"},{\"@type\":\"ListItem\",\"position\":2,\"name\":\"Code promo\"}]},{\"@type\":\"WebSite\",\"@id\":\"https:\\\/\\\/paripesa.team\\\/fr\\\/#website\",\"url\":\"https:\\\/\\\/paripesa.team\\\/fr\\\/\",\"name\":\"Paripesa Team fr\",\"description\":\"My WordPress Blog\",\"potentialAction\":[{\"@type\":\"SearchAction\",\"target\":{\"@type\":\"EntryPoint\",\"urlTemplate\":\"https:\\\/\\\/paripesa.team\\\/fr\\\/?s={search_term_string}\"},\"query-input\":{\"@type\":\"PropertyValueSpecification\",\"valueRequired\":true,\"valueName\":\"search_term_string\"}}],\"inLanguage\":\"fr-FR\"}]}<\/script>\n<!-- \/ Yoast SEO plugin. -->","yoast_head_json":{"title":"Code promo Paripesa \u25b6\ufe0f Codes bonus r\u00e9els","description":"Trouvez les meilleurs codes bonus de Paripesa et obtenez des bonus exclusifs sans d\u00e9p\u00f4t et des tours gratuits. Utilisez un code promo Paripesa lors de votre inscription. Les codes bonus peuvent vous permettre d'obtenir des tours gratuits sur vos machines \u00e0 sous pr\u00e9f\u00e9r\u00e9es et des paris gratuits sur les sports les plus populaires chez Paripesa.","robots":{"index":"index","follow":"follow","max-snippet":"max-snippet:-1","max-image-preview":"max-image-preview:large","max-video-preview":"max-video-preview:-1"},"og_locale":"fr_FR","og_type":"article","og_title":"Code promo Paripesa \u25b6\ufe0f Codes bonus r\u00e9els","og_description":"Trouvez les meilleurs codes bonus de Paripesa et obtenez des bonus exclusifs sans d\u00e9p\u00f4t et des tours gratuits. Utilisez un code promo Paripesa lors de votre inscription. Les codes bonus peuvent vous permettre d'obtenir des tours gratuits sur vos machines \u00e0 sous pr\u00e9f\u00e9r\u00e9es et des paris gratuits sur les sports les plus populaires chez Paripesa.","og_url":"https:\/\/paripesa.team\/fr\/promo-code\/","og_site_name":"Paripesa Team fr","article_modified_time":"2025-04-08T09:20:09+00:00","twitter_card":"summary_large_image","schema":{"@context":"https:\/\/schema.org","@graph":[{"@type":"WebPage","@id":"https:\/\/paripesa.team\/fr\/promo-code\/","url":"https:\/\/paripesa.team\/fr\/promo-code\/","name":"Code promo Paripesa \u25b6\ufe0f Codes bonus r\u00e9els","isPartOf":{"@id":"https:\/\/paripesa.team\/fr\/#website"},"datePublished":"2025-03-25T12:23:10+00:00","dateModified":"2025-04-08T09:20:09+00:00","description":"Trouvez les meilleurs codes bonus de Paripesa et obtenez des bonus exclusifs sans d\u00e9p\u00f4t et des tours gratuits. Utilisez un code promo Paripesa lors de votre inscription. Les codes bonus peuvent vous permettre d'obtenir des tours gratuits sur vos machines \u00e0 sous pr\u00e9f\u00e9r\u00e9es et des paris gratuits sur les sports les plus populaires chez Paripesa.","breadcrumb":{"@id":"https:\/\/paripesa.team\/fr\/promo-code\/#breadcrumb"},"inLanguage":"fr-FR","potentialAction":[{"@type":"ReadAction","target":["https:\/\/paripesa.team\/fr\/promo-code\/"]}]},{"@type":"BreadcrumbList","@id":"https:\/\/paripesa.team\/fr\/promo-code\/#breadcrumb","itemListElement":[{"@type":"ListItem","position":1,"name":"Home","item":"https:\/\/paripesa.team\/fr\/"},{"@type":"ListItem","position":2,"name":"Code promo"}]},{"@type":"WebSite","@id":"https:\/\/paripesa.team\/fr\/#website","url":"https:\/\/paripesa.team\/fr\/","name":"Paripesa Team fr","description":"My WordPress Blog","potentialAction":[{"@type":"SearchAction","target":{"@type":"EntryPoint","urlTemplate":"https:\/\/paripesa.team\/fr\/?s={search_term_string}"},"query-input":{"@type":"PropertyValueSpecification","valueRequired":true,"valueName":"search_term_string"}}],"inLanguage":"fr-FR"}]}},"_links":{"self":[{"href":"https:\/\/paripesa.team\/fr\/wp-json\/wp\/v2\/pages\/343","targetHints":{"allow":["GET"]}}],"collection":[{"href":"https:\/\/paripesa.team\/fr\/wp-json\/wp\/v2\/pages"}],"about":[{"href":"https:\/\/paripesa.team\/fr\/wp-json\/wp\/v2\/types\/page"}],"author":[{"embeddable":true,"href":"https:\/\/paripesa.team\/fr\/wp-json\/wp\/v2\/users\/1"}],"replies":[{"embeddable":true,"href":"https:\/\/paripesa.team\/fr\/wp-json\/wp\/v2\/comments?post=343"}],"version-history":[{"count":4,"href":"https:\/\/paripesa.team\/fr\/wp-json\/wp\/v2\/pages\/343\/revisions"}],"predecessor-version":[{"id":458,"href":"https:\/\/paripesa.team\/fr\/wp-json\/wp\/v2\/pages\/343\/revisions\/458"}],"wp:attachment":[{"href":"https:\/\/paripesa.team\/fr\/wp-json\/wp\/v2\/media?parent=343"}],"curies":[{"name":"wp","href":"https:\/\/api.w.org\/{rel}","templated":true}]}}