{"id":476,"date":"2025-07-24T13:04:30","date_gmt":"2025-07-24T13:04:30","guid":{"rendered":"https:\/\/paripesa.team\/finland\/?page_id=476"},"modified":"2026-03-18T14:10:14","modified_gmt":"2026-03-18T14:10:14","slug":"casino-welcome-package","status":"publish","type":"page","link":"https:\/\/paripesa.team\/finland\/bonus\/casino-welcome-package\/","title":{"rendered":"Kasinon tervetuliaisbonus"},"content":{"rendered":"","protected":false},"excerpt":{"rendered":"","protected":false},"author":1,"featured_media":0,"parent":320,"menu_order":0,"comment_status":"closed","ping_status":"closed","template":"","meta":{"footnotes":""},"class_list":["post-476","page","type-page","status-publish","hentry"],"yoast_head":"<!-- This site is optimized with the Yoast SEO plugin v27.4 - https:\/\/yoast.com\/product\/yoast-seo-wordpress\/ -->\n<title>PariPesa tervetuliaisbonus \u2705 Hanki jopa 1 500 \u20ac + 150 FS<\/title>\n<meta name=\"description\" content=\"Hanki PariPesa-kasinon tervetuliaisbonus \u2013 jopa 1 500 \u20ac ja 150 ilmaiskierrosta nelj\u00e4n talletuksen yhteydess\u00e4! \u00c4l\u00e4 missaa tilaisuutta saada upeita lahjoja \u2013 rekister\u00f6idy ja aloita voittaminen heti!\" \/>\n<meta name=\"robots\" content=\"index, follow, max-snippet:-1, max-image-preview:large, max-video-preview:-1\" \/>\n<meta property=\"og:locale\" content=\"fi_FI\" \/>\n<meta property=\"og:type\" content=\"article\" \/>\n<meta property=\"og:title\" content=\"PariPesa tervetuliaisbonus \u2705 Hanki jopa 1 500 \u20ac + 150 FS\" \/>\n<meta property=\"og:description\" content=\"Hanki PariPesa-kasinon tervetuliaisbonus \u2013 jopa 1 500 \u20ac ja 150 ilmaiskierrosta nelj\u00e4n talletuksen yhteydess\u00e4! \u00c4l\u00e4 missaa tilaisuutta saada upeita lahjoja \u2013 rekister\u00f6idy ja aloita voittaminen heti!\" \/>\n<meta property=\"og:url\" content=\"https:\/\/paripesa.team\/finland\/bonus\/casino-welcome-package\/\" \/>\n<meta property=\"og:site_name\" content=\"Paripesa Team FI\" \/>\n<meta property=\"article:modified_time\" content=\"2026-03-18T14:10:14+00:00\" \/>\n<meta name=\"twitter:card\" content=\"summary_large_image\" \/>\n<script type=\"application\/ld+json\" class=\"yoast-schema-graph\">{\"@context\":\"https:\\\/\\\/schema.org\",\"@graph\":[{\"@type\":\"WebPage\",\"@id\":\"https:\\\/\\\/paripesa.team\\\/finland\\\/bonus\\\/casino-welcome-package\\\/\",\"url\":\"https:\\\/\\\/paripesa.team\\\/finland\\\/bonus\\\/casino-welcome-package\\\/\",\"name\":\"PariPesa tervetuliaisbonus \u2705 Hanki jopa 1 500 \u20ac + 150 FS\",\"isPartOf\":{\"@id\":\"https:\\\/\\\/paripesa.team\\\/finland\\\/#website\"},\"datePublished\":\"2025-07-24T13:04:30+00:00\",\"dateModified\":\"2026-03-18T14:10:14+00:00\",\"description\":\"Hanki PariPesa-kasinon tervetuliaisbonus \u2013 jopa 1 500 \u20ac ja 150 ilmaiskierrosta nelj\u00e4n talletuksen yhteydess\u00e4! \u00c4l\u00e4 missaa tilaisuutta saada upeita lahjoja \u2013 rekister\u00f6idy ja aloita voittaminen heti!\",\"breadcrumb\":{\"@id\":\"https:\\\/\\\/paripesa.team\\\/finland\\\/bonus\\\/casino-welcome-package\\\/#breadcrumb\"},\"inLanguage\":\"fi\",\"potentialAction\":[{\"@type\":\"ReadAction\",\"target\":[\"https:\\\/\\\/paripesa.team\\\/finland\\\/bonus\\\/casino-welcome-package\\\/\"]}]},{\"@type\":\"BreadcrumbList\",\"@id\":\"https:\\\/\\\/paripesa.team\\\/finland\\\/bonus\\\/casino-welcome-package\\\/#breadcrumb\",\"itemListElement\":[{\"@type\":\"ListItem\",\"position\":1,\"name\":\"Home\",\"item\":\"https:\\\/\\\/paripesa.team\\\/finland\\\/\"},{\"@type\":\"ListItem\",\"position\":2,\"name\":\"Bonus\",\"item\":\"https:\\\/\\\/paripesa.team\\\/finland\\\/bonus\\\/\"},{\"@type\":\"ListItem\",\"position\":3,\"name\":\"Kasinon tervetuliaisbonus\"}]},{\"@type\":\"WebSite\",\"@id\":\"https:\\\/\\\/paripesa.team\\\/finland\\\/#website\",\"url\":\"https:\\\/\\\/paripesa.team\\\/finland\\\/\",\"name\":\"Paripesa Team FI\",\"description\":\"My WordPress Blog\",\"potentialAction\":[{\"@type\":\"SearchAction\",\"target\":{\"@type\":\"EntryPoint\",\"urlTemplate\":\"https:\\\/\\\/paripesa.team\\\/finland\\\/?s={search_term_string}\"},\"query-input\":{\"@type\":\"PropertyValueSpecification\",\"valueRequired\":true,\"valueName\":\"search_term_string\"}}],\"inLanguage\":\"fi\"}]}<\/script>\n<!-- \/ Yoast SEO plugin. -->","yoast_head_json":{"title":"PariPesa tervetuliaisbonus \u2705 Hanki jopa 1 500 \u20ac + 150 FS","description":"Hanki PariPesa-kasinon tervetuliaisbonus \u2013 jopa 1 500 \u20ac ja 150 ilmaiskierrosta nelj\u00e4n talletuksen yhteydess\u00e4! \u00c4l\u00e4 missaa tilaisuutta saada upeita lahjoja \u2013 rekister\u00f6idy ja aloita voittaminen heti!","robots":{"index":"index","follow":"follow","max-snippet":"max-snippet:-1","max-image-preview":"max-image-preview:large","max-video-preview":"max-video-preview:-1"},"og_locale":"fi_FI","og_type":"article","og_title":"PariPesa tervetuliaisbonus \u2705 Hanki jopa 1 500 \u20ac + 150 FS","og_description":"Hanki PariPesa-kasinon tervetuliaisbonus \u2013 jopa 1 500 \u20ac ja 150 ilmaiskierrosta nelj\u00e4n talletuksen yhteydess\u00e4! \u00c4l\u00e4 missaa tilaisuutta saada upeita lahjoja \u2013 rekister\u00f6idy ja aloita voittaminen heti!","og_url":"https:\/\/paripesa.team\/finland\/bonus\/casino-welcome-package\/","og_site_name":"Paripesa Team FI","article_modified_time":"2026-03-18T14:10:14+00:00","twitter_card":"summary_large_image","schema":{"@context":"https:\/\/schema.org","@graph":[{"@type":"WebPage","@id":"https:\/\/paripesa.team\/finland\/bonus\/casino-welcome-package\/","url":"https:\/\/paripesa.team\/finland\/bonus\/casino-welcome-package\/","name":"PariPesa tervetuliaisbonus \u2705 Hanki jopa 1 500 \u20ac + 150 FS","isPartOf":{"@id":"https:\/\/paripesa.team\/finland\/#website"},"datePublished":"2025-07-24T13:04:30+00:00","dateModified":"2026-03-18T14:10:14+00:00","description":"Hanki PariPesa-kasinon tervetuliaisbonus \u2013 jopa 1 500 \u20ac ja 150 ilmaiskierrosta nelj\u00e4n talletuksen yhteydess\u00e4! \u00c4l\u00e4 missaa tilaisuutta saada upeita lahjoja \u2013 rekister\u00f6idy ja aloita voittaminen heti!","breadcrumb":{"@id":"https:\/\/paripesa.team\/finland\/bonus\/casino-welcome-package\/#breadcrumb"},"inLanguage":"fi","potentialAction":[{"@type":"ReadAction","target":["https:\/\/paripesa.team\/finland\/bonus\/casino-welcome-package\/"]}]},{"@type":"BreadcrumbList","@id":"https:\/\/paripesa.team\/finland\/bonus\/casino-welcome-package\/#breadcrumb","itemListElement":[{"@type":"ListItem","position":1,"name":"Home","item":"https:\/\/paripesa.team\/finland\/"},{"@type":"ListItem","position":2,"name":"Bonus","item":"https:\/\/paripesa.team\/finland\/bonus\/"},{"@type":"ListItem","position":3,"name":"Kasinon tervetuliaisbonus"}]},{"@type":"WebSite","@id":"https:\/\/paripesa.team\/finland\/#website","url":"https:\/\/paripesa.team\/finland\/","name":"Paripesa Team FI","description":"My WordPress Blog","potentialAction":[{"@type":"SearchAction","target":{"@type":"EntryPoint","urlTemplate":"https:\/\/paripesa.team\/finland\/?s={search_term_string}"},"query-input":{"@type":"PropertyValueSpecification","valueRequired":true,"valueName":"search_term_string"}}],"inLanguage":"fi"}]}},"_links":{"self":[{"href":"https:\/\/paripesa.team\/finland\/wp-json\/wp\/v2\/pages\/476","targetHints":{"allow":["GET"]}}],"collection":[{"href":"https:\/\/paripesa.team\/finland\/wp-json\/wp\/v2\/pages"}],"about":[{"href":"https:\/\/paripesa.team\/finland\/wp-json\/wp\/v2\/types\/page"}],"author":[{"embeddable":true,"href":"https:\/\/paripesa.team\/finland\/wp-json\/wp\/v2\/users\/1"}],"replies":[{"embeddable":true,"href":"https:\/\/paripesa.team\/finland\/wp-json\/wp\/v2\/comments?post=476"}],"version-history":[{"count":4,"href":"https:\/\/paripesa.team\/finland\/wp-json\/wp\/v2\/pages\/476\/revisions"}],"predecessor-version":[{"id":548,"href":"https:\/\/paripesa.team\/finland\/wp-json\/wp\/v2\/pages\/476\/revisions\/548"}],"up":[{"embeddable":true,"href":"https:\/\/paripesa.team\/finland\/wp-json\/wp\/v2\/pages\/320"}],"wp:attachment":[{"href":"https:\/\/paripesa.team\/finland\/wp-json\/wp\/v2\/media?parent=476"}],"curies":[{"name":"wp","href":"https:\/\/api.w.org\/{rel}","templated":true}]}}