{"id":471,"date":"2025-07-24T12:43:48","date_gmt":"2025-07-24T12:43:48","guid":{"rendered":"https:\/\/paripesa.team\/finland\/?page_id=471"},"modified":"2026-03-18T14:05:03","modified_gmt":"2026-03-18T14:05:03","slug":"app-bonus","status":"publish","type":"page","link":"https:\/\/paripesa.team\/finland\/bonus\/app-bonus\/","title":{"rendered":"Freebet-sovellus"},"content":{"rendered":"","protected":false},"excerpt":{"rendered":"","protected":false},"author":1,"featured_media":0,"parent":320,"menu_order":0,"comment_status":"closed","ping_status":"closed","template":"","meta":{"footnotes":""},"class_list":["post-471","page","type-page","status-publish","hentry"],"yoast_head":"<!-- This site is optimized with the Yoast SEO plugin v27.4 - https:\/\/yoast.com\/product\/yoast-seo-wordpress\/ -->\n<title>PariPesa-sovelluksen ilmaiskierros \u2714\ufe0f Hanki bonus<\/title>\n<meta name=\"description\" content=\"Hanki ilmaiskierros PariPesa-sovelluksessa. Tee vetoja v\u00e4hint\u00e4\u00e4n 3 euron arvosta ja saat bonuksen kymmenen vedon j\u00e4lkeen. Aktivoi tarjous ja aloita vedonly\u00f6nti!\" \/>\n<meta name=\"robots\" content=\"index, follow, max-snippet:-1, max-image-preview:large, max-video-preview:-1\" \/>\n<meta property=\"og:locale\" content=\"fi_FI\" \/>\n<meta property=\"og:type\" content=\"article\" \/>\n<meta property=\"og:title\" content=\"PariPesa-sovelluksen ilmaiskierros \u2714\ufe0f Hanki bonus\" \/>\n<meta property=\"og:description\" content=\"Hanki ilmaiskierros PariPesa-sovelluksessa. Tee vetoja v\u00e4hint\u00e4\u00e4n 3 euron arvosta ja saat bonuksen kymmenen vedon j\u00e4lkeen. Aktivoi tarjous ja aloita vedonly\u00f6nti!\" \/>\n<meta property=\"og:url\" content=\"https:\/\/paripesa.team\/finland\/bonus\/app-bonus\/\" \/>\n<meta property=\"og:site_name\" content=\"Paripesa Team FI\" \/>\n<meta property=\"article:modified_time\" content=\"2026-03-18T14:05:03+00:00\" \/>\n<meta name=\"twitter:card\" content=\"summary_large_image\" \/>\n<script type=\"application\/ld+json\" class=\"yoast-schema-graph\">{\"@context\":\"https:\\\/\\\/schema.org\",\"@graph\":[{\"@type\":\"WebPage\",\"@id\":\"https:\\\/\\\/paripesa.team\\\/finland\\\/bonus\\\/app-bonus\\\/\",\"url\":\"https:\\\/\\\/paripesa.team\\\/finland\\\/bonus\\\/app-bonus\\\/\",\"name\":\"PariPesa-sovelluksen ilmaiskierros \u2714\ufe0f Hanki bonus\",\"isPartOf\":{\"@id\":\"https:\\\/\\\/paripesa.team\\\/finland\\\/#website\"},\"datePublished\":\"2025-07-24T12:43:48+00:00\",\"dateModified\":\"2026-03-18T14:05:03+00:00\",\"description\":\"Hanki ilmaiskierros PariPesa-sovelluksessa. Tee vetoja v\u00e4hint\u00e4\u00e4n 3 euron arvosta ja saat bonuksen kymmenen vedon j\u00e4lkeen. Aktivoi tarjous ja aloita vedonly\u00f6nti!\",\"breadcrumb\":{\"@id\":\"https:\\\/\\\/paripesa.team\\\/finland\\\/bonus\\\/app-bonus\\\/#breadcrumb\"},\"inLanguage\":\"fi\",\"potentialAction\":[{\"@type\":\"ReadAction\",\"target\":[\"https:\\\/\\\/paripesa.team\\\/finland\\\/bonus\\\/app-bonus\\\/\"]}]},{\"@type\":\"BreadcrumbList\",\"@id\":\"https:\\\/\\\/paripesa.team\\\/finland\\\/bonus\\\/app-bonus\\\/#breadcrumb\",\"itemListElement\":[{\"@type\":\"ListItem\",\"position\":1,\"name\":\"Home\",\"item\":\"https:\\\/\\\/paripesa.team\\\/finland\\\/\"},{\"@type\":\"ListItem\",\"position\":2,\"name\":\"Bonus\",\"item\":\"https:\\\/\\\/paripesa.team\\\/finland\\\/bonus\\\/\"},{\"@type\":\"ListItem\",\"position\":3,\"name\":\"Freebet-sovellus\"}]},{\"@type\":\"WebSite\",\"@id\":\"https:\\\/\\\/paripesa.team\\\/finland\\\/#website\",\"url\":\"https:\\\/\\\/paripesa.team\\\/finland\\\/\",\"name\":\"Paripesa Team FI\",\"description\":\"My WordPress Blog\",\"potentialAction\":[{\"@type\":\"SearchAction\",\"target\":{\"@type\":\"EntryPoint\",\"urlTemplate\":\"https:\\\/\\\/paripesa.team\\\/finland\\\/?s={search_term_string}\"},\"query-input\":{\"@type\":\"PropertyValueSpecification\",\"valueRequired\":true,\"valueName\":\"search_term_string\"}}],\"inLanguage\":\"fi\"}]}<\/script>\n<!-- \/ Yoast SEO plugin. -->","yoast_head_json":{"title":"PariPesa-sovelluksen ilmaiskierros \u2714\ufe0f Hanki bonus","description":"Hanki ilmaiskierros PariPesa-sovelluksessa. Tee vetoja v\u00e4hint\u00e4\u00e4n 3 euron arvosta ja saat bonuksen kymmenen vedon j\u00e4lkeen. Aktivoi tarjous ja aloita vedonly\u00f6nti!","robots":{"index":"index","follow":"follow","max-snippet":"max-snippet:-1","max-image-preview":"max-image-preview:large","max-video-preview":"max-video-preview:-1"},"og_locale":"fi_FI","og_type":"article","og_title":"PariPesa-sovelluksen ilmaiskierros \u2714\ufe0f Hanki bonus","og_description":"Hanki ilmaiskierros PariPesa-sovelluksessa. Tee vetoja v\u00e4hint\u00e4\u00e4n 3 euron arvosta ja saat bonuksen kymmenen vedon j\u00e4lkeen. Aktivoi tarjous ja aloita vedonly\u00f6nti!","og_url":"https:\/\/paripesa.team\/finland\/bonus\/app-bonus\/","og_site_name":"Paripesa Team FI","article_modified_time":"2026-03-18T14:05:03+00:00","twitter_card":"summary_large_image","schema":{"@context":"https:\/\/schema.org","@graph":[{"@type":"WebPage","@id":"https:\/\/paripesa.team\/finland\/bonus\/app-bonus\/","url":"https:\/\/paripesa.team\/finland\/bonus\/app-bonus\/","name":"PariPesa-sovelluksen ilmaiskierros \u2714\ufe0f Hanki bonus","isPartOf":{"@id":"https:\/\/paripesa.team\/finland\/#website"},"datePublished":"2025-07-24T12:43:48+00:00","dateModified":"2026-03-18T14:05:03+00:00","description":"Hanki ilmaiskierros PariPesa-sovelluksessa. Tee vetoja v\u00e4hint\u00e4\u00e4n 3 euron arvosta ja saat bonuksen kymmenen vedon j\u00e4lkeen. Aktivoi tarjous ja aloita vedonly\u00f6nti!","breadcrumb":{"@id":"https:\/\/paripesa.team\/finland\/bonus\/app-bonus\/#breadcrumb"},"inLanguage":"fi","potentialAction":[{"@type":"ReadAction","target":["https:\/\/paripesa.team\/finland\/bonus\/app-bonus\/"]}]},{"@type":"BreadcrumbList","@id":"https:\/\/paripesa.team\/finland\/bonus\/app-bonus\/#breadcrumb","itemListElement":[{"@type":"ListItem","position":1,"name":"Home","item":"https:\/\/paripesa.team\/finland\/"},{"@type":"ListItem","position":2,"name":"Bonus","item":"https:\/\/paripesa.team\/finland\/bonus\/"},{"@type":"ListItem","position":3,"name":"Freebet-sovellus"}]},{"@type":"WebSite","@id":"https:\/\/paripesa.team\/finland\/#website","url":"https:\/\/paripesa.team\/finland\/","name":"Paripesa Team FI","description":"My WordPress Blog","potentialAction":[{"@type":"SearchAction","target":{"@type":"EntryPoint","urlTemplate":"https:\/\/paripesa.team\/finland\/?s={search_term_string}"},"query-input":{"@type":"PropertyValueSpecification","valueRequired":true,"valueName":"search_term_string"}}],"inLanguage":"fi"}]}},"_links":{"self":[{"href":"https:\/\/paripesa.team\/finland\/wp-json\/wp\/v2\/pages\/471","targetHints":{"allow":["GET"]}}],"collection":[{"href":"https:\/\/paripesa.team\/finland\/wp-json\/wp\/v2\/pages"}],"about":[{"href":"https:\/\/paripesa.team\/finland\/wp-json\/wp\/v2\/types\/page"}],"author":[{"embeddable":true,"href":"https:\/\/paripesa.team\/finland\/wp-json\/wp\/v2\/users\/1"}],"replies":[{"embeddable":true,"href":"https:\/\/paripesa.team\/finland\/wp-json\/wp\/v2\/comments?post=471"}],"version-history":[{"count":4,"href":"https:\/\/paripesa.team\/finland\/wp-json\/wp\/v2\/pages\/471\/revisions"}],"predecessor-version":[{"id":546,"href":"https:\/\/paripesa.team\/finland\/wp-json\/wp\/v2\/pages\/471\/revisions\/546"}],"up":[{"embeddable":true,"href":"https:\/\/paripesa.team\/finland\/wp-json\/wp\/v2\/pages\/320"}],"wp:attachment":[{"href":"https:\/\/paripesa.team\/finland\/wp-json\/wp\/v2\/media?parent=471"}],"curies":[{"name":"wp","href":"https:\/\/api.w.org\/{rel}","templated":true}]}}