{"id":273,"date":"2024-03-14T05:50:59","date_gmt":"2024-03-14T05:50:59","guid":{"rendered":"https:\/\/paripesa.team\/finland\/ru\/?page_id=273"},"modified":"2026-03-18T12:26:09","modified_gmt":"2026-03-18T12:26:09","slug":"app","status":"publish","type":"page","link":"https:\/\/paripesa.team\/finland\/app\/","title":{"rendered":"Sovellus"},"content":{"rendered":"","protected":false},"excerpt":{"rendered":"","protected":false},"author":1,"featured_media":0,"parent":0,"menu_order":0,"comment_status":"closed","ping_status":"closed","template":"","meta":{"footnotes":""},"class_list":["post-273","page","type-page","status-publish","hentry"],"yoast_head":"<!-- This site is optimized with the Yoast SEO plugin v27.4 - https:\/\/yoast.com\/product\/yoast-seo-wordpress\/ -->\n<title>Paripesa-sovellus \u2705 Lataa ilmaiseksi Androidille ja iOS:lle<\/title>\n<meta name=\"description\" content=\"Paripesan mobiilisovellus tarjoaa mahdollisuuden nauttia suosikkiviihteest\u00e4si milloin tahansa ja miss\u00e4 tahansa. Hy\u00f6dynn\u00e4 Paripesan mobiilipalveluiden etuja\" \/>\n<meta name=\"robots\" content=\"index, follow, max-snippet:-1, max-image-preview:large, max-video-preview:-1\" \/>\n<meta property=\"og:locale\" content=\"fi_FI\" \/>\n<meta property=\"og:type\" content=\"article\" \/>\n<meta property=\"og:title\" content=\"Paripesa-sovellus \u2705 Lataa ilmaiseksi Androidille ja iOS:lle\" \/>\n<meta property=\"og:description\" content=\"Paripesan mobiilisovellus tarjoaa mahdollisuuden nauttia suosikkiviihteest\u00e4si milloin tahansa ja miss\u00e4 tahansa. Hy\u00f6dynn\u00e4 Paripesan mobiilipalveluiden etuja\" \/>\n<meta property=\"og:url\" content=\"https:\/\/paripesa.team\/finland\/app\/\" \/>\n<meta property=\"og:site_name\" content=\"Paripesa Team FI\" \/>\n<meta property=\"article:modified_time\" content=\"2026-03-18T12:26:09+00:00\" \/>\n<meta name=\"twitter:card\" content=\"summary_large_image\" \/>\n<script type=\"application\/ld+json\" class=\"yoast-schema-graph\">{\"@context\":\"https:\\\/\\\/schema.org\",\"@graph\":[{\"@type\":\"WebPage\",\"@id\":\"https:\\\/\\\/paripesa.team\\\/finland\\\/app\\\/\",\"url\":\"https:\\\/\\\/paripesa.team\\\/finland\\\/app\\\/\",\"name\":\"Paripesa-sovellus \u2705 Lataa ilmaiseksi Androidille ja iOS:lle\",\"isPartOf\":{\"@id\":\"https:\\\/\\\/paripesa.team\\\/finland\\\/#website\"},\"datePublished\":\"2024-03-14T05:50:59+00:00\",\"dateModified\":\"2026-03-18T12:26:09+00:00\",\"description\":\"Paripesan mobiilisovellus tarjoaa mahdollisuuden nauttia suosikkiviihteest\u00e4si milloin tahansa ja miss\u00e4 tahansa. Hy\u00f6dynn\u00e4 Paripesan mobiilipalveluiden etuja\",\"breadcrumb\":{\"@id\":\"https:\\\/\\\/paripesa.team\\\/finland\\\/app\\\/#breadcrumb\"},\"inLanguage\":\"fi\",\"potentialAction\":[{\"@type\":\"ReadAction\",\"target\":[\"https:\\\/\\\/paripesa.team\\\/finland\\\/app\\\/\"]}]},{\"@type\":\"BreadcrumbList\",\"@id\":\"https:\\\/\\\/paripesa.team\\\/finland\\\/app\\\/#breadcrumb\",\"itemListElement\":[{\"@type\":\"ListItem\",\"position\":1,\"name\":\"Home\",\"item\":\"https:\\\/\\\/paripesa.team\\\/finland\\\/\"},{\"@type\":\"ListItem\",\"position\":2,\"name\":\"Sovellus\"}]},{\"@type\":\"WebSite\",\"@id\":\"https:\\\/\\\/paripesa.team\\\/finland\\\/#website\",\"url\":\"https:\\\/\\\/paripesa.team\\\/finland\\\/\",\"name\":\"Paripesa Team FI\",\"description\":\"My WordPress Blog\",\"potentialAction\":[{\"@type\":\"SearchAction\",\"target\":{\"@type\":\"EntryPoint\",\"urlTemplate\":\"https:\\\/\\\/paripesa.team\\\/finland\\\/?s={search_term_string}\"},\"query-input\":{\"@type\":\"PropertyValueSpecification\",\"valueRequired\":true,\"valueName\":\"search_term_string\"}}],\"inLanguage\":\"fi\"}]}<\/script>\n<!-- \/ Yoast SEO plugin. -->","yoast_head_json":{"title":"Paripesa-sovellus \u2705 Lataa ilmaiseksi Androidille ja iOS:lle","description":"Paripesan mobiilisovellus tarjoaa mahdollisuuden nauttia suosikkiviihteest\u00e4si milloin tahansa ja miss\u00e4 tahansa. Hy\u00f6dynn\u00e4 Paripesan mobiilipalveluiden etuja","robots":{"index":"index","follow":"follow","max-snippet":"max-snippet:-1","max-image-preview":"max-image-preview:large","max-video-preview":"max-video-preview:-1"},"og_locale":"fi_FI","og_type":"article","og_title":"Paripesa-sovellus \u2705 Lataa ilmaiseksi Androidille ja iOS:lle","og_description":"Paripesan mobiilisovellus tarjoaa mahdollisuuden nauttia suosikkiviihteest\u00e4si milloin tahansa ja miss\u00e4 tahansa. Hy\u00f6dynn\u00e4 Paripesan mobiilipalveluiden etuja","og_url":"https:\/\/paripesa.team\/finland\/app\/","og_site_name":"Paripesa Team FI","article_modified_time":"2026-03-18T12:26:09+00:00","twitter_card":"summary_large_image","schema":{"@context":"https:\/\/schema.org","@graph":[{"@type":"WebPage","@id":"https:\/\/paripesa.team\/finland\/app\/","url":"https:\/\/paripesa.team\/finland\/app\/","name":"Paripesa-sovellus \u2705 Lataa ilmaiseksi Androidille ja iOS:lle","isPartOf":{"@id":"https:\/\/paripesa.team\/finland\/#website"},"datePublished":"2024-03-14T05:50:59+00:00","dateModified":"2026-03-18T12:26:09+00:00","description":"Paripesan mobiilisovellus tarjoaa mahdollisuuden nauttia suosikkiviihteest\u00e4si milloin tahansa ja miss\u00e4 tahansa. Hy\u00f6dynn\u00e4 Paripesan mobiilipalveluiden etuja","breadcrumb":{"@id":"https:\/\/paripesa.team\/finland\/app\/#breadcrumb"},"inLanguage":"fi","potentialAction":[{"@type":"ReadAction","target":["https:\/\/paripesa.team\/finland\/app\/"]}]},{"@type":"BreadcrumbList","@id":"https:\/\/paripesa.team\/finland\/app\/#breadcrumb","itemListElement":[{"@type":"ListItem","position":1,"name":"Home","item":"https:\/\/paripesa.team\/finland\/"},{"@type":"ListItem","position":2,"name":"Sovellus"}]},{"@type":"WebSite","@id":"https:\/\/paripesa.team\/finland\/#website","url":"https:\/\/paripesa.team\/finland\/","name":"Paripesa Team FI","description":"My WordPress Blog","potentialAction":[{"@type":"SearchAction","target":{"@type":"EntryPoint","urlTemplate":"https:\/\/paripesa.team\/finland\/?s={search_term_string}"},"query-input":{"@type":"PropertyValueSpecification","valueRequired":true,"valueName":"search_term_string"}}],"inLanguage":"fi"}]}},"_links":{"self":[{"href":"https:\/\/paripesa.team\/finland\/wp-json\/wp\/v2\/pages\/273","targetHints":{"allow":["GET"]}}],"collection":[{"href":"https:\/\/paripesa.team\/finland\/wp-json\/wp\/v2\/pages"}],"about":[{"href":"https:\/\/paripesa.team\/finland\/wp-json\/wp\/v2\/types\/page"}],"author":[{"embeddable":true,"href":"https:\/\/paripesa.team\/finland\/wp-json\/wp\/v2\/users\/1"}],"replies":[{"embeddable":true,"href":"https:\/\/paripesa.team\/finland\/wp-json\/wp\/v2\/comments?post=273"}],"version-history":[{"count":7,"href":"https:\/\/paripesa.team\/finland\/wp-json\/wp\/v2\/pages\/273\/revisions"}],"predecessor-version":[{"id":544,"href":"https:\/\/paripesa.team\/finland\/wp-json\/wp\/v2\/pages\/273\/revisions\/544"}],"wp:attachment":[{"href":"https:\/\/paripesa.team\/finland\/wp-json\/wp\/v2\/media?parent=273"}],"curies":[{"name":"wp","href":"https:\/\/api.w.org\/{rel}","templated":true}]}}