{"id":273,"date":"2024-03-14T05:50:59","date_gmt":"2024-03-14T05:50:59","guid":{"rendered":"https:\/\/paripesa.team\/de\/ru\/?page_id=273"},"modified":"2026-01-28T09:16:31","modified_gmt":"2026-01-28T09:16:31","slug":"app","status":"publish","type":"page","link":"https:\/\/paripesa.team\/de\/app\/","title":{"rendered":"App"},"content":{"rendered":"","protected":false},"excerpt":{"rendered":"","protected":false},"author":1,"featured_media":0,"parent":0,"menu_order":0,"comment_status":"closed","ping_status":"closed","template":"","meta":{"footnotes":""},"class_list":["post-273","page","type-page","status-publish","hentry"],"yoast_head":"<!-- This site is optimized with the Yoast SEO plugin v27.4 - https:\/\/yoast.com\/product\/yoast-seo-wordpress\/ -->\n<title>Paripesa App: \u2705Kostenloser Download f\u00fcr Android und iOS<\/title>\n<meta name=\"description\" content=\"Die Paripesa-App f\u00fcr Mobilger\u00e4te bietet Ihnen die M\u00f6glichkeit, jederzeit und \u00fcberall auf Ihre Lieblingsunterhaltung zuzugreifen. Genie\u00dfen Sie die mobilen Vorteile von Paripesa.\" \/>\n<meta name=\"robots\" content=\"index, follow, max-snippet:-1, max-image-preview:large, max-video-preview:-1\" \/>\n<meta property=\"og:locale\" content=\"de_DE\" \/>\n<meta property=\"og:type\" content=\"article\" \/>\n<meta property=\"og:title\" content=\"Paripesa App: \u2705Kostenloser Download f\u00fcr Android und iOS\" \/>\n<meta property=\"og:description\" content=\"Die Paripesa-App f\u00fcr Mobilger\u00e4te bietet Ihnen die M\u00f6glichkeit, jederzeit und \u00fcberall auf Ihre Lieblingsunterhaltung zuzugreifen. Genie\u00dfen Sie die mobilen Vorteile von Paripesa.\" \/>\n<meta property=\"og:url\" content=\"https:\/\/paripesa.team\/de\/app\/\" \/>\n<meta property=\"og:site_name\" content=\"Paripesa Team de\" \/>\n<meta property=\"article:modified_time\" content=\"2026-01-28T09:16:31+00:00\" \/>\n<meta name=\"twitter:card\" content=\"summary_large_image\" \/>\n<script type=\"application\/ld+json\" class=\"yoast-schema-graph\">{\"@context\":\"https:\\\/\\\/schema.org\",\"@graph\":[{\"@type\":\"WebPage\",\"@id\":\"https:\\\/\\\/paripesa.team\\\/de\\\/app\\\/\",\"url\":\"https:\\\/\\\/paripesa.team\\\/de\\\/app\\\/\",\"name\":\"Paripesa App: \u2705Kostenloser Download f\u00fcr Android und iOS\",\"isPartOf\":{\"@id\":\"https:\\\/\\\/paripesa.team\\\/de\\\/#website\"},\"datePublished\":\"2024-03-14T05:50:59+00:00\",\"dateModified\":\"2026-01-28T09:16:31+00:00\",\"description\":\"Die Paripesa-App f\u00fcr Mobilger\u00e4te bietet Ihnen die M\u00f6glichkeit, jederzeit und \u00fcberall auf Ihre Lieblingsunterhaltung zuzugreifen. Genie\u00dfen Sie die mobilen Vorteile von Paripesa.\",\"breadcrumb\":{\"@id\":\"https:\\\/\\\/paripesa.team\\\/de\\\/app\\\/#breadcrumb\"},\"inLanguage\":\"de\",\"potentialAction\":[{\"@type\":\"ReadAction\",\"target\":[\"https:\\\/\\\/paripesa.team\\\/de\\\/app\\\/\"]}]},{\"@type\":\"BreadcrumbList\",\"@id\":\"https:\\\/\\\/paripesa.team\\\/de\\\/app\\\/#breadcrumb\",\"itemListElement\":[{\"@type\":\"ListItem\",\"position\":1,\"name\":\"Home\",\"item\":\"https:\\\/\\\/paripesa.team\\\/de\\\/\"},{\"@type\":\"ListItem\",\"position\":2,\"name\":\"App\"}]},{\"@type\":\"WebSite\",\"@id\":\"https:\\\/\\\/paripesa.team\\\/de\\\/#website\",\"url\":\"https:\\\/\\\/paripesa.team\\\/de\\\/\",\"name\":\"Paripesa Team de\",\"description\":\"My WordPress Blog\",\"potentialAction\":[{\"@type\":\"SearchAction\",\"target\":{\"@type\":\"EntryPoint\",\"urlTemplate\":\"https:\\\/\\\/paripesa.team\\\/de\\\/?s={search_term_string}\"},\"query-input\":{\"@type\":\"PropertyValueSpecification\",\"valueRequired\":true,\"valueName\":\"search_term_string\"}}],\"inLanguage\":\"de\"}]}<\/script>\n<!-- \/ Yoast SEO plugin. -->","yoast_head_json":{"title":"Paripesa App: \u2705Kostenloser Download f\u00fcr Android und iOS","description":"Die Paripesa-App f\u00fcr Mobilger\u00e4te bietet Ihnen die M\u00f6glichkeit, jederzeit und \u00fcberall auf Ihre Lieblingsunterhaltung zuzugreifen. Genie\u00dfen Sie die mobilen Vorteile von Paripesa.","robots":{"index":"index","follow":"follow","max-snippet":"max-snippet:-1","max-image-preview":"max-image-preview:large","max-video-preview":"max-video-preview:-1"},"og_locale":"de_DE","og_type":"article","og_title":"Paripesa App: \u2705Kostenloser Download f\u00fcr Android und iOS","og_description":"Die Paripesa-App f\u00fcr Mobilger\u00e4te bietet Ihnen die M\u00f6glichkeit, jederzeit und \u00fcberall auf Ihre Lieblingsunterhaltung zuzugreifen. Genie\u00dfen Sie die mobilen Vorteile von Paripesa.","og_url":"https:\/\/paripesa.team\/de\/app\/","og_site_name":"Paripesa Team de","article_modified_time":"2026-01-28T09:16:31+00:00","twitter_card":"summary_large_image","schema":{"@context":"https:\/\/schema.org","@graph":[{"@type":"WebPage","@id":"https:\/\/paripesa.team\/de\/app\/","url":"https:\/\/paripesa.team\/de\/app\/","name":"Paripesa App: \u2705Kostenloser Download f\u00fcr Android und iOS","isPartOf":{"@id":"https:\/\/paripesa.team\/de\/#website"},"datePublished":"2024-03-14T05:50:59+00:00","dateModified":"2026-01-28T09:16:31+00:00","description":"Die Paripesa-App f\u00fcr Mobilger\u00e4te bietet Ihnen die M\u00f6glichkeit, jederzeit und \u00fcberall auf Ihre Lieblingsunterhaltung zuzugreifen. Genie\u00dfen Sie die mobilen Vorteile von Paripesa.","breadcrumb":{"@id":"https:\/\/paripesa.team\/de\/app\/#breadcrumb"},"inLanguage":"de","potentialAction":[{"@type":"ReadAction","target":["https:\/\/paripesa.team\/de\/app\/"]}]},{"@type":"BreadcrumbList","@id":"https:\/\/paripesa.team\/de\/app\/#breadcrumb","itemListElement":[{"@type":"ListItem","position":1,"name":"Home","item":"https:\/\/paripesa.team\/de\/"},{"@type":"ListItem","position":2,"name":"App"}]},{"@type":"WebSite","@id":"https:\/\/paripesa.team\/de\/#website","url":"https:\/\/paripesa.team\/de\/","name":"Paripesa Team de","description":"My WordPress Blog","potentialAction":[{"@type":"SearchAction","target":{"@type":"EntryPoint","urlTemplate":"https:\/\/paripesa.team\/de\/?s={search_term_string}"},"query-input":{"@type":"PropertyValueSpecification","valueRequired":true,"valueName":"search_term_string"}}],"inLanguage":"de"}]}},"_links":{"self":[{"href":"https:\/\/paripesa.team\/de\/wp-json\/wp\/v2\/pages\/273","targetHints":{"allow":["GET"]}}],"collection":[{"href":"https:\/\/paripesa.team\/de\/wp-json\/wp\/v2\/pages"}],"about":[{"href":"https:\/\/paripesa.team\/de\/wp-json\/wp\/v2\/types\/page"}],"author":[{"embeddable":true,"href":"https:\/\/paripesa.team\/de\/wp-json\/wp\/v2\/users\/1"}],"replies":[{"embeddable":true,"href":"https:\/\/paripesa.team\/de\/wp-json\/wp\/v2\/comments?post=273"}],"version-history":[{"count":7,"href":"https:\/\/paripesa.team\/de\/wp-json\/wp\/v2\/pages\/273\/revisions"}],"predecessor-version":[{"id":539,"href":"https:\/\/paripesa.team\/de\/wp-json\/wp\/v2\/pages\/273\/revisions\/539"}],"wp:attachment":[{"href":"https:\/\/paripesa.team\/de\/wp-json\/wp\/v2\/media?parent=273"}],"curies":[{"name":"wp","href":"https:\/\/api.w.org\/{rel}","templated":true}]}}