{"id":2,"date":"2023-05-18T17:18:34","date_gmt":"2023-05-18T17:18:34","guid":{"rendered":"https:\/\/paripesa.team\/de\/?page_id=2"},"modified":"2026-03-18T15:35:16","modified_gmt":"2026-03-18T15:35:16","slug":"sample-page","status":"publish","type":"page","link":"https:\/\/paripesa.team\/de\/","title":{"rendered":"Startseite"},"content":{"rendered":"","protected":false},"excerpt":{"rendered":"","protected":false},"author":1,"featured_media":0,"parent":0,"menu_order":0,"comment_status":"closed","ping_status":"open","template":"","meta":{"footnotes":""},"class_list":["post-2","page","type-page","status-publish","hentry"],"yoast_head":"<!-- This site is optimized with the Yoast SEO plugin v23.0 - https:\/\/yoast.com\/wordpress\/plugins\/seo\/ -->\n<title>Paripesa\u2122 \u2013 Sportwetten, Top-Quoten und Live-M\u00e4rkte<\/title>\n<meta name=\"description\" content=\"Pari Pesa bietet Sportwetten auf die wichtigsten Ligen mit wettbewerbsf\u00e4higen Quoten, Live-Wettm\u00e4rkten, schneller Wettabgabe und einem reibungslosen Erlebnis f\u00fcr ernsthafte Wetter.\" \/>\n<meta name=\"robots\" content=\"index, follow, max-snippet:-1, max-image-preview:large, max-video-preview:-1\" \/>\n<meta property=\"og:locale\" content=\"de_DE\" \/>\n<meta property=\"og:type\" content=\"article\" \/>\n<meta property=\"og:title\" content=\"Paripesa\u2122 \u2013 Sportwetten, Top-Quoten und Live-M\u00e4rkte\" \/>\n<meta property=\"og:description\" content=\"Pari Pesa bietet Sportwetten auf die wichtigsten Ligen mit wettbewerbsf\u00e4higen Quoten, Live-Wettm\u00e4rkten, schneller Wettabgabe und einem reibungslosen Erlebnis f\u00fcr ernsthafte Wetter.\" \/>\n<meta property=\"og:url\" content=\"https:\/\/paripesa.team\/de\/\" \/>\n<meta property=\"og:site_name\" content=\"Paripesa Team de\" \/>\n<meta property=\"article:modified_time\" content=\"2026-03-18T15:35:16+00:00\" \/>\n<meta name=\"twitter:card\" content=\"summary_large_image\" \/>\n<script type=\"application\/ld+json\" class=\"yoast-schema-graph\">{\"@context\":\"https:\/\/schema.org\",\"@graph\":[{\"@type\":\"WebPage\",\"@id\":\"https:\/\/paripesa.team\/de\/\",\"url\":\"https:\/\/paripesa.team\/de\/\",\"name\":\"Paripesa\u2122 \u2013 Sportwetten, Top-Quoten und Live-M\u00e4rkte\",\"isPartOf\":{\"@id\":\"https:\/\/paripesa.team\/de\/#website\"},\"datePublished\":\"2023-05-18T17:18:34+00:00\",\"dateModified\":\"2026-03-18T15:35:16+00:00\",\"description\":\"Pari Pesa bietet Sportwetten auf die wichtigsten Ligen mit wettbewerbsf\u00e4higen Quoten, Live-Wettm\u00e4rkten, schneller Wettabgabe und einem reibungslosen Erlebnis f\u00fcr ernsthafte Wetter.\",\"breadcrumb\":{\"@id\":\"https:\/\/paripesa.team\/de\/#breadcrumb\"},\"inLanguage\":\"de\",\"potentialAction\":[{\"@type\":\"ReadAction\",\"target\":[\"https:\/\/paripesa.team\/de\/\"]}]},{\"@type\":\"BreadcrumbList\",\"@id\":\"https:\/\/paripesa.team\/de\/#breadcrumb\",\"itemListElement\":[{\"@type\":\"ListItem\",\"position\":1,\"name\":\"Home\",\"item\":\"https:\/\/paripesa.team\/de\/\"},{\"@type\":\"ListItem\",\"position\":2,\"name\":\"Startseite\"}]},{\"@type\":\"WebSite\",\"@id\":\"https:\/\/paripesa.team\/de\/#website\",\"url\":\"https:\/\/paripesa.team\/de\/\",\"name\":\"Paripesa Team de\",\"description\":\"My WordPress Blog\",\"potentialAction\":[{\"@type\":\"SearchAction\",\"target\":{\"@type\":\"EntryPoint\",\"urlTemplate\":\"https:\/\/paripesa.team\/de\/?s={search_term_string}\"},\"query-input\":\"required name=search_term_string\"}],\"inLanguage\":\"de\"}]}<\/script>\n<!-- \/ Yoast SEO plugin. -->","yoast_head_json":{"title":"Paripesa\u2122 \u2013 Sportwetten, Top-Quoten und Live-M\u00e4rkte","description":"Pari Pesa bietet Sportwetten auf die wichtigsten Ligen mit wettbewerbsf\u00e4higen Quoten, Live-Wettm\u00e4rkten, schneller Wettabgabe und einem reibungslosen Erlebnis f\u00fcr ernsthafte Wetter.","robots":{"index":"index","follow":"follow","max-snippet":"max-snippet:-1","max-image-preview":"max-image-preview:large","max-video-preview":"max-video-preview:-1"},"og_locale":"de_DE","og_type":"article","og_title":"Paripesa\u2122 \u2013 Sportwetten, Top-Quoten und Live-M\u00e4rkte","og_description":"Pari Pesa bietet Sportwetten auf die wichtigsten Ligen mit wettbewerbsf\u00e4higen Quoten, Live-Wettm\u00e4rkten, schneller Wettabgabe und einem reibungslosen Erlebnis f\u00fcr ernsthafte Wetter.","og_url":"https:\/\/paripesa.team\/de\/","og_site_name":"Paripesa Team de","article_modified_time":"2026-03-18T15:35:16+00:00","twitter_card":"summary_large_image","schema":{"@context":"https:\/\/schema.org","@graph":[{"@type":"WebPage","@id":"https:\/\/paripesa.team\/de\/","url":"https:\/\/paripesa.team\/de\/","name":"Paripesa\u2122 \u2013 Sportwetten, Top-Quoten und Live-M\u00e4rkte","isPartOf":{"@id":"https:\/\/paripesa.team\/de\/#website"},"datePublished":"2023-05-18T17:18:34+00:00","dateModified":"2026-03-18T15:35:16+00:00","description":"Pari Pesa bietet Sportwetten auf die wichtigsten Ligen mit wettbewerbsf\u00e4higen Quoten, Live-Wettm\u00e4rkten, schneller Wettabgabe und einem reibungslosen Erlebnis f\u00fcr ernsthafte Wetter.","breadcrumb":{"@id":"https:\/\/paripesa.team\/de\/#breadcrumb"},"inLanguage":"de","potentialAction":[{"@type":"ReadAction","target":["https:\/\/paripesa.team\/de\/"]}]},{"@type":"BreadcrumbList","@id":"https:\/\/paripesa.team\/de\/#breadcrumb","itemListElement":[{"@type":"ListItem","position":1,"name":"Home","item":"https:\/\/paripesa.team\/de\/"},{"@type":"ListItem","position":2,"name":"Startseite"}]},{"@type":"WebSite","@id":"https:\/\/paripesa.team\/de\/#website","url":"https:\/\/paripesa.team\/de\/","name":"Paripesa Team de","description":"My WordPress Blog","potentialAction":[{"@type":"SearchAction","target":{"@type":"EntryPoint","urlTemplate":"https:\/\/paripesa.team\/de\/?s={search_term_string}"},"query-input":"required name=search_term_string"}],"inLanguage":"de"}]}},"_links":{"self":[{"href":"https:\/\/paripesa.team\/de\/wp-json\/wp\/v2\/pages\/2","targetHints":{"allow":["GET"]}}],"collection":[{"href":"https:\/\/paripesa.team\/de\/wp-json\/wp\/v2\/pages"}],"about":[{"href":"https:\/\/paripesa.team\/de\/wp-json\/wp\/v2\/types\/page"}],"author":[{"embeddable":true,"href":"https:\/\/paripesa.team\/de\/wp-json\/wp\/v2\/users\/1"}],"replies":[{"embeddable":true,"href":"https:\/\/paripesa.team\/de\/wp-json\/wp\/v2\/comments?post=2"}],"version-history":[{"count":79,"href":"https:\/\/paripesa.team\/de\/wp-json\/wp\/v2\/pages\/2\/revisions"}],"predecessor-version":[{"id":564,"href":"https:\/\/paripesa.team\/de\/wp-json\/wp\/v2\/pages\/2\/revisions\/564"}],"wp:attachment":[{"href":"https:\/\/paripesa.team\/de\/wp-json\/wp\/v2\/media?parent=2"}],"curies":[{"name":"wp","href":"https:\/\/api.w.org\/{rel}","templated":true}]}}