{"id":298,"date":"2025-03-17T12:34:51","date_gmt":"2025-03-17T12:34:51","guid":{"rendered":"https:\/\/paripesa.team\/congo\/ru\/?page_id=298"},"modified":"2026-03-26T08:19:52","modified_gmt":"2026-03-26T08:19:52","slug":"apk","status":"publish","type":"page","link":"https:\/\/paripesa.team\/congo\/apk\/","title":{"rendered":"APK"},"content":{"rendered":"","protected":false},"excerpt":{"rendered":"","protected":false},"author":1,"featured_media":0,"parent":0,"menu_order":0,"comment_status":"closed","ping_status":"closed","template":"","meta":{"footnotes":""},"class_list":["post-298","page","type-page","status-publish","hentry"],"yoast_head":"<!-- This site is optimized with the Yoast SEO plugin v27.4 - https:\/\/yoast.com\/product\/yoast-seo-wordpress\/ -->\n<title>Paripesa Congo Apk \u2014 Comment t\u00e9l\u00e9charger et jouer<\/title>\n<meta name=\"description\" content=\"L&#039;application Paripesa est un moyen pratique d&#039;acc\u00e9der aux sites de paris et aux casinos o\u00f9 que vous soyez. L&#039;application Paripesa pour Android propose une interface optimis\u00e9e et des offres de bonus exclusives\" \/>\n<meta name=\"robots\" content=\"index, follow, max-snippet:-1, max-image-preview:large, max-video-preview:-1\" \/>\n<meta property=\"og:locale\" content=\"fr_FR\" \/>\n<meta property=\"og:type\" content=\"article\" \/>\n<meta property=\"og:title\" content=\"Paripesa Congo Apk \u2014 Comment t\u00e9l\u00e9charger et jouer\" \/>\n<meta property=\"og:description\" content=\"L&#039;application Paripesa est un moyen pratique d&#039;acc\u00e9der aux sites de paris et aux casinos o\u00f9 que vous soyez. L&#039;application Paripesa pour Android propose une interface optimis\u00e9e et des offres de bonus exclusives\" \/>\n<meta property=\"og:url\" content=\"https:\/\/paripesa.team\/congo\/apk\/\" \/>\n<meta property=\"og:site_name\" content=\"Paripesa Team CD\" \/>\n<meta property=\"article:modified_time\" content=\"2026-03-26T08:19:52+00:00\" \/>\n<meta name=\"twitter:card\" content=\"summary_large_image\" \/>\n<script type=\"application\/ld+json\" class=\"yoast-schema-graph\">{\"@context\":\"https:\\\/\\\/schema.org\",\"@graph\":[{\"@type\":\"WebPage\",\"@id\":\"https:\\\/\\\/paripesa.team\\\/congo\\\/apk\\\/\",\"url\":\"https:\\\/\\\/paripesa.team\\\/congo\\\/apk\\\/\",\"name\":\"Paripesa Congo Apk \u2014 Comment t\u00e9l\u00e9charger et jouer\",\"isPartOf\":{\"@id\":\"https:\\\/\\\/paripesa.team\\\/congo\\\/#website\"},\"datePublished\":\"2025-03-17T12:34:51+00:00\",\"dateModified\":\"2026-03-26T08:19:52+00:00\",\"description\":\"L'application Paripesa est un moyen pratique d'acc\u00e9der aux sites de paris et aux casinos o\u00f9 que vous soyez. L'application Paripesa pour Android propose une interface optimis\u00e9e et des offres de bonus exclusives\",\"breadcrumb\":{\"@id\":\"https:\\\/\\\/paripesa.team\\\/congo\\\/apk\\\/#breadcrumb\"},\"inLanguage\":\"fr-CD\",\"potentialAction\":[{\"@type\":\"ReadAction\",\"target\":[\"https:\\\/\\\/paripesa.team\\\/congo\\\/apk\\\/\"]}]},{\"@type\":\"BreadcrumbList\",\"@id\":\"https:\\\/\\\/paripesa.team\\\/congo\\\/apk\\\/#breadcrumb\",\"itemListElement\":[{\"@type\":\"ListItem\",\"position\":1,\"name\":\"Home\",\"item\":\"https:\\\/\\\/paripesa.team\\\/congo\\\/\"},{\"@type\":\"ListItem\",\"position\":2,\"name\":\"APK\"}]},{\"@type\":\"WebSite\",\"@id\":\"https:\\\/\\\/paripesa.team\\\/congo\\\/#website\",\"url\":\"https:\\\/\\\/paripesa.team\\\/congo\\\/\",\"name\":\"Paripesa Team CD\",\"description\":\"My WordPress Blog\",\"potentialAction\":[{\"@type\":\"SearchAction\",\"target\":{\"@type\":\"EntryPoint\",\"urlTemplate\":\"https:\\\/\\\/paripesa.team\\\/congo\\\/?s={search_term_string}\"},\"query-input\":{\"@type\":\"PropertyValueSpecification\",\"valueRequired\":true,\"valueName\":\"search_term_string\"}}],\"inLanguage\":\"fr-CD\"}]}<\/script>\n<!-- \/ Yoast SEO plugin. -->","yoast_head_json":{"title":"Paripesa Congo Apk \u2014 Comment t\u00e9l\u00e9charger et jouer","description":"L'application Paripesa est un moyen pratique d'acc\u00e9der aux sites de paris et aux casinos o\u00f9 que vous soyez. L'application Paripesa pour Android propose une interface optimis\u00e9e et des offres de bonus exclusives","robots":{"index":"index","follow":"follow","max-snippet":"max-snippet:-1","max-image-preview":"max-image-preview:large","max-video-preview":"max-video-preview:-1"},"og_locale":"fr_FR","og_type":"article","og_title":"Paripesa Congo Apk \u2014 Comment t\u00e9l\u00e9charger et jouer","og_description":"L'application Paripesa est un moyen pratique d'acc\u00e9der aux sites de paris et aux casinos o\u00f9 que vous soyez. L'application Paripesa pour Android propose une interface optimis\u00e9e et des offres de bonus exclusives","og_url":"https:\/\/paripesa.team\/congo\/apk\/","og_site_name":"Paripesa Team CD","article_modified_time":"2026-03-26T08:19:52+00:00","twitter_card":"summary_large_image","schema":{"@context":"https:\/\/schema.org","@graph":[{"@type":"WebPage","@id":"https:\/\/paripesa.team\/congo\/apk\/","url":"https:\/\/paripesa.team\/congo\/apk\/","name":"Paripesa Congo Apk \u2014 Comment t\u00e9l\u00e9charger et jouer","isPartOf":{"@id":"https:\/\/paripesa.team\/congo\/#website"},"datePublished":"2025-03-17T12:34:51+00:00","dateModified":"2026-03-26T08:19:52+00:00","description":"L'application Paripesa est un moyen pratique d'acc\u00e9der aux sites de paris et aux casinos o\u00f9 que vous soyez. L'application Paripesa pour Android propose une interface optimis\u00e9e et des offres de bonus exclusives","breadcrumb":{"@id":"https:\/\/paripesa.team\/congo\/apk\/#breadcrumb"},"inLanguage":"fr-CD","potentialAction":[{"@type":"ReadAction","target":["https:\/\/paripesa.team\/congo\/apk\/"]}]},{"@type":"BreadcrumbList","@id":"https:\/\/paripesa.team\/congo\/apk\/#breadcrumb","itemListElement":[{"@type":"ListItem","position":1,"name":"Home","item":"https:\/\/paripesa.team\/congo\/"},{"@type":"ListItem","position":2,"name":"APK"}]},{"@type":"WebSite","@id":"https:\/\/paripesa.team\/congo\/#website","url":"https:\/\/paripesa.team\/congo\/","name":"Paripesa Team CD","description":"My WordPress Blog","potentialAction":[{"@type":"SearchAction","target":{"@type":"EntryPoint","urlTemplate":"https:\/\/paripesa.team\/congo\/?s={search_term_string}"},"query-input":{"@type":"PropertyValueSpecification","valueRequired":true,"valueName":"search_term_string"}}],"inLanguage":"fr-CD"}]}},"_links":{"self":[{"href":"https:\/\/paripesa.team\/congo\/wp-json\/wp\/v2\/pages\/298","targetHints":{"allow":["GET"]}}],"collection":[{"href":"https:\/\/paripesa.team\/congo\/wp-json\/wp\/v2\/pages"}],"about":[{"href":"https:\/\/paripesa.team\/congo\/wp-json\/wp\/v2\/types\/page"}],"author":[{"embeddable":true,"href":"https:\/\/paripesa.team\/congo\/wp-json\/wp\/v2\/users\/1"}],"replies":[{"embeddable":true,"href":"https:\/\/paripesa.team\/congo\/wp-json\/wp\/v2\/comments?post=298"}],"version-history":[{"count":6,"href":"https:\/\/paripesa.team\/congo\/wp-json\/wp\/v2\/pages\/298\/revisions"}],"predecessor-version":[{"id":549,"href":"https:\/\/paripesa.team\/congo\/wp-json\/wp\/v2\/pages\/298\/revisions\/549"}],"wp:attachment":[{"href":"https:\/\/paripesa.team\/congo\/wp-json\/wp\/v2\/media?parent=298"}],"curies":[{"name":"wp","href":"https:\/\/api.w.org\/{rel}","templated":true}]}}