{"id":530,"date":"2026-02-16T11:34:51","date_gmt":"2026-02-16T11:34:51","guid":{"rendered":"https:\/\/paripesa.team\/co\/?page_id=530"},"modified":"2026-04-07T10:32:56","modified_gmt":"2026-04-07T10:32:56","slug":"partners","status":"publish","type":"page","link":"https:\/\/paripesa.team\/co\/partners\/","title":{"rendered":"Socios"},"content":{"rendered":"","protected":false},"excerpt":{"rendered":"","protected":false},"author":1,"featured_media":0,"parent":0,"menu_order":0,"comment_status":"closed","ping_status":"closed","template":"","meta":{"footnotes":""},"class_list":["post-530","page","type-page","status-publish","hentry"],"yoast_head":"<!-- This site is optimized with the Yoast SEO plugin v23.0 - https:\/\/yoast.com\/wordpress\/plugins\/seo\/ -->\n<title>Paripesa Partners \u2014 Participaci\u00f3n en los ingresos del 45 % + pagos semanales<\/title>\n<meta name=\"description\" content=\"El programa de afiliados de Paripesa Colombia es uno de los mejores programas de afiliados para apuestas y casino, con un reparto de ingresos del 45 %, modelos CPA e h\u00edbridos, gestor personal, estad\u00edsticas en tiempo real y pagos r\u00e1pidos (criptomonedas, tarjetas, EW). Reg\u00edstrate gratis, obt\u00e9n banners personalizados y monetiza tu tr\u00e1fico sin fraudes: \u00a1gana por cada cliente potencial sin necesidad de dep\u00f3sitos!\" \/>\n<meta name=\"robots\" content=\"index, follow, max-snippet:-1, max-image-preview:large, max-video-preview:-1\" \/>\n<meta property=\"og:locale\" content=\"es_ES\" \/>\n<meta property=\"og:type\" content=\"article\" \/>\n<meta property=\"og:title\" content=\"Paripesa Partners \u2014 Participaci\u00f3n en los ingresos del 45 % + pagos semanales\" \/>\n<meta property=\"og:description\" content=\"El programa de afiliados de Paripesa Colombia es uno de los mejores programas de afiliados para apuestas y casino, con un reparto de ingresos del 45 %, modelos CPA e h\u00edbridos, gestor personal, estad\u00edsticas en tiempo real y pagos r\u00e1pidos (criptomonedas, tarjetas, EW). Reg\u00edstrate gratis, obt\u00e9n banners personalizados y monetiza tu tr\u00e1fico sin fraudes: \u00a1gana por cada cliente potencial sin necesidad de dep\u00f3sitos!\" \/>\n<meta property=\"og:url\" content=\"https:\/\/paripesa.team\/co\/partners\/\" \/>\n<meta property=\"og:site_name\" content=\"Paripesa Team co\" \/>\n<meta property=\"article:modified_time\" content=\"2026-04-07T10:32:56+00:00\" \/>\n<meta name=\"twitter:card\" content=\"summary_large_image\" \/>\n<script type=\"application\/ld+json\" class=\"yoast-schema-graph\">{\"@context\":\"https:\/\/schema.org\",\"@graph\":[{\"@type\":\"WebPage\",\"@id\":\"https:\/\/paripesa.team\/co\/partners\/\",\"url\":\"https:\/\/paripesa.team\/co\/partners\/\",\"name\":\"Paripesa Partners \u2014 Participaci\u00f3n en los ingresos del 45 % + pagos semanales\",\"isPartOf\":{\"@id\":\"https:\/\/paripesa.team\/co\/#website\"},\"datePublished\":\"2026-02-16T11:34:51+00:00\",\"dateModified\":\"2026-04-07T10:32:56+00:00\",\"description\":\"El programa de afiliados de Paripesa Colombia es uno de los mejores programas de afiliados para apuestas y casino, con un reparto de ingresos del 45 %, modelos CPA e h\u00edbridos, gestor personal, estad\u00edsticas en tiempo real y pagos r\u00e1pidos (criptomonedas, tarjetas, EW). Reg\u00edstrate gratis, obt\u00e9n banners personalizados y monetiza tu tr\u00e1fico sin fraudes: \u00a1gana por cada cliente potencial sin necesidad de dep\u00f3sitos!\",\"breadcrumb\":{\"@id\":\"https:\/\/paripesa.team\/co\/partners\/#breadcrumb\"},\"inLanguage\":\"es-CO\",\"potentialAction\":[{\"@type\":\"ReadAction\",\"target\":[\"https:\/\/paripesa.team\/co\/partners\/\"]}]},{\"@type\":\"BreadcrumbList\",\"@id\":\"https:\/\/paripesa.team\/co\/partners\/#breadcrumb\",\"itemListElement\":[{\"@type\":\"ListItem\",\"position\":1,\"name\":\"Home\",\"item\":\"https:\/\/paripesa.team\/co\/\"},{\"@type\":\"ListItem\",\"position\":2,\"name\":\"Socios\"}]},{\"@type\":\"WebSite\",\"@id\":\"https:\/\/paripesa.team\/co\/#website\",\"url\":\"https:\/\/paripesa.team\/co\/\",\"name\":\"Paripesa Team co\",\"description\":\"My WordPress Blog\",\"potentialAction\":[{\"@type\":\"SearchAction\",\"target\":{\"@type\":\"EntryPoint\",\"urlTemplate\":\"https:\/\/paripesa.team\/co\/?s={search_term_string}\"},\"query-input\":\"required name=search_term_string\"}],\"inLanguage\":\"es-CO\"}]}<\/script>\n<!-- \/ Yoast SEO plugin. -->","yoast_head_json":{"title":"Paripesa Partners \u2014 Participaci\u00f3n en los ingresos del 45 % + pagos semanales","description":"El programa de afiliados de Paripesa Colombia es uno de los mejores programas de afiliados para apuestas y casino, con un reparto de ingresos del 45 %, modelos CPA e h\u00edbridos, gestor personal, estad\u00edsticas en tiempo real y pagos r\u00e1pidos (criptomonedas, tarjetas, EW). Reg\u00edstrate gratis, obt\u00e9n banners personalizados y monetiza tu tr\u00e1fico sin fraudes: \u00a1gana por cada cliente potencial sin necesidad de dep\u00f3sitos!","robots":{"index":"index","follow":"follow","max-snippet":"max-snippet:-1","max-image-preview":"max-image-preview:large","max-video-preview":"max-video-preview:-1"},"og_locale":"es_ES","og_type":"article","og_title":"Paripesa Partners \u2014 Participaci\u00f3n en los ingresos del 45 % + pagos semanales","og_description":"El programa de afiliados de Paripesa Colombia es uno de los mejores programas de afiliados para apuestas y casino, con un reparto de ingresos del 45 %, modelos CPA e h\u00edbridos, gestor personal, estad\u00edsticas en tiempo real y pagos r\u00e1pidos (criptomonedas, tarjetas, EW). Reg\u00edstrate gratis, obt\u00e9n banners personalizados y monetiza tu tr\u00e1fico sin fraudes: \u00a1gana por cada cliente potencial sin necesidad de dep\u00f3sitos!","og_url":"https:\/\/paripesa.team\/co\/partners\/","og_site_name":"Paripesa Team co","article_modified_time":"2026-04-07T10:32:56+00:00","twitter_card":"summary_large_image","schema":{"@context":"https:\/\/schema.org","@graph":[{"@type":"WebPage","@id":"https:\/\/paripesa.team\/co\/partners\/","url":"https:\/\/paripesa.team\/co\/partners\/","name":"Paripesa Partners \u2014 Participaci\u00f3n en los ingresos del 45 % + pagos semanales","isPartOf":{"@id":"https:\/\/paripesa.team\/co\/#website"},"datePublished":"2026-02-16T11:34:51+00:00","dateModified":"2026-04-07T10:32:56+00:00","description":"El programa de afiliados de Paripesa Colombia es uno de los mejores programas de afiliados para apuestas y casino, con un reparto de ingresos del 45 %, modelos CPA e h\u00edbridos, gestor personal, estad\u00edsticas en tiempo real y pagos r\u00e1pidos (criptomonedas, tarjetas, EW). Reg\u00edstrate gratis, obt\u00e9n banners personalizados y monetiza tu tr\u00e1fico sin fraudes: \u00a1gana por cada cliente potencial sin necesidad de dep\u00f3sitos!","breadcrumb":{"@id":"https:\/\/paripesa.team\/co\/partners\/#breadcrumb"},"inLanguage":"es-CO","potentialAction":[{"@type":"ReadAction","target":["https:\/\/paripesa.team\/co\/partners\/"]}]},{"@type":"BreadcrumbList","@id":"https:\/\/paripesa.team\/co\/partners\/#breadcrumb","itemListElement":[{"@type":"ListItem","position":1,"name":"Home","item":"https:\/\/paripesa.team\/co\/"},{"@type":"ListItem","position":2,"name":"Socios"}]},{"@type":"WebSite","@id":"https:\/\/paripesa.team\/co\/#website","url":"https:\/\/paripesa.team\/co\/","name":"Paripesa Team co","description":"My WordPress Blog","potentialAction":[{"@type":"SearchAction","target":{"@type":"EntryPoint","urlTemplate":"https:\/\/paripesa.team\/co\/?s={search_term_string}"},"query-input":"required name=search_term_string"}],"inLanguage":"es-CO"}]}},"_links":{"self":[{"href":"https:\/\/paripesa.team\/co\/wp-json\/wp\/v2\/pages\/530","targetHints":{"allow":["GET"]}}],"collection":[{"href":"https:\/\/paripesa.team\/co\/wp-json\/wp\/v2\/pages"}],"about":[{"href":"https:\/\/paripesa.team\/co\/wp-json\/wp\/v2\/types\/page"}],"author":[{"embeddable":true,"href":"https:\/\/paripesa.team\/co\/wp-json\/wp\/v2\/users\/1"}],"replies":[{"embeddable":true,"href":"https:\/\/paripesa.team\/co\/wp-json\/wp\/v2\/comments?post=530"}],"version-history":[{"count":4,"href":"https:\/\/paripesa.team\/co\/wp-json\/wp\/v2\/pages\/530\/revisions"}],"predecessor-version":[{"id":560,"href":"https:\/\/paripesa.team\/co\/wp-json\/wp\/v2\/pages\/530\/revisions\/560"}],"wp:attachment":[{"href":"https:\/\/paripesa.team\/co\/wp-json\/wp\/v2\/media?parent=530"}],"curies":[{"name":"wp","href":"https:\/\/api.w.org\/{rel}","templated":true}]}}