{"id":352,"date":"2025-03-25T13:11:08","date_gmt":"2025-03-25T13:11:08","guid":{"rendered":"https:\/\/paripesa.team\/co\/ru\/?page_id=352"},"modified":"2026-04-07T10:30:18","modified_gmt":"2026-04-07T10:30:18","slug":"login","status":"publish","type":"page","link":"https:\/\/paripesa.team\/co\/login\/","title":{"rendered":"Iniciar sesi\u00f3n"},"content":{"rendered":"","protected":false},"excerpt":{"rendered":"","protected":false},"author":1,"featured_media":0,"parent":0,"menu_order":0,"comment_status":"closed","ping_status":"closed","template":"","meta":{"footnotes":""},"class_list":["post-352","page","type-page","status-publish","hentry"],"yoast_head":"<!-- This site is optimized with the Yoast SEO plugin v23.0 - https:\/\/yoast.com\/wordpress\/plugins\/seo\/ -->\n<title>Inicio de sesi\u00f3n en Paripesa | Proceso de autorizaci\u00f3n paso a paso<\/title>\n<meta name=\"description\" content=\"Proceso de inicio de sesi\u00f3n en Paripesa Colombia paso a paso: c\u00f3mo acceder a tu cuenta. Inicia sesi\u00f3n en Paripesa y recibe un paquete de bienvenida de hasta 6 200 000 COP y 150 tiradas gratis.\" \/>\n<meta name=\"robots\" content=\"index, follow, max-snippet:-1, max-image-preview:large, max-video-preview:-1\" \/>\n<meta property=\"og:locale\" content=\"es_ES\" \/>\n<meta property=\"og:type\" content=\"article\" \/>\n<meta property=\"og:title\" content=\"Inicio de sesi\u00f3n en Paripesa | Proceso de autorizaci\u00f3n paso a paso\" \/>\n<meta property=\"og:description\" content=\"Proceso de inicio de sesi\u00f3n en Paripesa Colombia paso a paso: c\u00f3mo acceder a tu cuenta. Inicia sesi\u00f3n en Paripesa y recibe un paquete de bienvenida de hasta 6 200 000 COP y 150 tiradas gratis.\" \/>\n<meta property=\"og:url\" content=\"https:\/\/paripesa.team\/co\/login\/\" \/>\n<meta property=\"og:site_name\" content=\"Paripesa Team co\" \/>\n<meta property=\"article:modified_time\" content=\"2026-04-07T10:30:18+00:00\" \/>\n<meta name=\"twitter:card\" content=\"summary_large_image\" \/>\n<script type=\"application\/ld+json\" class=\"yoast-schema-graph\">{\"@context\":\"https:\/\/schema.org\",\"@graph\":[{\"@type\":\"WebPage\",\"@id\":\"https:\/\/paripesa.team\/co\/login\/\",\"url\":\"https:\/\/paripesa.team\/co\/login\/\",\"name\":\"Inicio de sesi\u00f3n en Paripesa | Proceso de autorizaci\u00f3n paso a paso\",\"isPartOf\":{\"@id\":\"https:\/\/paripesa.team\/co\/#website\"},\"datePublished\":\"2025-03-25T13:11:08+00:00\",\"dateModified\":\"2026-04-07T10:30:18+00:00\",\"description\":\"Proceso de inicio de sesi\u00f3n en Paripesa Colombia paso a paso: c\u00f3mo acceder a tu cuenta. Inicia sesi\u00f3n en Paripesa y recibe un paquete de bienvenida de hasta 6 200 000 COP y 150 tiradas gratis.\",\"breadcrumb\":{\"@id\":\"https:\/\/paripesa.team\/co\/login\/#breadcrumb\"},\"inLanguage\":\"es-CO\",\"potentialAction\":[{\"@type\":\"ReadAction\",\"target\":[\"https:\/\/paripesa.team\/co\/login\/\"]}]},{\"@type\":\"BreadcrumbList\",\"@id\":\"https:\/\/paripesa.team\/co\/login\/#breadcrumb\",\"itemListElement\":[{\"@type\":\"ListItem\",\"position\":1,\"name\":\"Home\",\"item\":\"https:\/\/paripesa.team\/co\/\"},{\"@type\":\"ListItem\",\"position\":2,\"name\":\"Iniciar sesi\u00f3n\"}]},{\"@type\":\"WebSite\",\"@id\":\"https:\/\/paripesa.team\/co\/#website\",\"url\":\"https:\/\/paripesa.team\/co\/\",\"name\":\"Paripesa Team co\",\"description\":\"My WordPress Blog\",\"potentialAction\":[{\"@type\":\"SearchAction\",\"target\":{\"@type\":\"EntryPoint\",\"urlTemplate\":\"https:\/\/paripesa.team\/co\/?s={search_term_string}\"},\"query-input\":\"required name=search_term_string\"}],\"inLanguage\":\"es-CO\"}]}<\/script>\n<!-- \/ Yoast SEO plugin. -->","yoast_head_json":{"title":"Inicio de sesi\u00f3n en Paripesa | Proceso de autorizaci\u00f3n paso a paso","description":"Proceso de inicio de sesi\u00f3n en Paripesa Colombia paso a paso: c\u00f3mo acceder a tu cuenta. Inicia sesi\u00f3n en Paripesa y recibe un paquete de bienvenida de hasta 6 200 000 COP y 150 tiradas gratis.","robots":{"index":"index","follow":"follow","max-snippet":"max-snippet:-1","max-image-preview":"max-image-preview:large","max-video-preview":"max-video-preview:-1"},"og_locale":"es_ES","og_type":"article","og_title":"Inicio de sesi\u00f3n en Paripesa | Proceso de autorizaci\u00f3n paso a paso","og_description":"Proceso de inicio de sesi\u00f3n en Paripesa Colombia paso a paso: c\u00f3mo acceder a tu cuenta. Inicia sesi\u00f3n en Paripesa y recibe un paquete de bienvenida de hasta 6 200 000 COP y 150 tiradas gratis.","og_url":"https:\/\/paripesa.team\/co\/login\/","og_site_name":"Paripesa Team co","article_modified_time":"2026-04-07T10:30:18+00:00","twitter_card":"summary_large_image","schema":{"@context":"https:\/\/schema.org","@graph":[{"@type":"WebPage","@id":"https:\/\/paripesa.team\/co\/login\/","url":"https:\/\/paripesa.team\/co\/login\/","name":"Inicio de sesi\u00f3n en Paripesa | Proceso de autorizaci\u00f3n paso a paso","isPartOf":{"@id":"https:\/\/paripesa.team\/co\/#website"},"datePublished":"2025-03-25T13:11:08+00:00","dateModified":"2026-04-07T10:30:18+00:00","description":"Proceso de inicio de sesi\u00f3n en Paripesa Colombia paso a paso: c\u00f3mo acceder a tu cuenta. Inicia sesi\u00f3n en Paripesa y recibe un paquete de bienvenida de hasta 6 200 000 COP y 150 tiradas gratis.","breadcrumb":{"@id":"https:\/\/paripesa.team\/co\/login\/#breadcrumb"},"inLanguage":"es-CO","potentialAction":[{"@type":"ReadAction","target":["https:\/\/paripesa.team\/co\/login\/"]}]},{"@type":"BreadcrumbList","@id":"https:\/\/paripesa.team\/co\/login\/#breadcrumb","itemListElement":[{"@type":"ListItem","position":1,"name":"Home","item":"https:\/\/paripesa.team\/co\/"},{"@type":"ListItem","position":2,"name":"Iniciar sesi\u00f3n"}]},{"@type":"WebSite","@id":"https:\/\/paripesa.team\/co\/#website","url":"https:\/\/paripesa.team\/co\/","name":"Paripesa Team co","description":"My WordPress Blog","potentialAction":[{"@type":"SearchAction","target":{"@type":"EntryPoint","urlTemplate":"https:\/\/paripesa.team\/co\/?s={search_term_string}"},"query-input":"required name=search_term_string"}],"inLanguage":"es-CO"}]}},"_links":{"self":[{"href":"https:\/\/paripesa.team\/co\/wp-json\/wp\/v2\/pages\/352","targetHints":{"allow":["GET"]}}],"collection":[{"href":"https:\/\/paripesa.team\/co\/wp-json\/wp\/v2\/pages"}],"about":[{"href":"https:\/\/paripesa.team\/co\/wp-json\/wp\/v2\/types\/page"}],"author":[{"embeddable":true,"href":"https:\/\/paripesa.team\/co\/wp-json\/wp\/v2\/users\/1"}],"replies":[{"embeddable":true,"href":"https:\/\/paripesa.team\/co\/wp-json\/wp\/v2\/comments?post=352"}],"version-history":[{"count":8,"href":"https:\/\/paripesa.team\/co\/wp-json\/wp\/v2\/pages\/352\/revisions"}],"predecessor-version":[{"id":558,"href":"https:\/\/paripesa.team\/co\/wp-json\/wp\/v2\/pages\/352\/revisions\/558"}],"wp:attachment":[{"href":"https:\/\/paripesa.team\/co\/wp-json\/wp\/v2\/media?parent=352"}],"curies":[{"name":"wp","href":"https:\/\/api.w.org\/{rel}","templated":true}]}}