{"id":343,"date":"2025-03-25T12:23:10","date_gmt":"2025-03-25T12:23:10","guid":{"rendered":"https:\/\/paripesa.team\/co\/ru\/?page_id=343"},"modified":"2026-04-07T10:38:18","modified_gmt":"2026-04-07T10:38:18","slug":"promo-code","status":"publish","type":"page","link":"https:\/\/paripesa.team\/co\/promo-code\/","title":{"rendered":"C\u00f3digo promocional"},"content":{"rendered":"","protected":false},"excerpt":{"rendered":"","protected":false},"author":1,"featured_media":0,"parent":0,"menu_order":0,"comment_status":"closed","ping_status":"closed","template":"","meta":{"footnotes":""},"class_list":["post-343","page","type-page","status-publish","hentry"],"yoast_head":"<!-- This site is optimized with the Yoast SEO plugin v23.0 - https:\/\/yoast.com\/wordpress\/plugins\/seo\/ -->\n<title>C\u00f3digo promocional de Paripesa \u25b6\ufe0f C\u00f3digos de bonificaci\u00f3n actuales<\/title>\n<meta name=\"description\" content=\"Encuentra los mejores c\u00f3digos de bonificaci\u00f3n de Paripesa Colombia y consigue bonificaciones exclusivas sin dep\u00f3sito y tiradas gratis. Utiliza un c\u00f3digo promocional de Paripesa al registrarte. Los c\u00f3digos de bonificaci\u00f3n te permiten obtener tiradas gratis en tus tragaperras favoritas y apuestas gratis en deportes populares en Paripesa\" \/>\n<meta name=\"robots\" content=\"index, follow, max-snippet:-1, max-image-preview:large, max-video-preview:-1\" \/>\n<meta property=\"og:locale\" content=\"es_ES\" \/>\n<meta property=\"og:type\" content=\"article\" \/>\n<meta property=\"og:title\" content=\"C\u00f3digo promocional de Paripesa \u25b6\ufe0f C\u00f3digos de bonificaci\u00f3n actuales\" \/>\n<meta property=\"og:description\" content=\"Encuentra los mejores c\u00f3digos de bonificaci\u00f3n de Paripesa Colombia y consigue bonificaciones exclusivas sin dep\u00f3sito y tiradas gratis. Utiliza un c\u00f3digo promocional de Paripesa al registrarte. Los c\u00f3digos de bonificaci\u00f3n te permiten obtener tiradas gratis en tus tragaperras favoritas y apuestas gratis en deportes populares en Paripesa\" \/>\n<meta property=\"og:url\" content=\"https:\/\/paripesa.team\/co\/promo-code\/\" \/>\n<meta property=\"og:site_name\" content=\"Paripesa Team co\" \/>\n<meta property=\"article:modified_time\" content=\"2026-04-07T10:38:18+00:00\" \/>\n<meta name=\"twitter:card\" content=\"summary_large_image\" \/>\n<script type=\"application\/ld+json\" class=\"yoast-schema-graph\">{\"@context\":\"https:\/\/schema.org\",\"@graph\":[{\"@type\":\"WebPage\",\"@id\":\"https:\/\/paripesa.team\/co\/promo-code\/\",\"url\":\"https:\/\/paripesa.team\/co\/promo-code\/\",\"name\":\"C\u00f3digo promocional de Paripesa \u25b6\ufe0f C\u00f3digos de bonificaci\u00f3n actuales\",\"isPartOf\":{\"@id\":\"https:\/\/paripesa.team\/co\/#website\"},\"datePublished\":\"2025-03-25T12:23:10+00:00\",\"dateModified\":\"2026-04-07T10:38:18+00:00\",\"description\":\"Encuentra los mejores c\u00f3digos de bonificaci\u00f3n de Paripesa Colombia y consigue bonificaciones exclusivas sin dep\u00f3sito y tiradas gratis. Utiliza un c\u00f3digo promocional de Paripesa al registrarte. Los c\u00f3digos de bonificaci\u00f3n te permiten obtener tiradas gratis en tus tragaperras favoritas y apuestas gratis en deportes populares en Paripesa\",\"breadcrumb\":{\"@id\":\"https:\/\/paripesa.team\/co\/promo-code\/#breadcrumb\"},\"inLanguage\":\"es-CO\",\"potentialAction\":[{\"@type\":\"ReadAction\",\"target\":[\"https:\/\/paripesa.team\/co\/promo-code\/\"]}]},{\"@type\":\"BreadcrumbList\",\"@id\":\"https:\/\/paripesa.team\/co\/promo-code\/#breadcrumb\",\"itemListElement\":[{\"@type\":\"ListItem\",\"position\":1,\"name\":\"Home\",\"item\":\"https:\/\/paripesa.team\/co\/\"},{\"@type\":\"ListItem\",\"position\":2,\"name\":\"C\u00f3digo promocional\"}]},{\"@type\":\"WebSite\",\"@id\":\"https:\/\/paripesa.team\/co\/#website\",\"url\":\"https:\/\/paripesa.team\/co\/\",\"name\":\"Paripesa Team co\",\"description\":\"My WordPress Blog\",\"potentialAction\":[{\"@type\":\"SearchAction\",\"target\":{\"@type\":\"EntryPoint\",\"urlTemplate\":\"https:\/\/paripesa.team\/co\/?s={search_term_string}\"},\"query-input\":\"required name=search_term_string\"}],\"inLanguage\":\"es-CO\"}]}<\/script>\n<!-- \/ Yoast SEO plugin. -->","yoast_head_json":{"title":"C\u00f3digo promocional de Paripesa \u25b6\ufe0f C\u00f3digos de bonificaci\u00f3n actuales","description":"Encuentra los mejores c\u00f3digos de bonificaci\u00f3n de Paripesa Colombia y consigue bonificaciones exclusivas sin dep\u00f3sito y tiradas gratis. Utiliza un c\u00f3digo promocional de Paripesa al registrarte. Los c\u00f3digos de bonificaci\u00f3n te permiten obtener tiradas gratis en tus tragaperras favoritas y apuestas gratis en deportes populares en Paripesa","robots":{"index":"index","follow":"follow","max-snippet":"max-snippet:-1","max-image-preview":"max-image-preview:large","max-video-preview":"max-video-preview:-1"},"og_locale":"es_ES","og_type":"article","og_title":"C\u00f3digo promocional de Paripesa \u25b6\ufe0f C\u00f3digos de bonificaci\u00f3n actuales","og_description":"Encuentra los mejores c\u00f3digos de bonificaci\u00f3n de Paripesa Colombia y consigue bonificaciones exclusivas sin dep\u00f3sito y tiradas gratis. Utiliza un c\u00f3digo promocional de Paripesa al registrarte. Los c\u00f3digos de bonificaci\u00f3n te permiten obtener tiradas gratis en tus tragaperras favoritas y apuestas gratis en deportes populares en Paripesa","og_url":"https:\/\/paripesa.team\/co\/promo-code\/","og_site_name":"Paripesa Team co","article_modified_time":"2026-04-07T10:38:18+00:00","twitter_card":"summary_large_image","schema":{"@context":"https:\/\/schema.org","@graph":[{"@type":"WebPage","@id":"https:\/\/paripesa.team\/co\/promo-code\/","url":"https:\/\/paripesa.team\/co\/promo-code\/","name":"C\u00f3digo promocional de Paripesa \u25b6\ufe0f C\u00f3digos de bonificaci\u00f3n actuales","isPartOf":{"@id":"https:\/\/paripesa.team\/co\/#website"},"datePublished":"2025-03-25T12:23:10+00:00","dateModified":"2026-04-07T10:38:18+00:00","description":"Encuentra los mejores c\u00f3digos de bonificaci\u00f3n de Paripesa Colombia y consigue bonificaciones exclusivas sin dep\u00f3sito y tiradas gratis. Utiliza un c\u00f3digo promocional de Paripesa al registrarte. Los c\u00f3digos de bonificaci\u00f3n te permiten obtener tiradas gratis en tus tragaperras favoritas y apuestas gratis en deportes populares en Paripesa","breadcrumb":{"@id":"https:\/\/paripesa.team\/co\/promo-code\/#breadcrumb"},"inLanguage":"es-CO","potentialAction":[{"@type":"ReadAction","target":["https:\/\/paripesa.team\/co\/promo-code\/"]}]},{"@type":"BreadcrumbList","@id":"https:\/\/paripesa.team\/co\/promo-code\/#breadcrumb","itemListElement":[{"@type":"ListItem","position":1,"name":"Home","item":"https:\/\/paripesa.team\/co\/"},{"@type":"ListItem","position":2,"name":"C\u00f3digo promocional"}]},{"@type":"WebSite","@id":"https:\/\/paripesa.team\/co\/#website","url":"https:\/\/paripesa.team\/co\/","name":"Paripesa Team co","description":"My WordPress Blog","potentialAction":[{"@type":"SearchAction","target":{"@type":"EntryPoint","urlTemplate":"https:\/\/paripesa.team\/co\/?s={search_term_string}"},"query-input":"required name=search_term_string"}],"inLanguage":"es-CO"}]}},"_links":{"self":[{"href":"https:\/\/paripesa.team\/co\/wp-json\/wp\/v2\/pages\/343","targetHints":{"allow":["GET"]}}],"collection":[{"href":"https:\/\/paripesa.team\/co\/wp-json\/wp\/v2\/pages"}],"about":[{"href":"https:\/\/paripesa.team\/co\/wp-json\/wp\/v2\/types\/page"}],"author":[{"embeddable":true,"href":"https:\/\/paripesa.team\/co\/wp-json\/wp\/v2\/users\/1"}],"replies":[{"embeddable":true,"href":"https:\/\/paripesa.team\/co\/wp-json\/wp\/v2\/comments?post=343"}],"version-history":[{"count":7,"href":"https:\/\/paripesa.team\/co\/wp-json\/wp\/v2\/pages\/343\/revisions"}],"predecessor-version":[{"id":561,"href":"https:\/\/paripesa.team\/co\/wp-json\/wp\/v2\/pages\/343\/revisions\/561"}],"wp:attachment":[{"href":"https:\/\/paripesa.team\/co\/wp-json\/wp\/v2\/media?parent=343"}],"curies":[{"name":"wp","href":"https:\/\/api.w.org\/{rel}","templated":true}]}}