{"id":298,"date":"2025-03-17T12:34:51","date_gmt":"2025-03-17T12:34:51","guid":{"rendered":"https:\/\/paripesa.team\/co\/ru\/?page_id=298"},"modified":"2026-04-07T09:27:33","modified_gmt":"2026-04-07T09:27:33","slug":"apk","status":"publish","type":"page","link":"https:\/\/paripesa.team\/co\/apk\/","title":{"rendered":"Apk"},"content":{"rendered":"","protected":false},"excerpt":{"rendered":"","protected":false},"author":1,"featured_media":0,"parent":0,"menu_order":0,"comment_status":"closed","ping_status":"closed","template":"","meta":{"footnotes":""},"class_list":["post-298","page","type-page","status-publish","hentry"],"yoast_head":"<!-- This site is optimized with the Yoast SEO plugin v23.0 - https:\/\/yoast.com\/wordpress\/plugins\/seo\/ -->\n<title>Paripesa Colombia Apk \u25b6\ufe0f C\u00f3mo descargarla y jugar<\/title>\n<meta name=\"description\" content=\"La aplicaci\u00f3n Paripesa es una forma c\u00f3moda de acceder a las casas de apuestas y a los casinos desde cualquier lugar. La aplicaci\u00f3n Paripesa para Android ofrece una interfaz optimizada y ofertas de bonos exclusivas.\" \/>\n<meta name=\"robots\" content=\"index, follow, max-snippet:-1, max-image-preview:large, max-video-preview:-1\" \/>\n<meta property=\"og:locale\" content=\"es_ES\" \/>\n<meta property=\"og:type\" content=\"article\" \/>\n<meta property=\"og:title\" content=\"Paripesa Colombia Apk \u25b6\ufe0f C\u00f3mo descargarla y jugar\" \/>\n<meta property=\"og:description\" content=\"La aplicaci\u00f3n Paripesa es una forma c\u00f3moda de acceder a las casas de apuestas y a los casinos desde cualquier lugar. La aplicaci\u00f3n Paripesa para Android ofrece una interfaz optimizada y ofertas de bonos exclusivas.\" \/>\n<meta property=\"og:url\" content=\"https:\/\/paripesa.team\/co\/apk\/\" \/>\n<meta property=\"og:site_name\" content=\"Paripesa Team co\" \/>\n<meta property=\"article:modified_time\" content=\"2026-04-07T09:27:33+00:00\" \/>\n<meta name=\"twitter:card\" content=\"summary_large_image\" \/>\n<script type=\"application\/ld+json\" class=\"yoast-schema-graph\">{\"@context\":\"https:\/\/schema.org\",\"@graph\":[{\"@type\":\"WebPage\",\"@id\":\"https:\/\/paripesa.team\/co\/apk\/\",\"url\":\"https:\/\/paripesa.team\/co\/apk\/\",\"name\":\"Paripesa Colombia Apk \u25b6\ufe0f C\u00f3mo descargarla y jugar\",\"isPartOf\":{\"@id\":\"https:\/\/paripesa.team\/co\/#website\"},\"datePublished\":\"2025-03-17T12:34:51+00:00\",\"dateModified\":\"2026-04-07T09:27:33+00:00\",\"description\":\"La aplicaci\u00f3n Paripesa es una forma c\u00f3moda de acceder a las casas de apuestas y a los casinos desde cualquier lugar. La aplicaci\u00f3n Paripesa para Android ofrece una interfaz optimizada y ofertas de bonos exclusivas.\",\"breadcrumb\":{\"@id\":\"https:\/\/paripesa.team\/co\/apk\/#breadcrumb\"},\"inLanguage\":\"es-CO\",\"potentialAction\":[{\"@type\":\"ReadAction\",\"target\":[\"https:\/\/paripesa.team\/co\/apk\/\"]}]},{\"@type\":\"BreadcrumbList\",\"@id\":\"https:\/\/paripesa.team\/co\/apk\/#breadcrumb\",\"itemListElement\":[{\"@type\":\"ListItem\",\"position\":1,\"name\":\"Home\",\"item\":\"https:\/\/paripesa.team\/co\/\"},{\"@type\":\"ListItem\",\"position\":2,\"name\":\"Apk\"}]},{\"@type\":\"WebSite\",\"@id\":\"https:\/\/paripesa.team\/co\/#website\",\"url\":\"https:\/\/paripesa.team\/co\/\",\"name\":\"Paripesa Team co\",\"description\":\"My WordPress Blog\",\"potentialAction\":[{\"@type\":\"SearchAction\",\"target\":{\"@type\":\"EntryPoint\",\"urlTemplate\":\"https:\/\/paripesa.team\/co\/?s={search_term_string}\"},\"query-input\":\"required name=search_term_string\"}],\"inLanguage\":\"es-CO\"}]}<\/script>\n<!-- \/ Yoast SEO plugin. -->","yoast_head_json":{"title":"Paripesa Colombia Apk \u25b6\ufe0f C\u00f3mo descargarla y jugar","description":"La aplicaci\u00f3n Paripesa es una forma c\u00f3moda de acceder a las casas de apuestas y a los casinos desde cualquier lugar. La aplicaci\u00f3n Paripesa para Android ofrece una interfaz optimizada y ofertas de bonos exclusivas.","robots":{"index":"index","follow":"follow","max-snippet":"max-snippet:-1","max-image-preview":"max-image-preview:large","max-video-preview":"max-video-preview:-1"},"og_locale":"es_ES","og_type":"article","og_title":"Paripesa Colombia Apk \u25b6\ufe0f C\u00f3mo descargarla y jugar","og_description":"La aplicaci\u00f3n Paripesa es una forma c\u00f3moda de acceder a las casas de apuestas y a los casinos desde cualquier lugar. La aplicaci\u00f3n Paripesa para Android ofrece una interfaz optimizada y ofertas de bonos exclusivas.","og_url":"https:\/\/paripesa.team\/co\/apk\/","og_site_name":"Paripesa Team co","article_modified_time":"2026-04-07T09:27:33+00:00","twitter_card":"summary_large_image","schema":{"@context":"https:\/\/schema.org","@graph":[{"@type":"WebPage","@id":"https:\/\/paripesa.team\/co\/apk\/","url":"https:\/\/paripesa.team\/co\/apk\/","name":"Paripesa Colombia Apk \u25b6\ufe0f C\u00f3mo descargarla y jugar","isPartOf":{"@id":"https:\/\/paripesa.team\/co\/#website"},"datePublished":"2025-03-17T12:34:51+00:00","dateModified":"2026-04-07T09:27:33+00:00","description":"La aplicaci\u00f3n Paripesa es una forma c\u00f3moda de acceder a las casas de apuestas y a los casinos desde cualquier lugar. La aplicaci\u00f3n Paripesa para Android ofrece una interfaz optimizada y ofertas de bonos exclusivas.","breadcrumb":{"@id":"https:\/\/paripesa.team\/co\/apk\/#breadcrumb"},"inLanguage":"es-CO","potentialAction":[{"@type":"ReadAction","target":["https:\/\/paripesa.team\/co\/apk\/"]}]},{"@type":"BreadcrumbList","@id":"https:\/\/paripesa.team\/co\/apk\/#breadcrumb","itemListElement":[{"@type":"ListItem","position":1,"name":"Home","item":"https:\/\/paripesa.team\/co\/"},{"@type":"ListItem","position":2,"name":"Apk"}]},{"@type":"WebSite","@id":"https:\/\/paripesa.team\/co\/#website","url":"https:\/\/paripesa.team\/co\/","name":"Paripesa Team co","description":"My WordPress Blog","potentialAction":[{"@type":"SearchAction","target":{"@type":"EntryPoint","urlTemplate":"https:\/\/paripesa.team\/co\/?s={search_term_string}"},"query-input":"required name=search_term_string"}],"inLanguage":"es-CO"}]}},"_links":{"self":[{"href":"https:\/\/paripesa.team\/co\/wp-json\/wp\/v2\/pages\/298","targetHints":{"allow":["GET"]}}],"collection":[{"href":"https:\/\/paripesa.team\/co\/wp-json\/wp\/v2\/pages"}],"about":[{"href":"https:\/\/paripesa.team\/co\/wp-json\/wp\/v2\/types\/page"}],"author":[{"embeddable":true,"href":"https:\/\/paripesa.team\/co\/wp-json\/wp\/v2\/users\/1"}],"replies":[{"embeddable":true,"href":"https:\/\/paripesa.team\/co\/wp-json\/wp\/v2\/comments?post=298"}],"version-history":[{"count":5,"href":"https:\/\/paripesa.team\/co\/wp-json\/wp\/v2\/pages\/298\/revisions"}],"predecessor-version":[{"id":550,"href":"https:\/\/paripesa.team\/co\/wp-json\/wp\/v2\/pages\/298\/revisions\/550"}],"wp:attachment":[{"href":"https:\/\/paripesa.team\/co\/wp-json\/wp\/v2\/media?parent=298"}],"curies":[{"name":"wp","href":"https:\/\/api.w.org\/{rel}","templated":true}]}}