{"id":273,"date":"2024-03-14T05:50:59","date_gmt":"2024-03-14T05:50:59","guid":{"rendered":"https:\/\/paripesa.team\/co\/ru\/?page_id=273"},"modified":"2026-04-07T09:33:10","modified_gmt":"2026-04-07T09:33:10","slug":"app","status":"publish","type":"page","link":"https:\/\/paripesa.team\/co\/app\/","title":{"rendered":"Aplicaci\u00f3n"},"content":{"rendered":"","protected":false},"excerpt":{"rendered":"","protected":false},"author":1,"featured_media":0,"parent":0,"menu_order":0,"comment_status":"closed","ping_status":"closed","template":"","meta":{"footnotes":""},"class_list":["post-273","page","type-page","status-publish","hentry"],"yoast_head":"<!-- This site is optimized with the Yoast SEO plugin v23.0 - https:\/\/yoast.com\/wordpress\/plugins\/seo\/ -->\n<title>Aplicaci\u00f3n Paripesa: \u2705Desc\u00e1rgala gratis para Android e iOS<\/title>\n<meta name=\"description\" content=\"La aplicaci\u00f3n m\u00f3vil de Paripesa Colombia te permite acceder a tu entretenimiento favorito en cualquier momento y en cualquier lugar. Disfruta de las ventajas de la aplicaci\u00f3n m\u00f3vil de Paripesa\" \/>\n<meta name=\"robots\" content=\"index, follow, max-snippet:-1, max-image-preview:large, max-video-preview:-1\" \/>\n<meta property=\"og:locale\" content=\"es_ES\" \/>\n<meta property=\"og:type\" content=\"article\" \/>\n<meta property=\"og:title\" content=\"Aplicaci\u00f3n Paripesa: \u2705Desc\u00e1rgala gratis para Android e iOS\" \/>\n<meta property=\"og:description\" content=\"La aplicaci\u00f3n m\u00f3vil de Paripesa Colombia te permite acceder a tu entretenimiento favorito en cualquier momento y en cualquier lugar. Disfruta de las ventajas de la aplicaci\u00f3n m\u00f3vil de Paripesa\" \/>\n<meta property=\"og:url\" content=\"https:\/\/paripesa.team\/co\/app\/\" \/>\n<meta property=\"og:site_name\" content=\"Paripesa Team co\" \/>\n<meta property=\"article:modified_time\" content=\"2026-04-07T09:33:10+00:00\" \/>\n<meta name=\"twitter:card\" content=\"summary_large_image\" \/>\n<script type=\"application\/ld+json\" class=\"yoast-schema-graph\">{\"@context\":\"https:\/\/schema.org\",\"@graph\":[{\"@type\":\"WebPage\",\"@id\":\"https:\/\/paripesa.team\/co\/app\/\",\"url\":\"https:\/\/paripesa.team\/co\/app\/\",\"name\":\"Aplicaci\u00f3n Paripesa: \u2705Desc\u00e1rgala gratis para Android e iOS\",\"isPartOf\":{\"@id\":\"https:\/\/paripesa.team\/co\/#website\"},\"datePublished\":\"2024-03-14T05:50:59+00:00\",\"dateModified\":\"2026-04-07T09:33:10+00:00\",\"description\":\"La aplicaci\u00f3n m\u00f3vil de Paripesa Colombia te permite acceder a tu entretenimiento favorito en cualquier momento y en cualquier lugar. Disfruta de las ventajas de la aplicaci\u00f3n m\u00f3vil de Paripesa\",\"breadcrumb\":{\"@id\":\"https:\/\/paripesa.team\/co\/app\/#breadcrumb\"},\"inLanguage\":\"es-CO\",\"potentialAction\":[{\"@type\":\"ReadAction\",\"target\":[\"https:\/\/paripesa.team\/co\/app\/\"]}]},{\"@type\":\"BreadcrumbList\",\"@id\":\"https:\/\/paripesa.team\/co\/app\/#breadcrumb\",\"itemListElement\":[{\"@type\":\"ListItem\",\"position\":1,\"name\":\"Home\",\"item\":\"https:\/\/paripesa.team\/co\/\"},{\"@type\":\"ListItem\",\"position\":2,\"name\":\"Aplicaci\u00f3n\"}]},{\"@type\":\"WebSite\",\"@id\":\"https:\/\/paripesa.team\/co\/#website\",\"url\":\"https:\/\/paripesa.team\/co\/\",\"name\":\"Paripesa Team co\",\"description\":\"My WordPress Blog\",\"potentialAction\":[{\"@type\":\"SearchAction\",\"target\":{\"@type\":\"EntryPoint\",\"urlTemplate\":\"https:\/\/paripesa.team\/co\/?s={search_term_string}\"},\"query-input\":\"required name=search_term_string\"}],\"inLanguage\":\"es-CO\"}]}<\/script>\n<!-- \/ Yoast SEO plugin. -->","yoast_head_json":{"title":"Aplicaci\u00f3n Paripesa: \u2705Desc\u00e1rgala gratis para Android e iOS","description":"La aplicaci\u00f3n m\u00f3vil de Paripesa Colombia te permite acceder a tu entretenimiento favorito en cualquier momento y en cualquier lugar. Disfruta de las ventajas de la aplicaci\u00f3n m\u00f3vil de Paripesa","robots":{"index":"index","follow":"follow","max-snippet":"max-snippet:-1","max-image-preview":"max-image-preview:large","max-video-preview":"max-video-preview:-1"},"og_locale":"es_ES","og_type":"article","og_title":"Aplicaci\u00f3n Paripesa: \u2705Desc\u00e1rgala gratis para Android e iOS","og_description":"La aplicaci\u00f3n m\u00f3vil de Paripesa Colombia te permite acceder a tu entretenimiento favorito en cualquier momento y en cualquier lugar. Disfruta de las ventajas de la aplicaci\u00f3n m\u00f3vil de Paripesa","og_url":"https:\/\/paripesa.team\/co\/app\/","og_site_name":"Paripesa Team co","article_modified_time":"2026-04-07T09:33:10+00:00","twitter_card":"summary_large_image","schema":{"@context":"https:\/\/schema.org","@graph":[{"@type":"WebPage","@id":"https:\/\/paripesa.team\/co\/app\/","url":"https:\/\/paripesa.team\/co\/app\/","name":"Aplicaci\u00f3n Paripesa: \u2705Desc\u00e1rgala gratis para Android e iOS","isPartOf":{"@id":"https:\/\/paripesa.team\/co\/#website"},"datePublished":"2024-03-14T05:50:59+00:00","dateModified":"2026-04-07T09:33:10+00:00","description":"La aplicaci\u00f3n m\u00f3vil de Paripesa Colombia te permite acceder a tu entretenimiento favorito en cualquier momento y en cualquier lugar. Disfruta de las ventajas de la aplicaci\u00f3n m\u00f3vil de Paripesa","breadcrumb":{"@id":"https:\/\/paripesa.team\/co\/app\/#breadcrumb"},"inLanguage":"es-CO","potentialAction":[{"@type":"ReadAction","target":["https:\/\/paripesa.team\/co\/app\/"]}]},{"@type":"BreadcrumbList","@id":"https:\/\/paripesa.team\/co\/app\/#breadcrumb","itemListElement":[{"@type":"ListItem","position":1,"name":"Home","item":"https:\/\/paripesa.team\/co\/"},{"@type":"ListItem","position":2,"name":"Aplicaci\u00f3n"}]},{"@type":"WebSite","@id":"https:\/\/paripesa.team\/co\/#website","url":"https:\/\/paripesa.team\/co\/","name":"Paripesa Team co","description":"My WordPress Blog","potentialAction":[{"@type":"SearchAction","target":{"@type":"EntryPoint","urlTemplate":"https:\/\/paripesa.team\/co\/?s={search_term_string}"},"query-input":"required name=search_term_string"}],"inLanguage":"es-CO"}]}},"_links":{"self":[{"href":"https:\/\/paripesa.team\/co\/wp-json\/wp\/v2\/pages\/273","targetHints":{"allow":["GET"]}}],"collection":[{"href":"https:\/\/paripesa.team\/co\/wp-json\/wp\/v2\/pages"}],"about":[{"href":"https:\/\/paripesa.team\/co\/wp-json\/wp\/v2\/types\/page"}],"author":[{"embeddable":true,"href":"https:\/\/paripesa.team\/co\/wp-json\/wp\/v2\/users\/1"}],"replies":[{"embeddable":true,"href":"https:\/\/paripesa.team\/co\/wp-json\/wp\/v2\/comments?post=273"}],"version-history":[{"count":7,"href":"https:\/\/paripesa.team\/co\/wp-json\/wp\/v2\/pages\/273\/revisions"}],"predecessor-version":[{"id":552,"href":"https:\/\/paripesa.team\/co\/wp-json\/wp\/v2\/pages\/273\/revisions\/552"}],"wp:attachment":[{"href":"https:\/\/paripesa.team\/co\/wp-json\/wp\/v2\/media?parent=273"}],"curies":[{"name":"wp","href":"https:\/\/api.w.org\/{rel}","templated":true}]}}