{"id":476,"date":"2025-07-24T13:04:30","date_gmt":"2025-07-24T13:04:30","guid":{"rendered":"https:\/\/paripesa.team\/ci\/?page_id=476"},"modified":"2026-02-23T17:20:31","modified_gmt":"2026-02-23T17:20:31","slug":"casino-welcome-package","status":"publish","type":"page","link":"https:\/\/paripesa.team\/ci\/bonus\/casino-welcome-package\/","title":{"rendered":"Pack de bienvenue au casino"},"content":{"rendered":"","protected":false},"excerpt":{"rendered":"","protected":false},"author":1,"featured_media":0,"parent":320,"menu_order":0,"comment_status":"closed","ping_status":"closed","template":"","meta":{"footnotes":""},"class_list":["post-476","page","type-page","status-publish","hentry"],"yoast_head":"<!-- This site is optimized with the Yoast SEO plugin v23.0 - https:\/\/yoast.com\/wordpress\/plugins\/seo\/ -->\n<title>Pack de bienvenue du casino PariPesa : \u2705 Obtenez jusqu&#039;\u00e0 800 000 XAF + 150 FS<\/title>\n<meta name=\"description\" content=\"Obtenez le pack de bienvenue du casino PariPesa C\u00f4te d&#039;Ivoire : jusqu&#039;\u00e0 800 000 XAF et 150 tours gratuits pour 4 d\u00e9p\u00f4ts ! Ne manquez pas votre chance de remporter de superbes cadeaux : inscrivez-vous et commencez \u00e0 gagner d\u00e8s maintenant !\" \/>\n<meta name=\"robots\" content=\"index, follow, max-snippet:-1, max-image-preview:large, max-video-preview:-1\" \/>\n<meta property=\"og:locale\" content=\"fr_FR\" \/>\n<meta property=\"og:type\" content=\"article\" \/>\n<meta property=\"og:title\" content=\"Pack de bienvenue du casino PariPesa : \u2705 Obtenez jusqu&#039;\u00e0 800 000 XAF + 150 FS\" \/>\n<meta property=\"og:description\" content=\"Obtenez le pack de bienvenue du casino PariPesa C\u00f4te d&#039;Ivoire : jusqu&#039;\u00e0 800 000 XAF et 150 tours gratuits pour 4 d\u00e9p\u00f4ts ! Ne manquez pas votre chance de remporter de superbes cadeaux : inscrivez-vous et commencez \u00e0 gagner d\u00e8s maintenant !\" \/>\n<meta property=\"og:url\" content=\"https:\/\/paripesa.team\/ci\/bonus\/casino-welcome-package\/\" \/>\n<meta property=\"og:site_name\" content=\"Paripesa Team ci\" \/>\n<meta property=\"article:modified_time\" content=\"2026-02-23T17:20:31+00:00\" \/>\n<meta name=\"twitter:card\" content=\"summary_large_image\" \/>\n<script type=\"application\/ld+json\" class=\"yoast-schema-graph\">{\"@context\":\"https:\/\/schema.org\",\"@graph\":[{\"@type\":\"WebPage\",\"@id\":\"https:\/\/paripesa.team\/ci\/bonus\/casino-welcome-package\/\",\"url\":\"https:\/\/paripesa.team\/ci\/bonus\/casino-welcome-package\/\",\"name\":\"Pack de bienvenue du casino PariPesa : \u2705 Obtenez jusqu'\u00e0 800 000 XAF + 150 FS\",\"isPartOf\":{\"@id\":\"https:\/\/paripesa.team\/ci\/#website\"},\"datePublished\":\"2025-07-24T13:04:30+00:00\",\"dateModified\":\"2026-02-23T17:20:31+00:00\",\"description\":\"Obtenez le pack de bienvenue du casino PariPesa C\u00f4te d'Ivoire : jusqu'\u00e0 800 000 XAF et 150 tours gratuits pour 4 d\u00e9p\u00f4ts ! Ne manquez pas votre chance de remporter de superbes cadeaux : inscrivez-vous et commencez \u00e0 gagner d\u00e8s maintenant !\",\"breadcrumb\":{\"@id\":\"https:\/\/paripesa.team\/ci\/bonus\/casino-welcome-package\/#breadcrumb\"},\"inLanguage\":\"fr-CI\",\"potentialAction\":[{\"@type\":\"ReadAction\",\"target\":[\"https:\/\/paripesa.team\/ci\/bonus\/casino-welcome-package\/\"]}]},{\"@type\":\"BreadcrumbList\",\"@id\":\"https:\/\/paripesa.team\/ci\/bonus\/casino-welcome-package\/#breadcrumb\",\"itemListElement\":[{\"@type\":\"ListItem\",\"position\":1,\"name\":\"Home\",\"item\":\"https:\/\/paripesa.team\/ci\/\"},{\"@type\":\"ListItem\",\"position\":2,\"name\":\"Bonus\",\"item\":\"https:\/\/paripesa.team\/ci\/bonus\/\"},{\"@type\":\"ListItem\",\"position\":3,\"name\":\"Pack de bienvenue au casino\"}]},{\"@type\":\"WebSite\",\"@id\":\"https:\/\/paripesa.team\/ci\/#website\",\"url\":\"https:\/\/paripesa.team\/ci\/\",\"name\":\"Paripesa Team ci\",\"description\":\"My WordPress Blog\",\"potentialAction\":[{\"@type\":\"SearchAction\",\"target\":{\"@type\":\"EntryPoint\",\"urlTemplate\":\"https:\/\/paripesa.team\/ci\/?s={search_term_string}\"},\"query-input\":\"required name=search_term_string\"}],\"inLanguage\":\"fr-CI\"}]}<\/script>\n<!-- \/ Yoast SEO plugin. -->","yoast_head_json":{"title":"Pack de bienvenue du casino PariPesa : \u2705 Obtenez jusqu'\u00e0 800 000 XAF + 150 FS","description":"Obtenez le pack de bienvenue du casino PariPesa C\u00f4te d'Ivoire : jusqu'\u00e0 800 000 XAF et 150 tours gratuits pour 4 d\u00e9p\u00f4ts ! Ne manquez pas votre chance de remporter de superbes cadeaux : inscrivez-vous et commencez \u00e0 gagner d\u00e8s maintenant !","robots":{"index":"index","follow":"follow","max-snippet":"max-snippet:-1","max-image-preview":"max-image-preview:large","max-video-preview":"max-video-preview:-1"},"og_locale":"fr_FR","og_type":"article","og_title":"Pack de bienvenue du casino PariPesa : \u2705 Obtenez jusqu'\u00e0 800 000 XAF + 150 FS","og_description":"Obtenez le pack de bienvenue du casino PariPesa C\u00f4te d'Ivoire : jusqu'\u00e0 800 000 XAF et 150 tours gratuits pour 4 d\u00e9p\u00f4ts ! Ne manquez pas votre chance de remporter de superbes cadeaux : inscrivez-vous et commencez \u00e0 gagner d\u00e8s maintenant !","og_url":"https:\/\/paripesa.team\/ci\/bonus\/casino-welcome-package\/","og_site_name":"Paripesa Team ci","article_modified_time":"2026-02-23T17:20:31+00:00","twitter_card":"summary_large_image","schema":{"@context":"https:\/\/schema.org","@graph":[{"@type":"WebPage","@id":"https:\/\/paripesa.team\/ci\/bonus\/casino-welcome-package\/","url":"https:\/\/paripesa.team\/ci\/bonus\/casino-welcome-package\/","name":"Pack de bienvenue du casino PariPesa : \u2705 Obtenez jusqu'\u00e0 800 000 XAF + 150 FS","isPartOf":{"@id":"https:\/\/paripesa.team\/ci\/#website"},"datePublished":"2025-07-24T13:04:30+00:00","dateModified":"2026-02-23T17:20:31+00:00","description":"Obtenez le pack de bienvenue du casino PariPesa C\u00f4te d'Ivoire : jusqu'\u00e0 800 000 XAF et 150 tours gratuits pour 4 d\u00e9p\u00f4ts ! Ne manquez pas votre chance de remporter de superbes cadeaux : inscrivez-vous et commencez \u00e0 gagner d\u00e8s maintenant !","breadcrumb":{"@id":"https:\/\/paripesa.team\/ci\/bonus\/casino-welcome-package\/#breadcrumb"},"inLanguage":"fr-CI","potentialAction":[{"@type":"ReadAction","target":["https:\/\/paripesa.team\/ci\/bonus\/casino-welcome-package\/"]}]},{"@type":"BreadcrumbList","@id":"https:\/\/paripesa.team\/ci\/bonus\/casino-welcome-package\/#breadcrumb","itemListElement":[{"@type":"ListItem","position":1,"name":"Home","item":"https:\/\/paripesa.team\/ci\/"},{"@type":"ListItem","position":2,"name":"Bonus","item":"https:\/\/paripesa.team\/ci\/bonus\/"},{"@type":"ListItem","position":3,"name":"Pack de bienvenue au casino"}]},{"@type":"WebSite","@id":"https:\/\/paripesa.team\/ci\/#website","url":"https:\/\/paripesa.team\/ci\/","name":"Paripesa Team ci","description":"My WordPress Blog","potentialAction":[{"@type":"SearchAction","target":{"@type":"EntryPoint","urlTemplate":"https:\/\/paripesa.team\/ci\/?s={search_term_string}"},"query-input":"required name=search_term_string"}],"inLanguage":"fr-CI"}]}},"_links":{"self":[{"href":"https:\/\/paripesa.team\/ci\/wp-json\/wp\/v2\/pages\/476","targetHints":{"allow":["GET"]}}],"collection":[{"href":"https:\/\/paripesa.team\/ci\/wp-json\/wp\/v2\/pages"}],"about":[{"href":"https:\/\/paripesa.team\/ci\/wp-json\/wp\/v2\/types\/page"}],"author":[{"embeddable":true,"href":"https:\/\/paripesa.team\/ci\/wp-json\/wp\/v2\/users\/1"}],"replies":[{"embeddable":true,"href":"https:\/\/paripesa.team\/ci\/wp-json\/wp\/v2\/comments?post=476"}],"version-history":[{"count":4,"href":"https:\/\/paripesa.team\/ci\/wp-json\/wp\/v2\/pages\/476\/revisions"}],"predecessor-version":[{"id":546,"href":"https:\/\/paripesa.team\/ci\/wp-json\/wp\/v2\/pages\/476\/revisions\/546"}],"up":[{"embeddable":true,"href":"https:\/\/paripesa.team\/ci\/wp-json\/wp\/v2\/pages\/320"}],"wp:attachment":[{"href":"https:\/\/paripesa.team\/ci\/wp-json\/wp\/v2\/media?parent=476"}],"curies":[{"name":"wp","href":"https:\/\/api.w.org\/{rel}","templated":true}]}}