{"id":455,"date":"2025-07-24T11:17:32","date_gmt":"2025-07-24T11:17:32","guid":{"rendered":"https:\/\/paripesa.team\/ci\/?page_id=455"},"modified":"2026-02-23T17:20:57","modified_gmt":"2026-02-23T17:20:57","slug":"first-deposit","status":"publish","type":"page","link":"https:\/\/paripesa.team\/ci\/bonus\/first-deposit\/","title":{"rendered":"Premier d\u00e9p\u00f4t"},"content":{"rendered":"","protected":false},"excerpt":{"rendered":"","protected":false},"author":1,"featured_media":0,"parent":320,"menu_order":0,"comment_status":"closed","ping_status":"closed","template":"","meta":{"footnotes":""},"class_list":["post-455","page","type-page","status-publish","hentry"],"yoast_head":"<!-- This site is optimized with the Yoast SEO plugin v23.0 - https:\/\/yoast.com\/wordpress\/plugins\/seo\/ -->\n<title>Bonus de bienvenue PariPesa Sports : \u2714 Obtenez jusqu&#039;\u00e0 55 000 XAF !<\/title>\n<meta name=\"description\" content=\"Obtenez jusqu&#039;\u00e0 55 000 XAF de bonus chez PariPesa sur les paris sportifs. Doublez votre premier d\u00e9p\u00f4t et plongez dans l&#039;univers du sport. Ne passez pas \u00e0 c\u00f4t\u00e9 de vos gains !\" \/>\n<meta name=\"robots\" content=\"index, follow, max-snippet:-1, max-image-preview:large, max-video-preview:-1\" \/>\n<meta property=\"og:locale\" content=\"fr_FR\" \/>\n<meta property=\"og:type\" content=\"article\" \/>\n<meta property=\"og:title\" content=\"Bonus de bienvenue PariPesa Sports : \u2714 Obtenez jusqu&#039;\u00e0 55 000 XAF !\" \/>\n<meta property=\"og:description\" content=\"Obtenez jusqu&#039;\u00e0 55 000 XAF de bonus chez PariPesa sur les paris sportifs. Doublez votre premier d\u00e9p\u00f4t et plongez dans l&#039;univers du sport. Ne passez pas \u00e0 c\u00f4t\u00e9 de vos gains !\" \/>\n<meta property=\"og:url\" content=\"https:\/\/paripesa.team\/ci\/bonus\/first-deposit\/\" \/>\n<meta property=\"og:site_name\" content=\"Paripesa Team ci\" \/>\n<meta property=\"article:modified_time\" content=\"2026-02-23T17:20:57+00:00\" \/>\n<meta name=\"twitter:card\" content=\"summary_large_image\" \/>\n<script type=\"application\/ld+json\" class=\"yoast-schema-graph\">{\"@context\":\"https:\/\/schema.org\",\"@graph\":[{\"@type\":\"WebPage\",\"@id\":\"https:\/\/paripesa.team\/ci\/bonus\/first-deposit\/\",\"url\":\"https:\/\/paripesa.team\/ci\/bonus\/first-deposit\/\",\"name\":\"Bonus de bienvenue PariPesa Sports : \u2714 Obtenez jusqu'\u00e0 55 000 XAF !\",\"isPartOf\":{\"@id\":\"https:\/\/paripesa.team\/ci\/#website\"},\"datePublished\":\"2025-07-24T11:17:32+00:00\",\"dateModified\":\"2026-02-23T17:20:57+00:00\",\"description\":\"Obtenez jusqu'\u00e0 55 000 XAF de bonus chez PariPesa sur les paris sportifs. Doublez votre premier d\u00e9p\u00f4t et plongez dans l'univers du sport. Ne passez pas \u00e0 c\u00f4t\u00e9 de vos gains !\",\"breadcrumb\":{\"@id\":\"https:\/\/paripesa.team\/ci\/bonus\/first-deposit\/#breadcrumb\"},\"inLanguage\":\"fr-CI\",\"potentialAction\":[{\"@type\":\"ReadAction\",\"target\":[\"https:\/\/paripesa.team\/ci\/bonus\/first-deposit\/\"]}]},{\"@type\":\"BreadcrumbList\",\"@id\":\"https:\/\/paripesa.team\/ci\/bonus\/first-deposit\/#breadcrumb\",\"itemListElement\":[{\"@type\":\"ListItem\",\"position\":1,\"name\":\"Home\",\"item\":\"https:\/\/paripesa.team\/ci\/\"},{\"@type\":\"ListItem\",\"position\":2,\"name\":\"Bonus\",\"item\":\"https:\/\/paripesa.team\/ci\/bonus\/\"},{\"@type\":\"ListItem\",\"position\":3,\"name\":\"Premier d\u00e9p\u00f4t\"}]},{\"@type\":\"WebSite\",\"@id\":\"https:\/\/paripesa.team\/ci\/#website\",\"url\":\"https:\/\/paripesa.team\/ci\/\",\"name\":\"Paripesa Team ci\",\"description\":\"My WordPress Blog\",\"potentialAction\":[{\"@type\":\"SearchAction\",\"target\":{\"@type\":\"EntryPoint\",\"urlTemplate\":\"https:\/\/paripesa.team\/ci\/?s={search_term_string}\"},\"query-input\":\"required name=search_term_string\"}],\"inLanguage\":\"fr-CI\"}]}<\/script>\n<!-- \/ Yoast SEO plugin. -->","yoast_head_json":{"title":"Bonus de bienvenue PariPesa Sports : \u2714 Obtenez jusqu'\u00e0 55 000 XAF !","description":"Obtenez jusqu'\u00e0 55 000 XAF de bonus chez PariPesa sur les paris sportifs. Doublez votre premier d\u00e9p\u00f4t et plongez dans l'univers du sport. Ne passez pas \u00e0 c\u00f4t\u00e9 de vos gains !","robots":{"index":"index","follow":"follow","max-snippet":"max-snippet:-1","max-image-preview":"max-image-preview:large","max-video-preview":"max-video-preview:-1"},"og_locale":"fr_FR","og_type":"article","og_title":"Bonus de bienvenue PariPesa Sports : \u2714 Obtenez jusqu'\u00e0 55 000 XAF !","og_description":"Obtenez jusqu'\u00e0 55 000 XAF de bonus chez PariPesa sur les paris sportifs. Doublez votre premier d\u00e9p\u00f4t et plongez dans l'univers du sport. Ne passez pas \u00e0 c\u00f4t\u00e9 de vos gains !","og_url":"https:\/\/paripesa.team\/ci\/bonus\/first-deposit\/","og_site_name":"Paripesa Team ci","article_modified_time":"2026-02-23T17:20:57+00:00","twitter_card":"summary_large_image","schema":{"@context":"https:\/\/schema.org","@graph":[{"@type":"WebPage","@id":"https:\/\/paripesa.team\/ci\/bonus\/first-deposit\/","url":"https:\/\/paripesa.team\/ci\/bonus\/first-deposit\/","name":"Bonus de bienvenue PariPesa Sports : \u2714 Obtenez jusqu'\u00e0 55 000 XAF !","isPartOf":{"@id":"https:\/\/paripesa.team\/ci\/#website"},"datePublished":"2025-07-24T11:17:32+00:00","dateModified":"2026-02-23T17:20:57+00:00","description":"Obtenez jusqu'\u00e0 55 000 XAF de bonus chez PariPesa sur les paris sportifs. Doublez votre premier d\u00e9p\u00f4t et plongez dans l'univers du sport. Ne passez pas \u00e0 c\u00f4t\u00e9 de vos gains !","breadcrumb":{"@id":"https:\/\/paripesa.team\/ci\/bonus\/first-deposit\/#breadcrumb"},"inLanguage":"fr-CI","potentialAction":[{"@type":"ReadAction","target":["https:\/\/paripesa.team\/ci\/bonus\/first-deposit\/"]}]},{"@type":"BreadcrumbList","@id":"https:\/\/paripesa.team\/ci\/bonus\/first-deposit\/#breadcrumb","itemListElement":[{"@type":"ListItem","position":1,"name":"Home","item":"https:\/\/paripesa.team\/ci\/"},{"@type":"ListItem","position":2,"name":"Bonus","item":"https:\/\/paripesa.team\/ci\/bonus\/"},{"@type":"ListItem","position":3,"name":"Premier d\u00e9p\u00f4t"}]},{"@type":"WebSite","@id":"https:\/\/paripesa.team\/ci\/#website","url":"https:\/\/paripesa.team\/ci\/","name":"Paripesa Team ci","description":"My WordPress Blog","potentialAction":[{"@type":"SearchAction","target":{"@type":"EntryPoint","urlTemplate":"https:\/\/paripesa.team\/ci\/?s={search_term_string}"},"query-input":"required name=search_term_string"}],"inLanguage":"fr-CI"}]}},"_links":{"self":[{"href":"https:\/\/paripesa.team\/ci\/wp-json\/wp\/v2\/pages\/455","targetHints":{"allow":["GET"]}}],"collection":[{"href":"https:\/\/paripesa.team\/ci\/wp-json\/wp\/v2\/pages"}],"about":[{"href":"https:\/\/paripesa.team\/ci\/wp-json\/wp\/v2\/types\/page"}],"author":[{"embeddable":true,"href":"https:\/\/paripesa.team\/ci\/wp-json\/wp\/v2\/users\/1"}],"replies":[{"embeddable":true,"href":"https:\/\/paripesa.team\/ci\/wp-json\/wp\/v2\/comments?post=455"}],"version-history":[{"count":5,"href":"https:\/\/paripesa.team\/ci\/wp-json\/wp\/v2\/pages\/455\/revisions"}],"predecessor-version":[{"id":550,"href":"https:\/\/paripesa.team\/ci\/wp-json\/wp\/v2\/pages\/455\/revisions\/550"}],"up":[{"embeddable":true,"href":"https:\/\/paripesa.team\/ci\/wp-json\/wp\/v2\/pages\/320"}],"wp:attachment":[{"href":"https:\/\/paripesa.team\/ci\/wp-json\/wp\/v2\/media?parent=455"}],"curies":[{"name":"wp","href":"https:\/\/api.w.org\/{rel}","templated":true}]}}