{"id":352,"date":"2025-03-25T13:11:08","date_gmt":"2025-03-25T13:11:08","guid":{"rendered":"https:\/\/paripesa.team\/ci\/ru\/?page_id=352"},"modified":"2026-02-23T19:12:57","modified_gmt":"2026-02-23T19:12:57","slug":"login","status":"publish","type":"page","link":"https:\/\/paripesa.team\/ci\/login\/","title":{"rendered":"Connexion"},"content":{"rendered":"","protected":false},"excerpt":{"rendered":"","protected":false},"author":1,"featured_media":0,"parent":0,"menu_order":0,"comment_status":"closed","ping_status":"closed","template":"","meta":{"footnotes":""},"class_list":["post-352","page","type-page","status-publish","hentry"],"yoast_head":"<!-- This site is optimized with the Yoast SEO plugin v23.0 - https:\/\/yoast.com\/wordpress\/plugins\/seo\/ -->\n<title>Connexion \u00e0 Paripesa | Processus d&#039;autorisation \u00e9tape par \u00e9tape<\/title>\n<meta name=\"description\" content=\"Paripesa Cote D\u2019Ivoire step-by-step login process - how to access your account - Log in to Paripesa and receive a welcome package of up to 1,000,000 XAF and 150 free spins\" \/>\n<meta name=\"robots\" content=\"index, follow, max-snippet:-1, max-image-preview:large, max-video-preview:-1\" \/>\n<meta property=\"og:locale\" content=\"fr_FR\" \/>\n<meta property=\"og:type\" content=\"article\" \/>\n<meta property=\"og:title\" content=\"Connexion \u00e0 Paripesa | Processus d&#039;autorisation \u00e9tape par \u00e9tape\" \/>\n<meta property=\"og:description\" content=\"Paripesa Cote D\u2019Ivoire step-by-step login process - how to access your account - Log in to Paripesa and receive a welcome package of up to 1,000,000 XAF and 150 free spins\" \/>\n<meta property=\"og:url\" content=\"https:\/\/paripesa.team\/ci\/login\/\" \/>\n<meta property=\"og:site_name\" content=\"Paripesa Team ci\" \/>\n<meta property=\"article:modified_time\" content=\"2026-02-23T19:12:57+00:00\" \/>\n<meta name=\"twitter:card\" content=\"summary_large_image\" \/>\n<script type=\"application\/ld+json\" class=\"yoast-schema-graph\">{\"@context\":\"https:\/\/schema.org\",\"@graph\":[{\"@type\":\"WebPage\",\"@id\":\"https:\/\/paripesa.team\/ci\/login\/\",\"url\":\"https:\/\/paripesa.team\/ci\/login\/\",\"name\":\"Connexion \u00e0 Paripesa | Processus d'autorisation \u00e9tape par \u00e9tape\",\"isPartOf\":{\"@id\":\"https:\/\/paripesa.team\/ci\/#website\"},\"datePublished\":\"2025-03-25T13:11:08+00:00\",\"dateModified\":\"2026-02-23T19:12:57+00:00\",\"description\":\"Paripesa Cote D\u2019Ivoire step-by-step login process - how to access your account - Log in to Paripesa and receive a welcome package of up to 1,000,000 XAF and 150 free spins\",\"breadcrumb\":{\"@id\":\"https:\/\/paripesa.team\/ci\/login\/#breadcrumb\"},\"inLanguage\":\"fr-CI\",\"potentialAction\":[{\"@type\":\"ReadAction\",\"target\":[\"https:\/\/paripesa.team\/ci\/login\/\"]}]},{\"@type\":\"BreadcrumbList\",\"@id\":\"https:\/\/paripesa.team\/ci\/login\/#breadcrumb\",\"itemListElement\":[{\"@type\":\"ListItem\",\"position\":1,\"name\":\"Home\",\"item\":\"https:\/\/paripesa.team\/ci\/\"},{\"@type\":\"ListItem\",\"position\":2,\"name\":\"Connexion\"}]},{\"@type\":\"WebSite\",\"@id\":\"https:\/\/paripesa.team\/ci\/#website\",\"url\":\"https:\/\/paripesa.team\/ci\/\",\"name\":\"Paripesa Team ci\",\"description\":\"My WordPress Blog\",\"potentialAction\":[{\"@type\":\"SearchAction\",\"target\":{\"@type\":\"EntryPoint\",\"urlTemplate\":\"https:\/\/paripesa.team\/ci\/?s={search_term_string}\"},\"query-input\":\"required name=search_term_string\"}],\"inLanguage\":\"fr-CI\"}]}<\/script>\n<!-- \/ Yoast SEO plugin. -->","yoast_head_json":{"title":"Connexion \u00e0 Paripesa | Processus d'autorisation \u00e9tape par \u00e9tape","description":"Paripesa Cote D\u2019Ivoire step-by-step login process - how to access your account - Log in to Paripesa and receive a welcome package of up to 1,000,000 XAF and 150 free spins","robots":{"index":"index","follow":"follow","max-snippet":"max-snippet:-1","max-image-preview":"max-image-preview:large","max-video-preview":"max-video-preview:-1"},"og_locale":"fr_FR","og_type":"article","og_title":"Connexion \u00e0 Paripesa | Processus d'autorisation \u00e9tape par \u00e9tape","og_description":"Paripesa Cote D\u2019Ivoire step-by-step login process - how to access your account - Log in to Paripesa and receive a welcome package of up to 1,000,000 XAF and 150 free spins","og_url":"https:\/\/paripesa.team\/ci\/login\/","og_site_name":"Paripesa Team ci","article_modified_time":"2026-02-23T19:12:57+00:00","twitter_card":"summary_large_image","schema":{"@context":"https:\/\/schema.org","@graph":[{"@type":"WebPage","@id":"https:\/\/paripesa.team\/ci\/login\/","url":"https:\/\/paripesa.team\/ci\/login\/","name":"Connexion \u00e0 Paripesa | Processus d'autorisation \u00e9tape par \u00e9tape","isPartOf":{"@id":"https:\/\/paripesa.team\/ci\/#website"},"datePublished":"2025-03-25T13:11:08+00:00","dateModified":"2026-02-23T19:12:57+00:00","description":"Paripesa Cote D\u2019Ivoire step-by-step login process - how to access your account - Log in to Paripesa and receive a welcome package of up to 1,000,000 XAF and 150 free spins","breadcrumb":{"@id":"https:\/\/paripesa.team\/ci\/login\/#breadcrumb"},"inLanguage":"fr-CI","potentialAction":[{"@type":"ReadAction","target":["https:\/\/paripesa.team\/ci\/login\/"]}]},{"@type":"BreadcrumbList","@id":"https:\/\/paripesa.team\/ci\/login\/#breadcrumb","itemListElement":[{"@type":"ListItem","position":1,"name":"Home","item":"https:\/\/paripesa.team\/ci\/"},{"@type":"ListItem","position":2,"name":"Connexion"}]},{"@type":"WebSite","@id":"https:\/\/paripesa.team\/ci\/#website","url":"https:\/\/paripesa.team\/ci\/","name":"Paripesa Team ci","description":"My WordPress Blog","potentialAction":[{"@type":"SearchAction","target":{"@type":"EntryPoint","urlTemplate":"https:\/\/paripesa.team\/ci\/?s={search_term_string}"},"query-input":"required name=search_term_string"}],"inLanguage":"fr-CI"}]}},"_links":{"self":[{"href":"https:\/\/paripesa.team\/ci\/wp-json\/wp\/v2\/pages\/352","targetHints":{"allow":["GET"]}}],"collection":[{"href":"https:\/\/paripesa.team\/ci\/wp-json\/wp\/v2\/pages"}],"about":[{"href":"https:\/\/paripesa.team\/ci\/wp-json\/wp\/v2\/types\/page"}],"author":[{"embeddable":true,"href":"https:\/\/paripesa.team\/ci\/wp-json\/wp\/v2\/users\/1"}],"replies":[{"embeddable":true,"href":"https:\/\/paripesa.team\/ci\/wp-json\/wp\/v2\/comments?post=352"}],"version-history":[{"count":8,"href":"https:\/\/paripesa.team\/ci\/wp-json\/wp\/v2\/pages\/352\/revisions"}],"predecessor-version":[{"id":554,"href":"https:\/\/paripesa.team\/ci\/wp-json\/wp\/v2\/pages\/352\/revisions\/554"}],"wp:attachment":[{"href":"https:\/\/paripesa.team\/ci\/wp-json\/wp\/v2\/media?parent=352"}],"curies":[{"name":"wp","href":"https:\/\/api.w.org\/{rel}","templated":true}]}}