{"id":343,"date":"2025-03-25T12:23:10","date_gmt":"2025-03-25T12:23:10","guid":{"rendered":"https:\/\/paripesa.team\/ci\/ru\/?page_id=343"},"modified":"2026-02-23T19:30:29","modified_gmt":"2026-02-23T19:30:29","slug":"promo-code","status":"publish","type":"page","link":"https:\/\/paripesa.team\/ci\/promo-code\/","title":{"rendered":"Code promotionnel"},"content":{"rendered":"","protected":false},"excerpt":{"rendered":"","protected":false},"author":1,"featured_media":0,"parent":0,"menu_order":0,"comment_status":"closed","ping_status":"closed","template":"","meta":{"footnotes":""},"class_list":["post-343","page","type-page","status-publish","hentry"],"yoast_head":"<!-- This site is optimized with the Yoast SEO plugin v23.0 - https:\/\/yoast.com\/wordpress\/plugins\/seo\/ -->\n<title>Code promo Paripesa \u25b6\ufe0f Codes bonus actuels<\/title>\n<meta name=\"description\" content=\"Trouvez les meilleurs codes bonus Paripesa et obtenez des bonus exclusifs sans d\u00e9p\u00f4t et des tours gratuits. Utilisez un code promo Paripesa lors de votre inscription. Les codes bonus peuvent vous donner droit \u00e0 des tours gratuits sur vos machines \u00e0 sous pr\u00e9f\u00e9r\u00e9es et \u00e0 des paris gratuits sur les sports populaires chez Paripesa.\" \/>\n<meta name=\"robots\" content=\"index, follow, max-snippet:-1, max-image-preview:large, max-video-preview:-1\" \/>\n<meta property=\"og:locale\" content=\"fr_FR\" \/>\n<meta property=\"og:type\" content=\"article\" \/>\n<meta property=\"og:title\" content=\"Code promo Paripesa \u25b6\ufe0f Codes bonus actuels\" \/>\n<meta property=\"og:description\" content=\"Trouvez les meilleurs codes bonus Paripesa et obtenez des bonus exclusifs sans d\u00e9p\u00f4t et des tours gratuits. Utilisez un code promo Paripesa lors de votre inscription. Les codes bonus peuvent vous donner droit \u00e0 des tours gratuits sur vos machines \u00e0 sous pr\u00e9f\u00e9r\u00e9es et \u00e0 des paris gratuits sur les sports populaires chez Paripesa.\" \/>\n<meta property=\"og:url\" content=\"https:\/\/paripesa.team\/ci\/promo-code\/\" \/>\n<meta property=\"og:site_name\" content=\"Paripesa Team ci\" \/>\n<meta property=\"article:modified_time\" content=\"2026-02-23T19:30:29+00:00\" \/>\n<meta name=\"twitter:card\" content=\"summary_large_image\" \/>\n<script type=\"application\/ld+json\" class=\"yoast-schema-graph\">{\"@context\":\"https:\/\/schema.org\",\"@graph\":[{\"@type\":\"WebPage\",\"@id\":\"https:\/\/paripesa.team\/ci\/promo-code\/\",\"url\":\"https:\/\/paripesa.team\/ci\/promo-code\/\",\"name\":\"Code promo Paripesa \u25b6\ufe0f Codes bonus actuels\",\"isPartOf\":{\"@id\":\"https:\/\/paripesa.team\/ci\/#website\"},\"datePublished\":\"2025-03-25T12:23:10+00:00\",\"dateModified\":\"2026-02-23T19:30:29+00:00\",\"description\":\"Trouvez les meilleurs codes bonus Paripesa et obtenez des bonus exclusifs sans d\u00e9p\u00f4t et des tours gratuits. Utilisez un code promo Paripesa lors de votre inscription. Les codes bonus peuvent vous donner droit \u00e0 des tours gratuits sur vos machines \u00e0 sous pr\u00e9f\u00e9r\u00e9es et \u00e0 des paris gratuits sur les sports populaires chez Paripesa.\",\"breadcrumb\":{\"@id\":\"https:\/\/paripesa.team\/ci\/promo-code\/#breadcrumb\"},\"inLanguage\":\"fr-CI\",\"potentialAction\":[{\"@type\":\"ReadAction\",\"target\":[\"https:\/\/paripesa.team\/ci\/promo-code\/\"]}]},{\"@type\":\"BreadcrumbList\",\"@id\":\"https:\/\/paripesa.team\/ci\/promo-code\/#breadcrumb\",\"itemListElement\":[{\"@type\":\"ListItem\",\"position\":1,\"name\":\"Home\",\"item\":\"https:\/\/paripesa.team\/ci\/\"},{\"@type\":\"ListItem\",\"position\":2,\"name\":\"Code promotionnel\"}]},{\"@type\":\"WebSite\",\"@id\":\"https:\/\/paripesa.team\/ci\/#website\",\"url\":\"https:\/\/paripesa.team\/ci\/\",\"name\":\"Paripesa Team ci\",\"description\":\"My WordPress Blog\",\"potentialAction\":[{\"@type\":\"SearchAction\",\"target\":{\"@type\":\"EntryPoint\",\"urlTemplate\":\"https:\/\/paripesa.team\/ci\/?s={search_term_string}\"},\"query-input\":\"required name=search_term_string\"}],\"inLanguage\":\"fr-CI\"}]}<\/script>\n<!-- \/ Yoast SEO plugin. -->","yoast_head_json":{"title":"Code promo Paripesa \u25b6\ufe0f Codes bonus actuels","description":"Trouvez les meilleurs codes bonus Paripesa et obtenez des bonus exclusifs sans d\u00e9p\u00f4t et des tours gratuits. Utilisez un code promo Paripesa lors de votre inscription. Les codes bonus peuvent vous donner droit \u00e0 des tours gratuits sur vos machines \u00e0 sous pr\u00e9f\u00e9r\u00e9es et \u00e0 des paris gratuits sur les sports populaires chez Paripesa.","robots":{"index":"index","follow":"follow","max-snippet":"max-snippet:-1","max-image-preview":"max-image-preview:large","max-video-preview":"max-video-preview:-1"},"og_locale":"fr_FR","og_type":"article","og_title":"Code promo Paripesa \u25b6\ufe0f Codes bonus actuels","og_description":"Trouvez les meilleurs codes bonus Paripesa et obtenez des bonus exclusifs sans d\u00e9p\u00f4t et des tours gratuits. Utilisez un code promo Paripesa lors de votre inscription. Les codes bonus peuvent vous donner droit \u00e0 des tours gratuits sur vos machines \u00e0 sous pr\u00e9f\u00e9r\u00e9es et \u00e0 des paris gratuits sur les sports populaires chez Paripesa.","og_url":"https:\/\/paripesa.team\/ci\/promo-code\/","og_site_name":"Paripesa Team ci","article_modified_time":"2026-02-23T19:30:29+00:00","twitter_card":"summary_large_image","schema":{"@context":"https:\/\/schema.org","@graph":[{"@type":"WebPage","@id":"https:\/\/paripesa.team\/ci\/promo-code\/","url":"https:\/\/paripesa.team\/ci\/promo-code\/","name":"Code promo Paripesa \u25b6\ufe0f Codes bonus actuels","isPartOf":{"@id":"https:\/\/paripesa.team\/ci\/#website"},"datePublished":"2025-03-25T12:23:10+00:00","dateModified":"2026-02-23T19:30:29+00:00","description":"Trouvez les meilleurs codes bonus Paripesa et obtenez des bonus exclusifs sans d\u00e9p\u00f4t et des tours gratuits. Utilisez un code promo Paripesa lors de votre inscription. Les codes bonus peuvent vous donner droit \u00e0 des tours gratuits sur vos machines \u00e0 sous pr\u00e9f\u00e9r\u00e9es et \u00e0 des paris gratuits sur les sports populaires chez Paripesa.","breadcrumb":{"@id":"https:\/\/paripesa.team\/ci\/promo-code\/#breadcrumb"},"inLanguage":"fr-CI","potentialAction":[{"@type":"ReadAction","target":["https:\/\/paripesa.team\/ci\/promo-code\/"]}]},{"@type":"BreadcrumbList","@id":"https:\/\/paripesa.team\/ci\/promo-code\/#breadcrumb","itemListElement":[{"@type":"ListItem","position":1,"name":"Home","item":"https:\/\/paripesa.team\/ci\/"},{"@type":"ListItem","position":2,"name":"Code promotionnel"}]},{"@type":"WebSite","@id":"https:\/\/paripesa.team\/ci\/#website","url":"https:\/\/paripesa.team\/ci\/","name":"Paripesa Team ci","description":"My WordPress Blog","potentialAction":[{"@type":"SearchAction","target":{"@type":"EntryPoint","urlTemplate":"https:\/\/paripesa.team\/ci\/?s={search_term_string}"},"query-input":"required name=search_term_string"}],"inLanguage":"fr-CI"}]}},"_links":{"self":[{"href":"https:\/\/paripesa.team\/ci\/wp-json\/wp\/v2\/pages\/343","targetHints":{"allow":["GET"]}}],"collection":[{"href":"https:\/\/paripesa.team\/ci\/wp-json\/wp\/v2\/pages"}],"about":[{"href":"https:\/\/paripesa.team\/ci\/wp-json\/wp\/v2\/types\/page"}],"author":[{"embeddable":true,"href":"https:\/\/paripesa.team\/ci\/wp-json\/wp\/v2\/users\/1"}],"replies":[{"embeddable":true,"href":"https:\/\/paripesa.team\/ci\/wp-json\/wp\/v2\/comments?post=343"}],"version-history":[{"count":8,"href":"https:\/\/paripesa.team\/ci\/wp-json\/wp\/v2\/pages\/343\/revisions"}],"predecessor-version":[{"id":560,"href":"https:\/\/paripesa.team\/ci\/wp-json\/wp\/v2\/pages\/343\/revisions\/560"}],"wp:attachment":[{"href":"https:\/\/paripesa.team\/ci\/wp-json\/wp\/v2\/media?parent=343"}],"curies":[{"name":"wp","href":"https:\/\/api.w.org\/{rel}","templated":true}]}}